{"id":8840,"date":"2019-10-28T06:57:30","date_gmt":"2019-10-28T06:57:30","guid":{"rendered":"https:\/\/www.bau-styl.hu\/epitoanyag\/termek\/roto-zel-stg-hs-5-w-ii-5-csatornas-taviranyito-feher\/"},"modified":"2026-03-06T15:06:36","modified_gmt":"2026-03-06T13:06:36","slug":"roto-zel-stg-hs-5-w-ii-5-csatornas-taviranyito-feher","status":"publish","type":"product","link":"https:\/\/www.bau-styl.hu\/epitoanyag\/termek\/roto-zel-stg-hs-5-w-ii-5-csatornas-taviranyito-feher\/","title":{"rendered":"Roto ZEL STG HS 5 W II 5 csatorn\u00e1s t\u00e1vir\u00e1ny\u00edt\u00f3 feh\u00e9r"},"content":{"rendered":"","protected":false},"excerpt":{"rendered":"","protected":false},"featured_media":29623,"template":"","meta":[],"product_brand":[],"product_cat":[185,187,193,5715],"product_tag":[],"class_list":{"0":"post-8840","1":"product","2":"type-product","3":"status-publish","4":"has-post-thumbnail","6":"product_cat-nyilaszarok","7":"product_cat-tetoteri-ablak","8":"product_cat-roto","9":"product_cat-kiegeszito-termek-roto","11":"first","12":"instock","13":"taxable","14":"shipping-taxable","15":"purchasable","16":"product-type-simple"},"aioseo_notices":[],"_links":{"self":[{"href":"https:\/\/www.bau-styl.hu\/epitoanyag\/wp-json\/wp\/v2\/product\/8840","targetHints":{"allow":["GET"]}}],"collection":[{"href":"https:\/\/www.bau-styl.hu\/epitoanyag\/wp-json\/wp\/v2\/product"}],"about":[{"href":"https:\/\/www.bau-styl.hu\/epitoanyag\/wp-json\/wp\/v2\/types\/product"}],"wp:featuredmedia":[{"embeddable":true,"href":"https:\/\/www.bau-styl.hu\/epitoanyag\/wp-json\/wp\/v2\/media\/29623"}],"wp:attachment":[{"href":"https:\/\/www.bau-styl.hu\/epitoanyag\/wp-json\/wp\/v2\/media?parent=8840"}],"wp:term":[{"taxonomy":"product_brand","embeddable":true,"href":"https:\/\/www.bau-styl.hu\/epitoanyag\/wp-json\/wp\/v2\/product_brand?post=8840"},{"taxonomy":"product_cat","embeddable":true,"href":"https:\/\/www.bau-styl.hu\/epitoanyag\/wp-json\/wp\/v2\/product_cat?post=8840"},{"taxonomy":"product_tag","embeddable":true,"href":"https:\/\/www.bau-styl.hu\/epitoanyag\/wp-json\/wp\/v2\/product_tag?post=8840"}],"curies":[{"name":"wp","href":"https:\/\/api.w.org\/{rel}","templated":true}]}}