{"id":8846,"date":"2019-10-28T08:57:33","date_gmt":"2019-10-28T06:57:33","guid":{"rendered":"https:\/\/www.bau-styl.hu\/epitoanyag\/termek\/roto-zri-84-r8-szunyoghalo-tokra-szerelheto-feher-sinnel-11-16-114x160-cm\/"},"modified":"2026-03-06T15:06:38","modified_gmt":"2026-03-06T13:06:38","slug":"roto-zri-84-r8-szunyoghalo-tokra-szerelheto-feher-sinnel-11-16-114x160-cm","status":"publish","type":"product","link":"https:\/\/www.bau-styl.hu\/epitoanyag\/termek\/roto-zri-84-r8-szunyoghalo-tokra-szerelheto-feher-sinnel-11-16-114x160-cm\/","title":{"rendered":"Roto ZRI 84\/R8 sz\u00fanyogh\u00e1l\u00f3, tokra szerelhet\u0151 feh\u00e9r s\u00ednnel 11\/16, 114&#215;160 cm"},"content":{"rendered":"","protected":false},"excerpt":{"rendered":"","protected":false},"featured_media":29626,"template":"","meta":[],"product_brand":[],"product_cat":[185,187,193,5715],"product_tag":[],"class_list":{"0":"post-8846","1":"product","2":"type-product","3":"status-publish","4":"has-post-thumbnail","6":"product_cat-nyilaszarok","7":"product_cat-tetoteri-ablak","8":"product_cat-roto","9":"product_cat-kiegeszito-termek-roto","11":"first","12":"instock","13":"taxable","14":"shipping-taxable","15":"purchasable","16":"product-type-simple"},"aioseo_notices":[],"_links":{"self":[{"href":"https:\/\/www.bau-styl.hu\/epitoanyag\/wp-json\/wp\/v2\/product\/8846","targetHints":{"allow":["GET"]}}],"collection":[{"href":"https:\/\/www.bau-styl.hu\/epitoanyag\/wp-json\/wp\/v2\/product"}],"about":[{"href":"https:\/\/www.bau-styl.hu\/epitoanyag\/wp-json\/wp\/v2\/types\/product"}],"wp:featuredmedia":[{"embeddable":true,"href":"https:\/\/www.bau-styl.hu\/epitoanyag\/wp-json\/wp\/v2\/media\/29626"}],"wp:attachment":[{"href":"https:\/\/www.bau-styl.hu\/epitoanyag\/wp-json\/wp\/v2\/media?parent=8846"}],"wp:term":[{"taxonomy":"product_brand","embeddable":true,"href":"https:\/\/www.bau-styl.hu\/epitoanyag\/wp-json\/wp\/v2\/product_brand?post=8846"},{"taxonomy":"product_cat","embeddable":true,"href":"https:\/\/www.bau-styl.hu\/epitoanyag\/wp-json\/wp\/v2\/product_cat?post=8846"},{"taxonomy":"product_tag","embeddable":true,"href":"https:\/\/www.bau-styl.hu\/epitoanyag\/wp-json\/wp\/v2\/product_tag?post=8846"}],"curies":[{"name":"wp","href":"https:\/\/api.w.org\/{rel}","templated":true}]}}