{"id":8884,"date":"2019-10-28T06:57:57","date_gmt":"2019-10-28T06:57:57","guid":{"rendered":"https:\/\/www.bau-styl.hu\/epitoanyag\/termek\/semmelrock-bradstone-travero-medence-szegelylap-alapelem-melirozott-homokko-60x30x35-cm\/"},"modified":"2026-02-25T11:50:12","modified_gmt":"2026-02-25T09:50:12","slug":"semmelrock-bradstone-travero-medence-szegelylap-alapelem-melirozott-homokko-60x30x35-cm","status":"publish","type":"product","link":"https:\/\/www.bau-styl.hu\/epitoanyag\/termek\/semmelrock-bradstone-travero-medence-szegelylap-alapelem-melirozott-homokko-60x30x35-cm\/","title":{"rendered":"Semmelrock Bradstone Travero Medence szeg\u00e9lylap alapelem mel\u00edrozott homokk\u0151 60x30x3,5 cm"},"content":{"rendered":"","protected":false},"excerpt":{"rendered":"","protected":false},"featured_media":30690,"template":"","meta":[],"product_brand":[],"product_cat":[168,5044],"product_tag":[6583],"class_list":{"0":"post-8884","1":"product","2":"type-product","3":"status-publish","4":"has-post-thumbnail","6":"product_cat-kertepites-es-terburkolat","7":"product_cat-kerti-lapok","8":"product_tag-semmelrock","10":"first","11":"instock","12":"taxable","13":"shipping-taxable","14":"purchasable","15":"product-type-simple"},"aioseo_notices":[],"_links":{"self":[{"href":"https:\/\/www.bau-styl.hu\/epitoanyag\/wp-json\/wp\/v2\/product\/8884","targetHints":{"allow":["GET"]}}],"collection":[{"href":"https:\/\/www.bau-styl.hu\/epitoanyag\/wp-json\/wp\/v2\/product"}],"about":[{"href":"https:\/\/www.bau-styl.hu\/epitoanyag\/wp-json\/wp\/v2\/types\/product"}],"wp:featuredmedia":[{"embeddable":true,"href":"https:\/\/www.bau-styl.hu\/epitoanyag\/wp-json\/wp\/v2\/media\/30690"}],"wp:attachment":[{"href":"https:\/\/www.bau-styl.hu\/epitoanyag\/wp-json\/wp\/v2\/media?parent=8884"}],"wp:term":[{"taxonomy":"product_brand","embeddable":true,"href":"https:\/\/www.bau-styl.hu\/epitoanyag\/wp-json\/wp\/v2\/product_brand?post=8884"},{"taxonomy":"product_cat","embeddable":true,"href":"https:\/\/www.bau-styl.hu\/epitoanyag\/wp-json\/wp\/v2\/product_cat?post=8884"},{"taxonomy":"product_tag","embeddable":true,"href":"https:\/\/www.bau-styl.hu\/epitoanyag\/wp-json\/wp\/v2\/product_tag?post=8884"}],"curies":[{"name":"wp","href":"https:\/\/api.w.org\/{rel}","templated":true}]}}