{"id":8890,"date":"2019-10-28T08:58:00","date_gmt":"2019-10-28T06:58:00","guid":{"rendered":"https:\/\/www.bau-styl.hu\/epitoanyag\/termek\/semmelrock-castello-antico-kombi-terko-szurke-fekete-6-cm\/"},"modified":"2026-02-25T11:50:25","modified_gmt":"2026-02-25T09:50:25","slug":"semmelrock-castello-antico-kombi-terko-szurke-fekete-6-cm","status":"publish","type":"product","link":"https:\/\/www.bau-styl.hu\/epitoanyag\/termek\/semmelrock-castello-antico-kombi-terko-szurke-fekete-6-cm\/","title":{"rendered":"Semmelrock Castello Antico kombi T\u00e9rk\u0151, sz\u00fcrke-fekete 6 cm"},"content":{"rendered":"<p><strong>Aj\u00e1nlhatunk hozz\u00e1 m\u00e1st is?<\/strong><\/p>\n<p><span style=\"text-decoration: underline;\"><a href=\"https:\/\/www.bau-styl.hu\/epitoanyag\/termek\/lb-knauf-kvarchomok-0-06-mm-40-kg\/\">Cemix Kvarchomok 0-0,6 mm 40 kg<\/a><\/span><br \/>\n<span style=\"text-decoration: underline;\"><a href=\"https:\/\/www.bau-styl.hu\/epitoanyag\/termek\/murva-0-20\/\">Murva 0-20Murva 0-20 \/ tonna<\/a><\/span><br \/>\n<span style=\"text-decoration: underline;\"><a href=\"https:\/\/www.bau-styl.hu\/epitoanyag\/termek\/murva-12-20\/\">Murva 12-20<\/a><\/span><br \/>\n<span style=\"text-decoration: underline;\"><a href=\"https:\/\/www.bau-styl.hu\/epitoanyag\/termek\/homok-0-4\/\">Homok 0-4 \/ tonna<\/a><\/span><\/p>\n","protected":false},"excerpt":{"rendered":"<p>Az egym\u00e1shoz igaz\u00edtott m\u00e9ret\u0171 elemek r\u00e9v\u00e9n j\u00f3l vari\u00e1lhat\u00f3. \u00c9p\u00edthet\u0151 fuga n\u00e9lk\u00fcl, de hat\u00e1sosabb fug\u00e1zva. Fagy\u00e1ll\u00f3 (nem s\u00f3\u00e1ll\u00f3). Alkalmaz\u00e1sa: szabadon \u00e1ll\u00f3 kerti- \u00e9s d\u00edsz\u00edt\u0151falak, ker\u00edt\u00e9sek, dekorat\u00edv oszlopok, pill\u00e9rek, r\u00f6gz\u00edtett l\u00e9pcs\u0151k oldals\u00f3 hat\u00e1rol\u00e1sa, \u00e9p\u00edtett grillez\u0151k \u00e9s \u00fcl\u0151helyek.<\/p>\n","protected":false},"featured_media":7831,"template":"","meta":[],"product_brand":[],"product_cat":[168,175,182],"product_tag":[6583],"class_list":{"0":"post-8890","1":"product","2":"type-product","3":"status-publish","4":"has-post-thumbnail","6":"product_cat-kertepites-es-terburkolat","7":"product_cat-terkovek","8":"product_cat-semmelrock","9":"product_tag-semmelrock","11":"first","12":"instock","13":"taxable","14":"shipping-taxable","15":"purchasable","16":"product-type-simple"},"aioseo_notices":[],"_links":{"self":[{"href":"https:\/\/www.bau-styl.hu\/epitoanyag\/wp-json\/wp\/v2\/product\/8890","targetHints":{"allow":["GET"]}}],"collection":[{"href":"https:\/\/www.bau-styl.hu\/epitoanyag\/wp-json\/wp\/v2\/product"}],"about":[{"href":"https:\/\/www.bau-styl.hu\/epitoanyag\/wp-json\/wp\/v2\/types\/product"}],"wp:featuredmedia":[{"embeddable":true,"href":"https:\/\/www.bau-styl.hu\/epitoanyag\/wp-json\/wp\/v2\/media\/7831"}],"wp:attachment":[{"href":"https:\/\/www.bau-styl.hu\/epitoanyag\/wp-json\/wp\/v2\/media?parent=8890"}],"wp:term":[{"taxonomy":"product_brand","embeddable":true,"href":"https:\/\/www.bau-styl.hu\/epitoanyag\/wp-json\/wp\/v2\/product_brand?post=8890"},{"taxonomy":"product_cat","embeddable":true,"href":"https:\/\/www.bau-styl.hu\/epitoanyag\/wp-json\/wp\/v2\/product_cat?post=8890"},{"taxonomy":"product_tag","embeddable":true,"href":"https:\/\/www.bau-styl.hu\/epitoanyag\/wp-json\/wp\/v2\/product_tag?post=8890"}],"curies":[{"name":"wp","href":"https:\/\/api.w.org\/{rel}","templated":true}]}}