{"id":8897,"date":"2019-10-28T06:58:05","date_gmt":"2019-10-28T06:58:05","guid":{"rendered":"https:\/\/www.bau-styl.hu\/epitoanyag\/termek\/semmelrock-castello-kerites-elem-felko-szurke-fekete-20x20x14-cm\/"},"modified":"2026-04-20T12:13:57","modified_gmt":"2026-04-20T10:13:57","slug":"semmelrock-castello-kerites-elem-felko-szurke-fekete-20x20x14-cm","status":"publish","type":"product","link":"https:\/\/www.bau-styl.hu\/epitoanyag\/termek\/semmelrock-castello-kerites-elem-felko-szurke-fekete-20x20x14-cm\/","title":{"rendered":"Semmelrock Castello Ker\u00edt\u00e9s elem f\u00e9lk\u0151 sz\u00fcrke-fekete 20x20x14 cm"},"content":{"rendered":"","protected":false},"excerpt":{"rendered":"<p>Az egym\u00e1shoz igaz\u00edtott m\u00e9ret\u0171 elemek r\u00e9v\u00e9n j\u00f3l vari\u00e1lhat\u00f3. \u00c9p\u00edthet\u0151 fuga n\u00e9lk\u00fcl, de hat\u00e1sosabb fug\u00e1zva. Fagy\u00e1ll\u00f3 (nem s\u00f3\u00e1ll\u00f3). Alkalmaz\u00e1sa: szabadon \u00e1ll\u00f3 kerti- \u00e9s d\u00edsz\u00edt\u0151falak, ker\u00edt\u00e9sek, dekorat\u00edv oszlopok, pill\u00e9rek, r\u00f6gz\u00edtett l\u00e9pcs\u0151k oldals\u00f3 hat\u00e1rol\u00e1sa, \u00e9p\u00edtett grillez\u0151k \u00e9s \u00fcl\u0151helyek.<\/p>\n","protected":false},"featured_media":2466,"template":"","meta":[],"product_brand":[11304],"product_cat":[168,169],"product_tag":[],"class_list":{"0":"post-8897","1":"product","2":"type-product","3":"status-publish","4":"has-post-thumbnail","6":"product_brand-semmelrock","7":"product_cat-kertepites-es-terburkolat","8":"product_cat-keritesek-falazoelemek-tamfalak","10":"first","11":"instock","12":"taxable","13":"shipping-taxable","14":"purchasable","15":"product-type-simple"},"aioseo_notices":[],"_links":{"self":[{"href":"https:\/\/www.bau-styl.hu\/epitoanyag\/wp-json\/wp\/v2\/product\/8897","targetHints":{"allow":["GET"]}}],"collection":[{"href":"https:\/\/www.bau-styl.hu\/epitoanyag\/wp-json\/wp\/v2\/product"}],"about":[{"href":"https:\/\/www.bau-styl.hu\/epitoanyag\/wp-json\/wp\/v2\/types\/product"}],"wp:featuredmedia":[{"embeddable":true,"href":"https:\/\/www.bau-styl.hu\/epitoanyag\/wp-json\/wp\/v2\/media\/2466"}],"wp:attachment":[{"href":"https:\/\/www.bau-styl.hu\/epitoanyag\/wp-json\/wp\/v2\/media?parent=8897"}],"wp:term":[{"taxonomy":"product_brand","embeddable":true,"href":"https:\/\/www.bau-styl.hu\/epitoanyag\/wp-json\/wp\/v2\/product_brand?post=8897"},{"taxonomy":"product_cat","embeddable":true,"href":"https:\/\/www.bau-styl.hu\/epitoanyag\/wp-json\/wp\/v2\/product_cat?post=8897"},{"taxonomy":"product_tag","embeddable":true,"href":"https:\/\/www.bau-styl.hu\/epitoanyag\/wp-json\/wp\/v2\/product_tag?post=8897"}],"curies":[{"name":"wp","href":"https:\/\/api.w.org\/{rel}","templated":true}]}}