{"id":8923,"date":"2019-10-28T08:58:20","date_gmt":"2019-10-28T06:58:20","guid":{"rendered":"https:\/\/www.bau-styl.hu\/epitoanyag\/termek\/semmelrock-citytop-kombi-terko-mediterran-6-cm\/"},"modified":"2026-02-25T11:50:15","modified_gmt":"2026-02-25T09:50:15","slug":"semmelrock-citytop-kombi-terko-mediterran-6-cm","status":"publish","type":"product","link":"https:\/\/www.bau-styl.hu\/epitoanyag\/termek\/semmelrock-citytop-kombi-terko-mediterran-6-cm\/","title":{"rendered":"Semmelrock Citytop, kombi T\u00e9rk\u0151 mediterr\u00e1n 6 cm"},"content":{"rendered":"<p><strong>Aj\u00e1nlhatunk hozz\u00e1 m\u00e1st is?<\/strong><\/p>\n<p><span style=\"text-decoration: underline;\"><a href=\"https:\/\/www.bau-styl.hu\/epitoanyag\/termek\/lb-knauf-kvarchomok-0-06-mm-40-kg\/\">Cemix Kvarchomok 0-0,6 mm 40 kg<\/a><\/span><br \/>\n<span style=\"text-decoration: underline;\"><a href=\"https:\/\/www.bau-styl.hu\/epitoanyag\/termek\/murva-0-20\/\">Murva 0-20Murva 0-20 \/ tonna<\/a><\/span><br \/>\n<span style=\"text-decoration: underline;\"><a href=\"https:\/\/www.bau-styl.hu\/epitoanyag\/termek\/murva-12-20\/\">Murva 12-20<\/a><\/span><br \/>\n<span style=\"text-decoration: underline;\"><a href=\"https:\/\/www.bau-styl.hu\/epitoanyag\/termek\/homok-0-4\/\">Homok 0-4 \/ tonna<\/a><\/span><\/p>\n","protected":false},"excerpt":{"rendered":"<p>Kvarchomokkal kevert fel\u00fclet,\u00a0diszkr\u00e9t sz\u00ednek, nagy vari\u00e1lhat\u00f3s\u00e1g\u00fa, egym\u00e1shoz igaz\u00edtott m\u00e9ret\u0171 elemv\u00e1laszt\u00e9k. Alkalmaz\u00e1sa: teraszok, kerti \u00e9s h\u00e1z k\u00f6r\u00fcli utak, gar\u00e1zsbej\u00e1ratok, parkol\u00f3k, el\u0151terek, bels\u0151 udvarok.<\/p>\n","protected":false},"featured_media":2481,"template":"","meta":[],"product_brand":[],"product_cat":[168,175,182],"product_tag":[6583,6582],"class_list":{"0":"post-8923","1":"product","2":"type-product","3":"status-publish","4":"has-post-thumbnail","6":"product_cat-kertepites-es-terburkolat","7":"product_cat-terkovek","8":"product_cat-semmelrock","9":"product_tag-semmelrock","10":"product_tag-terran","12":"first","13":"instock","14":"taxable","15":"shipping-taxable","16":"purchasable","17":"product-type-simple"},"aioseo_notices":[],"_links":{"self":[{"href":"https:\/\/www.bau-styl.hu\/epitoanyag\/wp-json\/wp\/v2\/product\/8923","targetHints":{"allow":["GET"]}}],"collection":[{"href":"https:\/\/www.bau-styl.hu\/epitoanyag\/wp-json\/wp\/v2\/product"}],"about":[{"href":"https:\/\/www.bau-styl.hu\/epitoanyag\/wp-json\/wp\/v2\/types\/product"}],"wp:featuredmedia":[{"embeddable":true,"href":"https:\/\/www.bau-styl.hu\/epitoanyag\/wp-json\/wp\/v2\/media\/2481"}],"wp:attachment":[{"href":"https:\/\/www.bau-styl.hu\/epitoanyag\/wp-json\/wp\/v2\/media?parent=8923"}],"wp:term":[{"taxonomy":"product_brand","embeddable":true,"href":"https:\/\/www.bau-styl.hu\/epitoanyag\/wp-json\/wp\/v2\/product_brand?post=8923"},{"taxonomy":"product_cat","embeddable":true,"href":"https:\/\/www.bau-styl.hu\/epitoanyag\/wp-json\/wp\/v2\/product_cat?post=8923"},{"taxonomy":"product_tag","embeddable":true,"href":"https:\/\/www.bau-styl.hu\/epitoanyag\/wp-json\/wp\/v2\/product_tag?post=8923"}],"curies":[{"name":"wp","href":"https:\/\/api.w.org\/{rel}","templated":true}]}}