{"id":8933,"date":"2019-10-28T06:58:27","date_gmt":"2019-10-28T06:58:27","guid":{"rendered":"https:\/\/www.bau-styl.hu\/epitoanyag\/termek\/semmelrock-k-szegely-koporeteg-nelkul-szurke-25x25x15-10-cm\/"},"modified":"2026-02-25T11:50:17","modified_gmt":"2026-02-25T09:50:17","slug":"semmelrock-k-szegely-koporeteg-nelkul-szurke-25x25x15-10-cm","status":"publish","type":"product","link":"https:\/\/www.bau-styl.hu\/epitoanyag\/termek\/semmelrock-k-szegely-koporeteg-nelkul-szurke-25x25x15-10-cm\/","title":{"rendered":"Semmelrock K szeg\u00e9ly kop\u00f3r\u00e9teg n\u00e9lk\u00fcl sz\u00fcrke 25x25x15\/10 cm"},"content":{"rendered":"","protected":false},"excerpt":{"rendered":"","protected":false},"featured_media":30693,"template":"","meta":[],"product_brand":[],"product_cat":[168,6635],"product_tag":[6583],"class_list":{"0":"post-8933","1":"product","2":"type-product","3":"status-publish","4":"has-post-thumbnail","6":"product_cat-kertepites-es-terburkolat","7":"product_cat-ipari-termekek","8":"product_tag-semmelrock","10":"first","11":"instock","12":"taxable","13":"shipping-taxable","14":"purchasable","15":"product-type-simple"},"aioseo_notices":[],"_links":{"self":[{"href":"https:\/\/www.bau-styl.hu\/epitoanyag\/wp-json\/wp\/v2\/product\/8933","targetHints":{"allow":["GET"]}}],"collection":[{"href":"https:\/\/www.bau-styl.hu\/epitoanyag\/wp-json\/wp\/v2\/product"}],"about":[{"href":"https:\/\/www.bau-styl.hu\/epitoanyag\/wp-json\/wp\/v2\/types\/product"}],"wp:featuredmedia":[{"embeddable":true,"href":"https:\/\/www.bau-styl.hu\/epitoanyag\/wp-json\/wp\/v2\/media\/30693"}],"wp:attachment":[{"href":"https:\/\/www.bau-styl.hu\/epitoanyag\/wp-json\/wp\/v2\/media?parent=8933"}],"wp:term":[{"taxonomy":"product_brand","embeddable":true,"href":"https:\/\/www.bau-styl.hu\/epitoanyag\/wp-json\/wp\/v2\/product_brand?post=8933"},{"taxonomy":"product_cat","embeddable":true,"href":"https:\/\/www.bau-styl.hu\/epitoanyag\/wp-json\/wp\/v2\/product_cat?post=8933"},{"taxonomy":"product_tag","embeddable":true,"href":"https:\/\/www.bau-styl.hu\/epitoanyag\/wp-json\/wp\/v2\/product_tag?post=8933"}],"curies":[{"name":"wp","href":"https:\/\/api.w.org\/{rel}","templated":true}]}}