{"id":8957,"date":"2019-10-28T06:58:41","date_gmt":"2019-10-28T06:58:41","guid":{"rendered":"https:\/\/www.bau-styl.hu\/epitoanyag\/termek\/semmelrock-rivago-kerites-felko-szurke-20x20x16-cm\/"},"modified":"2026-02-25T11:50:20","modified_gmt":"2026-02-25T09:50:20","slug":"semmelrock-rivago-kerites-felko-szurke-20x20x16-cm","status":"publish","type":"product","link":"https:\/\/www.bau-styl.hu\/epitoanyag\/termek\/semmelrock-rivago-kerites-felko-szurke-20x20x16-cm\/","title":{"rendered":"Semmelrock Rivago Ker\u00edt\u00e9s f\u00e9lk\u0151 sz\u00fcrke 20x20x16 cm"},"content":{"rendered":"","protected":false},"excerpt":{"rendered":"<p>Fagy\u00e1ll\u00f3 (nem s\u00f3\u00e1ll\u00f3). Alkalmaz\u00e1sa: ker\u00edt\u00e9s, dekorat\u00edv oszlopok, r\u00f6gz\u00edtett l\u00e9pcs\u0151elemek oldals\u00f3 eleme, falazott grill- \u00e9s \u00fcl\u0151helyek, magas \u00e1gy\u00e1sok hat\u00e1rol\u00e1sa.<\/p>\n","protected":false},"featured_media":2513,"template":"","meta":[],"product_brand":[],"product_cat":[168,169],"product_tag":[6583],"class_list":{"0":"post-8957","1":"product","2":"type-product","3":"status-publish","4":"has-post-thumbnail","6":"product_cat-kertepites-es-terburkolat","7":"product_cat-kerites-elemek","8":"product_tag-semmelrock","10":"first","11":"instock","12":"taxable","13":"shipping-taxable","14":"purchasable","15":"product-type-simple"},"aioseo_notices":[],"_links":{"self":[{"href":"https:\/\/www.bau-styl.hu\/epitoanyag\/wp-json\/wp\/v2\/product\/8957","targetHints":{"allow":["GET"]}}],"collection":[{"href":"https:\/\/www.bau-styl.hu\/epitoanyag\/wp-json\/wp\/v2\/product"}],"about":[{"href":"https:\/\/www.bau-styl.hu\/epitoanyag\/wp-json\/wp\/v2\/types\/product"}],"wp:featuredmedia":[{"embeddable":true,"href":"https:\/\/www.bau-styl.hu\/epitoanyag\/wp-json\/wp\/v2\/media\/2513"}],"wp:attachment":[{"href":"https:\/\/www.bau-styl.hu\/epitoanyag\/wp-json\/wp\/v2\/media?parent=8957"}],"wp:term":[{"taxonomy":"product_brand","embeddable":true,"href":"https:\/\/www.bau-styl.hu\/epitoanyag\/wp-json\/wp\/v2\/product_brand?post=8957"},{"taxonomy":"product_cat","embeddable":true,"href":"https:\/\/www.bau-styl.hu\/epitoanyag\/wp-json\/wp\/v2\/product_cat?post=8957"},{"taxonomy":"product_tag","embeddable":true,"href":"https:\/\/www.bau-styl.hu\/epitoanyag\/wp-json\/wp\/v2\/product_tag?post=8957"}],"curies":[{"name":"wp","href":"https:\/\/api.w.org\/{rel}","templated":true}]}}