{"id":8975,"date":"2019-10-28T06:58:53","date_gmt":"2019-10-28T04:58:53","guid":{"rendered":"https:\/\/www.bau-styl.hu\/epitoanyag\/termek\/sittes-zsak-eros-55x110mm-25db-cs\/"},"modified":"2024-01-15T21:19:27","modified_gmt":"2024-01-15T19:19:27","slug":"sittes-zsak-eros-55x110mm-25db-cs","status":"publish","type":"product","link":"https:\/\/www.bau-styl.hu\/epitoanyag\/termek\/sittes-zsak-eros-55x110mm-25db-cs\/","title":{"rendered":"Sittes Zs\u00e1k er\u0151s 55x110mm 25db\/cs"},"content":{"rendered":"","protected":false},"excerpt":{"rendered":"<p>Nagy szak\u00edt\u00f3szil\u00e1rds\u00e1g\u00fa \u00e9s vastag PE f\u00f3lia felhaszn\u00e1l\u00e1s\u00e1val k\u00e9sz\u00fclt. \u00c9p\u00edt\u00e9si t\u00f6rmel\u00e9kek, \u00e9p\u00edt\u0151anyagok, illetve m\u00e9sz t\u00e1rol\u00e1s\u00e1ra \u00e9s sz\u00e1ll\u00edt\u00e1s\u00e1ra is alkalmas.<\/p>\n","protected":false},"featured_media":30938,"template":"","meta":[],"product_brand":[],"product_cat":[261,6639],"product_tag":[],"class_list":{"0":"post-8975","1":"product","2":"type-product","3":"status-publish","4":"has-post-thumbnail","6":"product_cat-barkacs-szerszam-es-munkavedelem","7":"product_cat-egyeb","9":"first","10":"instock","11":"taxable","12":"shipping-taxable","13":"purchasable","14":"product-type-simple"},"aioseo_notices":[],"_links":{"self":[{"href":"https:\/\/www.bau-styl.hu\/epitoanyag\/wp-json\/wp\/v2\/product\/8975","targetHints":{"allow":["GET"]}}],"collection":[{"href":"https:\/\/www.bau-styl.hu\/epitoanyag\/wp-json\/wp\/v2\/product"}],"about":[{"href":"https:\/\/www.bau-styl.hu\/epitoanyag\/wp-json\/wp\/v2\/types\/product"}],"wp:featuredmedia":[{"embeddable":true,"href":"https:\/\/www.bau-styl.hu\/epitoanyag\/wp-json\/wp\/v2\/media\/30938"}],"wp:attachment":[{"href":"https:\/\/www.bau-styl.hu\/epitoanyag\/wp-json\/wp\/v2\/media?parent=8975"}],"wp:term":[{"taxonomy":"product_brand","embeddable":true,"href":"https:\/\/www.bau-styl.hu\/epitoanyag\/wp-json\/wp\/v2\/product_brand?post=8975"},{"taxonomy":"product_cat","embeddable":true,"href":"https:\/\/www.bau-styl.hu\/epitoanyag\/wp-json\/wp\/v2\/product_cat?post=8975"},{"taxonomy":"product_tag","embeddable":true,"href":"https:\/\/www.bau-styl.hu\/epitoanyag\/wp-json\/wp\/v2\/product_tag?post=8975"}],"curies":[{"name":"wp","href":"https:\/\/api.w.org\/{rel}","templated":true}]}}