{"id":8976,"date":"2019-10-28T06:58:53","date_gmt":"2019-10-28T04:58:53","guid":{"rendered":"https:\/\/www.bau-styl.hu\/epitoanyag\/termek\/soder-0-24\/"},"modified":"2024-05-16T12:50:34","modified_gmt":"2024-05-16T10:50:34","slug":"soder-0-24","status":"publish","type":"product","link":"https:\/\/www.bau-styl.hu\/epitoanyag\/termek\/soder-0-24\/","title":{"rendered":"S\u00f3der 0-24"},"content":{"rendered":"","protected":false},"excerpt":{"rendered":"<p>Homokos kavics. 0-24 mosott, oszt\u00e1lyozott s\u00f3der, amely alkalmas j\u00e1rd\u00e1k vagy f\u00f6d\u00e9m betonoz\u00e1s\u00e1hoz, alap betonhoz, ker\u00edt\u00e9s l\u00e1bazat elk\u00e9sz\u00edt\u00e9s\u00e9hez, illetve zsaluk\u00f6vek ki\u00f6nt\u00e9s\u00e9hez.<\/p>\n","protected":false},"featured_media":7734,"template":"","meta":[],"product_brand":[],"product_cat":[4686],"product_tag":[],"class_list":{"0":"post-8976","1":"product","2":"type-product","3":"status-publish","4":"has-post-thumbnail","6":"product_cat-omlesztett-aru","8":"first","9":"instock","10":"taxable","11":"shipping-taxable","12":"purchasable","13":"product-type-simple"},"aioseo_notices":[],"_links":{"self":[{"href":"https:\/\/www.bau-styl.hu\/epitoanyag\/wp-json\/wp\/v2\/product\/8976","targetHints":{"allow":["GET"]}}],"collection":[{"href":"https:\/\/www.bau-styl.hu\/epitoanyag\/wp-json\/wp\/v2\/product"}],"about":[{"href":"https:\/\/www.bau-styl.hu\/epitoanyag\/wp-json\/wp\/v2\/types\/product"}],"wp:featuredmedia":[{"embeddable":true,"href":"https:\/\/www.bau-styl.hu\/epitoanyag\/wp-json\/wp\/v2\/media\/7734"}],"wp:attachment":[{"href":"https:\/\/www.bau-styl.hu\/epitoanyag\/wp-json\/wp\/v2\/media?parent=8976"}],"wp:term":[{"taxonomy":"product_brand","embeddable":true,"href":"https:\/\/www.bau-styl.hu\/epitoanyag\/wp-json\/wp\/v2\/product_brand?post=8976"},{"taxonomy":"product_cat","embeddable":true,"href":"https:\/\/www.bau-styl.hu\/epitoanyag\/wp-json\/wp\/v2\/product_cat?post=8976"},{"taxonomy":"product_tag","embeddable":true,"href":"https:\/\/www.bau-styl.hu\/epitoanyag\/wp-json\/wp\/v2\/product_tag?post=8976"}],"curies":[{"name":"wp","href":"https:\/\/api.w.org\/{rel}","templated":true}]}}