{"id":8979,"date":"2019-10-28T06:58:54","date_gmt":"2019-10-28T04:58:54","guid":{"rendered":"https:\/\/www.bau-styl.hu\/epitoanyag\/termek\/soudal-fix-all-classic-ragaszto-feher-290-ml\/"},"modified":"2025-10-21T12:45:40","modified_gmt":"2025-10-21T10:45:40","slug":"soudal-fix-all-classic-ragaszto-feher-290-ml","status":"publish","type":"product","link":"https:\/\/www.bau-styl.hu\/epitoanyag\/termek\/soudal-fix-all-classic-ragaszto-feher-290-ml\/","title":{"rendered":"Soudal Fix-All Classic Ragaszt\u00f3 feh\u00e9r 290 ml"},"content":{"rendered":"","protected":false},"excerpt":{"rendered":"<p>A kimagasl\u00f3 tapad\u00f3- \u00e9s t\u00f6m\u00edt\u0151-k\u00e9pess\u00e9g\u00e9nek k\u00f6sz\u00f6nhet\u0151en egyar\u00e1nt alkalmazhat\u00f3 t\u00f6m\u00edt\u0151nek \u00e9s ragaszt\u00f3nak a legk\u00fcl\u00f6nbf\u00e9l\u00e9bb anyagokhoz, pl. fa \u00e9s fatartalm\u00fa anyagok, parafa, polisztirol, extrud\u00e1lt polisztirol, gipsz, gipszkarton, f\u00e9m, m\u0171anyag, \u00fcveg, ker\u00e1mia, beton, t\u00e9gla, term\u00e9szetes k\u00f6vek, PVC, polikarbon\u00e1t, stb. Ellen\u00e1ll az enyh\u00e9n savas \u00e9s l\u00fagos anyagoknak, old\u00f3szereknek, olajnak, az id\u0151j\u00e1r\u00e1si k\u00f6r\u00fclm\u00e9nyeknek \u00e9s az UV-sug\u00e1rz\u00e1snak, ez\u00e9rt alkalmazhat\u00f3 bel- \u00e9s k\u00fclt\u00e9ren. Kiv\u00e1l\u00f3an alkalmas, pl. t\u00fckr\u00f6kh\u00f6z, k\u00fcsz\u00f6bh\u00f6z, p\u00e1rk\u00e1nyokhoz, l\u00e9cekhez, \u00e9p\u00edt\u0151- \u00e9s szerkezeti anyagokhoz.<\/p>\n","protected":false},"featured_media":2746,"template":"","meta":[],"product_brand":[],"product_cat":[261,4071,4082],"product_tag":[],"class_list":{"0":"post-8979","1":"product","2":"type-product","3":"status-publish","4":"has-post-thumbnail","6":"product_cat-barkacs-szerszam-es-munkavedelem","7":"product_cat-kotoanyag","8":"product_cat-szilikon","10":"first","11":"instock","12":"taxable","13":"shipping-taxable","14":"purchasable","15":"product-type-simple"},"aioseo_notices":[],"_links":{"self":[{"href":"https:\/\/www.bau-styl.hu\/epitoanyag\/wp-json\/wp\/v2\/product\/8979","targetHints":{"allow":["GET"]}}],"collection":[{"href":"https:\/\/www.bau-styl.hu\/epitoanyag\/wp-json\/wp\/v2\/product"}],"about":[{"href":"https:\/\/www.bau-styl.hu\/epitoanyag\/wp-json\/wp\/v2\/types\/product"}],"wp:featuredmedia":[{"embeddable":true,"href":"https:\/\/www.bau-styl.hu\/epitoanyag\/wp-json\/wp\/v2\/media\/2746"}],"wp:attachment":[{"href":"https:\/\/www.bau-styl.hu\/epitoanyag\/wp-json\/wp\/v2\/media?parent=8979"}],"wp:term":[{"taxonomy":"product_brand","embeddable":true,"href":"https:\/\/www.bau-styl.hu\/epitoanyag\/wp-json\/wp\/v2\/product_brand?post=8979"},{"taxonomy":"product_cat","embeddable":true,"href":"https:\/\/www.bau-styl.hu\/epitoanyag\/wp-json\/wp\/v2\/product_cat?post=8979"},{"taxonomy":"product_tag","embeddable":true,"href":"https:\/\/www.bau-styl.hu\/epitoanyag\/wp-json\/wp\/v2\/product_tag?post=8979"}],"curies":[{"name":"wp","href":"https:\/\/api.w.org\/{rel}","templated":true}]}}