{"id":8980,"date":"2019-10-28T06:58:55","date_gmt":"2019-10-28T04:58:55","guid":{"rendered":"https:\/\/www.bau-styl.hu\/epitoanyag\/termek\/soudal-fix-all-crystal-ragaszto-290-ml\/"},"modified":"2025-10-21T12:45:40","modified_gmt":"2025-10-21T10:45:40","slug":"soudal-fix-all-crystal-ragaszto-290-ml","status":"publish","type":"product","link":"https:\/\/www.bau-styl.hu\/epitoanyag\/termek\/soudal-fix-all-crystal-ragaszto-290-ml\/","title":{"rendered":"Soudal Fix-All Crystal Ragaszt\u00f3 290 ml"},"content":{"rendered":"","protected":false},"excerpt":{"rendered":"<p>Kiv\u00e1ll\u00f3 tapad\u00e1s minden \u00e9p\u00edt\u0151ipari fel\u00fcleten- m\u00e9g nedves fel\u00fcleteken is: \u00fcveg, f\u00e9m, sokf\u00e9le m\u0171anyag, t\u00f6bbf\u00e9le PVC, polystyrene \u00e9s polycarbonate, beton, t\u00e9gla, term\u00e9szetes k\u0151, gipszkarton, fa \u00e9s fatartalm\u00fa anyagokhoz. Ellen\u00e1ll a gyenge savaknak, lugoknak, olajnak \u00e9s old\u00f3szernek. Id\u0151j\u00e1r\u00e1s \u00e9s UV \u00e1ll\u00f3. K\u00f6t\u00e9s ut\u00e1n festhet\u0151, vizes b\u00e1zis\u00fa fest\u00e9kkel is.<\/p>\n","protected":false},"featured_media":2748,"template":"","meta":[],"product_brand":[],"product_cat":[261,4071,4082],"product_tag":[],"class_list":{"0":"post-8980","1":"product","2":"type-product","3":"status-publish","4":"has-post-thumbnail","6":"product_cat-barkacs-szerszam-es-munkavedelem","7":"product_cat-kotoanyag","8":"product_cat-szilikon","10":"first","11":"instock","12":"taxable","13":"shipping-taxable","14":"purchasable","15":"product-type-simple"},"aioseo_notices":[],"_links":{"self":[{"href":"https:\/\/www.bau-styl.hu\/epitoanyag\/wp-json\/wp\/v2\/product\/8980","targetHints":{"allow":["GET"]}}],"collection":[{"href":"https:\/\/www.bau-styl.hu\/epitoanyag\/wp-json\/wp\/v2\/product"}],"about":[{"href":"https:\/\/www.bau-styl.hu\/epitoanyag\/wp-json\/wp\/v2\/types\/product"}],"wp:featuredmedia":[{"embeddable":true,"href":"https:\/\/www.bau-styl.hu\/epitoanyag\/wp-json\/wp\/v2\/media\/2748"}],"wp:attachment":[{"href":"https:\/\/www.bau-styl.hu\/epitoanyag\/wp-json\/wp\/v2\/media?parent=8980"}],"wp:term":[{"taxonomy":"product_brand","embeddable":true,"href":"https:\/\/www.bau-styl.hu\/epitoanyag\/wp-json\/wp\/v2\/product_brand?post=8980"},{"taxonomy":"product_cat","embeddable":true,"href":"https:\/\/www.bau-styl.hu\/epitoanyag\/wp-json\/wp\/v2\/product_cat?post=8980"},{"taxonomy":"product_tag","embeddable":true,"href":"https:\/\/www.bau-styl.hu\/epitoanyag\/wp-json\/wp\/v2\/product_tag?post=8980"}],"curies":[{"name":"wp","href":"https:\/\/api.w.org\/{rel}","templated":true}]}}