{"id":8986,"date":"2019-10-28T06:58:58","date_gmt":"2019-10-28T04:58:58","guid":{"rendered":"https:\/\/www.bau-styl.hu\/epitoanyag\/termek\/soudal-pisztolyhab-teli-750-ml\/"},"modified":"2025-10-21T12:45:39","modified_gmt":"2025-10-21T10:45:39","slug":"soudal-pisztolyhab-teli-750-ml","status":"publish","type":"product","link":"https:\/\/www.bau-styl.hu\/epitoanyag\/termek\/soudal-pisztolyhab-teli-750-ml\/","title":{"rendered":"Soudal Pisztolyhab t\u00e9li 750 ml"},"content":{"rendered":"","protected":false},"excerpt":{"rendered":"<p>Pisztolyhab cs\u00f6kkentett dagad\u00e1ssal, minden kivitelez\u00e9si f\u00e1zishoz, ahol a h\u0151m\u00e9rs\u00e9klet magasabb mint (> 0 \u00b0 C). A cs\u00f6kkentett dagad\u00e1s meg\u00f3vja az arra \u00e9rz\u00e9keny \u00e9p\u00edt\u00e9si anyagokat, PVC profilokat. Gyors k\u00f6t\u00e9s- lehet\u0151v\u00e9 teszi a gyors munkav\u00e9gz\u00e9st 60 perc\/3cm hab \u00e1tm\u00e9r\u0151. Prec\u00edz \u00e9s k\u00f6nny\u0171 adagolhat\u00f3s\u00e1g, megszak\u00edthat\u00f3 a munkafolyamat, amennyiszer csak kell.<\/p>\n","protected":false},"featured_media":2752,"template":"","meta":[],"product_brand":[],"product_cat":[4071,4100,129],"product_tag":[],"class_list":{"0":"post-8986","1":"product","2":"type-product","3":"status-publish","4":"has-post-thumbnail","6":"product_cat-kotoanyag","7":"product_cat-purhab","8":"product_cat-hidegburkolas","10":"first","11":"instock","12":"taxable","13":"shipping-taxable","14":"purchasable","15":"product-type-simple"},"aioseo_notices":[],"_links":{"self":[{"href":"https:\/\/www.bau-styl.hu\/epitoanyag\/wp-json\/wp\/v2\/product\/8986","targetHints":{"allow":["GET"]}}],"collection":[{"href":"https:\/\/www.bau-styl.hu\/epitoanyag\/wp-json\/wp\/v2\/product"}],"about":[{"href":"https:\/\/www.bau-styl.hu\/epitoanyag\/wp-json\/wp\/v2\/types\/product"}],"wp:featuredmedia":[{"embeddable":true,"href":"https:\/\/www.bau-styl.hu\/epitoanyag\/wp-json\/wp\/v2\/media\/2752"}],"wp:attachment":[{"href":"https:\/\/www.bau-styl.hu\/epitoanyag\/wp-json\/wp\/v2\/media?parent=8986"}],"wp:term":[{"taxonomy":"product_brand","embeddable":true,"href":"https:\/\/www.bau-styl.hu\/epitoanyag\/wp-json\/wp\/v2\/product_brand?post=8986"},{"taxonomy":"product_cat","embeddable":true,"href":"https:\/\/www.bau-styl.hu\/epitoanyag\/wp-json\/wp\/v2\/product_cat?post=8986"},{"taxonomy":"product_tag","embeddable":true,"href":"https:\/\/www.bau-styl.hu\/epitoanyag\/wp-json\/wp\/v2\/product_tag?post=8986"}],"curies":[{"name":"wp","href":"https:\/\/api.w.org\/{rel}","templated":true}]}}