{"id":8989,"date":"2019-10-28T06:59:00","date_gmt":"2019-10-28T04:59:00","guid":{"rendered":"https:\/\/www.bau-styl.hu\/epitoanyag\/termek\/soudal-purhab-750-ml\/"},"modified":"2025-10-21T12:45:39","modified_gmt":"2025-10-21T10:45:39","slug":"soudal-purhab-750-ml","status":"publish","type":"product","link":"https:\/\/www.bau-styl.hu\/epitoanyag\/termek\/soudal-purhab-750-ml\/","title":{"rendered":"Soudal Purhab 750 ml"},"content":{"rendered":"","protected":false},"excerpt":{"rendered":"<p>Egy komponens\u0171 szerel\u0151hab (purhab) nagyon j\u00f3 kiad\u00f3ss\u00e1ggal \u00e9s r\u00f6vid k\u00f6t\u00e9si id\u0151vel. Kiv\u00e1l\u00f3 tapad\u00e1s fa \u00e9s fatartalm\u00fa anyagokkal, PVC, alum\u00ednium \u00e9s egy\u00e9b m\u00e1s f\u00e9mekkel, betonnal, t\u00e9gl\u00e1val, m\u00e1zas anyagokkal. Magas h\u0151 \u00e9s hangszigetel\u0151 k\u00e9pess\u00e9g. Nagyon j\u00f3 kiad\u00f3ss\u00e1g.<\/p>\n","protected":false},"featured_media":2750,"template":"","meta":[],"product_brand":[],"product_cat":[4071,4100,129],"product_tag":[],"class_list":{"0":"post-8989","1":"product","2":"type-product","3":"status-publish","4":"has-post-thumbnail","6":"product_cat-kotoanyag","7":"product_cat-purhab","8":"product_cat-hidegburkolas","10":"first","11":"instock","12":"taxable","13":"shipping-taxable","14":"purchasable","15":"product-type-simple"},"aioseo_notices":[],"_links":{"self":[{"href":"https:\/\/www.bau-styl.hu\/epitoanyag\/wp-json\/wp\/v2\/product\/8989","targetHints":{"allow":["GET"]}}],"collection":[{"href":"https:\/\/www.bau-styl.hu\/epitoanyag\/wp-json\/wp\/v2\/product"}],"about":[{"href":"https:\/\/www.bau-styl.hu\/epitoanyag\/wp-json\/wp\/v2\/types\/product"}],"wp:featuredmedia":[{"embeddable":true,"href":"https:\/\/www.bau-styl.hu\/epitoanyag\/wp-json\/wp\/v2\/media\/2750"}],"wp:attachment":[{"href":"https:\/\/www.bau-styl.hu\/epitoanyag\/wp-json\/wp\/v2\/media?parent=8989"}],"wp:term":[{"taxonomy":"product_brand","embeddable":true,"href":"https:\/\/www.bau-styl.hu\/epitoanyag\/wp-json\/wp\/v2\/product_brand?post=8989"},{"taxonomy":"product_cat","embeddable":true,"href":"https:\/\/www.bau-styl.hu\/epitoanyag\/wp-json\/wp\/v2\/product_cat?post=8989"},{"taxonomy":"product_tag","embeddable":true,"href":"https:\/\/www.bau-styl.hu\/epitoanyag\/wp-json\/wp\/v2\/product_tag?post=8989"}],"curies":[{"name":"wp","href":"https:\/\/api.w.org\/{rel}","templated":true}]}}