{"id":8992,"date":"2019-10-28T06:59:05","date_gmt":"2019-10-28T06:59:05","guid":{"rendered":"https:\/\/www.bau-styl.hu\/epitoanyag\/termek\/soudal-tuzgatlo-pisztolyhab-soudafoam-fr-gun-750-ml\/"},"modified":"2025-07-02T23:40:35","modified_gmt":"2025-07-02T21:40:35","slug":"soudal-tuzgatlo-pisztolyhab-soudafoam-fr-gun-750-ml","status":"publish","type":"product","link":"https:\/\/www.bau-styl.hu\/epitoanyag\/termek\/soudal-tuzgatlo-pisztolyhab-soudafoam-fr-gun-750-ml\/","title":{"rendered":"Soudal T\u0171zg\u00e1tl\u00f3 pisztolyhab (Soudafoam FR HY HH) 750 ml"},"content":{"rendered":"","protected":false},"excerpt":{"rendered":"","protected":false},"featured_media":44195,"template":"","meta":[],"product_brand":[],"product_cat":[4071,4100,129],"product_tag":[6615],"class_list":{"0":"post-8992","1":"product","2":"type-product","3":"status-publish","4":"has-post-thumbnail","6":"product_cat-kotoanyag","7":"product_cat-purhab","8":"product_cat-hidegburkolas","9":"product_tag-soudal","11":"first","12":"instock","13":"taxable","14":"shipping-taxable","15":"purchasable","16":"product-type-simple"},"aioseo_notices":[],"_links":{"self":[{"href":"https:\/\/www.bau-styl.hu\/epitoanyag\/wp-json\/wp\/v2\/product\/8992","targetHints":{"allow":["GET"]}}],"collection":[{"href":"https:\/\/www.bau-styl.hu\/epitoanyag\/wp-json\/wp\/v2\/product"}],"about":[{"href":"https:\/\/www.bau-styl.hu\/epitoanyag\/wp-json\/wp\/v2\/types\/product"}],"wp:featuredmedia":[{"embeddable":true,"href":"https:\/\/www.bau-styl.hu\/epitoanyag\/wp-json\/wp\/v2\/media\/44195"}],"wp:attachment":[{"href":"https:\/\/www.bau-styl.hu\/epitoanyag\/wp-json\/wp\/v2\/media?parent=8992"}],"wp:term":[{"taxonomy":"product_brand","embeddable":true,"href":"https:\/\/www.bau-styl.hu\/epitoanyag\/wp-json\/wp\/v2\/product_brand?post=8992"},{"taxonomy":"product_cat","embeddable":true,"href":"https:\/\/www.bau-styl.hu\/epitoanyag\/wp-json\/wp\/v2\/product_cat?post=8992"},{"taxonomy":"product_tag","embeddable":true,"href":"https:\/\/www.bau-styl.hu\/epitoanyag\/wp-json\/wp\/v2\/product_tag?post=8992"}],"curies":[{"name":"wp","href":"https:\/\/api.w.org\/{rel}","templated":true}]}}