{"id":8993,"date":"2019-10-28T06:59:06","date_gmt":"2019-10-28T04:59:06","guid":{"rendered":"https:\/\/www.bau-styl.hu\/epitoanyag\/termek\/sw-eb-60-19-25-fodem-beles-elem-51x25x19-cm-50-db-rkl\/"},"modified":"2026-04-20T12:15:41","modified_gmt":"2026-04-20T10:15:41","slug":"sw-eb-60-19-25-fodem-beles-elem-51x25x19-cm-50-db-rkl","status":"publish","type":"product","link":"https:\/\/www.bau-styl.hu\/epitoanyag\/termek\/sw-eb-60-19-25-fodem-beles-elem-51x25x19-cm-50-db-rkl\/","title":{"rendered":"SW EB 60\/19\/25 F\u00f6d\u00e9m b\u00e9l\u00e9s elem 51x25x19 cm 50 db\/rkl"},"content":{"rendered":"","protected":false},"excerpt":{"rendered":"","protected":false},"featured_media":2994,"template":"","meta":[],"product_brand":[11309],"product_cat":[107,108],"product_tag":[],"class_list":{"0":"post-8993","1":"product","2":"type-product","3":"status-publish","4":"has-post-thumbnail","6":"product_brand-sw","7":"product_cat-fodemrendszer","8":"product_cat-betongerendas-fodemrendszer","10":"first","11":"instock","12":"taxable","13":"shipping-taxable","14":"purchasable","15":"product-type-simple"},"aioseo_notices":[],"_links":{"self":[{"href":"https:\/\/www.bau-styl.hu\/epitoanyag\/wp-json\/wp\/v2\/product\/8993","targetHints":{"allow":["GET"]}}],"collection":[{"href":"https:\/\/www.bau-styl.hu\/epitoanyag\/wp-json\/wp\/v2\/product"}],"about":[{"href":"https:\/\/www.bau-styl.hu\/epitoanyag\/wp-json\/wp\/v2\/types\/product"}],"wp:featuredmedia":[{"embeddable":true,"href":"https:\/\/www.bau-styl.hu\/epitoanyag\/wp-json\/wp\/v2\/media\/2994"}],"wp:attachment":[{"href":"https:\/\/www.bau-styl.hu\/epitoanyag\/wp-json\/wp\/v2\/media?parent=8993"}],"wp:term":[{"taxonomy":"product_brand","embeddable":true,"href":"https:\/\/www.bau-styl.hu\/epitoanyag\/wp-json\/wp\/v2\/product_brand?post=8993"},{"taxonomy":"product_cat","embeddable":true,"href":"https:\/\/www.bau-styl.hu\/epitoanyag\/wp-json\/wp\/v2\/product_cat?post=8993"},{"taxonomy":"product_tag","embeddable":true,"href":"https:\/\/www.bau-styl.hu\/epitoanyag\/wp-json\/wp\/v2\/product_tag?post=8993"}],"curies":[{"name":"wp","href":"https:\/\/api.w.org\/{rel}","templated":true}]}}