{"id":9002,"date":"2019-10-28T06:59:11","date_gmt":"2019-10-28T04:59:11","guid":{"rendered":"https:\/\/www.bau-styl.hu\/epitoanyag\/termek\/sw-eu-60-fodemgerenda\/"},"modified":"2026-04-20T12:15:43","modified_gmt":"2026-04-20T10:15:43","slug":"sw-eu-60-fodemgerenda","status":"publish","type":"product","link":"https:\/\/www.bau-styl.hu\/epitoanyag\/termek\/sw-eu-60-fodemgerenda\/","title":{"rendered":"SW EU-60 F\u00f6d\u00e9mgerenda"},"content":{"rendered":"","protected":false},"excerpt":{"rendered":"<p>Az E-jel\u0171 fesz\u00edtett gerend\u00e1b\u00f3l k\u00e9sz\u00edtett f\u00f6d\u00e9m j\u00f3l bev\u00e1lt f\u00f6d\u00e9mszerkezet. A ki\u00e1ll\u00f3 hosszvasak bek\u00f6tnek a koszor\u00fa betonba, hangg\u00e1tl\u00e1sa kiv\u00e1l\u00f3. Felfekv\u00e9se 20 cm.<\/p>\n","protected":false},"featured_media":2996,"template":"","meta":[],"product_brand":[11309],"product_cat":[107,108],"product_tag":[],"class_list":{"0":"post-9002","1":"product","2":"type-product","3":"status-publish","4":"has-post-thumbnail","6":"product_brand-sw","7":"product_cat-fodemrendszer","8":"product_cat-betongerendas-fodemrendszer","10":"first","11":"instock","12":"taxable","13":"shipping-taxable","14":"purchasable","15":"product-type-simple"},"aioseo_notices":[],"_links":{"self":[{"href":"https:\/\/www.bau-styl.hu\/epitoanyag\/wp-json\/wp\/v2\/product\/9002","targetHints":{"allow":["GET"]}}],"collection":[{"href":"https:\/\/www.bau-styl.hu\/epitoanyag\/wp-json\/wp\/v2\/product"}],"about":[{"href":"https:\/\/www.bau-styl.hu\/epitoanyag\/wp-json\/wp\/v2\/types\/product"}],"wp:featuredmedia":[{"embeddable":true,"href":"https:\/\/www.bau-styl.hu\/epitoanyag\/wp-json\/wp\/v2\/media\/2996"}],"wp:attachment":[{"href":"https:\/\/www.bau-styl.hu\/epitoanyag\/wp-json\/wp\/v2\/media?parent=9002"}],"wp:term":[{"taxonomy":"product_brand","embeddable":true,"href":"https:\/\/www.bau-styl.hu\/epitoanyag\/wp-json\/wp\/v2\/product_brand?post=9002"},{"taxonomy":"product_cat","embeddable":true,"href":"https:\/\/www.bau-styl.hu\/epitoanyag\/wp-json\/wp\/v2\/product_cat?post=9002"},{"taxonomy":"product_tag","embeddable":true,"href":"https:\/\/www.bau-styl.hu\/epitoanyag\/wp-json\/wp\/v2\/product_tag?post=9002"}],"curies":[{"name":"wp","href":"https:\/\/api.w.org\/{rel}","templated":true}]}}