{"id":9008,"date":"2019-10-28T06:59:16","date_gmt":"2019-10-28T06:59:16","guid":{"rendered":"https:\/\/www.bau-styl.hu\/epitoanyag\/termek\/sw-n-zsaluzoelem-40x50x23-cm\/"},"modified":"2024-02-26T15:58:28","modified_gmt":"2024-02-26T13:58:28","slug":"sw-n-zsaluzoelem-40x50x23-cm","status":"publish","type":"product","link":"https:\/\/www.bau-styl.hu\/epitoanyag\/termek\/sw-n-zsaluzoelem-40x50x23-cm\/","title":{"rendered":"SW N Zsaluz\u00f3elem 40x50x23 cm"},"content":{"rendered":"","protected":false},"excerpt":{"rendered":"<p>Teherhord\u00f3 falak, lak\u00f3h\u00e1zak, rakt\u00e1rak, akn\u00e1k c\u00e9lj\u00e1ra, m\u00e9retez\u00e9s szerinti kibetonoz\u00e1ssal, illetve pince \u00e9s l\u00e1bazati falakhoz alkalmas.<\/p>\n","protected":false},"featured_media":3011,"template":"","meta":[],"product_brand":[],"product_cat":[637,4506,6123],"product_tag":[6598],"class_list":{"0":"post-9008","1":"product","2":"type-product","3":"status-publish","4":"has-post-thumbnail","6":"product_cat-beton-termek","7":"product_cat-zsaluko-beton-termek","8":"product_cat-sw-zsaluko-beton-termek","9":"product_tag-sw","11":"first","12":"instock","13":"taxable","14":"shipping-taxable","15":"purchasable","16":"product-type-simple"},"aioseo_notices":[],"_links":{"self":[{"href":"https:\/\/www.bau-styl.hu\/epitoanyag\/wp-json\/wp\/v2\/product\/9008","targetHints":{"allow":["GET"]}}],"collection":[{"href":"https:\/\/www.bau-styl.hu\/epitoanyag\/wp-json\/wp\/v2\/product"}],"about":[{"href":"https:\/\/www.bau-styl.hu\/epitoanyag\/wp-json\/wp\/v2\/types\/product"}],"wp:featuredmedia":[{"embeddable":true,"href":"https:\/\/www.bau-styl.hu\/epitoanyag\/wp-json\/wp\/v2\/media\/3011"}],"wp:attachment":[{"href":"https:\/\/www.bau-styl.hu\/epitoanyag\/wp-json\/wp\/v2\/media?parent=9008"}],"wp:term":[{"taxonomy":"product_brand","embeddable":true,"href":"https:\/\/www.bau-styl.hu\/epitoanyag\/wp-json\/wp\/v2\/product_brand?post=9008"},{"taxonomy":"product_cat","embeddable":true,"href":"https:\/\/www.bau-styl.hu\/epitoanyag\/wp-json\/wp\/v2\/product_cat?post=9008"},{"taxonomy":"product_tag","embeddable":true,"href":"https:\/\/www.bau-styl.hu\/epitoanyag\/wp-json\/wp\/v2\/product_tag?post=9008"}],"curies":[{"name":"wp","href":"https:\/\/api.w.org\/{rel}","templated":true}]}}