{"id":9055,"date":"2019-10-28T06:59:58","date_gmt":"2019-10-28T06:59:58","guid":{"rendered":"https:\/\/www.bau-styl.hu\/epitoanyag\/termek\/tetotartozek-kemenyszegely-alu-antracit-5fm-tek\/"},"modified":"2024-05-16T12:50:41","modified_gmt":"2024-05-16T10:50:41","slug":"tetotartozek-kemenyszegely-alu-antracit-5fm-tek","status":"publish","type":"product","link":"https:\/\/www.bau-styl.hu\/epitoanyag\/termek\/tetotartozek-kemenyszegely-alu-antracit-5fm-tek\/","title":{"rendered":"Tet\u0151tartoz\u00e9k K\u00e9m\u00e9nyszeg\u00e9ly ALU antracit 5fm\/tek"},"content":{"rendered":"","protected":false},"excerpt":{"rendered":"<p>A k\u00e9m\u00e9ny \u00e9s fed\u0151anyag tal\u00e1lkoz\u00e1s\u00e1n\u00e1l haszn\u00e1ljuk.<\/p>\n","protected":false},"featured_media":12012,"template":"","meta":[],"product_brand":[],"product_cat":[355,445,447,6150],"product_tag":[6789],"class_list":{"0":"post-9055","1":"product","2":"type-product","3":"status-publish","4":"has-post-thumbnail","6":"product_cat-tetofedes","7":"product_cat-tetotartozek","8":"product_cat-fem-es-muanyag-kiegeszito","9":"product_cat-teto-team","10":"product_tag-teto-team","12":"first","13":"instock","14":"taxable","15":"shipping-taxable","16":"purchasable","17":"product-type-simple"},"aioseo_notices":[],"_links":{"self":[{"href":"https:\/\/www.bau-styl.hu\/epitoanyag\/wp-json\/wp\/v2\/product\/9055","targetHints":{"allow":["GET"]}}],"collection":[{"href":"https:\/\/www.bau-styl.hu\/epitoanyag\/wp-json\/wp\/v2\/product"}],"about":[{"href":"https:\/\/www.bau-styl.hu\/epitoanyag\/wp-json\/wp\/v2\/types\/product"}],"wp:featuredmedia":[{"embeddable":true,"href":"https:\/\/www.bau-styl.hu\/epitoanyag\/wp-json\/wp\/v2\/media\/12012"}],"wp:attachment":[{"href":"https:\/\/www.bau-styl.hu\/epitoanyag\/wp-json\/wp\/v2\/media?parent=9055"}],"wp:term":[{"taxonomy":"product_brand","embeddable":true,"href":"https:\/\/www.bau-styl.hu\/epitoanyag\/wp-json\/wp\/v2\/product_brand?post=9055"},{"taxonomy":"product_cat","embeddable":true,"href":"https:\/\/www.bau-styl.hu\/epitoanyag\/wp-json\/wp\/v2\/product_cat?post=9055"},{"taxonomy":"product_tag","embeddable":true,"href":"https:\/\/www.bau-styl.hu\/epitoanyag\/wp-json\/wp\/v2\/product_tag?post=9055"}],"curies":[{"name":"wp","href":"https:\/\/api.w.org\/{rel}","templated":true}]}}