{"id":9063,"date":"2019-10-28T07:03:09","date_gmt":"2019-10-28T07:03:09","guid":{"rendered":"https:\/\/www.bau-styl.hu\/epitoanyag\/termek\/tt-eresz-lezarofesu-60-mm-barna\/"},"modified":"2024-01-15T21:19:59","modified_gmt":"2024-01-15T19:19:59","slug":"tt-eresz-lezarofesu-60-mm-barna","status":"publish","type":"product","link":"https:\/\/www.bau-styl.hu\/epitoanyag\/termek\/tt-eresz-lezarofesu-60-mm-barna\/","title":{"rendered":"TT Eresz lez\u00e1r\u00f3f\u00e9s\u0171 60 mm barna"},"content":{"rendered":"","protected":false},"excerpt":{"rendered":"<p>Hull\u00e1mos tet\u0151fed\u0151 anyagokn\u00e1l alkalmas szell\u0151z\u0151 ereszelem, amely megakad\u00e1lyozza a madarak \u00e9s m\u00e1s \u00e1llatok bejut\u00e1s\u00e1t a fed\u00e9s al\u00e1.<\/p>\n","protected":false},"featured_media":12012,"template":"","meta":[],"product_brand":[],"product_cat":[355,445,6150],"product_tag":[6789],"class_list":{"0":"post-9063","1":"product","2":"type-product","3":"status-publish","4":"has-post-thumbnail","6":"product_cat-tetofedes","7":"product_cat-tetotartozek","8":"product_cat-teto-team","9":"product_tag-teto-team","11":"first","12":"instock","13":"taxable","14":"shipping-taxable","15":"purchasable","16":"product-type-simple"},"aioseo_notices":[],"_links":{"self":[{"href":"https:\/\/www.bau-styl.hu\/epitoanyag\/wp-json\/wp\/v2\/product\/9063","targetHints":{"allow":["GET"]}}],"collection":[{"href":"https:\/\/www.bau-styl.hu\/epitoanyag\/wp-json\/wp\/v2\/product"}],"about":[{"href":"https:\/\/www.bau-styl.hu\/epitoanyag\/wp-json\/wp\/v2\/types\/product"}],"wp:featuredmedia":[{"embeddable":true,"href":"https:\/\/www.bau-styl.hu\/epitoanyag\/wp-json\/wp\/v2\/media\/12012"}],"wp:attachment":[{"href":"https:\/\/www.bau-styl.hu\/epitoanyag\/wp-json\/wp\/v2\/media?parent=9063"}],"wp:term":[{"taxonomy":"product_brand","embeddable":true,"href":"https:\/\/www.bau-styl.hu\/epitoanyag\/wp-json\/wp\/v2\/product_brand?post=9063"},{"taxonomy":"product_cat","embeddable":true,"href":"https:\/\/www.bau-styl.hu\/epitoanyag\/wp-json\/wp\/v2\/product_cat?post=9063"},{"taxonomy":"product_tag","embeddable":true,"href":"https:\/\/www.bau-styl.hu\/epitoanyag\/wp-json\/wp\/v2\/product_tag?post=9063"}],"curies":[{"name":"wp","href":"https:\/\/api.w.org\/{rel}","templated":true}]}}