{"id":9068,"date":"2019-10-28T07:03:15","date_gmt":"2019-10-28T07:03:15","guid":{"rendered":"https:\/\/www.bau-styl.hu\/epitoanyag\/termek\/tt-eresz-szellozo-szalag-10-cm-teglavoros\/"},"modified":"2024-01-15T21:20:04","modified_gmt":"2024-01-15T19:20:04","slug":"tt-eresz-szellozo-szalag-10-cm-teglavoros","status":"publish","type":"product","link":"https:\/\/www.bau-styl.hu\/epitoanyag\/termek\/tt-eresz-szellozo-szalag-10-cm-teglavoros\/","title":{"rendered":"TT Eresz szell\u0151z\u0151 szalag 10 cm t\u00e9glav\u00f6r\u00f6s"},"content":{"rendered":"","protected":false},"excerpt":{"rendered":"<p>Madarak \u00e9s rovarok, valamint m\u00e1s k\u00e1rtev\u0151k bejut\u00e1sa ellen v\u00e9di az \u00e1tszell\u0151z\u00e9s\u00e9t a tet\u0151nek.<\/p>\n","protected":false},"featured_media":12012,"template":"","meta":[],"product_brand":[],"product_cat":[355,445,6150],"product_tag":[6789],"class_list":{"0":"post-9068","1":"product","2":"type-product","3":"status-publish","4":"has-post-thumbnail","6":"product_cat-tetofedes","7":"product_cat-tetotartozek","8":"product_cat-teto-team","9":"product_tag-teto-team","11":"first","12":"instock","13":"taxable","14":"shipping-taxable","15":"purchasable","16":"product-type-simple"},"aioseo_notices":[],"_links":{"self":[{"href":"https:\/\/www.bau-styl.hu\/epitoanyag\/wp-json\/wp\/v2\/product\/9068","targetHints":{"allow":["GET"]}}],"collection":[{"href":"https:\/\/www.bau-styl.hu\/epitoanyag\/wp-json\/wp\/v2\/product"}],"about":[{"href":"https:\/\/www.bau-styl.hu\/epitoanyag\/wp-json\/wp\/v2\/types\/product"}],"wp:featuredmedia":[{"embeddable":true,"href":"https:\/\/www.bau-styl.hu\/epitoanyag\/wp-json\/wp\/v2\/media\/12012"}],"wp:attachment":[{"href":"https:\/\/www.bau-styl.hu\/epitoanyag\/wp-json\/wp\/v2\/media?parent=9068"}],"wp:term":[{"taxonomy":"product_brand","embeddable":true,"href":"https:\/\/www.bau-styl.hu\/epitoanyag\/wp-json\/wp\/v2\/product_brand?post=9068"},{"taxonomy":"product_cat","embeddable":true,"href":"https:\/\/www.bau-styl.hu\/epitoanyag\/wp-json\/wp\/v2\/product_cat?post=9068"},{"taxonomy":"product_tag","embeddable":true,"href":"https:\/\/www.bau-styl.hu\/epitoanyag\/wp-json\/wp\/v2\/product_tag?post=9068"}],"curies":[{"name":"wp","href":"https:\/\/api.w.org\/{rel}","templated":true}]}}