{"id":9071,"date":"2019-10-28T07:03:18","date_gmt":"2019-10-28T07:03:18","guid":{"rendered":"https:\/\/www.bau-styl.hu\/epitoanyag\/termek\/tt-fem-hofogo-beton-tetocserephez-teglavoros\/"},"modified":"2024-01-15T21:20:05","modified_gmt":"2024-01-15T19:20:05","slug":"tt-fem-hofogo-beton-tetocserephez-teglavoros","status":"publish","type":"product","link":"https:\/\/www.bau-styl.hu\/epitoanyag\/termek\/tt-fem-hofogo-beton-tetocserephez-teglavoros\/","title":{"rendered":"TT F\u00e9m H\u00f3fog\u00f3 Beton tet\u0151cser\u00e9phez t\u00e9glav\u00f6r\u00f6s"},"content":{"rendered":"","protected":false},"excerpt":{"rendered":"<p>Megakad\u00e1lyozza a nagy h\u00f3- \u00e9s j\u00e9gt\u00f6megek lez\u00fadul\u00e1s\u00e1t a tet\u0151r\u0151l. Az ac\u00e9l h\u00f3fog\u00f3 el\u0151nye, hogy nem hajlik ki, nem deform\u00e1l\u00f3dik el. Anyagsz\u00fcks\u00e9glet: kb. 1 db\/tet\u0151 m2.<\/p>\n","protected":false},"featured_media":12012,"template":"","meta":[],"product_brand":[],"product_cat":[355,445,447,6150],"product_tag":[6789],"class_list":{"0":"post-9071","1":"product","2":"type-product","3":"status-publish","4":"has-post-thumbnail","6":"product_cat-tetofedes","7":"product_cat-tetotartozek","8":"product_cat-fem-es-muanyag-kiegeszito","9":"product_cat-teto-team","10":"product_tag-teto-team","12":"first","13":"instock","14":"taxable","15":"shipping-taxable","16":"purchasable","17":"product-type-simple"},"aioseo_notices":[],"_links":{"self":[{"href":"https:\/\/www.bau-styl.hu\/epitoanyag\/wp-json\/wp\/v2\/product\/9071","targetHints":{"allow":["GET"]}}],"collection":[{"href":"https:\/\/www.bau-styl.hu\/epitoanyag\/wp-json\/wp\/v2\/product"}],"about":[{"href":"https:\/\/www.bau-styl.hu\/epitoanyag\/wp-json\/wp\/v2\/types\/product"}],"wp:featuredmedia":[{"embeddable":true,"href":"https:\/\/www.bau-styl.hu\/epitoanyag\/wp-json\/wp\/v2\/media\/12012"}],"wp:attachment":[{"href":"https:\/\/www.bau-styl.hu\/epitoanyag\/wp-json\/wp\/v2\/media?parent=9071"}],"wp:term":[{"taxonomy":"product_brand","embeddable":true,"href":"https:\/\/www.bau-styl.hu\/epitoanyag\/wp-json\/wp\/v2\/product_brand?post=9071"},{"taxonomy":"product_cat","embeddable":true,"href":"https:\/\/www.bau-styl.hu\/epitoanyag\/wp-json\/wp\/v2\/product_cat?post=9071"},{"taxonomy":"product_tag","embeddable":true,"href":"https:\/\/www.bau-styl.hu\/epitoanyag\/wp-json\/wp\/v2\/product_tag?post=9071"}],"curies":[{"name":"wp","href":"https:\/\/api.w.org\/{rel}","templated":true}]}}