{"id":9078,"date":"2019-10-28T07:03:25","date_gmt":"2019-10-28T07:03:25","guid":{"rendered":"https:\/\/www.bau-styl.hu\/epitoanyag\/termek\/tt-multi-roll-elgerincelem-280-mm-barna\/"},"modified":"2024-01-15T21:20:07","modified_gmt":"2024-01-15T19:20:07","slug":"tt-multi-roll-elgerincelem-280-mm-barna","status":"publish","type":"product","link":"https:\/\/www.bau-styl.hu\/epitoanyag\/termek\/tt-multi-roll-elgerincelem-280-mm-barna\/","title":{"rendered":"TT Multi-Roll \u00c9lgerincelem 280 mm barna"},"content":{"rendered":"","protected":false},"excerpt":{"rendered":"<p>Alum\u00ednium szell\u0151z\u0151 gerincelem tekercses kivitelben, ragaszt\u00f3cs\u00edkokkal. Biztos\u00edtja a kiszell\u0151z\u00e9st a k\u00fapcser\u00e9p \u00e9s k\u00fapelemek alatt, illetve megakad\u00e1lyozza a k\u00e1rtev\u0151k, es\u0151, h\u00f3 bejut\u00e1s\u00e1t a k\u00fapelem al\u00e1.<\/p>\n","protected":false},"featured_media":12012,"template":"","meta":[],"product_brand":[],"product_cat":[355,445,6150],"product_tag":[6789],"class_list":{"0":"post-9078","1":"product","2":"type-product","3":"status-publish","4":"has-post-thumbnail","6":"product_cat-tetofedes","7":"product_cat-tetotartozek","8":"product_cat-teto-team","9":"product_tag-teto-team","11":"first","12":"instock","13":"taxable","14":"shipping-taxable","15":"purchasable","16":"product-type-simple"},"aioseo_notices":[],"_links":{"self":[{"href":"https:\/\/www.bau-styl.hu\/epitoanyag\/wp-json\/wp\/v2\/product\/9078","targetHints":{"allow":["GET"]}}],"collection":[{"href":"https:\/\/www.bau-styl.hu\/epitoanyag\/wp-json\/wp\/v2\/product"}],"about":[{"href":"https:\/\/www.bau-styl.hu\/epitoanyag\/wp-json\/wp\/v2\/types\/product"}],"wp:featuredmedia":[{"embeddable":true,"href":"https:\/\/www.bau-styl.hu\/epitoanyag\/wp-json\/wp\/v2\/media\/12012"}],"wp:attachment":[{"href":"https:\/\/www.bau-styl.hu\/epitoanyag\/wp-json\/wp\/v2\/media?parent=9078"}],"wp:term":[{"taxonomy":"product_brand","embeddable":true,"href":"https:\/\/www.bau-styl.hu\/epitoanyag\/wp-json\/wp\/v2\/product_brand?post=9078"},{"taxonomy":"product_cat","embeddable":true,"href":"https:\/\/www.bau-styl.hu\/epitoanyag\/wp-json\/wp\/v2\/product_cat?post=9078"},{"taxonomy":"product_tag","embeddable":true,"href":"https:\/\/www.bau-styl.hu\/epitoanyag\/wp-json\/wp\/v2\/product_tag?post=9078"}],"curies":[{"name":"wp","href":"https:\/\/api.w.org\/{rel}","templated":true}]}}