{"id":9084,"date":"2019-10-28T07:03:31","date_gmt":"2019-10-28T05:03:31","guid":{"rendered":"https:\/\/www.bau-styl.hu\/epitoanyag\/termek\/tt-univerzalis-tetolepcso-racs-tarto-500x250-mm-barna\/"},"modified":"2025-06-24T23:05:56","modified_gmt":"2025-06-24T21:05:56","slug":"tt-tetolepcso-cserepfedeshez-univerzalis-barna-25x40-cm","status":"publish","type":"product","link":"https:\/\/www.bau-styl.hu\/epitoanyag\/termek\/tt-tetolepcso-cserepfedeshez-univerzalis-barna-25x40-cm\/","title":{"rendered":"TT Tet\u0151l\u00e9pcs\u0151 Cser\u00e9pfed\u00e9shez univerz\u00e1lis barna 25&#215;40 cm"},"content":{"rendered":"","protected":false},"excerpt":{"rendered":"<p>G\u00e9p\u00e9szeti fel\u00e9p\u00edtm\u00e9nyek \u00e9s k\u00e9m\u00e9nyek biztons\u00e1gos megk\u00f6zel\u00edt\u00e9s\u00e9re alkalmas.<\/p>\n","protected":false},"featured_media":12012,"template":"","meta":[],"product_brand":[],"product_cat":[355,445,6150],"product_tag":[6789],"class_list":{"0":"post-9084","1":"product","2":"type-product","3":"status-publish","4":"has-post-thumbnail","6":"product_cat-tetofedes","7":"product_cat-tetotartozek","8":"product_cat-teto-team","9":"product_tag-teto-team","11":"first","12":"instock","13":"taxable","14":"shipping-taxable","15":"purchasable","16":"product-type-simple"},"aioseo_notices":[],"_links":{"self":[{"href":"https:\/\/www.bau-styl.hu\/epitoanyag\/wp-json\/wp\/v2\/product\/9084","targetHints":{"allow":["GET"]}}],"collection":[{"href":"https:\/\/www.bau-styl.hu\/epitoanyag\/wp-json\/wp\/v2\/product"}],"about":[{"href":"https:\/\/www.bau-styl.hu\/epitoanyag\/wp-json\/wp\/v2\/types\/product"}],"wp:featuredmedia":[{"embeddable":true,"href":"https:\/\/www.bau-styl.hu\/epitoanyag\/wp-json\/wp\/v2\/media\/12012"}],"wp:attachment":[{"href":"https:\/\/www.bau-styl.hu\/epitoanyag\/wp-json\/wp\/v2\/media?parent=9084"}],"wp:term":[{"taxonomy":"product_brand","embeddable":true,"href":"https:\/\/www.bau-styl.hu\/epitoanyag\/wp-json\/wp\/v2\/product_brand?post=9084"},{"taxonomy":"product_cat","embeddable":true,"href":"https:\/\/www.bau-styl.hu\/epitoanyag\/wp-json\/wp\/v2\/product_cat?post=9084"},{"taxonomy":"product_tag","embeddable":true,"href":"https:\/\/www.bau-styl.hu\/epitoanyag\/wp-json\/wp\/v2\/product_tag?post=9084"}],"curies":[{"name":"wp","href":"https:\/\/api.w.org\/{rel}","templated":true}]}}