{"id":9098,"date":"2019-10-28T07:03:45","date_gmt":"2019-10-28T07:03:45","guid":{"rendered":"https:\/\/www.bau-styl.hu\/epitoanyag\/termek\/ujhaz-eps-100-expandalt-hoszigetelo-lemez-terhelheto-2-m2-csomag-12-cm\/"},"modified":"2026-04-14T21:25:16","modified_gmt":"2026-04-14T19:25:16","slug":"ujhaz-eps-100-expandalt-hoszigetelo-lemez-terhelheto-2-m2-csomag-12-cm","status":"publish","type":"product","link":"https:\/\/www.bau-styl.hu\/epitoanyag\/termek\/ujhaz-eps-100-expandalt-hoszigetelo-lemez-terhelheto-2-m2-csomag-12-cm\/","title":{"rendered":"\u00fajH\u00c1Z EPS 100 Expand\u00e1lt h\u0151szigetel\u0151 lemez, terhelhet\u0151 2 m2\/csomag 12 cm"},"content":{"rendered":"","protected":false},"excerpt":{"rendered":"<p>Legal\u00e1bb h\u00e1rom h\u00f3napig pihentetett expand\u00e1lt polisztirol kem\u00e9nyhab. Homlokzati k\u00fcls\u0151 fal, illetve \u00e9p\u00fcletek h\u0151szigetel\u00e9s\u00e9re alkalmazz\u00e1k. A fel\u00fclet el\u0151k\u00e9sz\u00edt\u00e9s\u00e9t k\u00f6vet\u0151en \u00e1gyaz\u00f3habarcs vagy ragaszt\u00f3 haszn\u00e1lat\u00e1val, illetve a megfelel\u0151 m\u00e9ret\u0171 d\u0171bellel r\u00f6gz\u00edteni tudjuk az EPS lemezt.<\/p>\n","protected":false},"featured_media":20187,"template":"","meta":[],"product_brand":[],"product_cat":[301,6603,318,322],"product_tag":[6774],"class_list":{"0":"post-9098","1":"product","2":"type-product","3":"status-publish","4":"has-post-thumbnail","6":"product_cat-ho-es-hangszigeteles","7":"product_cat-polisztirol","8":"product_cat-lepesallo-szigeteles","9":"product_cat-uj-haz-lepesallo-polisztirol","10":"product_tag-ujhaz","12":"first","13":"instock","14":"taxable","15":"shipping-taxable","16":"purchasable","17":"product-type-simple"},"aioseo_notices":[],"_links":{"self":[{"href":"https:\/\/www.bau-styl.hu\/epitoanyag\/wp-json\/wp\/v2\/product\/9098","targetHints":{"allow":["GET"]}}],"collection":[{"href":"https:\/\/www.bau-styl.hu\/epitoanyag\/wp-json\/wp\/v2\/product"}],"about":[{"href":"https:\/\/www.bau-styl.hu\/epitoanyag\/wp-json\/wp\/v2\/types\/product"}],"wp:featuredmedia":[{"embeddable":true,"href":"https:\/\/www.bau-styl.hu\/epitoanyag\/wp-json\/wp\/v2\/media\/20187"}],"wp:attachment":[{"href":"https:\/\/www.bau-styl.hu\/epitoanyag\/wp-json\/wp\/v2\/media?parent=9098"}],"wp:term":[{"taxonomy":"product_brand","embeddable":true,"href":"https:\/\/www.bau-styl.hu\/epitoanyag\/wp-json\/wp\/v2\/product_brand?post=9098"},{"taxonomy":"product_cat","embeddable":true,"href":"https:\/\/www.bau-styl.hu\/epitoanyag\/wp-json\/wp\/v2\/product_cat?post=9098"},{"taxonomy":"product_tag","embeddable":true,"href":"https:\/\/www.bau-styl.hu\/epitoanyag\/wp-json\/wp\/v2\/product_tag?post=9098"}],"curies":[{"name":"wp","href":"https:\/\/api.w.org\/{rel}","templated":true}]}}