{"id":9117,"date":"2019-10-28T07:03:57","date_gmt":"2019-10-28T05:03:57","guid":{"rendered":"https:\/\/www.bau-styl.hu\/epitoanyag\/termek\/ujhaz-falazohabarcs-40-kg\/"},"modified":"2025-10-22T09:48:50","modified_gmt":"2025-10-22T07:48:50","slug":"ujhaz-falazohabarcs-40-kg","status":"publish","type":"product","link":"https:\/\/www.bau-styl.hu\/epitoanyag\/termek\/ujhaz-falazohabarcs-40-kg\/","title":{"rendered":"\u00fajH\u00e1z Falaz\u00f3habarcs 40 kg"},"content":{"rendered":"","protected":false},"excerpt":{"rendered":"<p>Az \u00e9p\u00edt\u00e9szetben alkalmazott t\u00e9glafalazatokhoz, falaz\u00f3elemek \u00f6sszek\u00f6t\u00e9s\u00e9re, tehereloszt\u00e1sra \u00e9s h\u00e9zagkit\u00f6lt\u00e9sre. A falaz\u00f3habarcsot k\u00e9zzel vagy g\u00e9ppel lehet megkeverni.<\/p>\n","protected":false},"featured_media":34937,"template":"","meta":[],"product_brand":[],"product_cat":[78,79,6623,2831,2844,6220],"product_tag":[6774],"class_list":{"0":"post-9117","1":"product","2":"type-product","3":"status-publish","4":"has-post-thumbnail","6":"product_cat-falazat","7":"product_cat-keramia-falazat","8":"product_cat-falazohabarcs","9":"product_cat-zsakos-termek","10":"product_cat-falazohabarcs-zsakos-aru-por-termek","11":"product_cat-ujhaz","12":"product_tag-ujhaz","14":"first","15":"instock","16":"taxable","17":"shipping-taxable","18":"purchasable","19":"product-type-simple"},"aioseo_notices":[],"_links":{"self":[{"href":"https:\/\/www.bau-styl.hu\/epitoanyag\/wp-json\/wp\/v2\/product\/9117","targetHints":{"allow":["GET"]}}],"collection":[{"href":"https:\/\/www.bau-styl.hu\/epitoanyag\/wp-json\/wp\/v2\/product"}],"about":[{"href":"https:\/\/www.bau-styl.hu\/epitoanyag\/wp-json\/wp\/v2\/types\/product"}],"wp:featuredmedia":[{"embeddable":true,"href":"https:\/\/www.bau-styl.hu\/epitoanyag\/wp-json\/wp\/v2\/media\/34937"}],"wp:attachment":[{"href":"https:\/\/www.bau-styl.hu\/epitoanyag\/wp-json\/wp\/v2\/media?parent=9117"}],"wp:term":[{"taxonomy":"product_brand","embeddable":true,"href":"https:\/\/www.bau-styl.hu\/epitoanyag\/wp-json\/wp\/v2\/product_brand?post=9117"},{"taxonomy":"product_cat","embeddable":true,"href":"https:\/\/www.bau-styl.hu\/epitoanyag\/wp-json\/wp\/v2\/product_cat?post=9117"},{"taxonomy":"product_tag","embeddable":true,"href":"https:\/\/www.bau-styl.hu\/epitoanyag\/wp-json\/wp\/v2\/product_tag?post=9117"}],"curies":[{"name":"wp","href":"https:\/\/api.w.org\/{rel}","templated":true}]}}