{"id":9132,"date":"2019-10-28T07:04:07","date_gmt":"2019-10-28T05:04:07","guid":{"rendered":"https:\/\/www.bau-styl.hu\/epitoanyag\/termek\/ujhaz-styrokleber-polisztirol-ragaszto-eps-25-kg\/"},"modified":"2025-10-21T12:44:42","modified_gmt":"2025-10-21T10:44:42","slug":"ujhaz-styrokleber-polisztirol-ragaszto-eps-25-kg","status":"publish","type":"product","link":"https:\/\/www.bau-styl.hu\/epitoanyag\/termek\/ujhaz-styrokleber-polisztirol-ragaszto-eps-25-kg\/","title":{"rendered":"\u00dajH\u00e1z Styrokleber Polisztirol ragaszt\u00f3 Eps 25 kg"},"content":{"rendered":"","protected":false},"excerpt":{"rendered":"<p>J\u00f3 p\u00e1ra\u00e1tereszt\u0151, nagy szil\u00e1rds\u00e1g\u00fa \u00e9s rugalmass\u00e1g\u00fa, j\u00f3 tapad\u00f3k\u00e9pess\u00e9g\u0171, \u00fcvegsz\u00f6vet h\u00e1l\u00f3 \u00e1gyaz\u00e1s\u00e1ra is alkalmazhat\u00f3. Polisztirol h\u0151szigetel\u00f4 lemez (EPS) ragaszt\u00e1s\u00e1ra, \u00fcvegsz\u00f6vet \u00e1gyaz\u00e1s\u00e1ra.<\/p>\n","protected":false},"featured_media":7588,"template":"","meta":[],"product_brand":[],"product_cat":[301,6642,2831,4062,6652],"product_tag":[],"class_list":{"0":"post-9132","1":"product","2":"type-product","3":"status-publish","4":"has-post-thumbnail","6":"product_cat-ho-es-hangszigeteles","7":"product_cat-rendszertartozek","8":"product_cat-zsakos-termek","9":"product_cat-ragasztohabarcs-zsakos-aru-por-termek","10":"product_cat-uj-haz","12":"first","13":"instock","14":"taxable","15":"shipping-taxable","16":"purchasable","17":"product-type-simple"},"aioseo_notices":[],"_links":{"self":[{"href":"https:\/\/www.bau-styl.hu\/epitoanyag\/wp-json\/wp\/v2\/product\/9132","targetHints":{"allow":["GET"]}}],"collection":[{"href":"https:\/\/www.bau-styl.hu\/epitoanyag\/wp-json\/wp\/v2\/product"}],"about":[{"href":"https:\/\/www.bau-styl.hu\/epitoanyag\/wp-json\/wp\/v2\/types\/product"}],"wp:featuredmedia":[{"embeddable":true,"href":"https:\/\/www.bau-styl.hu\/epitoanyag\/wp-json\/wp\/v2\/media\/7588"}],"wp:attachment":[{"href":"https:\/\/www.bau-styl.hu\/epitoanyag\/wp-json\/wp\/v2\/media?parent=9132"}],"wp:term":[{"taxonomy":"product_brand","embeddable":true,"href":"https:\/\/www.bau-styl.hu\/epitoanyag\/wp-json\/wp\/v2\/product_brand?post=9132"},{"taxonomy":"product_cat","embeddable":true,"href":"https:\/\/www.bau-styl.hu\/epitoanyag\/wp-json\/wp\/v2\/product_cat?post=9132"},{"taxonomy":"product_tag","embeddable":true,"href":"https:\/\/www.bau-styl.hu\/epitoanyag\/wp-json\/wp\/v2\/product_tag?post=9132"}],"curies":[{"name":"wp","href":"https:\/\/api.w.org\/{rel}","templated":true}]}}