{"id":9133,"date":"2019-10-28T07:04:07","date_gmt":"2019-10-28T07:04:07","guid":{"rendered":"https:\/\/www.bau-styl.hu\/epitoanyag\/termek\/ujhaz-szilikon-spachtel-vekonyvakolat-kapart-15-mm-b1-15-kg\/"},"modified":"2026-04-20T12:16:30","modified_gmt":"2026-04-20T10:16:30","slug":"ujhaz-szilikon-spachtel-vekonyvakolat-kapart-15-mm-b1-15-kg","status":"publish","type":"product","link":"https:\/\/www.bau-styl.hu\/epitoanyag\/termek\/ujhaz-szilikon-spachtel-vekonyvakolat-kapart-15-mm-b1-15-kg\/","title":{"rendered":"\u00fajH\u00c1Z Szilikon Spachtel V\u00e9konyvakolat, kapart 1,5 mm B1, 15 kg"},"content":{"rendered":"","protected":false},"excerpt":{"rendered":"","protected":false},"featured_media":11867,"template":"","meta":[],"product_brand":[11313],"product_cat":[332,6644],"product_tag":[],"class_list":{"0":"post-9133","1":"product","2":"type-product","3":"status-publish","4":"has-post-thumbnail","6":"product_brand-ujhaz","7":"product_cat-szinezes","8":"product_cat-nemesvakolat","10":"first","11":"instock","12":"taxable","13":"shipping-taxable","14":"purchasable","15":"product-type-simple"},"aioseo_notices":[],"_links":{"self":[{"href":"https:\/\/www.bau-styl.hu\/epitoanyag\/wp-json\/wp\/v2\/product\/9133","targetHints":{"allow":["GET"]}}],"collection":[{"href":"https:\/\/www.bau-styl.hu\/epitoanyag\/wp-json\/wp\/v2\/product"}],"about":[{"href":"https:\/\/www.bau-styl.hu\/epitoanyag\/wp-json\/wp\/v2\/types\/product"}],"wp:featuredmedia":[{"embeddable":true,"href":"https:\/\/www.bau-styl.hu\/epitoanyag\/wp-json\/wp\/v2\/media\/11867"}],"wp:attachment":[{"href":"https:\/\/www.bau-styl.hu\/epitoanyag\/wp-json\/wp\/v2\/media?parent=9133"}],"wp:term":[{"taxonomy":"product_brand","embeddable":true,"href":"https:\/\/www.bau-styl.hu\/epitoanyag\/wp-json\/wp\/v2\/product_brand?post=9133"},{"taxonomy":"product_cat","embeddable":true,"href":"https:\/\/www.bau-styl.hu\/epitoanyag\/wp-json\/wp\/v2\/product_cat?post=9133"},{"taxonomy":"product_tag","embeddable":true,"href":"https:\/\/www.bau-styl.hu\/epitoanyag\/wp-json\/wp\/v2\/product_tag?post=9133"}],"curies":[{"name":"wp","href":"https:\/\/api.w.org\/{rel}","templated":true}]}}