{"id":9166,"date":"2019-10-28T07:04:42","date_gmt":"2019-10-28T07:04:42","guid":{"rendered":"https:\/\/www.bau-styl.hu\/epitoanyag\/termek\/wienerberger-kismeretu-nagyszilardsagu-tomor-tegla-400-db-rkl\/"},"modified":"2025-12-11T12:59:48","modified_gmt":"2025-12-11T10:59:48","slug":"wienerberger-kismeretu-nagyszilardsagu-tomor-tegla-400-db-rkl","status":"publish","type":"product","link":"https:\/\/www.bau-styl.hu\/epitoanyag\/termek\/wienerberger-kismeretu-nagyszilardsagu-tomor-tegla-400-db-rkl\/","title":{"rendered":"Wienerberger Kism\u00e9ret\u0171 nagyszil\u00e1rds\u00e1g\u00fa t\u00f6m\u00f6r t\u00e9gla 400 db\/rkl"},"content":{"rendered":"","protected":false},"excerpt":{"rendered":"","protected":false},"featured_media":31476,"template":"","meta":[],"product_brand":[],"product_cat":[78,79,4468],"product_tag":[6608],"class_list":{"0":"post-9166","1":"product","2":"type-product","3":"status-publish","4":"has-post-thumbnail","6":"product_cat-falazat","7":"product_cat-keramia-falazat","8":"product_cat-egyeb-tegla","9":"product_tag-wienerberger","11":"first","12":"instock","13":"taxable","14":"shipping-taxable","15":"purchasable","16":"product-type-simple"},"aioseo_notices":[],"_links":{"self":[{"href":"https:\/\/www.bau-styl.hu\/epitoanyag\/wp-json\/wp\/v2\/product\/9166","targetHints":{"allow":["GET"]}}],"collection":[{"href":"https:\/\/www.bau-styl.hu\/epitoanyag\/wp-json\/wp\/v2\/product"}],"about":[{"href":"https:\/\/www.bau-styl.hu\/epitoanyag\/wp-json\/wp\/v2\/types\/product"}],"wp:featuredmedia":[{"embeddable":true,"href":"https:\/\/www.bau-styl.hu\/epitoanyag\/wp-json\/wp\/v2\/media\/31476"}],"wp:attachment":[{"href":"https:\/\/www.bau-styl.hu\/epitoanyag\/wp-json\/wp\/v2\/media?parent=9166"}],"wp:term":[{"taxonomy":"product_brand","embeddable":true,"href":"https:\/\/www.bau-styl.hu\/epitoanyag\/wp-json\/wp\/v2\/product_brand?post=9166"},{"taxonomy":"product_cat","embeddable":true,"href":"https:\/\/www.bau-styl.hu\/epitoanyag\/wp-json\/wp\/v2\/product_cat?post=9166"},{"taxonomy":"product_tag","embeddable":true,"href":"https:\/\/www.bau-styl.hu\/epitoanyag\/wp-json\/wp\/v2\/product_tag?post=9166"}],"curies":[{"name":"wp","href":"https:\/\/api.w.org\/{rel}","templated":true}]}}