{"id":9168,"date":"2019-10-28T07:04:45","date_gmt":"2019-10-28T05:04:45","guid":{"rendered":"https:\/\/www.bau-styl.hu\/epitoanyag\/termek\/wienerberger-pth-10-nf-profi-tegla-100-db-rkl\/"},"modified":"2025-12-11T12:59:47","modified_gmt":"2025-12-11T10:59:47","slug":"wienerberger-pth-10-nf-rapid-tegla-100-db-rkl","status":"publish","type":"product","link":"https:\/\/www.bau-styl.hu\/epitoanyag\/termek\/wienerberger-pth-10-nf-rapid-tegla-100-db-rkl\/","title":{"rendered":"Wienerberger Pth 10 N+F Rapid T\u00e9gla 100 db\/rkl"},"content":{"rendered":"","protected":false},"excerpt":{"rendered":"<p>10 cm vastag lak\u00e1son bel\u00fcli v\u00e1laszfal \u00e9p\u00edt\u00e9s\u00e9re. Kiv\u00e1l\u00f3 \u00e9p\u00fcletfizikai tulajdons\u00e1gok. Nem \u00e9ghet\u0151 (A1). J\u00f3l vakolhat\u00f3.<\/p>\n","protected":false},"featured_media":2389,"template":"","meta":[],"product_brand":[],"product_cat":[78,79,86,91],"product_tag":[6608],"class_list":{"0":"post-9168","1":"product","2":"type-product","3":"status-publish","4":"has-post-thumbnail","6":"product_cat-falazat","7":"product_cat-keramia-falazat","8":"product_cat-belso-falazo","9":"product_cat-wienerberger-belso-falazo","10":"product_tag-wienerberger","12":"first","13":"instock","14":"taxable","15":"shipping-taxable","16":"purchasable","17":"product-type-simple"},"aioseo_notices":[],"_links":{"self":[{"href":"https:\/\/www.bau-styl.hu\/epitoanyag\/wp-json\/wp\/v2\/product\/9168","targetHints":{"allow":["GET"]}}],"collection":[{"href":"https:\/\/www.bau-styl.hu\/epitoanyag\/wp-json\/wp\/v2\/product"}],"about":[{"href":"https:\/\/www.bau-styl.hu\/epitoanyag\/wp-json\/wp\/v2\/types\/product"}],"wp:featuredmedia":[{"embeddable":true,"href":"https:\/\/www.bau-styl.hu\/epitoanyag\/wp-json\/wp\/v2\/media\/2389"}],"wp:attachment":[{"href":"https:\/\/www.bau-styl.hu\/epitoanyag\/wp-json\/wp\/v2\/media?parent=9168"}],"wp:term":[{"taxonomy":"product_brand","embeddable":true,"href":"https:\/\/www.bau-styl.hu\/epitoanyag\/wp-json\/wp\/v2\/product_brand?post=9168"},{"taxonomy":"product_cat","embeddable":true,"href":"https:\/\/www.bau-styl.hu\/epitoanyag\/wp-json\/wp\/v2\/product_cat?post=9168"},{"taxonomy":"product_tag","embeddable":true,"href":"https:\/\/www.bau-styl.hu\/epitoanyag\/wp-json\/wp\/v2\/product_tag?post=9168"}],"curies":[{"name":"wp","href":"https:\/\/api.w.org\/{rel}","templated":true}]}}