{"id":9180,"date":"2019-10-28T07:04:53","date_gmt":"2019-10-28T05:04:53","guid":{"rendered":"https:\/\/www.bau-styl.hu\/epitoanyag\/termek\/wienerberger-pth-30-nf-klima-tegla-80-db-rkl\/"},"modified":"2026-02-25T11:26:48","modified_gmt":"2026-02-25T09:26:48","slug":"wienerberger-pth-30-x-therm-tegla-80-db-rkl","status":"publish","type":"product","link":"https:\/\/www.bau-styl.hu\/epitoanyag\/termek\/wienerberger-pth-30-x-therm-tegla-80-db-rkl\/","title":{"rendered":"Wienerberger Pth 30 X-Therm T\u00e9gla 80 db\/rkl"},"content":{"rendered":"","protected":false},"excerpt":{"rendered":"<p>30 cm vastags\u00e1g\u00fa. Nem \u00e9ghet\u0151 (A1). Nagy nyom\u00f3szil\u00e1rds\u00e1g\u00fa, ide\u00e1lis akusztikai k\u00e9pess\u00e9g\u0171, j\u00f3 h\u0151t\u00e1rol\u00f3, j\u00f3l vakolhat\u00f3. H\u0151szigetel\u0151 falaz\u00f3habarccsal alkalmazhat\u00f3.<\/p>\n","protected":false},"featured_media":2393,"template":"","meta":[],"product_brand":[],"product_cat":[78,79,4455,6307],"product_tag":[6608,8548],"class_list":{"0":"post-9180","1":"product","2":"type-product","3":"status-publish","4":"has-post-thumbnail","6":"product_cat-falazat","7":"product_cat-keramia-falazat","8":"product_cat-kulso-falazo","9":"product_cat-wienerberger-kulso-falazo","10":"product_tag-wienerberger","11":"product_tag-zoldhitel","13":"first","14":"instock","15":"taxable","16":"shipping-taxable","17":"purchasable","18":"product-type-simple"},"aioseo_notices":[],"_links":{"self":[{"href":"https:\/\/www.bau-styl.hu\/epitoanyag\/wp-json\/wp\/v2\/product\/9180","targetHints":{"allow":["GET"]}}],"collection":[{"href":"https:\/\/www.bau-styl.hu\/epitoanyag\/wp-json\/wp\/v2\/product"}],"about":[{"href":"https:\/\/www.bau-styl.hu\/epitoanyag\/wp-json\/wp\/v2\/types\/product"}],"wp:featuredmedia":[{"embeddable":true,"href":"https:\/\/www.bau-styl.hu\/epitoanyag\/wp-json\/wp\/v2\/media\/2393"}],"wp:attachment":[{"href":"https:\/\/www.bau-styl.hu\/epitoanyag\/wp-json\/wp\/v2\/media?parent=9180"}],"wp:term":[{"taxonomy":"product_brand","embeddable":true,"href":"https:\/\/www.bau-styl.hu\/epitoanyag\/wp-json\/wp\/v2\/product_brand?post=9180"},{"taxonomy":"product_cat","embeddable":true,"href":"https:\/\/www.bau-styl.hu\/epitoanyag\/wp-json\/wp\/v2\/product_cat?post=9180"},{"taxonomy":"product_tag","embeddable":true,"href":"https:\/\/www.bau-styl.hu\/epitoanyag\/wp-json\/wp\/v2\/product_tag?post=9180"}],"curies":[{"name":"wp","href":"https:\/\/api.w.org\/{rel}","templated":true}]}}