{"id":9183,"date":"2019-10-28T07:04:55","date_gmt":"2019-10-28T05:04:55","guid":{"rendered":"https:\/\/www.bau-styl.hu\/epitoanyag\/termek\/wienerberger-pth-30-nf-tegla-80-db-rkl\/"},"modified":"2026-02-25T11:26:48","modified_gmt":"2026-02-25T09:26:48","slug":"wienerberger-pth-30-nf-neo-tegla-80-db-rkl","status":"publish","type":"product","link":"https:\/\/www.bau-styl.hu\/epitoanyag\/termek\/wienerberger-pth-30-nf-neo-tegla-80-db-rkl\/","title":{"rendered":"Wienerberger Pth 30 N+F Neo T\u00e9gla 80 db\/rkl"},"content":{"rendered":"","protected":false},"excerpt":{"rendered":"<p>30 cm vastag. H\u0151t\u00e1rol\u00f3 t\u00f6megk\u00e9nt figyelembe vehet\u0151. J\u00f3 akusztikai teljes\u00edtm\u00e9ny. J\u00f3l vakolhat\u00f3. Nagy teherb\u00edr\u00f3 k\u00e9pess\u00e9g. Nem \u00e9ghet\u0151 (A1). Alkalmazhat\u00f3 hagyom\u00e1nyos falaz\u00f3habarcs.<\/p>\n","protected":false},"featured_media":2396,"template":"","meta":[],"product_brand":[],"product_cat":[78,79,4455,6307],"product_tag":[6608],"class_list":{"0":"post-9183","1":"product","2":"type-product","3":"status-publish","4":"has-post-thumbnail","6":"product_cat-falazat","7":"product_cat-keramia-falazat","8":"product_cat-kulso-falazo","9":"product_cat-wienerberger-kulso-falazo","10":"product_tag-wienerberger","12":"first","13":"instock","14":"taxable","15":"shipping-taxable","16":"purchasable","17":"product-type-simple"},"aioseo_notices":[],"_links":{"self":[{"href":"https:\/\/www.bau-styl.hu\/epitoanyag\/wp-json\/wp\/v2\/product\/9183","targetHints":{"allow":["GET"]}}],"collection":[{"href":"https:\/\/www.bau-styl.hu\/epitoanyag\/wp-json\/wp\/v2\/product"}],"about":[{"href":"https:\/\/www.bau-styl.hu\/epitoanyag\/wp-json\/wp\/v2\/types\/product"}],"wp:featuredmedia":[{"embeddable":true,"href":"https:\/\/www.bau-styl.hu\/epitoanyag\/wp-json\/wp\/v2\/media\/2396"}],"wp:attachment":[{"href":"https:\/\/www.bau-styl.hu\/epitoanyag\/wp-json\/wp\/v2\/media?parent=9183"}],"wp:term":[{"taxonomy":"product_brand","embeddable":true,"href":"https:\/\/www.bau-styl.hu\/epitoanyag\/wp-json\/wp\/v2\/product_brand?post=9183"},{"taxonomy":"product_cat","embeddable":true,"href":"https:\/\/www.bau-styl.hu\/epitoanyag\/wp-json\/wp\/v2\/product_cat?post=9183"},{"taxonomy":"product_tag","embeddable":true,"href":"https:\/\/www.bau-styl.hu\/epitoanyag\/wp-json\/wp\/v2\/product_tag?post=9183"}],"curies":[{"name":"wp","href":"https:\/\/api.w.org\/{rel}","templated":true}]}}