{"id":9208,"date":"2019-10-28T07:05:10","date_gmt":"2019-10-28T07:05:10","guid":{"rendered":"https:\/\/www.bau-styl.hu\/epitoanyag\/termek\/wienerberger-pth-a-12-athidalo-225-cm\/"},"modified":"2025-12-11T12:59:50","modified_gmt":"2025-12-11T10:59:50","slug":"wienerberger-pth-a-12-athidalo-225-cm","status":"publish","type":"product","link":"https:\/\/www.bau-styl.hu\/epitoanyag\/termek\/wienerberger-pth-a-12-athidalo-225-cm\/","title":{"rendered":"Wienerberger Pth A-12 \u00c1thidal\u00f3 225 cm"},"content":{"rendered":"","protected":false},"excerpt":{"rendered":"<p>Ker\u00e1miak\u00f6penyes el\u0151fesz\u00edtett vasbeton \u00e1thidal\u00f3. K\u00f6nnyen mozgathat\u00f3, emelhet\u0151. J\u00f3l vakolhat\u00f3 \u00e9getett ker\u00e1mia fel\u00fcletet biztos\u00edt. Nem \u00e9ghet\u0151 (A1)<\/p>\n","protected":false},"featured_media":26482,"template":"","meta":[],"product_brand":[],"product_cat":[78,79,80,85],"product_tag":[6608],"class_list":{"0":"post-9208","1":"product","2":"type-product","3":"status-publish","4":"has-post-thumbnail","6":"product_cat-falazat","7":"product_cat-keramia-falazat","8":"product_cat-athidalo","9":"product_cat-wienerberger","10":"product_tag-wienerberger","12":"first","13":"instock","14":"taxable","15":"shipping-taxable","16":"purchasable","17":"product-type-simple"},"aioseo_notices":[],"_links":{"self":[{"href":"https:\/\/www.bau-styl.hu\/epitoanyag\/wp-json\/wp\/v2\/product\/9208","targetHints":{"allow":["GET"]}}],"collection":[{"href":"https:\/\/www.bau-styl.hu\/epitoanyag\/wp-json\/wp\/v2\/product"}],"about":[{"href":"https:\/\/www.bau-styl.hu\/epitoanyag\/wp-json\/wp\/v2\/types\/product"}],"wp:featuredmedia":[{"embeddable":true,"href":"https:\/\/www.bau-styl.hu\/epitoanyag\/wp-json\/wp\/v2\/media\/26482"}],"wp:attachment":[{"href":"https:\/\/www.bau-styl.hu\/epitoanyag\/wp-json\/wp\/v2\/media?parent=9208"}],"wp:term":[{"taxonomy":"product_brand","embeddable":true,"href":"https:\/\/www.bau-styl.hu\/epitoanyag\/wp-json\/wp\/v2\/product_brand?post=9208"},{"taxonomy":"product_cat","embeddable":true,"href":"https:\/\/www.bau-styl.hu\/epitoanyag\/wp-json\/wp\/v2\/product_cat?post=9208"},{"taxonomy":"product_tag","embeddable":true,"href":"https:\/\/www.bau-styl.hu\/epitoanyag\/wp-json\/wp\/v2\/product_tag?post=9208"}],"curies":[{"name":"wp","href":"https:\/\/api.w.org\/{rel}","templated":true}]}}