{"id":9229,"date":"2019-10-28T07:05:23","date_gmt":"2019-10-28T07:05:23","guid":{"rendered":"https:\/\/www.bau-styl.hu\/epitoanyag\/termek\/wienerberger-pth-fodemgerenda-375-cm\/"},"modified":"2025-12-11T12:59:52","modified_gmt":"2025-12-11T10:59:52","slug":"wienerberger-pth-fodemgerenda-375-cm","status":"publish","type":"product","link":"https:\/\/www.bau-styl.hu\/epitoanyag\/termek\/wienerberger-pth-fodemgerenda-375-cm\/","title":{"rendered":"Wienerberger Pth F\u00f6d\u00e9mgerenda 375 cm"},"content":{"rendered":"","protected":false},"excerpt":{"rendered":"<p>Ker\u00e1miak\u00f6penyes el\u0151fesz\u00edtett vasbeton f\u00f6d\u00e9mgerenda. K\u00f6nnyen mozgathat\u00f3, emelhet\u0151, illetve j\u00f3l vakolhat\u00f3.<\/p>\n","protected":false},"featured_media":19006,"template":"","meta":[],"product_brand":[],"product_cat":[107,115,117,118],"product_tag":[6608],"class_list":{"0":"post-9229","1":"product","2":"type-product","3":"status-publish","4":"has-post-thumbnail","6":"product_cat-fodemrendszer","7":"product_cat-keramia-fodemrendszer","8":"product_cat-keramia-gerenda","9":"product_cat-wienerberger-pth","10":"product_tag-wienerberger","12":"first","13":"instock","14":"taxable","15":"shipping-taxable","16":"purchasable","17":"product-type-simple"},"aioseo_notices":[],"_links":{"self":[{"href":"https:\/\/www.bau-styl.hu\/epitoanyag\/wp-json\/wp\/v2\/product\/9229","targetHints":{"allow":["GET"]}}],"collection":[{"href":"https:\/\/www.bau-styl.hu\/epitoanyag\/wp-json\/wp\/v2\/product"}],"about":[{"href":"https:\/\/www.bau-styl.hu\/epitoanyag\/wp-json\/wp\/v2\/types\/product"}],"wp:featuredmedia":[{"embeddable":true,"href":"https:\/\/www.bau-styl.hu\/epitoanyag\/wp-json\/wp\/v2\/media\/19006"}],"wp:attachment":[{"href":"https:\/\/www.bau-styl.hu\/epitoanyag\/wp-json\/wp\/v2\/media?parent=9229"}],"wp:term":[{"taxonomy":"product_brand","embeddable":true,"href":"https:\/\/www.bau-styl.hu\/epitoanyag\/wp-json\/wp\/v2\/product_brand?post=9229"},{"taxonomy":"product_cat","embeddable":true,"href":"https:\/\/www.bau-styl.hu\/epitoanyag\/wp-json\/wp\/v2\/product_cat?post=9229"},{"taxonomy":"product_tag","embeddable":true,"href":"https:\/\/www.bau-styl.hu\/epitoanyag\/wp-json\/wp\/v2\/product_tag?post=9229"}],"curies":[{"name":"wp","href":"https:\/\/api.w.org\/{rel}","templated":true}]}}