{"id":9260,"date":"2019-10-28T07:05:42","date_gmt":"2019-10-28T05:05:42","guid":{"rendered":"https:\/\/www.bau-styl.hu\/epitoanyag\/termek\/xella-multipor-75-asvanyi-hoszigetelo-lap-600x500x75-mm-80-db-rkl\/"},"modified":"2026-04-07T08:15:29","modified_gmt":"2026-04-07T06:15:29","slug":"xella-multipor-80-asvanyi-hoszigetelo-lap-600x400x80-mm-90-db-rkl","status":"publish","type":"product","link":"https:\/\/www.bau-styl.hu\/epitoanyag\/termek\/xella-multipor-80-asvanyi-hoszigetelo-lap-600x400x80-mm-90-db-rkl\/","title":{"rendered":"Xella Multipor 80 \u00c1sv\u00e1nyi h\u0151szigetel\u0151 lap 600x400x80 mm (90 db\/rkl)"},"content":{"rendered":"","protected":false},"excerpt":{"rendered":"","protected":false},"featured_media":19039,"template":"","meta":[],"product_brand":[],"product_cat":[78,99,6430],"product_tag":[6585],"class_list":{"0":"post-9260","1":"product","2":"type-product","3":"status-publish","4":"has-post-thumbnail","6":"product_cat-falazat","7":"product_cat-porusbeton-falazat","8":"product_cat-ytong-multipor-termek","9":"product_tag-xella","11":"first","12":"instock","13":"taxable","14":"shipping-taxable","15":"purchasable","16":"product-type-simple"},"aioseo_notices":[],"_links":{"self":[{"href":"https:\/\/www.bau-styl.hu\/epitoanyag\/wp-json\/wp\/v2\/product\/9260","targetHints":{"allow":["GET"]}}],"collection":[{"href":"https:\/\/www.bau-styl.hu\/epitoanyag\/wp-json\/wp\/v2\/product"}],"about":[{"href":"https:\/\/www.bau-styl.hu\/epitoanyag\/wp-json\/wp\/v2\/types\/product"}],"wp:featuredmedia":[{"embeddable":true,"href":"https:\/\/www.bau-styl.hu\/epitoanyag\/wp-json\/wp\/v2\/media\/19039"}],"wp:attachment":[{"href":"https:\/\/www.bau-styl.hu\/epitoanyag\/wp-json\/wp\/v2\/media?parent=9260"}],"wp:term":[{"taxonomy":"product_brand","embeddable":true,"href":"https:\/\/www.bau-styl.hu\/epitoanyag\/wp-json\/wp\/v2\/product_brand?post=9260"},{"taxonomy":"product_cat","embeddable":true,"href":"https:\/\/www.bau-styl.hu\/epitoanyag\/wp-json\/wp\/v2\/product_cat?post=9260"},{"taxonomy":"product_tag","embeddable":true,"href":"https:\/\/www.bau-styl.hu\/epitoanyag\/wp-json\/wp\/v2\/product_tag?post=9260"}],"curies":[{"name":"wp","href":"https:\/\/api.w.org\/{rel}","templated":true}]}}