{"id":9271,"date":"2019-10-28T07:05:53","date_gmt":"2019-10-28T07:05:53","guid":{"rendered":"https:\/\/www.bau-styl.hu\/epitoanyag\/termek\/xella-silka-hml-300-nfgt-falazoelemek-333x199x300-mm-30-db-rkl\/"},"modified":"2026-04-20T12:39:39","modified_gmt":"2026-04-20T10:39:39","slug":"xella-silka-hml-300-nfgt-falazoelemek-333x199x300-mm-30-db-rkl","status":"publish","type":"product","link":"https:\/\/www.bau-styl.hu\/epitoanyag\/termek\/xella-silka-hml-300-nfgt-falazoelemek-333x199x300-mm-30-db-rkl\/","title":{"rendered":"Xella Silka-HML 300 NF+GT Falaz\u00f3elemek 333x199x300 mm (30 db\/rkl)"},"content":{"rendered":"","protected":false},"excerpt":{"rendered":"<p>Ha a term\u00e9ket k\u00e9t h\u00e9ten bel\u00fcl szeretn\u00e9 \u00e1tvenni telep\u00fcnk\u00f6n, \u00fagy 6350 Ft Xella Postak\u00f6lts\u00e9g\/rendel\u00e9s d\u00edjat sz\u00e1molunk fel. Amennyiben egy k\u00e9s\u0151bbi id\u0151pontban is megfelel az \u00e1ru \u00e1tv\u00e9tele, \u00fagy ennek d\u00edj\u00e1t\u00f3l eltekint\u00fcnk. K\u00e9rj\u00fck megrendel\u00e9skor ezt jelezni.<\/p>\n","protected":false},"featured_media":31482,"template":"","meta":[],"product_brand":[11319],"product_cat":[11330,78],"product_tag":[],"class_list":{"0":"post-9271","1":"product","2":"type-product","3":"status-publish","4":"has-post-thumbnail","6":"product_brand-xella","7":"product_cat-porusbeton-falazat","8":"product_cat-falazat","10":"first","11":"instock","12":"taxable","13":"shipping-taxable","14":"purchasable","15":"product-type-simple"},"aioseo_notices":[],"_links":{"self":[{"href":"https:\/\/www.bau-styl.hu\/epitoanyag\/wp-json\/wp\/v2\/product\/9271","targetHints":{"allow":["GET"]}}],"collection":[{"href":"https:\/\/www.bau-styl.hu\/epitoanyag\/wp-json\/wp\/v2\/product"}],"about":[{"href":"https:\/\/www.bau-styl.hu\/epitoanyag\/wp-json\/wp\/v2\/types\/product"}],"wp:featuredmedia":[{"embeddable":true,"href":"https:\/\/www.bau-styl.hu\/epitoanyag\/wp-json\/wp\/v2\/media\/31482"}],"wp:attachment":[{"href":"https:\/\/www.bau-styl.hu\/epitoanyag\/wp-json\/wp\/v2\/media?parent=9271"}],"wp:term":[{"taxonomy":"product_brand","embeddable":true,"href":"https:\/\/www.bau-styl.hu\/epitoanyag\/wp-json\/wp\/v2\/product_brand?post=9271"},{"taxonomy":"product_cat","embeddable":true,"href":"https:\/\/www.bau-styl.hu\/epitoanyag\/wp-json\/wp\/v2\/product_cat?post=9271"},{"taxonomy":"product_tag","embeddable":true,"href":"https:\/\/www.bau-styl.hu\/epitoanyag\/wp-json\/wp\/v2\/product_tag?post=9271"}],"curies":[{"name":"wp","href":"https:\/\/api.w.org\/{rel}","templated":true}]}}