{"id":9290,"date":"2019-09-28T07:05:44","date_gmt":"2019-09-28T05:05:44","guid":{"rendered":"https:\/\/www.bau-styl.hu\/epitoanyag\/termek\/xella-ytong-habarcsterito-szanko-20-cm\/"},"modified":"2026-04-07T08:15:38","modified_gmt":"2026-04-07T06:15:38","slug":"xella-ytong-habarcsterito-szanko-20-cm","status":"publish","type":"product","link":"https:\/\/www.bau-styl.hu\/epitoanyag\/termek\/xella-ytong-habarcsterito-szanko-20-cm\/","title":{"rendered":"Xella Ytong Habarcster\u00edt\u0151 sz\u00e1nk\u00f3 20 cm"},"content":{"rendered":"","protected":false},"excerpt":{"rendered":"<p>Ha a term\u00e9ket k\u00e9t h\u00e9ten bel\u00fcl szeretn\u00e9 \u00e1tvenni telep\u00fcnk\u00f6n, \u00fagy 6350 Ft Xella Postak\u00f6lts\u00e9g\/rendel\u00e9s d\u00edjat sz\u00e1molunk fel. Amennyiben egy k\u00e9s\u0151bbi id\u0151pontban is megfelel az \u00e1ru \u00e1tv\u00e9tele, \u00fagy ennek d\u00edj\u00e1t\u00f3l eltekint\u00fcnk. K\u00e9rj\u00fck megrendel\u00e9skor ezt jelezni.<\/p>\n","protected":false},"featured_media":19067,"template":"","meta":[],"product_brand":[],"product_cat":[78,99,6624,261,300],"product_tag":[6585],"class_list":{"0":"post-9290","1":"product","2":"type-product","3":"status-publish","4":"has-post-thumbnail","6":"product_cat-falazat","7":"product_cat-porusbeton-falazat","8":"product_cat-ytong-szerszam","9":"product_cat-barkacs-szerszam-es-munkavedelem","10":"product_cat-szerszam-ytong-szerszam","11":"product_tag-xella","13":"first","14":"instock","15":"taxable","16":"shipping-taxable","17":"purchasable","18":"product-type-simple"},"aioseo_notices":[],"_links":{"self":[{"href":"https:\/\/www.bau-styl.hu\/epitoanyag\/wp-json\/wp\/v2\/product\/9290","targetHints":{"allow":["GET"]}}],"collection":[{"href":"https:\/\/www.bau-styl.hu\/epitoanyag\/wp-json\/wp\/v2\/product"}],"about":[{"href":"https:\/\/www.bau-styl.hu\/epitoanyag\/wp-json\/wp\/v2\/types\/product"}],"wp:featuredmedia":[{"embeddable":true,"href":"https:\/\/www.bau-styl.hu\/epitoanyag\/wp-json\/wp\/v2\/media\/19067"}],"wp:attachment":[{"href":"https:\/\/www.bau-styl.hu\/epitoanyag\/wp-json\/wp\/v2\/media?parent=9290"}],"wp:term":[{"taxonomy":"product_brand","embeddable":true,"href":"https:\/\/www.bau-styl.hu\/epitoanyag\/wp-json\/wp\/v2\/product_brand?post=9290"},{"taxonomy":"product_cat","embeddable":true,"href":"https:\/\/www.bau-styl.hu\/epitoanyag\/wp-json\/wp\/v2\/product_cat?post=9290"},{"taxonomy":"product_tag","embeddable":true,"href":"https:\/\/www.bau-styl.hu\/epitoanyag\/wp-json\/wp\/v2\/product_tag?post=9290"}],"curies":[{"name":"wp","href":"https:\/\/api.w.org\/{rel}","templated":true}]}}