{"id":12055,"date":"2018-03-05T19:43:59","date_gmt":"2018-03-05T18:43:59","guid":{"rendered":"https:\/\/www.bau-styl.hu\/furdoszobaszalon\/?page_id=12055"},"modified":"2022-08-21T18:28:52","modified_gmt":"2022-08-21T17:28:52","slug":"laufen-pro-s","status":"publish","type":"page","link":"https:\/\/www.bau-styl.hu\/furdoszobaszalon\/laufen-pro-s\/","title":{"rendered":"Laufen Pro S"},"content":{"rendered":"\n<style type=\"text\/css\" data-created_by=\"avia_inline_auto\" id=\"style-css-av-abddetz-2eecfbebe156267dd800052af8214a9c\">\n.avia-section.av-abddetz-2eecfbebe156267dd800052af8214a9c{\nbackground-repeat:no-repeat;\nbackground-image:url(https:\/\/www.bau-styl.hu\/furdoszobaszalon\/wp-content\/uploads\/2020\/09\/Laufen-Pro-S-3.jpeg);\nbackground-position:50% 50%;\nbackground-attachment:scroll;\n}\n.avia-section.av-abddetz-2eecfbebe156267dd800052af8214a9c .av-section-color-overlay{\nopacity:0.5;\nbackground-color:#000000;\n}\n<\/style>\n<div id='av_section_1'  class='avia-section av-abddetz-2eecfbebe156267dd800052af8214a9c main_color avia-section-default avia-no-shadow  avia-builder-el-0  el_before_av_section  avia-builder-el-first  avia-full-stretch avia-bg-style-scroll av-section-color-overlay-active container_wrap sidebar_right'  data-section-bg-repeat='stretch'><div class=\"av-section-color-overlay-wrap\"><div class=\"av-section-color-overlay\"><\/div><div class='container av-section-cont-open' ><main  role=\"main\" itemprop=\"mainContentOfPage\"  class='template-page content  av-content-small alpha units'><div class='post-entry post-entry-type-page post-entry-12055'><div class='entry-content-wrapper clearfix'>\n\n<style type=\"text\/css\" data-created_by=\"avia_inline_auto\" id=\"style-css-av-9urm7h3-c76ae9bda3c77474dcde332b36320084\">\n#top .hr.hr-invisible.av-9urm7h3-c76ae9bda3c77474dcde332b36320084{\nheight:50px;\n}\n<\/style>\n<div  class='hr av-9urm7h3-c76ae9bda3c77474dcde332b36320084 hr-invisible  avia-builder-el-1  el_before_av_heading  avia-builder-el-first '><span class='hr-inner '><span class=\"hr-inner-style\"><\/span><\/span><\/div>\n\n<style type=\"text\/css\" data-created_by=\"avia_inline_auto\" id=\"style-css-av-l73lrgne-e0de87f4d5b01b3be9fc609b4e236f29\">\n#top .av-special-heading.av-l73lrgne-e0de87f4d5b01b3be9fc609b4e236f29{\npadding-bottom:10px;\ncolor:#ffffff;\n}\nbody .av-special-heading.av-l73lrgne-e0de87f4d5b01b3be9fc609b4e236f29 .av-special-heading-tag .heading-char{\nfont-size:25px;\n}\n.av-special-heading.av-l73lrgne-e0de87f4d5b01b3be9fc609b4e236f29 .special-heading-inner-border{\nborder-color:#ffffff;\n}\n.av-special-heading.av-l73lrgne-e0de87f4d5b01b3be9fc609b4e236f29 .av-subheading{\nfont-size:15px;\n}\n<\/style>\n<div  class='av-special-heading av-l73lrgne-e0de87f4d5b01b3be9fc609b4e236f29 av-special-heading-h1 custom-color-heading blockquote modern-quote modern-centered  avia-builder-el-2  el_after_av_hr  el_before_av_hr '><h1 class='av-special-heading-tag '  itemprop=\"headline\"  >PRO S<\/h1><div class='av_custom_color av-subheading av-subheading_below'><p>LAUFEN<\/p>\n<\/div><div class=\"special-heading-border\"><div class=\"special-heading-inner-border\"><\/div><\/div><\/div>\n\n<style type=\"text\/css\" data-created_by=\"avia_inline_auto\" id=\"style-css-av-8z3njhz-4e3dde5fc729676103cea5d399a759d2\">\n#top .hr.hr-invisible.av-8z3njhz-4e3dde5fc729676103cea5d399a759d2{\nheight:50px;\n}\n<\/style>\n<div  class='hr av-8z3njhz-4e3dde5fc729676103cea5d399a759d2 hr-invisible  avia-builder-el-3  el_after_av_heading  avia-builder-el-last '><span class='hr-inner '><span class=\"hr-inner-style\"><\/span><\/span><\/div>\n<\/div><\/div><\/main><!-- close content main element --><\/div><\/div><\/div><div id='av_section_2'  class='avia-section av-8ltor1z-388c4dd8e2363902d1974b52b329a412 main_color avia-section-default avia-no-shadow  avia-builder-el-4  el_after_av_section  el_before_av_section  avia-bg-style-scroll container_wrap sidebar_right'  ><div class='container av-section-cont-open' ><div class='template-page content  av-content-small alpha units'><div class='post-entry post-entry-type-page post-entry-12055'><div class='entry-content-wrapper clearfix'>\n<section  class='av_textblock_section av-t37l87-8b93b12d4ebc0c51806ab035a0e0d509 '   itemscope=\"itemscope\" itemtype=\"https:\/\/schema.org\/CreativeWork\" ><div class='avia_textblock'  itemprop=\"text\" ><p style=\"text-align: JUSTIFY;\">A sikeres Pro kollekci\u00f3 \u00fajabb tagja, a finom \u00fajratervez\u00e9snek k\u00f6sz\u00f6nhet\u0151en minden darab kompatibilis egym\u00e1ssal. Sokoldal\u00fa felhaszn\u00e1lhat\u00f3s\u00e1g, eszt\u00e9tikus megjelen\u00e9s jellemzi, modern form\u00e1ba \u00f6ntve. A k\u00e9nyelemre is nagy figyelmet ford\u00edt, \u00edgy a mosd\u00f3k m\u00e9lys\u00e9ge \u00e9ppen ide\u00e1lis a k\u00e9nyelmes haszn\u00e1lathoz. L\u00e1gy vonalvezet\u00e9se \u00e9pp annyira k\u00f6nnyed, hogy b\u00e1tran haszn\u00e1lhassuk b\u00e1rmilyen st\u00edlus\u00fa f\u00fcrd\u0151szob\u00e1ban, sz\u00e9les term\u00e9kpalett\u00e1ja pedig gondoskodik r\u00f3la, hogy ak\u00e1r a kisebb alapter\u00fclet\u0171 helyis\u00e9gekben is haszn\u00e1lhassuk. A mosd\u00f3k, bid\u00e9k \u00e9s WC-k mellett f\u00fcrd\u0151szobab\u00fatorok tartoznak ehhez a csal\u00e1dhoz, melyeket sz\u00e1mos \u00e1rnyalat mellett t\u00f6lgy sz\u00ednben is rendelhet\u00fcnk.<\/p>\n<\/div><\/section>\n<section  class='av_textblock_section av-pd983y-b1fa89478f6804fa4b17eb2c905af87b '   itemscope=\"itemscope\" itemtype=\"https:\/\/schema.org\/CreativeWork\" ><div class='avia_textblock'  itemprop=\"text\" ><p style=\"text-align: right;\"><mark><strong><a href=\"#ajanlat\">Aj\u00e1nlatot k\u00e9rek!<\/a><\/strong><\/mark><\/p>\n<\/div><\/section>\n\n<style type=\"text\/css\" data-created_by=\"avia_inline_auto\" id=\"style-css-av-7nj4b1z-fd64f34d0892292bc1ecc5d5efe5da73\">\n#top .hr.hr-invisible.av-7nj4b1z-fd64f34d0892292bc1ecc5d5efe5da73{\nheight:50px;\n}\n<\/style>\n<div  class='hr av-7nj4b1z-fd64f34d0892292bc1ecc5d5efe5da73 hr-invisible  avia-builder-el-7  el_after_av_textblock  el_before_av_masonry_gallery  avia-builder-el-last '><span class='hr-inner '><span class=\"hr-inner-style\"><\/span><\/span><\/div>\n<div id='av-masonry-1' class='av-masonry av-l73lsbem-c6a183fc1cc816bd37480872967929dc noHover av-fixed-size av-large-gap av-hover-overlay- av-masonry-animation-active av-masonry-col-5 av-caption-always av-caption-style- av-masonry-gallery av-medium-columns-overwrite av-medium-columns-4 av-small-columns-overwrite av-small-columns-4 av-mini-columns-overwrite av-mini-columns-4 ' data-post_id=\"12055\"><div class=\"av-masonry-container isotope av-js-disabled\"><div class='av-masonry-entry isotope-item av-masonry-item-no-image '><\/div><a href=\"https:\/\/www.bau-styl.hu\/furdoszobaszalon\/wp-content\/uploads\/2020\/09\/Laufen-Pro-S-7.jpeg\" data-srcset=\"https:\/\/www.bau-styl.hu\/furdoszobaszalon\/wp-content\/uploads\/2020\/09\/Laufen-Pro-S-7.jpeg 1395w, https:\/\/www.bau-styl.hu\/furdoszobaszalon\/wp-content\/uploads\/2020\/09\/Laufen-Pro-S-7-300x215.jpeg 300w, https:\/\/www.bau-styl.hu\/furdoszobaszalon\/wp-content\/uploads\/2020\/09\/Laufen-Pro-S-7-1030x738.jpeg 1030w, https:\/\/www.bau-styl.hu\/furdoszobaszalon\/wp-content\/uploads\/2020\/09\/Laufen-Pro-S-7-768x551.jpeg 768w, https:\/\/www.bau-styl.hu\/furdoszobaszalon\/wp-content\/uploads\/2020\/09\/Laufen-Pro-S-7-260x185.jpeg 260w, https:\/\/www.bau-styl.hu\/furdoszobaszalon\/wp-content\/uploads\/2020\/09\/Laufen-Pro-S-7-705x505.jpeg 705w\" data-sizes=\"(max-width: 1395px) 100vw, 1395px\"  aria-label=\"image Laufen Pro S\"  id='av-masonry-1-item-26215' data-av-masonry-item='26215' class='av-masonry-entry isotope-item post-26215 attachment type-attachment status-inherit hentry  av-masonry-item-with-image' title=\"Laufen Pro S\" alt=\"Laufen Pro S\"    itemprop=\"thumbnailUrl\" ><div class='av-inner-masonry-sizer'><\/div><figure class='av-inner-masonry main_color'><div class=\"av-masonry-outerimage-container\"><div class='av-masonry-image-container' style=\"background-image: url(https:\/\/www.bau-styl.hu\/furdoszobaszalon\/wp-content\/uploads\/2020\/09\/Laufen-Pro-S-7-495x400.jpeg);\"  title=\"Laufen Pro S\" ><\/div><\/div><\/figure><\/a><!--end av-masonry entry--><a href=\"https:\/\/www.bau-styl.hu\/furdoszobaszalon\/wp-content\/uploads\/2020\/09\/Laufen-Pro-S-6.jpeg\" data-srcset=\"https:\/\/www.bau-styl.hu\/furdoszobaszalon\/wp-content\/uploads\/2020\/09\/Laufen-Pro-S-6.jpeg 1143w, https:\/\/www.bau-styl.hu\/furdoszobaszalon\/wp-content\/uploads\/2020\/09\/Laufen-Pro-S-6-300x262.jpeg 300w, https:\/\/www.bau-styl.hu\/furdoszobaszalon\/wp-content\/uploads\/2020\/09\/Laufen-Pro-S-6-1030x901.jpeg 1030w, https:\/\/www.bau-styl.hu\/furdoszobaszalon\/wp-content\/uploads\/2020\/09\/Laufen-Pro-S-6-768x672.jpeg 768w, https:\/\/www.bau-styl.hu\/furdoszobaszalon\/wp-content\/uploads\/2020\/09\/Laufen-Pro-S-6-705x617.jpeg 705w\" data-sizes=\"(max-width: 1143px) 100vw, 1143px\"  aria-label=\"image Laufen Pro S\"  id='av-masonry-1-item-26214' data-av-masonry-item='26214' class='av-masonry-entry isotope-item post-26214 attachment type-attachment status-inherit hentry  av-masonry-item-with-image' title=\"Laufen Pro S\" alt=\"Laufen Pro S\"    itemprop=\"thumbnailUrl\" ><div class='av-inner-masonry-sizer'><\/div><figure class='av-inner-masonry main_color'><div class=\"av-masonry-outerimage-container\"><div class='av-masonry-image-container' style=\"background-image: url(https:\/\/www.bau-styl.hu\/furdoszobaszalon\/wp-content\/uploads\/2020\/09\/Laufen-Pro-S-6-495x400.jpeg);\"  title=\"Laufen Pro S\" ><\/div><\/div><\/figure><\/a><!--end av-masonry entry--><a href=\"https:\/\/www.bau-styl.hu\/furdoszobaszalon\/wp-content\/uploads\/2020\/09\/Laufen-Pro-S-5.jpeg\" data-srcset=\"https:\/\/www.bau-styl.hu\/furdoszobaszalon\/wp-content\/uploads\/2020\/09\/Laufen-Pro-S-5.jpeg 749w, https:\/\/www.bau-styl.hu\/furdoszobaszalon\/wp-content\/uploads\/2020\/09\/Laufen-Pro-S-5-225x300.jpeg 225w, https:\/\/www.bau-styl.hu\/furdoszobaszalon\/wp-content\/uploads\/2020\/09\/Laufen-Pro-S-5-528x705.jpeg 528w\" data-sizes=\"(max-width: 749px) 100vw, 749px\"  aria-label=\"image Laufen Pro S\"  id='av-masonry-1-item-26213' data-av-masonry-item='26213' class='av-masonry-entry isotope-item post-26213 attachment type-attachment status-inherit hentry  av-masonry-item-with-image' title=\"Laufen Pro S\" alt=\"Laufen Pro S\"    itemprop=\"thumbnailUrl\" ><div class='av-inner-masonry-sizer'><\/div><figure class='av-inner-masonry main_color'><div class=\"av-masonry-outerimage-container\"><div class='av-masonry-image-container' style=\"background-image: url(https:\/\/www.bau-styl.hu\/furdoszobaszalon\/wp-content\/uploads\/2020\/09\/Laufen-Pro-S-5-495x400.jpeg);\"  title=\"Laufen Pro S\" ><\/div><\/div><\/figure><\/a><!--end av-masonry entry--><a href=\"https:\/\/www.bau-styl.hu\/furdoszobaszalon\/wp-content\/uploads\/2020\/09\/Laufen-Pro-S-4.jpeg\" data-srcset=\"https:\/\/www.bau-styl.hu\/furdoszobaszalon\/wp-content\/uploads\/2020\/09\/Laufen-Pro-S-4.jpeg 741w, https:\/\/www.bau-styl.hu\/furdoszobaszalon\/wp-content\/uploads\/2020\/09\/Laufen-Pro-S-4-222x300.jpeg 222w, https:\/\/www.bau-styl.hu\/furdoszobaszalon\/wp-content\/uploads\/2020\/09\/Laufen-Pro-S-4-522x705.jpeg 522w\" data-sizes=\"(max-width: 741px) 100vw, 741px\"  aria-label=\"image Laufen Pro S\"  id='av-masonry-1-item-26212' data-av-masonry-item='26212' class='av-masonry-entry isotope-item post-26212 attachment type-attachment status-inherit hentry  av-masonry-item-with-image' title=\"Laufen Pro S\" alt=\"Laufen Pro S\"    itemprop=\"thumbnailUrl\" ><div class='av-inner-masonry-sizer'><\/div><figure class='av-inner-masonry main_color'><div class=\"av-masonry-outerimage-container\"><div class='av-masonry-image-container' style=\"background-image: url(https:\/\/www.bau-styl.hu\/furdoszobaszalon\/wp-content\/uploads\/2020\/09\/Laufen-Pro-S-4-495x400.jpeg);\"  title=\"Laufen Pro S\" ><\/div><\/div><\/figure><\/a><!--end av-masonry entry--><a href=\"https:\/\/www.bau-styl.hu\/furdoszobaszalon\/wp-content\/uploads\/2020\/09\/Laufen-Pro-S-3.jpeg\" data-srcset=\"https:\/\/www.bau-styl.hu\/furdoszobaszalon\/wp-content\/uploads\/2020\/09\/Laufen-Pro-S-3.jpeg 746w, https:\/\/www.bau-styl.hu\/furdoszobaszalon\/wp-content\/uploads\/2020\/09\/Laufen-Pro-S-3-224x300.jpeg 224w, https:\/\/www.bau-styl.hu\/furdoszobaszalon\/wp-content\/uploads\/2020\/09\/Laufen-Pro-S-3-526x705.jpeg 526w\" data-sizes=\"(max-width: 746px) 100vw, 746px\"  aria-label=\"image Laufen Pro S\"  id='av-masonry-1-item-26211' data-av-masonry-item='26211' class='av-masonry-entry isotope-item post-26211 attachment type-attachment status-inherit hentry  av-masonry-item-with-image' title=\"Laufen Pro S\" alt=\"Laufen Pro S\"    itemprop=\"thumbnailUrl\" ><div class='av-inner-masonry-sizer'><\/div><figure class='av-inner-masonry main_color'><div class=\"av-masonry-outerimage-container\"><div class='av-masonry-image-container' style=\"background-image: url(https:\/\/www.bau-styl.hu\/furdoszobaszalon\/wp-content\/uploads\/2020\/09\/Laufen-Pro-S-3-495x400.jpeg);\"  title=\"Laufen Pro S\" ><\/div><\/div><\/figure><\/a><!--end av-masonry entry--><a href=\"https:\/\/www.bau-styl.hu\/furdoszobaszalon\/wp-content\/uploads\/2020\/09\/Laufen-Pro-S-2.jpeg\" data-srcset=\"https:\/\/www.bau-styl.hu\/furdoszobaszalon\/wp-content\/uploads\/2020\/09\/Laufen-Pro-S-2.jpeg 757w, https:\/\/www.bau-styl.hu\/furdoszobaszalon\/wp-content\/uploads\/2020\/09\/Laufen-Pro-S-2-227x300.jpeg 227w, https:\/\/www.bau-styl.hu\/furdoszobaszalon\/wp-content\/uploads\/2020\/09\/Laufen-Pro-S-2-534x705.jpeg 534w\" data-sizes=\"(max-width: 757px) 100vw, 757px\"  aria-label=\"image Laufen Pro S\"  id='av-masonry-1-item-26210' data-av-masonry-item='26210' class='av-masonry-entry isotope-item post-26210 attachment type-attachment status-inherit hentry  av-masonry-item-with-image' title=\"Laufen Pro S\" alt=\"Laufen Pro S\"    itemprop=\"thumbnailUrl\" ><div class='av-inner-masonry-sizer'><\/div><figure class='av-inner-masonry main_color'><div class=\"av-masonry-outerimage-container\"><div class='av-masonry-image-container' style=\"background-image: url(https:\/\/www.bau-styl.hu\/furdoszobaszalon\/wp-content\/uploads\/2020\/09\/Laufen-Pro-S-2-495x400.jpeg);\"  title=\"Laufen Pro S\" ><\/div><\/div><\/figure><\/a><!--end av-masonry entry--><a href=\"https:\/\/www.bau-styl.hu\/furdoszobaszalon\/wp-content\/uploads\/2020\/09\/Laufen-Pro-S-1.jpeg\" data-srcset=\"https:\/\/www.bau-styl.hu\/furdoszobaszalon\/wp-content\/uploads\/2020\/09\/Laufen-Pro-S-1.jpeg 1333w, https:\/\/www.bau-styl.hu\/furdoszobaszalon\/wp-content\/uploads\/2020\/09\/Laufen-Pro-S-1-300x225.jpeg 300w, https:\/\/www.bau-styl.hu\/furdoszobaszalon\/wp-content\/uploads\/2020\/09\/Laufen-Pro-S-1-1030x773.jpeg 1030w, https:\/\/www.bau-styl.hu\/furdoszobaszalon\/wp-content\/uploads\/2020\/09\/Laufen-Pro-S-1-768x576.jpeg 768w, https:\/\/www.bau-styl.hu\/furdoszobaszalon\/wp-content\/uploads\/2020\/09\/Laufen-Pro-S-1-705x529.jpeg 705w\" data-sizes=\"(max-width: 1333px) 100vw, 1333px\"  aria-label=\"image Laufen Pro S\"  id='av-masonry-1-item-26209' data-av-masonry-item='26209' class='av-masonry-entry isotope-item post-26209 attachment type-attachment status-inherit hentry  av-masonry-item-with-image' title=\"Laufen Pro S\" alt=\"Laufen Pro S\"    itemprop=\"thumbnailUrl\" ><div class='av-inner-masonry-sizer'><\/div><figure class='av-inner-masonry main_color'><div class=\"av-masonry-outerimage-container\"><div class='av-masonry-image-container' style=\"background-image: url(https:\/\/www.bau-styl.hu\/furdoszobaszalon\/wp-content\/uploads\/2020\/09\/Laufen-Pro-S-1-495x400.jpeg);\"  title=\"Laufen Pro S\" ><\/div><\/div><\/figure><\/a><!--end av-masonry entry--><\/div><\/div>\n\n<style type=\"text\/css\" data-created_by=\"avia_inline_auto\" id=\"style-css-av-6nunqk7-d3569e53bf6721e75d2a30aa54758cc6\">\n#top .hr.hr-invisible.av-6nunqk7-d3569e53bf6721e75d2a30aa54758cc6{\nheight:50px;\n}\n<\/style>\n<div  class='hr av-6nunqk7-d3569e53bf6721e75d2a30aa54758cc6 hr-invisible  avia-builder-el-9  el_after_av_masonry_gallery  el_before_av_one_full  avia-builder-el-first '><span class='hr-inner '><span class=\"hr-inner-style\"><\/span><\/span><\/div>\n\n<style type=\"text\/css\" data-created_by=\"avia_inline_auto\" id=\"style-css-av-tetkvb-3ef41c2f1f640cd589dee9b33c83cf85\">\n.flex_column.av-tetkvb-3ef41c2f1f640cd589dee9b33c83cf85{\nborder-radius:0px 0px 0px 0px;\npadding:0px 0px 0px 0px;\n}\n<\/style>\n<div  class='flex_column av-tetkvb-3ef41c2f1f640cd589dee9b33c83cf85 av_one_full  avia-builder-el-10  el_after_av_hr  avia-builder-el-last  first flex_column_div av-zero-column-padding  '     ><section  class='av_textblock_section av-k6tfxpen-742ec54894f8b28555c7357493501403 '   itemscope=\"itemscope\" itemtype=\"https:\/\/schema.org\/CreativeWork\" ><div class='avia_textblock'  itemprop=\"text\" ><p style=\"text-align: right;\"><a href=\"https:\/\/www.bau-styl.hu\/furdoszobaszalon\/index.php\/laufen\/\">Vissza minden Laufen kollekci\u00f3hoz<\/a><\/p>\n<\/div><\/section><\/div><\/div><\/div><\/div><!-- close content main div --><\/div><\/div>\n<style type=\"text\/css\" data-created_by=\"avia_inline_auto\" id=\"style-css-av-63ickhj-85d67baedd9539a75a33405a4867ec2d\">\n.avia-section.av-63ickhj-85d67baedd9539a75a33405a4867ec2d{\nbackground-repeat:no-repeat;\nbackground-image:url(https:\/\/www.bau-styl.hu\/furdoszobaszalon\/wp-content\/uploads\/2020\/09\/Laufen-Pro-S-7.jpeg);\nbackground-position:50% 50%;\nbackground-attachment:scroll;\n}\n.avia-section.av-63ickhj-85d67baedd9539a75a33405a4867ec2d .av-section-color-overlay{\nopacity:0.5;\nbackground-color:#000000;\n}\n<\/style>\n<div id='ajanlat'  class='avia-section av-63ickhj-85d67baedd9539a75a33405a4867ec2d main_color avia-section-default avia-no-shadow  avia-builder-el-12  el_after_av_section  avia-builder-el-last  avia-full-stretch avia-bg-style-scroll av-section-color-overlay-active container_wrap sidebar_right'  data-section-bg-repeat='stretch'><div class=\"av-section-color-overlay-wrap\"><div class=\"av-section-color-overlay\"><\/div><div class='container av-section-cont-open' ><div class='template-page content  av-content-small alpha units'><div class='post-entry post-entry-type-page post-entry-12055'><div class='entry-content-wrapper clearfix'>\n\n<style type=\"text\/css\" data-created_by=\"avia_inline_auto\" id=\"style-css-av-5q1f09j-bd82529ef921baa101d4312b61b242fc\">\n#top .hr.hr-invisible.av-5q1f09j-bd82529ef921baa101d4312b61b242fc{\nheight:50px;\n}\n<\/style>\n<div  class='hr av-5q1f09j-bd82529ef921baa101d4312b61b242fc hr-invisible  avia-builder-el-13  el_before_av_one_fifth  avia-builder-el-first '><span class='hr-inner '><span class=\"hr-inner-style\"><\/span><\/span><\/div>\n\n<style type=\"text\/css\" data-created_by=\"avia_inline_auto\" id=\"style-css-av-5did0d3-77875d799c3cc9ffde67ff6395260903\">\n.flex_column.av-5did0d3-77875d799c3cc9ffde67ff6395260903{\nborder-radius:0px 0px 0px 0px;\npadding:0px 0px 0px 0px;\n}\n<\/style>\n<div  class='flex_column av-5did0d3-77875d799c3cc9ffde67ff6395260903 av_one_fifth  avia-builder-el-14  el_after_av_hr  el_before_av_three_fifth  first flex_column_div av-zero-column-padding  '     ><\/div>\n<style type=\"text\/css\" data-created_by=\"avia_inline_auto\" id=\"style-css-av-av_three_fifth-d16bed752390fb46bb9f8cdd4860f43d\">\n.flex_column.av-av_three_fifth-d16bed752390fb46bb9f8cdd4860f43d{\nborder-radius:0px 0px 0px 0px;\npadding:30px 30px 30px 30px;\nbackground-color:rgba(35,35,35,0.57);\n}\n<\/style>\n<div  class='flex_column av-av_three_fifth-d16bed752390fb46bb9f8cdd4860f43d av_three_fifth  avia-builder-el-15  el_after_av_one_fifth  el_before_av_one_fifth  flex_column_div  '     ><style type=\"text\/css\" data-created_by=\"avia_inline_auto\" id=\"style-css-av-av_textblock-27c4f643a6e4cf7c6096ff03deb9fd6d\">\n#top .av_textblock_section.av-av_textblock-27c4f643a6e4cf7c6096ff03deb9fd6d .avia_textblock{\nfont-size:16px;\ncolor:#ffffff;\n}\n<\/style>\n<section  class='av_textblock_section av-av_textblock-27c4f643a6e4cf7c6096ff03deb9fd6d '   itemscope=\"itemscope\" itemtype=\"https:\/\/schema.org\/CreativeWork\" ><div class='avia_textblock av_inherit_color'  itemprop=\"text\" ><p style=\"text-align: center;\"><strong>Ha elnyerte tetsz\u00e9s\u00e9t ez a kollekci\u00f3, forduljon hozz\u00e1nk bizalommal!<\/strong><\/p>\n<p style=\"text-align: center;\"><strong>Adja meg el\u00e9rhet\u0151s\u00e9g\u00e9t \u00e9s munkat\u00e1rsaink hamarosan felveszik \u00d6nnel a kapcsolatot!\u00a0<\/strong><\/p>\n<\/div><\/section><br \/>\n<form action=\"https:\/\/www.bau-styl.hu\/furdoszobaszalon\/laufen-pro-s\/\" method=\"post\" data-fields-with-error=\"Found errors in the following field(s):\" class=\"avia_ajax_form av-form-labels-hidden   avia-builder-el-17  el_after_av_textblock  avia-builder-el-last  av-custom-form-color av-light-form \" data-avia-form-id=\"1\" data-avia-redirect='https:\/\/www.bau-styl.hu\/furdoszobaszalon\/koszonjuk-erdeklodeset\/' ><fieldset><p class='  first_form  form_element form_element_third' id='element_avia_1_1'><label for=\"avia_1_1\">N\u00e9v <abbr class=\"required\" title=\"required\">*<\/abbr><\/label> <input name=\"avia_1_1\" class=\"text_input is_empty\" type=\"text\" id=\"avia_1_1\" value=\"\"  placeholder='N\u00e9v*'\/><\/p><p class='  form_element form_element_third' id='element_avia_2_1'><label for=\"avia_2_1\">E-Mail c\u00edm <abbr class=\"required\" title=\"required\">*<\/abbr><\/label> <input name=\"avia_2_1\" class=\"text_input is_email\" type=\"text\" id=\"avia_2_1\" value=\"\"  placeholder='E-Mail c\u00edm*'\/><\/p><p class='  form_element form_element_third' id='element_avia_3_1'><label for=\"avia_3_1\">Telefonsz\u00e1m <abbr class=\"required\" title=\"required\">*<\/abbr><\/label> <input name=\"avia_3_1\" class=\"text_input is_phone\" type=\"text\" id=\"avia_3_1\" value=\"\"  placeholder='Telefonsz\u00e1m*'\/><\/p><p class='  first_form  form_element form_fullwidth' id='element_avia_4_1'><label for=\"avia_4_1\">C\u00edm <abbr class=\"required\" title=\"required\">*<\/abbr><\/label> <input name=\"avia_4_1\" class=\"text_input is_empty\" type=\"text\" id=\"avia_4_1\" value=\"\"  placeholder='C\u00edm*'\/><\/p><p class='  first_form  form_element form_fullwidth' id='element_avia_5_1'><label for=\"avia_5_1\" class=\"textare_label hidden textare_label_avia_5_1\">Megjegyz\u00e9s<\/label><textarea  placeholder='Megjegyz\u00e9s' name=\"avia_5_1\" class=\"text_area \" cols=\"40\" rows=\"7\" id=\"avia_5_1\" ><\/textarea><\/p><p class=\"hidden\"><input type=\"text\" name=\"avia_6_1\" class=\"hidden \" id=\"avia_6_1\" value=\"\" \/><\/p><p class=' av_form_privacy_check av_contact_privacy_check first_form  form_element form_fullwidth' id='element_avia_7_1'><input  name=\"avia_7_1\" class=\"input_checkbox is_empty\" type=\"checkbox\" id=\"avia_7_1\" value=\"true\"\/><label class=\"input_checkbox_label\" for=\"avia_7_1\">Elfogadom az adatkezel\u00e9si nyilatkozatot <abbr class=\"required\" title=\"required\">*<\/abbr><\/label><\/p><p class=\"form_element \"><input type=\"hidden\" value=\"1\" name=\"avia_generated_form1\" \/><input type=\"submit\" value=\"K\u00fcld\u00e9s\" class=\"button\"  data-sending-label=\"K\u00fcld\u00e9s\"\/><\/p><\/fieldset><\/form><div id=\"ajaxresponse_1\" class=\"ajaxresponse ajaxresponse_1 hidden\"><\/div><\/p><\/div>\n<style type=\"text\/css\" data-created_by=\"avia_inline_auto\" id=\"style-css-av-13k79h3-a018959e2e9b507c10acf977c955ac52\">\n.flex_column.av-13k79h3-a018959e2e9b507c10acf977c955ac52{\nborder-radius:0px 0px 0px 0px;\npadding:0px 0px 0px 0px;\n}\n<\/style>\n<div  class='flex_column av-13k79h3-a018959e2e9b507c10acf977c955ac52 av_one_fifth  avia-builder-el-18  el_after_av_three_fifth  el_before_av_hr  flex_column_div av-zero-column-padding  '     ><\/div>\n<style type=\"text\/css\" data-created_by=\"avia_inline_auto\" id=\"style-css-av-ltykzb-a3faf6d0c3f09c56b54215843f3481fd\">\n#top .hr.hr-invisible.av-ltykzb-a3faf6d0c3f09c56b54215843f3481fd{\nheight:50px;\n}\n<\/style>\n<div  class='hr av-ltykzb-a3faf6d0c3f09c56b54215843f3481fd hr-invisible  avia-builder-el-19  el_after_av_one_fifth  avia-builder-el-last '><span class='hr-inner '><span class=\"hr-inner-style\"><\/span><\/span><\/div>\n<\/div><\/div><\/div><!-- close content main div --><\/div><\/div><\/div><div id='after_section_3'  class='main_color av_default_container_wrap container_wrap sidebar_right'  ><div class='container av-section-cont-open' ><div class='template-page content  av-content-small alpha units'><div class='post-entry post-entry-type-page post-entry-12055'><div class='entry-content-wrapper clearfix'><\/p>\n","protected":false},"excerpt":{"rendered":"","protected":false},"author":2,"featured_media":0,"parent":0,"menu_order":0,"comment_status":"closed","ping_status":"closed","template":"","meta":{"footnotes":""},"class_list":["post-12055","page","type-page","status-publish","hentry"],"aioseo_notices":[],"_links":{"self":[{"href":"https:\/\/www.bau-styl.hu\/furdoszobaszalon\/wp-json\/wp\/v2\/pages\/12055","targetHints":{"allow":["GET"]}}],"collection":[{"href":"https:\/\/www.bau-styl.hu\/furdoszobaszalon\/wp-json\/wp\/v2\/pages"}],"about":[{"href":"https:\/\/www.bau-styl.hu\/furdoszobaszalon\/wp-json\/wp\/v2\/types\/page"}],"author":[{"embeddable":true,"href":"https:\/\/www.bau-styl.hu\/furdoszobaszalon\/wp-json\/wp\/v2\/users\/2"}],"replies":[{"embeddable":true,"href":"https:\/\/www.bau-styl.hu\/furdoszobaszalon\/wp-json\/wp\/v2\/comments?post=12055"}],"version-history":[{"count":0,"href":"https:\/\/www.bau-styl.hu\/furdoszobaszalon\/wp-json\/wp\/v2\/pages\/12055\/revisions"}],"wp:attachment":[{"href":"https:\/\/www.bau-styl.hu\/furdoszobaszalon\/wp-json\/wp\/v2\/media?parent=12055"}],"curies":[{"name":"wp","href":"https:\/\/api.w.org\/{rel}","templated":true}]}}