{"id":12174,"date":"2018-03-10T19:01:08","date_gmt":"2018-03-10T18:01:08","guid":{"rendered":"https:\/\/www.bau-styl.hu\/furdoszobaszalon\/?page_id=12174"},"modified":"2023-01-02T11:04:09","modified_gmt":"2023-01-02T10:04:09","slug":"villeroy-boch-viclean","status":"publish","type":"page","link":"https:\/\/www.bau-styl.hu\/furdoszobaszalon\/villeroy-boch-viclean\/","title":{"rendered":"Villeroy &#038; Boch &#8211; Viclean"},"content":{"rendered":"\n<style type=\"text\/css\" data-created_by=\"avia_inline_auto\" id=\"style-css-av-a7qzhfy-3be644f13483d926abe02ceb18c978e3\">\n.avia-section.av-a7qzhfy-3be644f13483d926abe02ceb18c978e3{\nbackground-repeat:no-repeat;\nbackground-image:url(https:\/\/www.bau-styl.hu\/furdoszobaszalon\/wp-content\/uploads\/2018\/03\/Villeroy-Boch-ViClean-4.jpg);\nbackground-position:50% 50%;\nbackground-attachment:scroll;\n}\n.avia-section.av-a7qzhfy-3be644f13483d926abe02ceb18c978e3 .av-section-color-overlay{\nopacity:0.5;\nbackground-color:#000000;\n}\n<\/style>\n<div id='av_section_1'  class='avia-section av-a7qzhfy-3be644f13483d926abe02ceb18c978e3 main_color avia-section-default avia-no-shadow  avia-builder-el-0  el_before_av_section  avia-builder-el-first  avia-full-stretch avia-bg-style-scroll av-section-color-overlay-active container_wrap sidebar_right'  data-section-bg-repeat='stretch'><div class=\"av-section-color-overlay-wrap\"><div class=\"av-section-color-overlay\"><\/div><div class='container av-section-cont-open' ><main  role=\"main\" itemprop=\"mainContentOfPage\"  class='template-page content  av-content-small alpha units'><div class='post-entry post-entry-type-page post-entry-12174'><div class='entry-content-wrapper clearfix'>\n\n<style type=\"text\/css\" data-created_by=\"avia_inline_auto\" id=\"style-css-av-a1xw1se-90ac32b3138e9456ce557205b7b3aa92\">\n#top .hr.hr-invisible.av-a1xw1se-90ac32b3138e9456ce557205b7b3aa92{\nheight:50px;\n}\n<\/style>\n<div  class='hr av-a1xw1se-90ac32b3138e9456ce557205b7b3aa92 hr-invisible  avia-builder-el-1  el_before_av_heading  avia-builder-el-first '><span class='hr-inner '><span class=\"hr-inner-style\"><\/span><\/span><\/div>\n\n<style type=\"text\/css\" data-created_by=\"avia_inline_auto\" id=\"style-css-av-lcemw7md-5e8be55951c38f74c3073bc716aa5762\">\n#top .av-special-heading.av-lcemw7md-5e8be55951c38f74c3073bc716aa5762{\npadding-bottom:10px;\ncolor:#ffffff;\n}\nbody .av-special-heading.av-lcemw7md-5e8be55951c38f74c3073bc716aa5762 .av-special-heading-tag .heading-char{\nfont-size:25px;\n}\n.av-special-heading.av-lcemw7md-5e8be55951c38f74c3073bc716aa5762 .special-heading-inner-border{\nborder-color:#ffffff;\n}\n.av-special-heading.av-lcemw7md-5e8be55951c38f74c3073bc716aa5762 .av-subheading{\nfont-size:15px;\n}\n<\/style>\n<div  class='av-special-heading av-lcemw7md-5e8be55951c38f74c3073bc716aa5762 av-special-heading-h1 custom-color-heading blockquote modern-quote modern-centered  avia-builder-el-2  el_after_av_hr  el_before_av_hr '><h1 class='av-special-heading-tag '  itemprop=\"headline\"  >VICLEAN<\/h1><div class='av_custom_color av-subheading av-subheading_below'><p>VILLEROY &amp; BOCH<\/p>\n<\/div><div class=\"special-heading-border\"><div class=\"special-heading-inner-border\"><\/div><\/div><\/div>\n\n<style type=\"text\/css\" data-created_by=\"avia_inline_auto\" id=\"style-css-av-969xdta-a635a0d538adf8f1e9d8dd53f40a3406\">\n#top .hr.hr-invisible.av-969xdta-a635a0d538adf8f1e9d8dd53f40a3406{\nheight:50px;\n}\n<\/style>\n<div  class='hr av-969xdta-a635a0d538adf8f1e9d8dd53f40a3406 hr-invisible  avia-builder-el-3  el_after_av_heading  avia-builder-el-last '><span class='hr-inner '><span class=\"hr-inner-style\"><\/span><\/span><\/div>\n<\/div><\/div><\/main><!-- close content main element --><\/div><\/div><\/div><div id='av_section_2'  class='avia-section av-8gay9f2-0eedc1411426eec2a30674bd96cf075b main_color avia-section-default avia-no-shadow  avia-builder-el-4  el_after_av_section  el_before_av_section  avia-bg-style-scroll container_wrap sidebar_right'  ><div class='container av-section-cont-open' ><div class='template-page content  av-content-small alpha units'><div class='post-entry post-entry-type-page post-entry-12174'><div class='entry-content-wrapper clearfix'>\n<section  class='av_textblock_section av-84v4qa6-f507e4339814ebf2b6b60cb28de9d34a '   itemscope=\"itemscope\" itemtype=\"https:\/\/schema.org\/CreativeWork\" ><div class='avia_textblock'  itemprop=\"text\" ><p style=\"text-align: JUSTIFY;\">Innovat\u00edv, friss\u00edt\u0151 zuhany funkci\u00f3val felszerelt WC a higi\u00e9nia \u00e9s k\u00e9nyelem \u00e9rdek\u00e9ben. Lekerek\u00edtett, modern formavil\u00e1g\u00e1t a term\u00e9szet inspir\u00e1lta, \u00edgy j\u00f3l idomul b\u00e1rmely f\u00fcrd\u0151szob\u00e1hoz. K\u00e9t modellje a ViClean-L \u00e9s a ViClean-U az\u00e9rt sz\u00fcletett, hogy mindenki megtal\u00e1lhassa a sz\u00e1m\u00e1ra ide\u00e1lisabb v\u00e1laszt\u00e1st. Az \u00e9jjeli vil\u00e1g\u00edt\u00e1s, a t\u00e1vir\u00e1ny\u00edt\u00f3, az \u00fcl\u00e9smeleg\u00edt\u0151, a testre szabhat\u00f3 be\u00e1ll\u00edt\u00e1sok a szem\u00e9lyes k\u00e9nyelem\u00e9rt, m\u00edg az automatikus \u00f6bl\u00edt\u00e9s haszn\u00e1lat el\u0151tt \u00e9s ut\u00e1n, a CeramicPlus bevonat \u00e9s a DirektFlush technol\u00f3gia a tisztas\u00e1g\u00e9rt felel.<\/p>\n<\/div><\/section>\n<section  class='av_textblock_section av-pd983y-b1fa89478f6804fa4b17eb2c905af87b '   itemscope=\"itemscope\" itemtype=\"https:\/\/schema.org\/CreativeWork\" ><div class='avia_textblock'  itemprop=\"text\" ><p style=\"text-align: right;\"><mark><strong><a href=\"#ajanlat\">Aj\u00e1nlatot k\u00e9rek!<\/a><\/strong><\/mark><\/p>\n<\/div><\/section>\n\n<style type=\"text\/css\" data-created_by=\"avia_inline_auto\" id=\"style-css-av-7m0l04u-494081bd248a5b741c093499362bd2f7\">\n#top .hr.hr-invisible.av-7m0l04u-494081bd248a5b741c093499362bd2f7{\nheight:50px;\n}\n<\/style>\n<div  class='hr av-7m0l04u-494081bd248a5b741c093499362bd2f7 hr-invisible  avia-builder-el-7  el_after_av_textblock  el_before_av_masonry_gallery  avia-builder-el-last '><span class='hr-inner '><span class=\"hr-inner-style\"><\/span><\/span><\/div>\n<div id='av-masonry-1' class='av-masonry av-lcemwy06-7acdbbfc91d16bf1f651694829ac3123 noHover av-fixed-size av-large-gap av-hover-overlay- av-masonry-animation-active av-masonry-col-5 av-caption-always av-caption-style- av-masonry-gallery av-medium-columns-overwrite av-medium-columns-4 av-small-columns-overwrite av-small-columns-4 av-mini-columns-overwrite av-mini-columns-4 ' data-post_id=\"12174\"><div class=\"av-masonry-container isotope av-js-disabled\"><div class='av-masonry-entry isotope-item av-masonry-item-no-image '><\/div><a href=\"https:\/\/www.bau-styl.hu\/furdoszobaszalon\/wp-content\/uploads\/2018\/03\/Villeroy-Boch-ViClean-4.jpg\" data-srcset=\"https:\/\/www.bau-styl.hu\/furdoszobaszalon\/wp-content\/uploads\/2018\/03\/Villeroy-Boch-ViClean-4.jpg 1280w, https:\/\/www.bau-styl.hu\/furdoszobaszalon\/wp-content\/uploads\/2018\/03\/Villeroy-Boch-ViClean-4-300x141.jpg 300w, https:\/\/www.bau-styl.hu\/furdoszobaszalon\/wp-content\/uploads\/2018\/03\/Villeroy-Boch-ViClean-4-768x360.jpg 768w, https:\/\/www.bau-styl.hu\/furdoszobaszalon\/wp-content\/uploads\/2018\/03\/Villeroy-Boch-ViClean-4-1030x483.jpg 1030w, https:\/\/www.bau-styl.hu\/furdoszobaszalon\/wp-content\/uploads\/2018\/03\/Villeroy-Boch-ViClean-4-705x330.jpg 705w, https:\/\/www.bau-styl.hu\/furdoszobaszalon\/wp-content\/uploads\/2018\/03\/Villeroy-Boch-ViClean-4-450x211.jpg 450w\" data-sizes=\"(max-width: 1280px) 100vw, 1280px\"  aria-label=\"image Villeroy &#038; Boch ViClean\"  id='av-masonry-1-item-12179' data-av-masonry-item='12179' class='av-masonry-entry isotope-item post-12179 attachment type-attachment status-inherit hentry  av-masonry-item-with-image' title=\"Villeroy &#038; Boch ViClean\" alt=\"Villeroy &amp; Boch ViClean\"    itemprop=\"thumbnailUrl\" ><div class='av-inner-masonry-sizer'><\/div><figure class='av-inner-masonry main_color'><div class=\"av-masonry-outerimage-container\"><div class='av-masonry-image-container' style=\"background-image: url(https:\/\/www.bau-styl.hu\/furdoszobaszalon\/wp-content\/uploads\/2018\/03\/Villeroy-Boch-ViClean-4-495x400.jpg);\"  title=\"Villeroy &#038; Boch ViClean\" ><\/div><\/div><\/figure><\/a><!--end av-masonry entry--><a href=\"https:\/\/www.bau-styl.hu\/furdoszobaszalon\/wp-content\/uploads\/2018\/03\/Villeroy-Boch-ViClean-3.jpg\" data-srcset=\"https:\/\/www.bau-styl.hu\/furdoszobaszalon\/wp-content\/uploads\/2018\/03\/Villeroy-Boch-ViClean-3.jpg 1280w, https:\/\/www.bau-styl.hu\/furdoszobaszalon\/wp-content\/uploads\/2018\/03\/Villeroy-Boch-ViClean-3-300x141.jpg 300w, https:\/\/www.bau-styl.hu\/furdoszobaszalon\/wp-content\/uploads\/2018\/03\/Villeroy-Boch-ViClean-3-768x360.jpg 768w, https:\/\/www.bau-styl.hu\/furdoszobaszalon\/wp-content\/uploads\/2018\/03\/Villeroy-Boch-ViClean-3-1030x483.jpg 1030w, https:\/\/www.bau-styl.hu\/furdoszobaszalon\/wp-content\/uploads\/2018\/03\/Villeroy-Boch-ViClean-3-705x330.jpg 705w, https:\/\/www.bau-styl.hu\/furdoszobaszalon\/wp-content\/uploads\/2018\/03\/Villeroy-Boch-ViClean-3-450x211.jpg 450w\" data-sizes=\"(max-width: 1280px) 100vw, 1280px\"  aria-label=\"image Villeroy &#038; Boch ViClean\"  id='av-masonry-1-item-12178' data-av-masonry-item='12178' class='av-masonry-entry isotope-item post-12178 attachment type-attachment status-inherit hentry  av-masonry-item-with-image' title=\"Villeroy &#038; Boch ViClean\" alt=\"Villeroy &amp; Boch ViClean\"    itemprop=\"thumbnailUrl\" ><div class='av-inner-masonry-sizer'><\/div><figure class='av-inner-masonry main_color'><div class=\"av-masonry-outerimage-container\"><div class='av-masonry-image-container' style=\"background-image: url(https:\/\/www.bau-styl.hu\/furdoszobaszalon\/wp-content\/uploads\/2018\/03\/Villeroy-Boch-ViClean-3-495x400.jpg);\"  title=\"Villeroy &#038; Boch ViClean\" ><\/div><\/div><\/figure><\/a><!--end av-masonry entry--><a href=\"https:\/\/www.bau-styl.hu\/furdoszobaszalon\/wp-content\/uploads\/2018\/03\/Villeroy-Boch-ViClean-2.jpg\" data-srcset=\"https:\/\/www.bau-styl.hu\/furdoszobaszalon\/wp-content\/uploads\/2018\/03\/Villeroy-Boch-ViClean-2.jpg 1280w, https:\/\/www.bau-styl.hu\/furdoszobaszalon\/wp-content\/uploads\/2018\/03\/Villeroy-Boch-ViClean-2-300x141.jpg 300w, https:\/\/www.bau-styl.hu\/furdoszobaszalon\/wp-content\/uploads\/2018\/03\/Villeroy-Boch-ViClean-2-768x360.jpg 768w, https:\/\/www.bau-styl.hu\/furdoszobaszalon\/wp-content\/uploads\/2018\/03\/Villeroy-Boch-ViClean-2-1030x483.jpg 1030w, https:\/\/www.bau-styl.hu\/furdoszobaszalon\/wp-content\/uploads\/2018\/03\/Villeroy-Boch-ViClean-2-705x330.jpg 705w, https:\/\/www.bau-styl.hu\/furdoszobaszalon\/wp-content\/uploads\/2018\/03\/Villeroy-Boch-ViClean-2-450x211.jpg 450w\" data-sizes=\"(max-width: 1280px) 100vw, 1280px\"  aria-label=\"image Villeroy &#038; Boch ViClean\"  id='av-masonry-1-item-12177' data-av-masonry-item='12177' class='av-masonry-entry isotope-item post-12177 attachment type-attachment status-inherit hentry  av-masonry-item-with-image' title=\"Villeroy &#038; Boch ViClean\" alt=\"Villeroy &amp; Boch ViClean\"    itemprop=\"thumbnailUrl\" ><div class='av-inner-masonry-sizer'><\/div><figure class='av-inner-masonry main_color'><div class=\"av-masonry-outerimage-container\"><div class='av-masonry-image-container' style=\"background-image: url(https:\/\/www.bau-styl.hu\/furdoszobaszalon\/wp-content\/uploads\/2018\/03\/Villeroy-Boch-ViClean-2-495x400.jpg);\"  title=\"Villeroy &#038; Boch ViClean\" ><\/div><\/div><\/figure><\/a><!--end av-masonry entry--><a href=\"https:\/\/www.bau-styl.hu\/furdoszobaszalon\/wp-content\/uploads\/2018\/03\/Villeroy-Boch-ViClean-1.jpg\" data-srcset=\"https:\/\/www.bau-styl.hu\/furdoszobaszalon\/wp-content\/uploads\/2018\/03\/Villeroy-Boch-ViClean-1.jpg 1280w, https:\/\/www.bau-styl.hu\/furdoszobaszalon\/wp-content\/uploads\/2018\/03\/Villeroy-Boch-ViClean-1-300x141.jpg 300w, https:\/\/www.bau-styl.hu\/furdoszobaszalon\/wp-content\/uploads\/2018\/03\/Villeroy-Boch-ViClean-1-768x360.jpg 768w, https:\/\/www.bau-styl.hu\/furdoszobaszalon\/wp-content\/uploads\/2018\/03\/Villeroy-Boch-ViClean-1-1030x483.jpg 1030w, https:\/\/www.bau-styl.hu\/furdoszobaszalon\/wp-content\/uploads\/2018\/03\/Villeroy-Boch-ViClean-1-705x330.jpg 705w, https:\/\/www.bau-styl.hu\/furdoszobaszalon\/wp-content\/uploads\/2018\/03\/Villeroy-Boch-ViClean-1-450x211.jpg 450w\" data-sizes=\"(max-width: 1280px) 100vw, 1280px\"  aria-label=\"image Villeroy &#038; Boch ViClean\"  id='av-masonry-1-item-12176' data-av-masonry-item='12176' class='av-masonry-entry isotope-item post-12176 attachment type-attachment status-inherit hentry  av-masonry-item-with-image' title=\"Villeroy &#038; Boch ViClean\" alt=\"Villeroy &amp; Boch ViClean\"    itemprop=\"thumbnailUrl\" ><div class='av-inner-masonry-sizer'><\/div><figure class='av-inner-masonry main_color'><div class=\"av-masonry-outerimage-container\"><div class='av-masonry-image-container' style=\"background-image: url(https:\/\/www.bau-styl.hu\/furdoszobaszalon\/wp-content\/uploads\/2018\/03\/Villeroy-Boch-ViClean-1-495x400.jpg);\"  title=\"Villeroy &#038; Boch ViClean\" ><\/div><\/div><\/figure><\/a><!--end av-masonry entry--><a href=\"https:\/\/www.bau-styl.hu\/furdoszobaszalon\/wp-content\/uploads\/2018\/03\/Villeroy-Boch-ViClean.jpg\" data-srcset=\"https:\/\/www.bau-styl.hu\/furdoszobaszalon\/wp-content\/uploads\/2018\/03\/Villeroy-Boch-ViClean.jpg 963w, https:\/\/www.bau-styl.hu\/furdoszobaszalon\/wp-content\/uploads\/2018\/03\/Villeroy-Boch-ViClean-300x156.jpg 300w, https:\/\/www.bau-styl.hu\/furdoszobaszalon\/wp-content\/uploads\/2018\/03\/Villeroy-Boch-ViClean-768x400.jpg 768w, https:\/\/www.bau-styl.hu\/furdoszobaszalon\/wp-content\/uploads\/2018\/03\/Villeroy-Boch-ViClean-705x367.jpg 705w, https:\/\/www.bau-styl.hu\/furdoszobaszalon\/wp-content\/uploads\/2018\/03\/Villeroy-Boch-ViClean-450x234.jpg 450w\" data-sizes=\"(max-width: 963px) 100vw, 963px\"  aria-label=\"image Villeroy &#038; Boch ViClean\"  id='av-masonry-1-item-12175' data-av-masonry-item='12175' class='av-masonry-entry isotope-item post-12175 attachment type-attachment status-inherit hentry  av-masonry-item-with-image' title=\"Villeroy &#038; Boch ViClean\" alt=\"Villeroy &amp; Boch ViClean\"    itemprop=\"thumbnailUrl\" ><div class='av-inner-masonry-sizer'><\/div><figure class='av-inner-masonry main_color'><div class=\"av-masonry-outerimage-container\"><div class='av-masonry-image-container' style=\"background-image: url(https:\/\/www.bau-styl.hu\/furdoszobaszalon\/wp-content\/uploads\/2018\/03\/Villeroy-Boch-ViClean-495x400.jpg);\"  title=\"Villeroy &#038; Boch ViClean\" ><\/div><\/div><\/figure><\/a><!--end av-masonry entry--><\/div><\/div>\n\n<style type=\"text\/css\" data-created_by=\"avia_inline_auto\" id=\"style-css-av-6p7npqm-1b04ba4115c7782c9719b804fc0ba5fc\">\n#top .hr.hr-invisible.av-6p7npqm-1b04ba4115c7782c9719b804fc0ba5fc{\nheight:50px;\n}\n<\/style>\n<div  class='hr av-6p7npqm-1b04ba4115c7782c9719b804fc0ba5fc hr-invisible  avia-builder-el-9  el_after_av_masonry_gallery  el_before_av_one_full  avia-builder-el-first '><span class='hr-inner '><span class=\"hr-inner-style\"><\/span><\/span><\/div>\n\n<style type=\"text\/css\" data-created_by=\"avia_inline_auto\" id=\"style-css-av-tetkvb-3ef41c2f1f640cd589dee9b33c83cf85\">\n.flex_column.av-tetkvb-3ef41c2f1f640cd589dee9b33c83cf85{\nborder-radius:0px 0px 0px 0px;\npadding:0px 0px 0px 0px;\n}\n<\/style>\n<div  class='flex_column av-tetkvb-3ef41c2f1f640cd589dee9b33c83cf85 av_one_full  avia-builder-el-10  el_after_av_hr  avia-builder-el-last  first flex_column_div av-zero-column-padding  '     ><section  class='av_textblock_section av-k6tfxpen-742ec54894f8b28555c7357493501403 '   itemscope=\"itemscope\" itemtype=\"https:\/\/schema.org\/CreativeWork\" ><div class='avia_textblock'  itemprop=\"text\" ><p style=\"text-align: right;\"><a href=\"https:\/\/www.bau-styl.hu\/furdoszobaszalon\/index.php\/villeroyboch\/\">Vissza minden Villeroy&amp;Boch kollekci\u00f3hoz<\/a><\/p>\n<\/div><\/section><\/div><\/div><\/div><\/div><!-- close content main div --><\/div><\/div>\n<style type=\"text\/css\" data-created_by=\"avia_inline_auto\" id=\"style-css-av-6455h1q-aac8cc8d334d7b0722839c506b195105\">\n.avia-section.av-6455h1q-aac8cc8d334d7b0722839c506b195105{\nbackground-repeat:no-repeat;\nbackground-image:url(https:\/\/www.bau-styl.hu\/furdoszobaszalon\/wp-content\/uploads\/2018\/03\/Villeroy-Boch-ViClean-1.jpg);\nbackground-position:50% 50%;\nbackground-attachment:scroll;\n}\n.avia-section.av-6455h1q-aac8cc8d334d7b0722839c506b195105 .av-section-color-overlay{\nopacity:0.5;\nbackground-color:#000000;\n}\n<\/style>\n<div id='ajanlat'  class='avia-section av-6455h1q-aac8cc8d334d7b0722839c506b195105 main_color avia-section-default avia-no-shadow  avia-builder-el-12  el_after_av_section  avia-builder-el-last  avia-full-stretch avia-bg-style-scroll av-section-color-overlay-active container_wrap sidebar_right'  data-section-bg-repeat='stretch'><div class=\"av-section-color-overlay-wrap\"><div class=\"av-section-color-overlay\"><\/div><div class='container av-section-cont-open' ><div class='template-page content  av-content-small alpha units'><div class='post-entry post-entry-type-page post-entry-12174'><div class='entry-content-wrapper clearfix'>\n\n<style type=\"text\/css\" data-created_by=\"avia_inline_auto\" id=\"style-css-av-5pg3owe-fade64264edc13a76534154bd039402c\">\n#top .hr.hr-invisible.av-5pg3owe-fade64264edc13a76534154bd039402c{\nheight:50px;\n}\n<\/style>\n<div  class='hr av-5pg3owe-fade64264edc13a76534154bd039402c hr-invisible  avia-builder-el-13  el_before_av_one_fifth  avia-builder-el-first '><span class='hr-inner '><span class=\"hr-inner-style\"><\/span><\/span><\/div>\n\n<style type=\"text\/css\" data-created_by=\"avia_inline_auto\" id=\"style-css-av-1uot5a-5a2b3bd2de69f081c5dd1ed4b02b1c90\">\n.flex_column.av-1uot5a-5a2b3bd2de69f081c5dd1ed4b02b1c90{\nborder-radius:0px 0px 0px 0px;\npadding:0px 0px 0px 0px;\n}\n<\/style>\n<div  class='flex_column av-1uot5a-5a2b3bd2de69f081c5dd1ed4b02b1c90 av_one_fifth  avia-builder-el-14  el_after_av_hr  el_before_av_three_fifth  first flex_column_div av-zero-column-padding  '     ><\/div>\n<style type=\"text\/css\" data-created_by=\"avia_inline_auto\" id=\"style-css-av-av_three_fifth-d16bed752390fb46bb9f8cdd4860f43d\">\n.flex_column.av-av_three_fifth-d16bed752390fb46bb9f8cdd4860f43d{\nborder-radius:0px 0px 0px 0px;\npadding:30px 30px 30px 30px;\nbackground-color:rgba(35,35,35,0.57);\n}\n<\/style>\n<div  class='flex_column av-av_three_fifth-d16bed752390fb46bb9f8cdd4860f43d av_three_fifth  avia-builder-el-15  el_after_av_one_fifth  el_before_av_one_fifth  flex_column_div  '     ><style type=\"text\/css\" data-created_by=\"avia_inline_auto\" id=\"style-css-av-av_textblock-27c4f643a6e4cf7c6096ff03deb9fd6d\">\n#top .av_textblock_section.av-av_textblock-27c4f643a6e4cf7c6096ff03deb9fd6d .avia_textblock{\nfont-size:16px;\ncolor:#ffffff;\n}\n<\/style>\n<section  class='av_textblock_section av-av_textblock-27c4f643a6e4cf7c6096ff03deb9fd6d '   itemscope=\"itemscope\" itemtype=\"https:\/\/schema.org\/CreativeWork\" ><div class='avia_textblock av_inherit_color'  itemprop=\"text\" ><p style=\"text-align: center;\"><strong>Ha elnyerte tetsz\u00e9s\u00e9t ez a kollekci\u00f3, forduljon hozz\u00e1nk bizalommal!<\/strong><\/p>\n<p style=\"text-align: center;\"><strong>Adja meg el\u00e9rhet\u0151s\u00e9g\u00e9t \u00e9s munkat\u00e1rsaink hamarosan felveszik \u00d6nnel a kapcsolatot!\u00a0<\/strong><\/p>\n<\/div><\/section><br \/>\n<form action=\"https:\/\/www.bau-styl.hu\/furdoszobaszalon\/villeroy-boch-viclean\/\" method=\"post\" data-fields-with-error=\"Found errors in the following field(s):\" class=\"avia_ajax_form av-form-labels-hidden   avia-builder-el-17  el_after_av_textblock  avia-builder-el-last  av-custom-form-color av-light-form \" data-avia-form-id=\"1\" data-avia-redirect='https:\/\/www.bau-styl.hu\/furdoszobaszalon\/koszonjuk-erdeklodeset\/' ><fieldset><p class='  first_form  form_element form_element_third' id='element_avia_1_1'><label for=\"avia_1_1\">N\u00e9v <abbr class=\"required\" title=\"required\">*<\/abbr><\/label> <input name=\"avia_1_1\" class=\"text_input is_empty\" type=\"text\" id=\"avia_1_1\" value=\"\"  placeholder='N\u00e9v*'\/><\/p><p class='  form_element form_element_third' id='element_avia_2_1'><label for=\"avia_2_1\">E-Mail c\u00edm <abbr class=\"required\" title=\"required\">*<\/abbr><\/label> <input name=\"avia_2_1\" class=\"text_input is_email\" type=\"text\" id=\"avia_2_1\" value=\"\"  placeholder='E-Mail c\u00edm*'\/><\/p><p class='  form_element form_element_third' id='element_avia_3_1'><label for=\"avia_3_1\">Telefonsz\u00e1m <abbr class=\"required\" title=\"required\">*<\/abbr><\/label> <input name=\"avia_3_1\" class=\"text_input is_phone\" type=\"text\" id=\"avia_3_1\" value=\"\"  placeholder='Telefonsz\u00e1m*'\/><\/p><p class='  first_form  form_element form_fullwidth' id='element_avia_4_1'><label for=\"avia_4_1\">C\u00edm <abbr class=\"required\" title=\"required\">*<\/abbr><\/label> <input name=\"avia_4_1\" class=\"text_input is_empty\" type=\"text\" id=\"avia_4_1\" value=\"\"  placeholder='C\u00edm*'\/><\/p><p class='  first_form  form_element form_fullwidth' id='element_avia_5_1'><label for=\"avia_5_1\" class=\"textare_label hidden textare_label_avia_5_1\">Megjegyz\u00e9s<\/label><textarea  placeholder='Megjegyz\u00e9s' name=\"avia_5_1\" class=\"text_area \" cols=\"40\" rows=\"7\" id=\"avia_5_1\" ><\/textarea><\/p><p class=\"hidden\"><input type=\"text\" name=\"avia_6_1\" class=\"hidden \" id=\"avia_6_1\" value=\"\" \/><\/p><p class=' av_form_privacy_check av_contact_privacy_check first_form  form_element form_fullwidth' id='element_avia_7_1'><input  name=\"avia_7_1\" class=\"input_checkbox is_empty\" type=\"checkbox\" id=\"avia_7_1\" value=\"true\"\/><label class=\"input_checkbox_label\" for=\"avia_7_1\">Elfogadom az adatkezel\u00e9si nyilatkozatot <abbr class=\"required\" title=\"required\">*<\/abbr><\/label><\/p><p class=\"form_element \"><input type=\"hidden\" value=\"1\" name=\"avia_generated_form1\" \/><input type=\"submit\" value=\"K\u00fcld\u00e9s\" class=\"button\"  data-sending-label=\"K\u00fcld\u00e9s\"\/><\/p><\/fieldset><\/form><div id=\"ajaxresponse_1\" class=\"ajaxresponse ajaxresponse_1 hidden\"><\/div><\/p><\/div>\n<style type=\"text\/css\" data-created_by=\"avia_inline_auto\" id=\"style-css-av-16ge4fi-a3eac4a794425b47e8e39ea09a7aaee7\">\n.flex_column.av-16ge4fi-a3eac4a794425b47e8e39ea09a7aaee7{\nborder-radius:0px 0px 0px 0px;\npadding:0px 0px 0px 0px;\n}\n<\/style>\n<div  class='flex_column av-16ge4fi-a3eac4a794425b47e8e39ea09a7aaee7 av_one_fifth  avia-builder-el-18  el_after_av_three_fifth  el_before_av_hr  flex_column_div av-zero-column-padding  '     ><\/div>\n<style type=\"text\/css\" data-created_by=\"avia_inline_auto\" id=\"style-css-av-moz9ou-1dd6265fe234ab6292073139fe7d184d\">\n#top .hr.hr-invisible.av-moz9ou-1dd6265fe234ab6292073139fe7d184d{\nheight:50px;\n}\n<\/style>\n<div  class='hr av-moz9ou-1dd6265fe234ab6292073139fe7d184d hr-invisible  avia-builder-el-19  el_after_av_one_fifth  avia-builder-el-last '><span class='hr-inner '><span class=\"hr-inner-style\"><\/span><\/span><\/div>\n<\/div><\/div><\/div><!-- close content main div --><\/div><\/div><\/div><div id='after_section_3'  class='main_color av_default_container_wrap container_wrap sidebar_right'  ><div class='container av-section-cont-open' ><div class='template-page content  av-content-small alpha units'><div class='post-entry post-entry-type-page post-entry-12174'><div class='entry-content-wrapper clearfix'><\/p>\n","protected":false},"excerpt":{"rendered":"","protected":false},"author":2,"featured_media":0,"parent":0,"menu_order":0,"comment_status":"closed","ping_status":"closed","template":"","meta":{"footnotes":""},"class_list":["post-12174","page","type-page","status-publish","hentry"],"aioseo_notices":[],"_links":{"self":[{"href":"https:\/\/www.bau-styl.hu\/furdoszobaszalon\/wp-json\/wp\/v2\/pages\/12174","targetHints":{"allow":["GET"]}}],"collection":[{"href":"https:\/\/www.bau-styl.hu\/furdoszobaszalon\/wp-json\/wp\/v2\/pages"}],"about":[{"href":"https:\/\/www.bau-styl.hu\/furdoszobaszalon\/wp-json\/wp\/v2\/types\/page"}],"author":[{"embeddable":true,"href":"https:\/\/www.bau-styl.hu\/furdoszobaszalon\/wp-json\/wp\/v2\/users\/2"}],"replies":[{"embeddable":true,"href":"https:\/\/www.bau-styl.hu\/furdoszobaszalon\/wp-json\/wp\/v2\/comments?post=12174"}],"version-history":[{"count":0,"href":"https:\/\/www.bau-styl.hu\/furdoszobaszalon\/wp-json\/wp\/v2\/pages\/12174\/revisions"}],"wp:attachment":[{"href":"https:\/\/www.bau-styl.hu\/furdoszobaszalon\/wp-json\/wp\/v2\/media?parent=12174"}],"curies":[{"name":"wp","href":"https:\/\/api.w.org\/{rel}","templated":true}]}}