{"id":13033,"date":"2018-08-08T08:18:23","date_gmt":"2018-08-08T07:18:23","guid":{"rendered":"https:\/\/www.bau-styl.hu\/furdoszobaszalon\/?page_id=13033"},"modified":"2021-01-22T11:29:24","modified_gmt":"2021-01-22T10:29:24","slug":"adatkezelesi-hozzajarulas","status":"publish","type":"page","link":"https:\/\/www.bau-styl.hu\/furdoszobaszalon\/adatkezelesi-hozzajarulas\/","title":{"rendered":"Adatkezel\u00e9si hozz\u00e1j\u00e1rul\u00e1s"},"content":{"rendered":"\n<style type=\"text\/css\" data-created_by=\"avia_inline_auto\" id=\"style-css-av-av_one_full-15d750bd1b332b34c6e70b077ebbccdf\">\n.flex_column.av-av_one_full-15d750bd1b332b34c6e70b077ebbccdf{\nborder-radius:0px 0px 0px 0px;\npadding:0px 0px 0px 0px;\n}\n<\/style>\n<div  class='flex_column av-av_one_full-15d750bd1b332b34c6e70b077ebbccdf av_one_full  avia-builder-el-0  avia-builder-el-no-sibling  first flex_column_div av-zero-column-padding  '     ><section  class='av_textblock_section av-av_textblock-2de302bf1aa3cf4c9157dbe6f50ac7eb '   itemscope=\"itemscope\" itemtype=\"https:\/\/schema.org\/CreativeWork\" ><div class='avia_textblock'  itemprop=\"text\" ><p style=\"text-align: center;\"><strong>Adatkezel\u00e9si hozz\u00e1j\u00e1rul\u00e1s t\u00e1j\u00e9koztat\u00e1s v\u00e1s\u00e1rl\u00f3i adatb\u00e1zisban t\u00f6rt\u00e9n\u0151 r\u00f6gz\u00edt\u00e9s kapcs\u00e1n<\/strong><\/p>\n<p style=\"text-align: justify;\"><span style=\"font-weight: 400;\">Jelen t\u00e1j\u00e9koztat\u00f3 az Eur\u00f3pai Parlament \u00e9s a Tan\u00e1cs (EU) 2016\/679 rendelete (GDPR rendelet) szerinti el\u0151zetes t\u00e1j\u00e9koztat\u00e1snak min\u0151s\u00fcl.<\/span><\/p>\n<p style=\"text-align: justify;\"><span style=\"font-weight: 400;\">A Bau-Styl Kft. (tov\u00e1bbiakban: Adatkezel\u0151) Adatkezel\u00e9si t\u00e1j\u00e9koztat\u00f3ja jelen t\u00e1j\u00e9koztat\u00f3 elv\u00e1laszthatatlan r\u00e9sz\u00e9t k\u00e9pezi! A t\u00e1j\u00e9koztat\u00f3 megtal\u00e1lhat\u00f3 a <\/span><a href=\"http:\/\/www.bau-styl.hu\"><span style=\"font-weight: 400;\">www.bau-styl.hu<\/span><\/a><span style=\"font-weight: 400;\"> weboldalon vagy megtekinthet\u0151 k\u00f6zvetlen\u00fcl a <\/span><a href=\"https:\/\/www.bau-styl.hu\/furdoszobaszalon\/index.php\/adatvedelem\/\"><span style=\"font-weight: 400;\">https:\/\/www.bau-styl.hu\/furdoszobaszalon\/index.php\/adatvedelem\/<\/span><\/a><\/p>\n<p style=\"text-align: justify;\"><span style=\"font-weight: 400;\">hivatkoz\u00e1son kereszt\u00fcl!<\/span><\/p>\n<p style=\"text-align: justify;\"><span style=\"font-weight: 400;\">Az adatkezel\u00e9s c\u00e9lja(i):<\/span><\/p>\n<ul style=\"text-align: justify;\">\n<li style=\"font-weight: 400;\"><span style=\"font-weight: 400;\">\u00c9rt\u00e9kes\u00edt\u00e9shez kapcsol\u00f3d\u00f3 adatkezel\u00e9s, \u00fagy mint, aj\u00e1nlatad\u00e1s, megrendel\u00e9sek feldolgoz\u00e1sa \u00e9s sz\u00e1ml\u00e1z\u00e1s<\/span><\/li>\n<\/ul>\n<p style=\"text-align: justify;\"><span style=\"font-weight: 400;\">Az Adatkezel\u0151 szolg\u00e1ltat\u00e1saival kapcsolatos adatkezel\u00e9s sor\u00e1n a szem\u00e9lyes adatok felv\u00e9tele \u00e9s kezel\u00e9se minden esetben az \u00c9rintett \u00f6nk\u00e9ntes hozz\u00e1j\u00e1rul\u00e1s\u00e1n, vagy szerz\u0151d\u00e9ses jogviszonyon alapul. <\/span><\/p>\n<p style=\"text-align: justify;\"><span style=\"font-weight: 400;\">Az Adatkezel\u0151 a r\u00f6gz\u00edtett szem\u00e9lyes adatokat a mindenkor hat\u00e1lyos adatv\u00e9delmi jogszab\u00e1lyokkal \u2013 \u00edgy k\u00fcl\u00f6n\u00f6sen a GDPR rendelettel \u00e9s az inform\u00e1ci\u00f3s \u00f6nrendelkez\u00e9si jogr\u00f3l \u00e9s az inform\u00e1ci\u00f3szabads\u00e1gr\u00f3l sz\u00f3l\u00f3 2011. \u00e9vi CXII. t\u00f6rv\u00e9nnyel \u2013 \u00f6sszhangban kezeli.<\/span><\/p>\n<p style=\"text-align: justify;\"><span style=\"font-weight: 400;\">Az Adatkezel\u0151 az \u00c9rintettekt\u0151l gy\u0171jt\u00f6tt adatokr\u00f3l nyilv\u00e1ntart\u00e1st vezet. <\/span><\/p>\n<p style=\"text-align: justify;\"><span style=\"font-weight: 400;\">Az adatt\u00e1rol\u00e1s hat\u00e1rideje az adatkezel\u00e9s c\u00e9lj\u00e1nak megval\u00f3sul\u00e1sa, legfeljebb 5 \u00e9v.<\/span><\/p>\n<p style=\"text-align: justify;\"><span style=\"font-weight: 400;\">Az adatkezel\u00e9s elektronikusan val\u00f3sul meg.<\/span><\/p>\n<p style=\"text-align: justify;\"><span style=\"font-weight: 400;\">Az \u00c9rintett jogosult arra, hogy hozz\u00e1j\u00e1rul\u00e1s\u00e1t b\u00e1rmikor visszavonja, ugyanakkor a hozz\u00e1j\u00e1rul\u00e1s visszavon\u00e1sa nem \u00e9rinti a hozz\u00e1j\u00e1rul\u00e1son alapul\u00f3, a visszavon\u00e1s el\u0151tti adatkezel\u00e9s jogszer\u0171s\u00e9g\u00e9t. <\/span><\/p>\n<\/div><\/section><\/div>\n","protected":false},"excerpt":{"rendered":"","protected":false},"author":2,"featured_media":0,"parent":0,"menu_order":0,"comment_status":"closed","ping_status":"closed","template":"","meta":{"footnotes":""},"class_list":["post-13033","page","type-page","status-publish","hentry"],"aioseo_notices":[],"_links":{"self":[{"href":"https:\/\/www.bau-styl.hu\/furdoszobaszalon\/wp-json\/wp\/v2\/pages\/13033","targetHints":{"allow":["GET"]}}],"collection":[{"href":"https:\/\/www.bau-styl.hu\/furdoszobaszalon\/wp-json\/wp\/v2\/pages"}],"about":[{"href":"https:\/\/www.bau-styl.hu\/furdoszobaszalon\/wp-json\/wp\/v2\/types\/page"}],"author":[{"embeddable":true,"href":"https:\/\/www.bau-styl.hu\/furdoszobaszalon\/wp-json\/wp\/v2\/users\/2"}],"replies":[{"embeddable":true,"href":"https:\/\/www.bau-styl.hu\/furdoszobaszalon\/wp-json\/wp\/v2\/comments?post=13033"}],"version-history":[{"count":0,"href":"https:\/\/www.bau-styl.hu\/furdoszobaszalon\/wp-json\/wp\/v2\/pages\/13033\/revisions"}],"wp:attachment":[{"href":"https:\/\/www.bau-styl.hu\/furdoszobaszalon\/wp-json\/wp\/v2\/media?parent=13033"}],"curies":[{"name":"wp","href":"https:\/\/api.w.org\/{rel}","templated":true}]}}