{"id":16618,"date":"2020-02-03T15:51:28","date_gmt":"2020-02-03T14:51:28","guid":{"rendered":"https:\/\/www.bau-styl.hu\/furdoszobaszalon\/?page_id=16618"},"modified":"2021-01-25T11:21:48","modified_gmt":"2021-01-25T10:21:48","slug":"tres-lex-tres","status":"publish","type":"page","link":"https:\/\/www.bau-styl.hu\/furdoszobaszalon\/tres-lex-tres\/","title":{"rendered":"Tres Lex Tres"},"content":{"rendered":"\n<style type=\"text\/css\" data-created_by=\"avia_inline_auto\" id=\"style-css-av-k66kqkyy-0a6f3c84392365a68ae312ac7721e9de\">\n.avia-section.av-k66kqkyy-0a6f3c84392365a68ae312ac7721e9de{\nbackground-repeat:no-repeat;\nbackground-image:url(https:\/\/www.bau-styl.hu\/furdoszobaszalon\/wp-content\/uploads\/2020\/02\/Tres-Lex-tres-3.jpg);\nbackground-position:50% 100%;\nbackground-attachment:scroll;\n}\n.avia-section.av-k66kqkyy-0a6f3c84392365a68ae312ac7721e9de .av-section-color-overlay{\nopacity:0.5;\nbackground-color:#000000;\n}\n<\/style>\n<div id='av_section_1'  class='avia-section av-k66kqkyy-0a6f3c84392365a68ae312ac7721e9de main_color avia-section-default avia-no-shadow  avia-builder-el-0  el_before_av_section  avia-builder-el-first  avia-full-stretch avia-bg-style-scroll av-section-color-overlay-active container_wrap sidebar_right'  data-section-bg-repeat='stretch'><div class=\"av-section-color-overlay-wrap\"><div class=\"av-section-color-overlay\"><\/div><div class='container av-section-cont-open' ><main  role=\"main\" itemprop=\"mainContentOfPage\"  class='template-page content  av-content-small alpha units'><div class='post-entry post-entry-type-page post-entry-16618'><div class='entry-content-wrapper clearfix'>\n\n<style type=\"text\/css\" data-created_by=\"avia_inline_auto\" id=\"style-css-av-6yzrkbu-064eddcfa6be7731b861a8e1465cdb1f\">\n#top .hr.hr-invisible.av-6yzrkbu-064eddcfa6be7731b861a8e1465cdb1f{\nheight:50px;\n}\n<\/style>\n<div  class='hr av-6yzrkbu-064eddcfa6be7731b861a8e1465cdb1f hr-invisible  avia-builder-el-1  el_before_av_textblock  avia-builder-el-first '><span class='hr-inner '><span class=\"hr-inner-style\"><\/span><\/span><\/div>\n\n<style type=\"text\/css\" data-created_by=\"avia_inline_auto\" id=\"style-css-av-k66kpxv3-6b5678d6a320ad4d9d0cc32f1f1c9c1f\">\n#top .av_textblock_section.av-k66kpxv3-6b5678d6a320ad4d9d0cc32f1f1c9c1f .avia_textblock{\nfont-size:24px;\ncolor:#ffffff;\n}\n<\/style>\n<section  class='av_textblock_section av-k66kpxv3-6b5678d6a320ad4d9d0cc32f1f1c9c1f '   itemscope=\"itemscope\" itemtype=\"https:\/\/schema.org\/CreativeWork\" ><div class='avia_textblock av_inherit_color'  itemprop=\"text\" ><p style=\"text-align: center;\"><strong>LEX TRES<\/strong><\/p>\n<\/div><\/section>\n\n<style type=\"text\/css\" data-created_by=\"avia_inline_auto\" id=\"style-css-av-6irl1ka-1b02feae593d17febe5dee99f414da74\">\n#top .hr.hr-invisible.av-6irl1ka-1b02feae593d17febe5dee99f414da74{\nheight:50px;\n}\n<\/style>\n<div  class='hr av-6irl1ka-1b02feae593d17febe5dee99f414da74 hr-invisible  avia-builder-el-3  el_after_av_textblock  avia-builder-el-last '><span class='hr-inner '><span class=\"hr-inner-style\"><\/span><\/span><\/div>\n\n<\/div><\/div><\/main><!-- close content main element --><\/div><\/div><\/div><div id='av_section_2'  class='avia-section av-2b06ju-e090db3cff1a793984a497d0a21badc4 main_color avia-section-default avia-no-shadow  avia-builder-el-4  el_after_av_section  el_before_av_section  avia-bg-style-scroll container_wrap sidebar_right'  ><div class='container av-section-cont-open' ><div class='template-page content  av-content-small alpha units'><div class='post-entry post-entry-type-page post-entry-16618'><div class='entry-content-wrapper clearfix'>\n<section  class='av_textblock_section av-k66kr2cz-d89fcd8e5d069b84205de451e5448741 '   itemscope=\"itemscope\" itemtype=\"https:\/\/schema.org\/CreativeWork\" ><div class='avia_textblock'  itemprop=\"text\" ><p style=\"text-align: justify;\"><span style=\"font-weight: 400;\">Egykaros csaptelepkollekci\u00f3, melyben praktikum \u00e9s a funkci\u00f3 kett\u0151se \u00f6sszeforr a modern vonalvezet\u00e9s diz\u00e1jnj\u00e1val. Formatervezett kialak\u00edt\u00e1sa lehet\u0151v\u00e9 teszi a k\u00f6nny\u0171 haszn\u00e1latot, m\u00edg f\u00e9nyes kr\u00f3m fel\u00fclete \u00e9s klasszikus megjelen\u00e9se lehet\u0151v\u00e9 teszi, hogy b\u00e1rmilyen konyh\u00e1ban vagy f\u00fcrd\u0151szob\u00e1ban helyet kaphasson. Sz\u00e1mos m\u00e9rete t\u00f6k\u00e9letes megold\u00e1st ny\u00fajt a sz\u00e9lesebb mosd\u00f3khoz \u00e9s a kisebb alapter\u00fclet\u0171 vend\u00e9gf\u00fcrd\u0151szob\u00e1khoz is.<\/span><\/p>\n<\/div><\/section>\n<section  class='av_textblock_section av-pd983y-b1fa89478f6804fa4b17eb2c905af87b '   itemscope=\"itemscope\" itemtype=\"https:\/\/schema.org\/CreativeWork\" ><div class='avia_textblock'  itemprop=\"text\" ><p style=\"text-align: right;\"><mark><strong><a href=\"#ajanlat\">Aj\u00e1nlatot k\u00e9rek!<\/a><\/strong><\/mark><\/p>\n<\/div><\/section>\n\n<style type=\"text\/css\" data-created_by=\"avia_inline_auto\" id=\"style-css-av-5vn6wp6-ae15e37acb07674edb571f1313b3dde2\">\n#top .hr.hr-invisible.av-5vn6wp6-ae15e37acb07674edb571f1313b3dde2{\nheight:50px;\n}\n<\/style>\n<div  class='hr av-5vn6wp6-ae15e37acb07674edb571f1313b3dde2 hr-invisible  avia-builder-el-7  el_after_av_textblock  el_before_av_gallery '><span class='hr-inner '><span class=\"hr-inner-style\"><\/span><\/span><\/div>\n\n<style type=\"text\/css\" data-created_by=\"avia_inline_auto\" id=\"style-css-av-k66kruyp-15fb9bd5fd98815c54226c2ffe5f3964\">\n#top .avia-gallery.av-k66kruyp-15fb9bd5fd98815c54226c2ffe5f3964 .avia-gallery-thumb a{\nwidth:20%;\n}\n<\/style>\n<div  class='avia-gallery av-k66kruyp-15fb9bd5fd98815c54226c2ffe5f3964 avia_animate_when_visible  avia-builder-el-8  el_after_av_hr  el_before_av_hr  deactivate_avia_lazyload avia-gallery-animate avia-gallery-1'  itemprop=\"image\" itemscope=\"itemscope\" itemtype=\"https:\/\/schema.org\/ImageObject\" ><meta itemprop=\"contentURL\" content=\"https:\/\/www.bau-styl.hu\/furdoszobaszalon\/tres-lex-tres\/\"><div class='avia-gallery-thumb'><a href=\"https:\/\/www.bau-styl.hu\/furdoszobaszalon\/wp-content\/uploads\/2020\/02\/Tres-Lex-tres-3.jpg\" data-srcset=\"https:\/\/www.bau-styl.hu\/furdoszobaszalon\/wp-content\/uploads\/2020\/02\/Tres-Lex-tres-3.jpg 1000w, https:\/\/www.bau-styl.hu\/furdoszobaszalon\/wp-content\/uploads\/2020\/02\/Tres-Lex-tres-3-300x120.jpg 300w, https:\/\/www.bau-styl.hu\/furdoszobaszalon\/wp-content\/uploads\/2020\/02\/Tres-Lex-tres-3-768x307.jpg 768w, https:\/\/www.bau-styl.hu\/furdoszobaszalon\/wp-content\/uploads\/2020\/02\/Tres-Lex-tres-3-705x282.jpg 705w\" data-sizes=\"(max-width: 1000px) 100vw, 1000px\" data-rel='gallery-1' data-prev-img='https:\/\/www.bau-styl.hu\/furdoszobaszalon\/wp-content\/uploads\/2020\/02\/Tres-Lex-tres-3-495x400.jpg' class='first_thumb lightbox ' data-onclick='1' title='Tres Lex tres'  itemprop=\"thumbnailUrl\"  ><img decoding=\"async\" fetchpriority=\"high\" class=\"wp-image-16515 avia-img-lazy-loading-not-16515\"   src=\"https:\/\/www.bau-styl.hu\/furdoszobaszalon\/wp-content\/uploads\/2020\/02\/Tres-Lex-tres-3-495x400.jpg\" width=\"495\" height=\"400\"  title='Tres Lex tres' alt='Tres Lex tres' \/><div class='big-prev-fake'><img decoding=\"async\" loading=\"lazy\" class=\"wp-image-16515 avia-img-lazy-loading-16515\"  width=\"495\" height=\"400\" src=\"https:\/\/www.bau-styl.hu\/furdoszobaszalon\/wp-content\/uploads\/2020\/02\/Tres-Lex-tres-3-495x400.jpg\" title='Tres Lex tres' alt='Tres Lex tres' \/><\/div><\/a><a href=\"https:\/\/www.bau-styl.hu\/furdoszobaszalon\/wp-content\/uploads\/2020\/02\/Tres-Lex-tres-2.jpg\" data-srcset=\"https:\/\/www.bau-styl.hu\/furdoszobaszalon\/wp-content\/uploads\/2020\/02\/Tres-Lex-tres-2.jpg 1000w, https:\/\/www.bau-styl.hu\/furdoszobaszalon\/wp-content\/uploads\/2020\/02\/Tres-Lex-tres-2-300x120.jpg 300w, https:\/\/www.bau-styl.hu\/furdoszobaszalon\/wp-content\/uploads\/2020\/02\/Tres-Lex-tres-2-768x307.jpg 768w, https:\/\/www.bau-styl.hu\/furdoszobaszalon\/wp-content\/uploads\/2020\/02\/Tres-Lex-tres-2-705x282.jpg 705w\" data-sizes=\"(max-width: 1000px) 100vw, 1000px\" data-rel='gallery-1' data-prev-img='https:\/\/www.bau-styl.hu\/furdoszobaszalon\/wp-content\/uploads\/2020\/02\/Tres-Lex-tres-2-495x400.jpg' class='lightbox ' data-onclick='2' title='Tres Lex tres'  itemprop=\"thumbnailUrl\"  ><img decoding=\"async\" fetchpriority=\"high\" class=\"wp-image-16514 avia-img-lazy-loading-not-16514\"   src=\"https:\/\/www.bau-styl.hu\/furdoszobaszalon\/wp-content\/uploads\/2020\/02\/Tres-Lex-tres-2-495x400.jpg\" width=\"495\" height=\"400\"  title='Tres Lex tres' alt='Tres Lex tres' \/><div class='big-prev-fake'><img decoding=\"async\" loading=\"lazy\" class=\"wp-image-16514 avia-img-lazy-loading-16514\"  width=\"495\" height=\"400\" src=\"https:\/\/www.bau-styl.hu\/furdoszobaszalon\/wp-content\/uploads\/2020\/02\/Tres-Lex-tres-2-495x400.jpg\" title='Tres Lex tres' alt='Tres Lex tres' \/><\/div><\/a><a href=\"https:\/\/www.bau-styl.hu\/furdoszobaszalon\/wp-content\/uploads\/2020\/02\/Tres-Lex-tres-1.jpg\" data-srcset=\"https:\/\/www.bau-styl.hu\/furdoszobaszalon\/wp-content\/uploads\/2020\/02\/Tres-Lex-tres-1.jpg 1000w, https:\/\/www.bau-styl.hu\/furdoszobaszalon\/wp-content\/uploads\/2020\/02\/Tres-Lex-tres-1-300x120.jpg 300w, https:\/\/www.bau-styl.hu\/furdoszobaszalon\/wp-content\/uploads\/2020\/02\/Tres-Lex-tres-1-768x307.jpg 768w, https:\/\/www.bau-styl.hu\/furdoszobaszalon\/wp-content\/uploads\/2020\/02\/Tres-Lex-tres-1-705x282.jpg 705w\" data-sizes=\"(max-width: 1000px) 100vw, 1000px\" data-rel='gallery-1' data-prev-img='https:\/\/www.bau-styl.hu\/furdoszobaszalon\/wp-content\/uploads\/2020\/02\/Tres-Lex-tres-1-495x400.jpg' class='lightbox ' data-onclick='3' title='Tres Lex tres'  itemprop=\"thumbnailUrl\"  ><img decoding=\"async\" fetchpriority=\"high\" class=\"wp-image-16513 avia-img-lazy-loading-not-16513\"   src=\"https:\/\/www.bau-styl.hu\/furdoszobaszalon\/wp-content\/uploads\/2020\/02\/Tres-Lex-tres-1-495x400.jpg\" width=\"495\" height=\"400\"  title='Tres Lex tres' alt='Tres Lex tres' \/><div class='big-prev-fake'><img decoding=\"async\" loading=\"lazy\" class=\"wp-image-16513 avia-img-lazy-loading-16513\"  width=\"495\" height=\"400\" src=\"https:\/\/www.bau-styl.hu\/furdoszobaszalon\/wp-content\/uploads\/2020\/02\/Tres-Lex-tres-1-495x400.jpg\" title='Tres Lex tres' alt='Tres Lex tres' \/><\/div><\/a><\/div><\/div>\n\n<style type=\"text\/css\" data-created_by=\"avia_inline_auto\" id=\"style-css-av-57naxxm-bf57d9455b0110d4c28fbed3bf3da47a\">\n#top .hr.hr-invisible.av-57naxxm-bf57d9455b0110d4c28fbed3bf3da47a{\nheight:50px;\n}\n<\/style>\n<div  class='hr av-57naxxm-bf57d9455b0110d4c28fbed3bf3da47a hr-invisible  avia-builder-el-9  el_after_av_gallery  el_before_av_one_full '><span class='hr-inner '><span class=\"hr-inner-style\"><\/span><\/span><\/div>\n\n<style type=\"text\/css\" data-created_by=\"avia_inline_auto\" id=\"style-css-av-tetkvb-3ef41c2f1f640cd589dee9b33c83cf85\">\n.flex_column.av-tetkvb-3ef41c2f1f640cd589dee9b33c83cf85{\nborder-radius:0px 0px 0px 0px;\npadding:0px 0px 0px 0px;\n}\n<\/style>\n<div  class='flex_column av-tetkvb-3ef41c2f1f640cd589dee9b33c83cf85 av_one_full  avia-builder-el-10  el_after_av_hr  avia-builder-el-last  first flex_column_div av-zero-column-padding  '     ><section  class='av_textblock_section av-k6tfxpen-742ec54894f8b28555c7357493501403 '   itemscope=\"itemscope\" itemtype=\"https:\/\/schema.org\/CreativeWork\" ><div class='avia_textblock'  itemprop=\"text\" ><p style=\"text-align: right;\"><a href=\"https:\/\/www.bau-styl.hu\/furdoszobaszalon\/index.php\/tres\/\">Vissza minden Tres kollekci\u00f3hoz<\/a><\/p>\n<\/div><\/section><\/div>\n\n<\/div><\/div><\/div><!-- close content main div --><\/div><\/div>\n<style type=\"text\/css\" data-created_by=\"avia_inline_auto\" id=\"style-css-av-k66ksdha-16d80d1c5701d53d50424c09a5f3ba6d\">\n.avia-section.av-k66ksdha-16d80d1c5701d53d50424c09a5f3ba6d{\nbackground-repeat:no-repeat;\nbackground-image:url(https:\/\/www.bau-styl.hu\/furdoszobaszalon\/wp-content\/uploads\/2020\/02\/Tres-Lex-tres-1.jpg);\nbackground-position:50% 50%;\nbackground-attachment:scroll;\n}\n.avia-section.av-k66ksdha-16d80d1c5701d53d50424c09a5f3ba6d .av-section-color-overlay{\nopacity:0.5;\nbackground-color:#000000;\n}\n<\/style>\n<div id='av_section_3'  class='avia-section av-k66ksdha-16d80d1c5701d53d50424c09a5f3ba6d main_color avia-section-default avia-no-shadow  avia-builder-el-12  el_after_av_section  avia-builder-el-last  avia-full-stretch avia-bg-style-scroll av-section-color-overlay-active container_wrap sidebar_right'  data-section-bg-repeat='stretch'><div class=\"av-section-color-overlay-wrap\"><div class=\"av-section-color-overlay\"><\/div><div class='container av-section-cont-open' ><div class='template-page content  av-content-small alpha units'><div class='post-entry post-entry-type-page post-entry-16618'><div class='entry-content-wrapper clearfix'>\n\n<style type=\"text\/css\" data-created_by=\"avia_inline_auto\" id=\"style-css-av-4rylane-8f04669513172302d9e0ee5a171f349f\">\n#top .hr.hr-invisible.av-4rylane-8f04669513172302d9e0ee5a171f349f{\nheight:50px;\n}\n<\/style>\n<div  class='hr av-4rylane-8f04669513172302d9e0ee5a171f349f hr-invisible  avia-builder-el-13  el_before_av_one_fifth  avia-builder-el-first '><span class='hr-inner '><span class=\"hr-inner-style\"><\/span><\/span><\/div>\n\n<style type=\"text\/css\" data-created_by=\"avia_inline_auto\" id=\"style-css-av-4a1z9ze-8489464163a7271acc1fe052494741e3\">\n.flex_column.av-4a1z9ze-8489464163a7271acc1fe052494741e3{\nborder-radius:0px 0px 0px 0px;\npadding:0px 0px 0px 0px;\n}\n<\/style>\n<div  class='flex_column av-4a1z9ze-8489464163a7271acc1fe052494741e3 av_one_fifth  avia-builder-el-14  el_after_av_hr  el_before_av_three_fifth  first flex_column_div av-zero-column-padding  '     ><\/div>\n<style type=\"text\/css\" data-created_by=\"avia_inline_auto\" id=\"style-css-av-3y8grxm-7f0b7fb69460ef5e5ed19c28e53f4f6f\">\n.flex_column.av-3y8grxm-7f0b7fb69460ef5e5ed19c28e53f4f6f{\nborder-radius:0px 0px 0px 0px;\npadding:0px 0px 0px 0px;\n}\n<\/style>\n<div  id=\"ajanlat\"  class='flex_column av-3y8grxm-7f0b7fb69460ef5e5ed19c28e53f4f6f av_three_fifth  avia-builder-el-15  el_after_av_one_fifth  el_before_av_one_fifth  flex_column_div av-zero-column-padding  '     ><style type=\"text\/css\" data-created_by=\"avia_inline_auto\" id=\"style-css-av-3iwwt4a-86d188e724b39e0880a1fd9c3bc6a386\">\n#top .av_textblock_section.av-3iwwt4a-86d188e724b39e0880a1fd9c3bc6a386 .avia_textblock{\nfont-size:24px;\ncolor:#ffffff;\n}\n<\/style>\n<section  class='av_textblock_section av-3iwwt4a-86d188e724b39e0880a1fd9c3bc6a386 '   itemscope=\"itemscope\" itemtype=\"https:\/\/schema.org\/CreativeWork\" ><div class='avia_textblock av_inherit_color'  itemprop=\"text\" ><p style=\"text-align: center;\"><strong>Ha elnyerte tetsz\u00e9s\u00e9t ez a kollekci\u00f3, forduljon hozz\u00e1nk bizalommal!<\/strong><\/p>\n<p style=\"text-align: center;\"><strong>Adja meg el\u00e9rhet\u0151s\u00e9g\u00e9t \u00e9s munkat\u00e1rsaink hamarosan felveszik \u00d6nnel a kapcsolatot!\u00a0<\/strong><\/p>\n<\/div><\/section><br \/>\n<form action=\"https:\/\/www.bau-styl.hu\/furdoszobaszalon\/tres-lex-tres\/\" method=\"post\" data-fields-with-error=\"Found errors in the following field(s):\" class=\"avia_ajax_form av-form-labels-visible   avia-builder-el-17  el_after_av_textblock  avia-builder-el-last  av-custom-form-color av-light-form \" data-avia-form-id=\"1\" data-avia-redirect='https:\/\/www.bau-styl.hu\/furdoszobaszalon\/koszonjuk-erdeklodeset\/' ><fieldset><p class='  first_form  form_element form_element_third' id='element_avia_1_1'><label for=\"avia_1_1\">N\u00e9v <abbr class=\"required\" title=\"required\">*<\/abbr><\/label> <input name=\"avia_1_1\" class=\"text_input is_empty\" type=\"text\" id=\"avia_1_1\" value=\"\" \/><\/p><p class='  form_element form_element_third' id='element_avia_2_1'><label for=\"avia_2_1\">E-Mail c\u00edm <abbr class=\"required\" title=\"required\">*<\/abbr><\/label> <input name=\"avia_2_1\" class=\"text_input is_email\" type=\"text\" id=\"avia_2_1\" value=\"\" \/><\/p><p class='  form_element form_element_third' id='element_avia_3_1'><label for=\"avia_3_1\">Telefonsz\u00e1m <abbr class=\"required\" title=\"required\">*<\/abbr><\/label> <input name=\"avia_3_1\" class=\"text_input is_phone\" type=\"text\" id=\"avia_3_1\" value=\"\" \/><\/p><p class='  first_form  form_element form_fullwidth' id='element_avia_4_1'><label for=\"avia_4_1\">C\u00edm <abbr class=\"required\" title=\"required\">*<\/abbr><\/label> <input name=\"avia_4_1\" class=\"text_input is_empty\" type=\"text\" id=\"avia_4_1\" value=\"\" \/><\/p><p class='  first_form  form_element form_fullwidth' id='element_avia_5_1'><label for=\"avia_5_1\" class=\"textare_label hidden textare_label_avia_5_1\">Megjegyz\u00e9s<\/label><textarea  name=\"avia_5_1\" class=\"text_area \" cols=\"40\" rows=\"7\" id=\"avia_5_1\" ><\/textarea><\/p><p class=\"hidden\"><input type=\"text\" name=\"avia_6_1\" class=\"hidden \" id=\"avia_6_1\" value=\"\" \/><\/p><p class=' av_form_privacy_check av_contact_privacy_check first_form  form_element form_fullwidth' id='element_avia_7_1'><input  name=\"avia_7_1\" class=\"input_checkbox is_empty\" type=\"checkbox\" id=\"avia_7_1\" value=\"true\"\/><label class=\"input_checkbox_label\" for=\"avia_7_1\">Elfogadom az adatkezel\u00e9si nyilatkozatot <abbr class=\"required\" title=\"required\">*<\/abbr><\/label><\/p><p class=\"form_element \"><input type=\"hidden\" value=\"1\" name=\"avia_generated_form1\" \/><input type=\"submit\" value=\"K\u00fcld\u00e9s\" class=\"button\"  data-sending-label=\"K\u00fcld\u00e9s\"\/><\/p><\/fieldset><\/form><div id=\"ajaxresponse_1\" class=\"ajaxresponse ajaxresponse_1 hidden\"><\/div><\/p><\/div>\n<style type=\"text\/css\" data-created_by=\"avia_inline_auto\" id=\"style-css-av-zgukru-ad5f70efbaf1cd725da7d9640c5adbcf\">\n.flex_column.av-zgukru-ad5f70efbaf1cd725da7d9640c5adbcf{\nborder-radius:0px 0px 0px 0px;\npadding:0px 0px 0px 0px;\n}\n<\/style>\n<div  class='flex_column av-zgukru-ad5f70efbaf1cd725da7d9640c5adbcf av_one_fifth  avia-builder-el-18  el_after_av_three_fifth  el_before_av_hr  flex_column_div av-zero-column-padding  '     ><\/div>\n<style type=\"text\/css\" data-created_by=\"avia_inline_auto\" id=\"style-css-av-r3l8oa-aa980faaee67a5603b86f8ac68d96833\">\n#top .hr.hr-invisible.av-r3l8oa-aa980faaee67a5603b86f8ac68d96833{\nheight:50px;\n}\n<\/style>\n<div  class='hr av-r3l8oa-aa980faaee67a5603b86f8ac68d96833 hr-invisible  avia-builder-el-19  el_after_av_one_fifth  avia-builder-el-last '><span class='hr-inner '><span class=\"hr-inner-style\"><\/span><\/span><\/div>\n<\/div><\/div><\/div><!-- close content main div --><\/div><\/div><\/div><div id='after_section_3'  class='main_color av_default_container_wrap container_wrap sidebar_right'  ><div class='container av-section-cont-open' ><div class='template-page content  av-content-small alpha units'><div class='post-entry post-entry-type-page post-entry-16618'><div class='entry-content-wrapper clearfix'>\n","protected":false},"excerpt":{"rendered":"","protected":false},"author":2,"featured_media":0,"parent":0,"menu_order":0,"comment_status":"closed","ping_status":"closed","template":"","meta":{"footnotes":""},"class_list":["post-16618","page","type-page","status-publish","hentry"],"aioseo_notices":[],"_links":{"self":[{"href":"https:\/\/www.bau-styl.hu\/furdoszobaszalon\/wp-json\/wp\/v2\/pages\/16618","targetHints":{"allow":["GET"]}}],"collection":[{"href":"https:\/\/www.bau-styl.hu\/furdoszobaszalon\/wp-json\/wp\/v2\/pages"}],"about":[{"href":"https:\/\/www.bau-styl.hu\/furdoszobaszalon\/wp-json\/wp\/v2\/types\/page"}],"author":[{"embeddable":true,"href":"https:\/\/www.bau-styl.hu\/furdoszobaszalon\/wp-json\/wp\/v2\/users\/2"}],"replies":[{"embeddable":true,"href":"https:\/\/www.bau-styl.hu\/furdoszobaszalon\/wp-json\/wp\/v2\/comments?post=16618"}],"version-history":[{"count":0,"href":"https:\/\/www.bau-styl.hu\/furdoszobaszalon\/wp-json\/wp\/v2\/pages\/16618\/revisions"}],"wp:attachment":[{"href":"https:\/\/www.bau-styl.hu\/furdoszobaszalon\/wp-json\/wp\/v2\/media?parent=16618"}],"curies":[{"name":"wp","href":"https:\/\/api.w.org\/{rel}","templated":true}]}}