{"id":16761,"date":"2020-02-04T14:22:23","date_gmt":"2020-02-04T13:22:23","guid":{"rendered":"https:\/\/www.bau-styl.hu\/furdoszobaszalon\/?page_id=16761"},"modified":"2021-01-26T12:59:58","modified_gmt":"2021-01-26T11:59:58","slug":"keuco","status":"publish","type":"page","link":"https:\/\/www.bau-styl.hu\/furdoszobaszalon\/keuco\/","title":{"rendered":"Keuco"},"content":{"rendered":"<div  class='flex_column av-8wy2v09-1c318ccf3a0ac9ed884546a974ee17bc av_one_fifth  avia-builder-el-0  el_before_av_four_fifth  avia-builder-el-first  first flex_column_div  '     ><style type=\"text\/css\" data-created_by=\"avia_inline_auto\" id=\"style-css-av-k67wxa2n-29aa36812bcf32ab0fd8402382a3f3ee\">\n.avia-image-container.av-k67wxa2n-29aa36812bcf32ab0fd8402382a3f3ee img.avia_image{\nbox-shadow:none;\n}\n.avia-image-container.av-k67wxa2n-29aa36812bcf32ab0fd8402382a3f3ee .av-image-caption-overlay-center{\ncolor:#ffffff;\n}\n<\/style>\n<div  class='avia-image-container av-k67wxa2n-29aa36812bcf32ab0fd8402382a3f3ee av-styling- avia-align-center  avia-builder-el-1  avia-builder-el-no-sibling '   itemprop=\"image\" itemscope=\"itemscope\" itemtype=\"https:\/\/schema.org\/ImageObject\" ><div class=\"avia-image-container-inner\"><div class=\"avia-image-overlay-wrap\"><img decoding=\"async\" fetchpriority=\"high\" class='wp-image-16694 avia-img-lazy-loading-not-16694 avia_image ' src=\"https:\/\/www.bau-styl.hu\/furdoszobaszalon\/wp-content\/uploads\/2020\/02\/keuco_logo.jpg\" alt='' title='keuco_logo'  height=\"300\" width=\"300\"  itemprop=\"thumbnailUrl\" srcset=\"https:\/\/www.bau-styl.hu\/furdoszobaszalon\/wp-content\/uploads\/2020\/02\/keuco_logo.jpg 300w, https:\/\/www.bau-styl.hu\/furdoszobaszalon\/wp-content\/uploads\/2020\/02\/keuco_logo-80x80.jpg 80w, https:\/\/www.bau-styl.hu\/furdoszobaszalon\/wp-content\/uploads\/2020\/02\/keuco_logo-36x36.jpg 36w, https:\/\/www.bau-styl.hu\/furdoszobaszalon\/wp-content\/uploads\/2020\/02\/keuco_logo-180x180.jpg 180w\" sizes=\"(max-width: 300px) 100vw, 300px\" \/><\/div><\/div><\/div><\/div>\n<style type=\"text\/css\" data-created_by=\"avia_inline_auto\" id=\"style-css-av-7wxh1rt-5ae4861ae9e04f1fd4d50ed32909ff76\">\n.flex_column.av-7wxh1rt-5ae4861ae9e04f1fd4d50ed32909ff76{\nborder-radius:0px 0px 0px 0px;\npadding:0px 0px 0px 0px;\n}\n<\/style>\n<div  class='flex_column av-7wxh1rt-5ae4861ae9e04f1fd4d50ed32909ff76 av_four_fifth  avia-builder-el-2  el_after_av_one_fifth  el_before_av_hr  flex_column_div av-zero-column-padding  '     ><section  class='av_textblock_section av-k67ww9u5-35970b1edbb1237f9faafd9896923bee '   itemscope=\"itemscope\" itemtype=\"https:\/\/schema.org\/CreativeWork\" ><div class='avia_textblock'  itemprop=\"text\" ><p><strong>KEUCO<\/strong><\/p>\n<hr \/>\n<p><span style=\"font-weight: 400;\">Pr\u00e9mium formatervez\u00e9s, apr\u00f3l\u00e9kos kivitelez\u00e9s, t\u00f6k\u00e9letes funkcionalit\u00e1s \u00e9s maxim\u00e1lis \u00e9lettartam jellemzik a KEUCO term\u00e9keit.<\/span><\/p>\n<p><span style=\"font-weight: 400;\">A f\u00fcrd\u0151szobai kieg\u00e9sz\u00edt\u0151k piacvezet\u0151jek\u00e9nt 1879-re visszany\u00fal\u00f3\u00a0 t\u00f6rt\u00e9nelemmel a KEUCO ma szerelv\u00e9nyek, kieg\u00e9sz\u00edt\u0151k, t\u00fck\u00f6r szekr\u00e9nyek, mosd\u00f3k \u00e9s f\u00fcrd\u0151szoba b\u00fatorok sz\u00e9les v\u00e1laszt\u00e9k\u00e1t k\u00edn\u00e1lja. A v\u00e1llalat t\u00f6rt\u00e9nete sor\u00e1n f\u00e1radhatatlan t\u00f6rekv\u00e9ssel hajtotta v\u00e9gre a folyamatos fejleszt\u00e9seket, fenntarthat\u00f3s\u00e1ggal p\u00e1ros\u00edtva. Szeretn\u00e9nek hozz\u00e1j\u00e1rulni ahhoz, hogy t\u00f6bb ember f\u00e9rjen hozz\u00e1 a tiszta iv\u00f3v\u00edzhez, ez\u00e9rt \u00fagy d\u00f6nt\u00f6ttek, hogy t\u00e1mogatj\u00e1k a KUMANGA e.V.-t, egy olyan szervezetet, amely k\u00f6zvetlen\u00fcl seg\u00edti az embereket. <\/span><span style=\"font-weight: 400;\"><br \/>\n<\/span><span style=\"font-weight: 400;\">A KEUCO f\u00fcrd\u0151szobai berendez\u00e9sei k\u00fcl\u00f6nf\u00e9le megold\u00e1sokat k\u00edn\u00e1lnak a mag\u00e1n- \u00e9s a sz\u00e1lloda f\u00fcrd\u0151szob\u00e1kba, valamint a nyilv\u00e1nos eg\u00e9szs\u00e9g\u00fcgyi ter\u00fcleteken. Kifinomult eszt\u00e9tik\u00e1juk, a legmagasabb funkcionalit\u00e1s \u00e9s a kiv\u00e1l\u00f3 min\u0151s\u00e9g miatt a vil\u00e1g minden t\u00e1j\u00e1n megtal\u00e1lhat\u00f3k f\u00fcrd\u0151szob\u00e1ik. Magas sz\u00ednvonal\u00fa f\u00fcrd\u0151szobai term\u00e9kek gy\u00e1rt\u00e1s\u00e1nak hagyom\u00e1nyaira tekint vissza, 1960-ban \u00e9p\u00edtett\u00e9k az els\u0151 saj\u00e1t gy\u00e1r\u00e9p\u00fcletet, ma m\u00e1r 3 telephelyen, 500 alkalmazottal m\u0171k\u00f6dnek.\u00a0 Egy tanulm\u00e1ny szerint N\u00e9metorsz\u00e1g legjobb 100 munk\u00e1ltat\u00f3ja k\u00f6z\u00f6tt van.\u00a0<\/span><\/p>\n<\/div><\/section><\/div><\/p>\n\n<style type=\"text\/css\" data-created_by=\"avia_inline_auto\" id=\"style-css-av-7rp5n4p-6309835d2dcfa7ba4101f4a35a90c749\">\n#top .hr.hr-invisible.av-7rp5n4p-6309835d2dcfa7ba4101f4a35a90c749{\nheight:50px;\n}\n<\/style>\n<div  class='hr av-7rp5n4p-6309835d2dcfa7ba4101f4a35a90c749 hr-invisible  avia-builder-el-4  el_after_av_four_fifth  el_before_av_one_third '><span class='hr-inner '><span class=\"hr-inner-style\"><\/span><\/span><\/div>\n<div  class='flex_column av-1ea4zp3-a1c1c243c9bfac826ebac8e86ef57625 av_one_third  avia-builder-el-5  el_after_av_hr  el_before_av_one_third  first flex_column_div  '     ><p><section  class='av_textblock_section av-1c6kfvr-f2a7c6f5f2e94a27d4a5dd1018849119 '   itemscope=\"itemscope\" itemtype=\"https:\/\/schema.org\/CreativeWork\" ><div class='avia_textblock'  itemprop=\"text\" ><p><strong>EDITION 11<\/strong><\/p>\n<\/div><\/section><br \/>\n\n<style type=\"text\/css\" data-created_by=\"avia_inline_auto\" id=\"style-css-av-4nr9gn-eff56d628e3e097d3b5a0d918330aa3d\">\n.avia-image-container.av-4nr9gn-eff56d628e3e097d3b5a0d918330aa3d img.avia_image{\nbox-shadow:none;\n}\n.avia-image-container.av-4nr9gn-eff56d628e3e097d3b5a0d918330aa3d .av-image-caption-overlay-center{\ncolor:#ffffff;\n}\n<\/style>\n<div  class='avia-image-container av-4nr9gn-eff56d628e3e097d3b5a0d918330aa3d av-styling- av-hover-grow av-hide-overflow av-img-linked avia-align-center  avia-builder-el-7  el_after_av_textblock  avia-builder-el-last '   itemprop=\"image\" itemscope=\"itemscope\" itemtype=\"https:\/\/schema.org\/ImageObject\" ><div class=\"avia-image-container-inner\"><div class=\"avia-image-overlay-wrap\"><a href=\"https:\/\/www.bau-styl.hu\/furdoszobaszalon\/keuco-edition-11\/\" class='avia_image '  aria-label='Keuco Edition 11'><img decoding=\"async\" fetchpriority=\"high\" class='wp-image-16846 avia-img-lazy-loading-not-16846 avia_image ' src=\"https:\/\/www.bau-styl.hu\/furdoszobaszalon\/wp-content\/uploads\/2020\/02\/Keuco-Edition-11-24-495x400.jpg\" alt='Keuco Edition 11' title='Keuco Edition 11'  height=\"400\" width=\"495\"  itemprop=\"thumbnailUrl\"  \/><\/a><\/div><\/div><\/div><\/p><\/div>\n<div  class='flex_column av-1ea4zp3-98ee696e204499d66f6eb87dde65476a av_one_third  avia-builder-el-8  el_after_av_one_third  el_before_av_one_third  flex_column_div  '     ><p><section  class='av_textblock_section av-1c6kfvr-f2a7c6f5f2e94a27d4a5dd1018849119 '   itemscope=\"itemscope\" itemtype=\"https:\/\/schema.org\/CreativeWork\" ><div class='avia_textblock'  itemprop=\"text\" ><p><strong>EDITION 400<\/strong><\/p>\n<\/div><\/section><br \/>\n\n<style type=\"text\/css\" data-created_by=\"avia_inline_auto\" id=\"style-css-av-4nr9gn-f31f8123361f77e11a827b95353dbd6b\">\n.avia-image-container.av-4nr9gn-f31f8123361f77e11a827b95353dbd6b img.avia_image{\nbox-shadow:none;\n}\n.avia-image-container.av-4nr9gn-f31f8123361f77e11a827b95353dbd6b .av-image-caption-overlay-center{\ncolor:#ffffff;\n}\n<\/style>\n<div  class='avia-image-container av-4nr9gn-f31f8123361f77e11a827b95353dbd6b av-styling- av-hover-grow av-hide-overflow av-img-linked avia-align-center  avia-builder-el-10  el_after_av_textblock  avia-builder-el-last '   itemprop=\"image\" itemscope=\"itemscope\" itemtype=\"https:\/\/schema.org\/ImageObject\" ><div class=\"avia-image-container-inner\"><div class=\"avia-image-overlay-wrap\"><a href=\"https:\/\/www.bau-styl.hu\/furdoszobaszalon\/keuco-edition-400\/\" class='avia_image '  aria-label='Keuco Edition 400'><img decoding=\"async\" fetchpriority=\"high\" class='wp-image-16881 avia-img-lazy-loading-not-16881 avia_image ' src=\"https:\/\/www.bau-styl.hu\/furdoszobaszalon\/wp-content\/uploads\/2020\/02\/Keuco-Edition-400-33-495x400.jpg\" alt='Keuco Edition 400' title='Keuco Edition 400'  height=\"400\" width=\"495\"  itemprop=\"thumbnailUrl\"  \/><\/a><\/div><\/div><\/div><\/p><\/div>\n<div  class='flex_column av-1ea4zp3-98ee696e204499d66f6eb87dde65476a av_one_third  avia-builder-el-11  el_after_av_one_third  el_before_av_one_third  flex_column_div  '     ><p><section  class='av_textblock_section av-1c6kfvr-f2a7c6f5f2e94a27d4a5dd1018849119 '   itemscope=\"itemscope\" itemtype=\"https:\/\/schema.org\/CreativeWork\" ><div class='avia_textblock'  itemprop=\"text\" ><p><strong>ELEGANCE<\/strong><\/p>\n<\/div><\/section><br \/>\n\n<style type=\"text\/css\" data-created_by=\"avia_inline_auto\" id=\"style-css-av-4nr9gn-a76a7b59da7cd732887e1dbb6073056b\">\n.avia-image-container.av-4nr9gn-a76a7b59da7cd732887e1dbb6073056b img.avia_image{\nbox-shadow:none;\n}\n.avia-image-container.av-4nr9gn-a76a7b59da7cd732887e1dbb6073056b .av-image-caption-overlay-center{\ncolor:#ffffff;\n}\n<\/style>\n<div  class='avia-image-container av-4nr9gn-a76a7b59da7cd732887e1dbb6073056b av-styling- av-hover-grow av-hide-overflow av-img-linked avia-align-center  avia-builder-el-13  el_after_av_textblock  avia-builder-el-last '   itemprop=\"image\" itemscope=\"itemscope\" itemtype=\"https:\/\/schema.org\/ImageObject\" ><div class=\"avia-image-container-inner\"><div class=\"avia-image-overlay-wrap\"><a href=\"https:\/\/www.bau-styl.hu\/furdoszobaszalon\/keuco-elegance\/\" class='avia_image '  aria-label='Keuco Elegance'><img decoding=\"async\" fetchpriority=\"high\" class='wp-image-16914 avia-img-lazy-loading-not-16914 avia_image ' src=\"https:\/\/www.bau-styl.hu\/furdoszobaszalon\/wp-content\/uploads\/2020\/02\/Keuco-Elegance-25-495x400.jpg\" alt='Keuco Elegance' title='Keuco Elegance'  height=\"400\" width=\"495\"  itemprop=\"thumbnailUrl\"  \/><\/a><\/div><\/div><\/div><\/p><\/div>\n<div  class='flex_column av-1ea4zp3-a1c1c243c9bfac826ebac8e86ef57625 av_one_third  avia-builder-el-14  el_after_av_one_third  avia-builder-el-last  first flex_column_div  column-top-margin'     ><p><section  class='av_textblock_section av-1c6kfvr-f2a7c6f5f2e94a27d4a5dd1018849119 '   itemscope=\"itemscope\" itemtype=\"https:\/\/schema.org\/CreativeWork\" ><div class='avia_textblock'  itemprop=\"text\" ><p><strong>MOLL<\/strong><\/p>\n<\/div><\/section><br \/>\n\n<style type=\"text\/css\" data-created_by=\"avia_inline_auto\" id=\"style-css-av-4nr9gn-2323287f8d1c7579b230db21d115692c\">\n.avia-image-container.av-4nr9gn-2323287f8d1c7579b230db21d115692c img.avia_image{\nbox-shadow:none;\n}\n.avia-image-container.av-4nr9gn-2323287f8d1c7579b230db21d115692c .av-image-caption-overlay-center{\ncolor:#ffffff;\n}\n<\/style>\n<div  class='avia-image-container av-4nr9gn-2323287f8d1c7579b230db21d115692c av-styling- av-hover-grow av-hide-overflow av-img-linked avia-align-center  avia-builder-el-16  el_after_av_textblock  avia-builder-el-last '   itemprop=\"image\" itemscope=\"itemscope\" itemtype=\"https:\/\/schema.org\/ImageObject\" ><div class=\"avia-image-container-inner\"><div class=\"avia-image-overlay-wrap\"><a href=\"https:\/\/www.bau-styl.hu\/furdoszobaszalon\/keuco-moll\/\" class='avia_image '  aria-label='Keuco Moll'><img decoding=\"async\" fetchpriority=\"high\" class='wp-image-16929 avia-img-lazy-loading-not-16929 avia_image ' src=\"https:\/\/www.bau-styl.hu\/furdoszobaszalon\/wp-content\/uploads\/2020\/02\/Keuco-Moll-12-495x400.jpg\" alt='Keuco Moll' title='Keuco Moll'  height=\"400\" width=\"495\"  itemprop=\"thumbnailUrl\" srcset=\"https:\/\/www.bau-styl.hu\/furdoszobaszalon\/wp-content\/uploads\/2020\/02\/Keuco-Moll-12-495x400.jpg 495w, https:\/\/www.bau-styl.hu\/furdoszobaszalon\/wp-content\/uploads\/2020\/02\/Keuco-Moll-12-845x684.jpg 845w\" sizes=\"(max-width: 495px) 100vw, 495px\" \/><\/a><\/div><\/div><\/div><\/p><\/div>\n","protected":false},"excerpt":{"rendered":"","protected":false},"author":2,"featured_media":0,"parent":0,"menu_order":0,"comment_status":"closed","ping_status":"closed","template":"","meta":{"footnotes":""},"class_list":["post-16761","page","type-page","status-publish","hentry"],"aioseo_notices":[],"_links":{"self":[{"href":"https:\/\/www.bau-styl.hu\/furdoszobaszalon\/wp-json\/wp\/v2\/pages\/16761","targetHints":{"allow":["GET"]}}],"collection":[{"href":"https:\/\/www.bau-styl.hu\/furdoszobaszalon\/wp-json\/wp\/v2\/pages"}],"about":[{"href":"https:\/\/www.bau-styl.hu\/furdoszobaszalon\/wp-json\/wp\/v2\/types\/page"}],"author":[{"embeddable":true,"href":"https:\/\/www.bau-styl.hu\/furdoszobaszalon\/wp-json\/wp\/v2\/users\/2"}],"replies":[{"embeddable":true,"href":"https:\/\/www.bau-styl.hu\/furdoszobaszalon\/wp-json\/wp\/v2\/comments?post=16761"}],"version-history":[{"count":0,"href":"https:\/\/www.bau-styl.hu\/furdoszobaszalon\/wp-json\/wp\/v2\/pages\/16761\/revisions"}],"wp:attachment":[{"href":"https:\/\/www.bau-styl.hu\/furdoszobaszalon\/wp-json\/wp\/v2\/media?parent=16761"}],"curies":[{"name":"wp","href":"https:\/\/api.w.org\/{rel}","templated":true}]}}