{"id":17327,"date":"2020-02-26T11:50:12","date_gmt":"2020-02-26T10:50:12","guid":{"rendered":"https:\/\/www.bau-styl.hu\/furdoszobaszalon\/?page_id=17327"},"modified":"2021-01-26T10:04:39","modified_gmt":"2021-01-26T09:04:39","slug":"grohe-minta","status":"publish","type":"page","link":"https:\/\/www.bau-styl.hu\/furdoszobaszalon\/grohe-minta\/","title":{"rendered":"Grohe Minta"},"content":{"rendered":"\n<style type=\"text\/css\" data-created_by=\"avia_inline_auto\" id=\"style-css-av-k7375sov-e461d3fed14dc3388762c88c45cd3c47\">\n.avia-section.av-k7375sov-e461d3fed14dc3388762c88c45cd3c47{\nbackground-repeat:no-repeat;\nbackground-image:url(https:\/\/www.bau-styl.hu\/furdoszobaszalon\/wp-content\/uploads\/2020\/02\/Grohe-Minta-2.jpg);\nbackground-position:50% 50%;\nbackground-attachment:scroll;\n}\n.avia-section.av-k7375sov-e461d3fed14dc3388762c88c45cd3c47 .av-section-color-overlay{\nopacity:0.5;\nbackground-color:#000000;\n}\n<\/style>\n<div id='av_section_1'  class='avia-section av-k7375sov-e461d3fed14dc3388762c88c45cd3c47 main_color avia-section-default avia-no-shadow  avia-builder-el-0  el_before_av_section  avia-builder-el-first  avia-full-stretch avia-bg-style-scroll av-section-color-overlay-active container_wrap sidebar_right'  data-section-bg-repeat='stretch'><div class=\"av-section-color-overlay-wrap\"><div class=\"av-section-color-overlay\"><\/div><div class='container av-section-cont-open' ><main  role=\"main\" itemprop=\"mainContentOfPage\"  class='template-page content  av-content-small alpha units'><div class='post-entry post-entry-type-page post-entry-17327'><div class='entry-content-wrapper clearfix'>\n\n<style type=\"text\/css\" data-created_by=\"avia_inline_auto\" id=\"style-css-av-71bj9ov-f190b5a304378875f62885ed0eb7d037\">\n#top .hr.hr-invisible.av-71bj9ov-f190b5a304378875f62885ed0eb7d037{\nheight:50px;\n}\n<\/style>\n<div  class='hr av-71bj9ov-f190b5a304378875f62885ed0eb7d037 hr-invisible  avia-builder-el-1  el_before_av_textblock  avia-builder-el-first '><span class='hr-inner '><span class=\"hr-inner-style\"><\/span><\/span><\/div>\n\n<style type=\"text\/css\" data-created_by=\"avia_inline_auto\" id=\"style-css-av-k7373l14-8e3821c9a4a6d7f153389b520b74206a\">\n#top .av_textblock_section.av-k7373l14-8e3821c9a4a6d7f153389b520b74206a .avia_textblock{\nfont-size:24px;\ncolor:#ffffff;\n}\n<\/style>\n<section  class='av_textblock_section av-k7373l14-8e3821c9a4a6d7f153389b520b74206a '   itemscope=\"itemscope\" itemtype=\"https:\/\/schema.org\/CreativeWork\" ><div class='avia_textblock av_inherit_color'  itemprop=\"text\" ><p style=\"text-align: center;\"><strong>MINTA<\/strong><\/p>\n<\/div><\/section>\n\n<style type=\"text\/css\" data-created_by=\"avia_inline_auto\" id=\"style-css-av-6jz3ufj-031e40a1f1c03238c2c19e8e9b2cf555\">\n#top .hr.hr-invisible.av-6jz3ufj-031e40a1f1c03238c2c19e8e9b2cf555{\nheight:50px;\n}\n<\/style>\n<div  class='hr av-6jz3ufj-031e40a1f1c03238c2c19e8e9b2cf555 hr-invisible  avia-builder-el-3  el_after_av_textblock  avia-builder-el-last '><span class='hr-inner '><span class=\"hr-inner-style\"><\/span><\/span><\/div>\n\n<\/div><\/div><\/main><!-- close content main element --><\/div><\/div><\/div><div id='av_section_2'  class='avia-section av-63qe17z-36d8c37138bbef693a21309284eef6db main_color avia-section-default avia-no-shadow  avia-builder-el-4  el_after_av_section  el_before_av_section  avia-bg-style-scroll container_wrap sidebar_right'  ><div class='container av-section-cont-open' ><div class='template-page content  av-content-small alpha units'><div class='post-entry post-entry-type-page post-entry-17327'><div class='entry-content-wrapper clearfix'>\n<section  class='av_textblock_section av-k7373w6n-084363019a72d1b41564fdaf30f6c2e8 '   itemscope=\"itemscope\" itemtype=\"https:\/\/schema.org\/CreativeWork\" ><div class='avia_textblock'  itemprop=\"text\" ><p style=\"text-align: justify;\"><span style=\"font-weight: 400;\">Modern enteri\u0151rh\u00f6z tervezett kollekci\u00f3, a forma \u00e9s funkci\u00f3 harmoniz\u00e1l\u00e1s\u00e1val. A kifoly\u00f3cs\u0151 h\u00e1rom k\u00fcl\u00f6nb\u00f6z\u0151 kialak\u00edt\u00e1s\u00fa form\u00e1ban kaphat\u00f3: Az U-alak\u00fa, a C-alak\u00fa \u00e9s az L-alak\u00fa Minta az elforgathat\u00f3 karcs\u00fa kifoly\u00f3cs\u0151 letisztults\u00e1g\u00e1t kombin\u00e1lja a kih\u00fazhat\u00f3 \u00f6bl\u00edt\u0151zuhany k\u00e9nyelm\u00e9vel. Az egyenletes v\u00edzsug\u00e1r megnyit\u00e1s\u00e1hoz haszn\u00e1lhat\u00f3 kar SilkMove\u00ae technol\u00f3gi\u00e1t alkalmaznak. A StarLight\u00ae kr\u00f3mbevonat id\u0151t\u00e1ll\u00f3 partner a konyh\u00e1j\u00e1ban \u00e9vek m\u00falt\u00e1n is.\u00a0<\/span><\/p>\n<\/div><\/section>\n<section  class='av_textblock_section av-pd983y-b1fa89478f6804fa4b17eb2c905af87b '   itemscope=\"itemscope\" itemtype=\"https:\/\/schema.org\/CreativeWork\" ><div class='avia_textblock'  itemprop=\"text\" ><p style=\"text-align: right;\"><mark><strong><a href=\"#ajanlat\">Aj\u00e1nlatot k\u00e9rek!<\/a><\/strong><\/mark><\/p>\n<\/div><\/section>\n\n<style type=\"text\/css\" data-created_by=\"avia_inline_auto\" id=\"style-css-av-5yb854f-0e41403e26fe9b135f9e168e7f2cab13\">\n#top .hr.hr-invisible.av-5yb854f-0e41403e26fe9b135f9e168e7f2cab13{\nheight:50px;\n}\n<\/style>\n<div  class='hr av-5yb854f-0e41403e26fe9b135f9e168e7f2cab13 hr-invisible  avia-builder-el-7  el_after_av_textblock  el_before_av_gallery '><span class='hr-inner '><span class=\"hr-inner-style\"><\/span><\/span><\/div>\n\n<style type=\"text\/css\" data-created_by=\"avia_inline_auto\" id=\"style-css-av-k73758b2-f47adbfc2f731f08339138929c9b6c35\">\n#top .avia-gallery.av-k73758b2-f47adbfc2f731f08339138929c9b6c35 .avia-gallery-thumb a{\nwidth:20%;\n}\n<\/style>\n<div  class='avia-gallery av-k73758b2-f47adbfc2f731f08339138929c9b6c35 avia_animate_when_visible  avia-builder-el-8  el_after_av_hr  el_before_av_hr  avia_lazyload avia-gallery-animate avia-gallery-1'  itemprop=\"image\" itemscope=\"itemscope\" itemtype=\"https:\/\/schema.org\/ImageObject\" ><meta itemprop=\"contentURL\" content=\"https:\/\/www.bau-styl.hu\/furdoszobaszalon\/grohe-minta\/\"><div class='avia-gallery-thumb'><a href=\"https:\/\/www.bau-styl.hu\/furdoszobaszalon\/wp-content\/uploads\/2020\/02\/Grohe-Minta-1-1030x819.jpg\" data-srcset=\"https:\/\/www.bau-styl.hu\/furdoszobaszalon\/wp-content\/uploads\/2020\/02\/Grohe-Minta-1-1030x819.jpg 1030w, https:\/\/www.bau-styl.hu\/furdoszobaszalon\/wp-content\/uploads\/2020\/02\/Grohe-Minta-1-300x239.jpg 300w, https:\/\/www.bau-styl.hu\/furdoszobaszalon\/wp-content\/uploads\/2020\/02\/Grohe-Minta-1-768x611.jpg 768w, https:\/\/www.bau-styl.hu\/furdoszobaszalon\/wp-content\/uploads\/2020\/02\/Grohe-Minta-1-705x561.jpg 705w, https:\/\/www.bau-styl.hu\/furdoszobaszalon\/wp-content\/uploads\/2020\/02\/Grohe-Minta-1.jpg 1500w\" data-sizes=\"(max-width: 1030px) 100vw, 1030px\" data-rel='gallery-1' data-prev-img='https:\/\/www.bau-styl.hu\/furdoszobaszalon\/wp-content\/uploads\/2020\/02\/Grohe-Minta-1-495x400.jpg' class='first_thumb lightbox ' data-onclick='1' title='Grohe Minta'  itemprop=\"thumbnailUrl\"  ><img decoding=\"async\" fetchpriority=\"high\" class=\"wp-image-17236 avia-img-lazy-loading-not-17236\"   src=\"https:\/\/www.bau-styl.hu\/furdoszobaszalon\/wp-content\/uploads\/2020\/02\/Grohe-Minta-1-495x400.jpg\" width=\"495\" height=\"400\"  title='Grohe Minta' alt='Grohe Minta' srcset=\"https:\/\/www.bau-styl.hu\/furdoszobaszalon\/wp-content\/uploads\/2020\/02\/Grohe-Minta-1-495x400.jpg 495w, https:\/\/www.bau-styl.hu\/furdoszobaszalon\/wp-content\/uploads\/2020\/02\/Grohe-Minta-1-845x684.jpg 845w\" sizes=\"(max-width: 495px) 100vw, 495px\" \/><div class='big-prev-fake'><img decoding=\"async\" loading=\"lazy\" class=\"wp-image-17236 avia-img-lazy-loading-17236\"  width=\"495\" height=\"400\" src=\"https:\/\/www.bau-styl.hu\/furdoszobaszalon\/wp-content\/uploads\/2020\/02\/Grohe-Minta-1-495x400.jpg\" title='Grohe Minta' alt='Grohe Minta' srcset=\"https:\/\/www.bau-styl.hu\/furdoszobaszalon\/wp-content\/uploads\/2020\/02\/Grohe-Minta-1-495x400.jpg 495w, https:\/\/www.bau-styl.hu\/furdoszobaszalon\/wp-content\/uploads\/2020\/02\/Grohe-Minta-1-845x684.jpg 845w\" sizes=\"auto, (max-width: 495px) 100vw, 495px\" \/><\/div><\/a><a href=\"https:\/\/www.bau-styl.hu\/furdoszobaszalon\/wp-content\/uploads\/2020\/02\/Grohe-Minta-2-662x1030.jpg\" data-srcset=\"https:\/\/www.bau-styl.hu\/furdoszobaszalon\/wp-content\/uploads\/2020\/02\/Grohe-Minta-2-662x1030.jpg 662w, https:\/\/www.bau-styl.hu\/furdoszobaszalon\/wp-content\/uploads\/2020\/02\/Grohe-Minta-2-193x300.jpg 193w, https:\/\/www.bau-styl.hu\/furdoszobaszalon\/wp-content\/uploads\/2020\/02\/Grohe-Minta-2-768x1195.jpg 768w, https:\/\/www.bau-styl.hu\/furdoszobaszalon\/wp-content\/uploads\/2020\/02\/Grohe-Minta-2-987x1536.jpg 987w, https:\/\/www.bau-styl.hu\/furdoszobaszalon\/wp-content\/uploads\/2020\/02\/Grohe-Minta-2-1316x2048.jpg 1316w, https:\/\/www.bau-styl.hu\/furdoszobaszalon\/wp-content\/uploads\/2020\/02\/Grohe-Minta-2-964x1500.jpg 964w, https:\/\/www.bau-styl.hu\/furdoszobaszalon\/wp-content\/uploads\/2020\/02\/Grohe-Minta-2-453x705.jpg 453w, https:\/\/www.bau-styl.hu\/furdoszobaszalon\/wp-content\/uploads\/2020\/02\/Grohe-Minta-2.jpg 1500w\" data-sizes=\"(max-width: 662px) 100vw, 662px\" data-rel='gallery-1' data-prev-img='https:\/\/www.bau-styl.hu\/furdoszobaszalon\/wp-content\/uploads\/2020\/02\/Grohe-Minta-2-495x400.jpg' class='lightbox ' data-onclick='2' title='Grohe Minta'  itemprop=\"thumbnailUrl\"  ><img decoding=\"async\" fetchpriority=\"high\" class=\"wp-image-17237 avia-img-lazy-loading-not-17237\"   src=\"https:\/\/www.bau-styl.hu\/furdoszobaszalon\/wp-content\/uploads\/2020\/02\/Grohe-Minta-2-495x400.jpg\" width=\"495\" height=\"400\"  title='Grohe Minta' alt='Grohe Minta' srcset=\"https:\/\/www.bau-styl.hu\/furdoszobaszalon\/wp-content\/uploads\/2020\/02\/Grohe-Minta-2-495x400.jpg 495w, https:\/\/www.bau-styl.hu\/furdoszobaszalon\/wp-content\/uploads\/2020\/02\/Grohe-Minta-2-845x684.jpg 845w\" sizes=\"(max-width: 495px) 100vw, 495px\" \/><div class='big-prev-fake'><img decoding=\"async\" loading=\"lazy\" class=\"wp-image-17237 avia-img-lazy-loading-17237\"  width=\"495\" height=\"400\" src=\"https:\/\/www.bau-styl.hu\/furdoszobaszalon\/wp-content\/uploads\/2020\/02\/Grohe-Minta-2-495x400.jpg\" title='Grohe Minta' alt='Grohe Minta' srcset=\"https:\/\/www.bau-styl.hu\/furdoszobaszalon\/wp-content\/uploads\/2020\/02\/Grohe-Minta-2-495x400.jpg 495w, https:\/\/www.bau-styl.hu\/furdoszobaszalon\/wp-content\/uploads\/2020\/02\/Grohe-Minta-2-845x684.jpg 845w\" sizes=\"auto, (max-width: 495px) 100vw, 495px\" \/><\/div><\/a><a href=\"https:\/\/www.bau-styl.hu\/furdoszobaszalon\/wp-content\/uploads\/2020\/02\/Grohe-Minta-3-1030x729.jpg\" data-rel='gallery-1' data-prev-img='https:\/\/www.bau-styl.hu\/furdoszobaszalon\/wp-content\/uploads\/2020\/02\/Grohe-Minta-3-495x400.jpg' class='lightbox ' data-onclick='3' title='Grohe Minta'  itemprop=\"thumbnailUrl\"  ><img decoding=\"async\" fetchpriority=\"high\" class=\"wp-image-17238 avia-img-lazy-loading-not-17238\"   src=\"https:\/\/www.bau-styl.hu\/furdoszobaszalon\/wp-content\/uploads\/2020\/02\/Grohe-Minta-3-495x400.jpg\" width=\"495\" height=\"400\"  title='Grohe Minta' alt='Grohe Minta' \/><div class='big-prev-fake'><img decoding=\"async\" loading=\"lazy\" class=\"wp-image-17238 avia-img-lazy-loading-17238\"  width=\"495\" height=\"400\" src=\"https:\/\/www.bau-styl.hu\/furdoszobaszalon\/wp-content\/uploads\/2020\/02\/Grohe-Minta-3-495x400.jpg\" title='Grohe Minta' alt='Grohe Minta' \/><\/div><\/a><a href=\"https:\/\/www.bau-styl.hu\/furdoszobaszalon\/wp-content\/uploads\/2020\/02\/Grohe-Minta-4-1030x834.jpg\" data-rel='gallery-1' data-prev-img='https:\/\/www.bau-styl.hu\/furdoszobaszalon\/wp-content\/uploads\/2020\/02\/Grohe-Minta-4-495x400.jpg' class='lightbox ' data-onclick='4' title='Grohe Minta'  itemprop=\"thumbnailUrl\"  ><img decoding=\"async\" fetchpriority=\"high\" class=\"wp-image-17239 avia-img-lazy-loading-not-17239\"   src=\"https:\/\/www.bau-styl.hu\/furdoszobaszalon\/wp-content\/uploads\/2020\/02\/Grohe-Minta-4-495x400.jpg\" width=\"495\" height=\"400\"  title='Grohe Minta' alt='Grohe Minta' \/><div class='big-prev-fake'><img decoding=\"async\" loading=\"lazy\" class=\"wp-image-17239 avia-img-lazy-loading-17239\"  width=\"495\" height=\"400\" src=\"https:\/\/www.bau-styl.hu\/furdoszobaszalon\/wp-content\/uploads\/2020\/02\/Grohe-Minta-4-495x400.jpg\" title='Grohe Minta' alt='Grohe Minta' \/><\/div><\/a><a href=\"https:\/\/www.bau-styl.hu\/furdoszobaszalon\/wp-content\/uploads\/2020\/02\/Grohe-Minta-5-1006x1030.jpg\" data-srcset=\"https:\/\/www.bau-styl.hu\/furdoszobaszalon\/wp-content\/uploads\/2020\/02\/Grohe-Minta-5-1006x1030.jpg 1006w, https:\/\/www.bau-styl.hu\/furdoszobaszalon\/wp-content\/uploads\/2020\/02\/Grohe-Minta-5-293x300.jpg 293w, https:\/\/www.bau-styl.hu\/furdoszobaszalon\/wp-content\/uploads\/2020\/02\/Grohe-Minta-5-768x786.jpg 768w, https:\/\/www.bau-styl.hu\/furdoszobaszalon\/wp-content\/uploads\/2020\/02\/Grohe-Minta-5-36x36.jpg 36w, https:\/\/www.bau-styl.hu\/furdoszobaszalon\/wp-content\/uploads\/2020\/02\/Grohe-Minta-5-1465x1500.jpg 1465w, https:\/\/www.bau-styl.hu\/furdoszobaszalon\/wp-content\/uploads\/2020\/02\/Grohe-Minta-5-688x705.jpg 688w, https:\/\/www.bau-styl.hu\/furdoszobaszalon\/wp-content\/uploads\/2020\/02\/Grohe-Minta-5.jpg 1500w\" data-sizes=\"(max-width: 1006px) 100vw, 1006px\" data-rel='gallery-1' data-prev-img='https:\/\/www.bau-styl.hu\/furdoszobaszalon\/wp-content\/uploads\/2020\/02\/Grohe-Minta-5-495x400.jpg' class='lightbox ' data-onclick='5' title='Grohe Minta'  itemprop=\"thumbnailUrl\"  ><img decoding=\"async\" fetchpriority=\"high\" class=\"wp-image-17240 avia-img-lazy-loading-not-17240\"   src=\"https:\/\/www.bau-styl.hu\/furdoszobaszalon\/wp-content\/uploads\/2020\/02\/Grohe-Minta-5-495x400.jpg\" width=\"495\" height=\"400\"  title='Grohe Minta' alt='Grohe Minta' srcset=\"https:\/\/www.bau-styl.hu\/furdoszobaszalon\/wp-content\/uploads\/2020\/02\/Grohe-Minta-5-495x400.jpg 495w, https:\/\/www.bau-styl.hu\/furdoszobaszalon\/wp-content\/uploads\/2020\/02\/Grohe-Minta-5-845x684.jpg 845w\" sizes=\"(max-width: 495px) 100vw, 495px\" \/><div class='big-prev-fake'><img decoding=\"async\" loading=\"lazy\" class=\"wp-image-17240 avia-img-lazy-loading-17240\"  width=\"495\" height=\"400\" src=\"https:\/\/www.bau-styl.hu\/furdoszobaszalon\/wp-content\/uploads\/2020\/02\/Grohe-Minta-5-495x400.jpg\" title='Grohe Minta' alt='Grohe Minta' srcset=\"https:\/\/www.bau-styl.hu\/furdoszobaszalon\/wp-content\/uploads\/2020\/02\/Grohe-Minta-5-495x400.jpg 495w, https:\/\/www.bau-styl.hu\/furdoszobaszalon\/wp-content\/uploads\/2020\/02\/Grohe-Minta-5-845x684.jpg 845w\" sizes=\"auto, (max-width: 495px) 100vw, 495px\" \/><\/div><\/a><a href=\"https:\/\/www.bau-styl.hu\/furdoszobaszalon\/wp-content\/uploads\/2020\/02\/Grohe-Minta-6-1030x772.jpg\" data-srcset=\"https:\/\/www.bau-styl.hu\/furdoszobaszalon\/wp-content\/uploads\/2020\/02\/Grohe-Minta-6-1030x772.jpg 1030w, https:\/\/www.bau-styl.hu\/furdoszobaszalon\/wp-content\/uploads\/2020\/02\/Grohe-Minta-6-300x225.jpg 300w, https:\/\/www.bau-styl.hu\/furdoszobaszalon\/wp-content\/uploads\/2020\/02\/Grohe-Minta-6-768x575.jpg 768w, https:\/\/www.bau-styl.hu\/furdoszobaszalon\/wp-content\/uploads\/2020\/02\/Grohe-Minta-6-705x528.jpg 705w, https:\/\/www.bau-styl.hu\/furdoszobaszalon\/wp-content\/uploads\/2020\/02\/Grohe-Minta-6.jpg 1500w\" data-sizes=\"(max-width: 1030px) 100vw, 1030px\" data-rel='gallery-1' data-prev-img='https:\/\/www.bau-styl.hu\/furdoszobaszalon\/wp-content\/uploads\/2020\/02\/Grohe-Minta-6-495x400.jpg' class='first_thumb lightbox ' data-onclick='6' title='Grohe Minta'  itemprop=\"thumbnailUrl\"  ><img decoding=\"async\" fetchpriority=\"high\" class=\"wp-image-17241 avia-img-lazy-loading-not-17241\"   src=\"https:\/\/www.bau-styl.hu\/furdoszobaszalon\/wp-content\/uploads\/2020\/02\/Grohe-Minta-6-495x400.jpg\" width=\"495\" height=\"400\"  title='Grohe Minta' alt='Grohe Minta' srcset=\"https:\/\/www.bau-styl.hu\/furdoszobaszalon\/wp-content\/uploads\/2020\/02\/Grohe-Minta-6-495x400.jpg 495w, https:\/\/www.bau-styl.hu\/furdoszobaszalon\/wp-content\/uploads\/2020\/02\/Grohe-Minta-6-845x684.jpg 845w\" sizes=\"(max-width: 495px) 100vw, 495px\" \/><div class='big-prev-fake'><img decoding=\"async\" loading=\"lazy\" class=\"wp-image-17241 avia-img-lazy-loading-17241\"  width=\"495\" height=\"400\" src=\"https:\/\/www.bau-styl.hu\/furdoszobaszalon\/wp-content\/uploads\/2020\/02\/Grohe-Minta-6-495x400.jpg\" title='Grohe Minta' alt='Grohe Minta' srcset=\"https:\/\/www.bau-styl.hu\/furdoszobaszalon\/wp-content\/uploads\/2020\/02\/Grohe-Minta-6-495x400.jpg 495w, https:\/\/www.bau-styl.hu\/furdoszobaszalon\/wp-content\/uploads\/2020\/02\/Grohe-Minta-6-845x684.jpg 845w\" sizes=\"auto, (max-width: 495px) 100vw, 495px\" \/><\/div><\/a><\/div><\/div>\n\n<style type=\"text\/css\" data-created_by=\"avia_inline_auto\" id=\"style-css-av-54tm4cv-abc4824b1a38f54396e100cf2ff249bc\">\n#top .hr.hr-invisible.av-54tm4cv-abc4824b1a38f54396e100cf2ff249bc{\nheight:50px;\n}\n<\/style>\n<div  class='hr av-54tm4cv-abc4824b1a38f54396e100cf2ff249bc hr-invisible  avia-builder-el-9  el_after_av_gallery  el_before_av_one_full '><span class='hr-inner '><span class=\"hr-inner-style\"><\/span><\/span><\/div>\n\n<style type=\"text\/css\" data-created_by=\"avia_inline_auto\" id=\"style-css-av-tetkvb-3ef41c2f1f640cd589dee9b33c83cf85\">\n.flex_column.av-tetkvb-3ef41c2f1f640cd589dee9b33c83cf85{\nborder-radius:0px 0px 0px 0px;\npadding:0px 0px 0px 0px;\n}\n<\/style>\n<div  class='flex_column av-tetkvb-3ef41c2f1f640cd589dee9b33c83cf85 av_one_full  avia-builder-el-10  el_after_av_hr  avia-builder-el-last  first flex_column_div av-zero-column-padding  '     ><section  class='av_textblock_section av-k6tfxpen-742ec54894f8b28555c7357493501403 '   itemscope=\"itemscope\" itemtype=\"https:\/\/schema.org\/CreativeWork\" ><div class='avia_textblock'  itemprop=\"text\" ><p style=\"text-align: right;\"><a href=\"https:\/\/www.bau-styl.hu\/furdoszobaszalon\/index.php\/grohe\/\">Vissza minden Grohe kollekci\u00f3hoz<\/a><\/p>\n<\/div><\/section><\/div><\/div><\/div><\/div><!-- close content main div --><\/div><\/div>\n<style type=\"text\/css\" data-created_by=\"avia_inline_auto\" id=\"style-css-av-k7376c0g-04de4519a0fcb3c18161756fcd5491d9\">\n.avia-section.av-k7376c0g-04de4519a0fcb3c18161756fcd5491d9{\nbackground-repeat:no-repeat;\nbackground-image:url(https:\/\/www.bau-styl.hu\/furdoszobaszalon\/wp-content\/uploads\/2020\/02\/Grohe-Minta-4-e1595014853588.jpg);\nbackground-position:50% 50%;\nbackground-attachment:scroll;\n}\n.avia-section.av-k7376c0g-04de4519a0fcb3c18161756fcd5491d9 .av-section-color-overlay{\nopacity:0.5;\nbackground-color:#000000;\n}\n<\/style>\n<div id='av_section_3'  class='avia-section av-k7376c0g-04de4519a0fcb3c18161756fcd5491d9 main_color avia-section-default avia-no-shadow  avia-builder-el-12  el_after_av_section  avia-builder-el-last  avia-full-stretch avia-bg-style-scroll av-section-color-overlay-active container_wrap sidebar_right'  data-section-bg-repeat='stretch'><div class=\"av-section-color-overlay-wrap\"><div class=\"av-section-color-overlay\"><\/div><div class='container av-section-cont-open' ><div class='template-page content  av-content-small alpha units'><div class='post-entry post-entry-type-page post-entry-17327'><div class='entry-content-wrapper clearfix'>\n\n<style type=\"text\/css\" data-created_by=\"avia_inline_auto\" id=\"style-css-av-4uo4433-c5dd0b2176e27bf915a5fa35da16ce17\">\n#top .hr.hr-invisible.av-4uo4433-c5dd0b2176e27bf915a5fa35da16ce17{\nheight:50px;\n}\n<\/style>\n<div  class='hr av-4uo4433-c5dd0b2176e27bf915a5fa35da16ce17 hr-invisible  avia-builder-el-13  el_before_av_one_fifth  avia-builder-el-first '><span class='hr-inner '><span class=\"hr-inner-style\"><\/span><\/span><\/div>\n\n<style type=\"text\/css\" data-created_by=\"avia_inline_auto\" id=\"style-css-av-4h8ukcv-a5fd91035868157f80fe7f622b09e88e\">\n.flex_column.av-4h8ukcv-a5fd91035868157f80fe7f622b09e88e{\nborder-radius:0px 0px 0px 0px;\npadding:0px 0px 0px 0px;\n}\n<\/style>\n<div  class='flex_column av-4h8ukcv-a5fd91035868157f80fe7f622b09e88e av_one_fifth  avia-builder-el-14  el_after_av_hr  el_before_av_three_fifth  first flex_column_div av-zero-column-padding  '     ><\/div>\n<style type=\"text\/css\" data-created_by=\"avia_inline_auto\" id=\"style-css-av-3w8ucen-e5eab0bf3ee3eb53999dae7ebb03812b\">\n.flex_column.av-3w8ucen-e5eab0bf3ee3eb53999dae7ebb03812b{\nborder-radius:0px 0px 0px 0px;\npadding:0px 0px 0px 0px;\n}\n<\/style>\n<div  id=\"ajanlat\"  class='flex_column av-3w8ucen-e5eab0bf3ee3eb53999dae7ebb03812b av_three_fifth  avia-builder-el-15  el_after_av_one_fifth  el_before_av_one_fifth  flex_column_div av-zero-column-padding  '     ><style type=\"text\/css\" data-created_by=\"avia_inline_auto\" id=\"style-css-av-3dntjxr-309eb9017c90d55953881d4d16bbe452\">\n#top .av_textblock_section.av-3dntjxr-309eb9017c90d55953881d4d16bbe452 .avia_textblock{\nfont-size:24px;\ncolor:#ffffff;\n}\n<\/style>\n<section  class='av_textblock_section av-3dntjxr-309eb9017c90d55953881d4d16bbe452 '   itemscope=\"itemscope\" itemtype=\"https:\/\/schema.org\/CreativeWork\" ><div class='avia_textblock av_inherit_color'  itemprop=\"text\" ><p style=\"text-align: center;\"><strong>Ha elnyerte tetsz\u00e9s\u00e9t ez a kollekci\u00f3, forduljon hozz\u00e1nk bizalommal!<\/strong><\/p>\n<p style=\"text-align: center;\"><strong>Adja meg el\u00e9rhet\u0151s\u00e9g\u00e9t \u00e9s munkat\u00e1rsaink hamarosan felveszik \u00d6nnel a kapcsolatot!\u00a0<\/strong><\/p>\n<\/div><\/section><br \/>\n<form action=\"https:\/\/www.bau-styl.hu\/furdoszobaszalon\/grohe-minta\/\" method=\"post\" data-fields-with-error=\"Found errors in the following field(s):\" class=\"avia_ajax_form av-form-labels-visible   avia-builder-el-17  el_after_av_textblock  avia-builder-el-last  av-custom-form-color av-light-form \" data-avia-form-id=\"1\" data-avia-redirect='https:\/\/www.bau-styl.hu\/furdoszobaszalon\/koszonjuk-erdeklodeset\/' ><fieldset><p class='  first_form  form_element form_element_third' id='element_avia_1_1'><label for=\"avia_1_1\">N\u00e9v <abbr class=\"required\" title=\"required\">*<\/abbr><\/label> <input name=\"avia_1_1\" class=\"text_input is_empty\" type=\"text\" id=\"avia_1_1\" value=\"\" \/><\/p><p class='  form_element form_element_third' id='element_avia_2_1'><label for=\"avia_2_1\">E-Mail c\u00edm <abbr class=\"required\" title=\"required\">*<\/abbr><\/label> <input name=\"avia_2_1\" class=\"text_input is_email\" type=\"text\" id=\"avia_2_1\" value=\"\" \/><\/p><p class='  form_element form_element_third' id='element_avia_3_1'><label for=\"avia_3_1\">Telefonsz\u00e1m <abbr class=\"required\" title=\"required\">*<\/abbr><\/label> <input name=\"avia_3_1\" class=\"text_input is_phone\" type=\"text\" id=\"avia_3_1\" value=\"\" \/><\/p><p class='  first_form  form_element form_fullwidth' id='element_avia_4_1'><label for=\"avia_4_1\">C\u00edm <abbr class=\"required\" title=\"required\">*<\/abbr><\/label> <input name=\"avia_4_1\" class=\"text_input is_empty\" type=\"text\" id=\"avia_4_1\" value=\"\" \/><\/p><p class='  first_form  form_element form_fullwidth' id='element_avia_5_1'><label for=\"avia_5_1\" class=\"textare_label hidden textare_label_avia_5_1\">Megjegyz\u00e9s<\/label><textarea  name=\"avia_5_1\" class=\"text_area \" cols=\"40\" rows=\"7\" id=\"avia_5_1\" ><\/textarea><\/p><p class=\"hidden\"><input type=\"text\" name=\"avia_6_1\" class=\"hidden \" id=\"avia_6_1\" value=\"\" \/><\/p><p class=' av_form_privacy_check av_contact_privacy_check first_form  form_element form_fullwidth' id='element_avia_7_1'><input  name=\"avia_7_1\" class=\"input_checkbox is_empty\" type=\"checkbox\" id=\"avia_7_1\" value=\"true\"\/><label class=\"input_checkbox_label\" for=\"avia_7_1\">Elfogadom az adatkezel\u00e9si nyilatkozatot <abbr class=\"required\" title=\"required\">*<\/abbr><\/label><\/p><p class=\"form_element \"><input type=\"hidden\" value=\"1\" name=\"avia_generated_form1\" \/><input type=\"submit\" value=\"K\u00fcld\u00e9s\" class=\"button\"  data-sending-label=\"K\u00fcld\u00e9s\"\/><\/p><\/fieldset><\/form><div id=\"ajaxresponse_1\" class=\"ajaxresponse ajaxresponse_1 hidden\"><\/div><\/p><\/div>\n<style type=\"text\/css\" data-created_by=\"avia_inline_auto\" id=\"style-css-av-1d2nwpb-b2f60a3e02a7bcf3372c20fe0eb9a40a\">\n.flex_column.av-1d2nwpb-b2f60a3e02a7bcf3372c20fe0eb9a40a{\nborder-radius:0px 0px 0px 0px;\npadding:0px 0px 0px 0px;\n}\n<\/style>\n<div  class='flex_column av-1d2nwpb-b2f60a3e02a7bcf3372c20fe0eb9a40a av_one_fifth  avia-builder-el-18  el_after_av_three_fifth  el_before_av_hr  flex_column_div av-zero-column-padding  '     ><\/div>\n<style type=\"text\/css\" data-created_by=\"avia_inline_auto\" id=\"style-css-av-llqwwf-59e45c5a69f3d071a0acadac7dae7063\">\n#top .hr.hr-invisible.av-llqwwf-59e45c5a69f3d071a0acadac7dae7063{\nheight:50px;\n}\n<\/style>\n<div  class='hr av-llqwwf-59e45c5a69f3d071a0acadac7dae7063 hr-invisible  avia-builder-el-19  el_after_av_one_fifth  avia-builder-el-last '><span class='hr-inner '><span class=\"hr-inner-style\"><\/span><\/span><\/div>\n<\/div><\/div><\/div><!-- close content main div --><\/div><\/div><\/div><div id='after_section_3'  class='main_color av_default_container_wrap container_wrap sidebar_right'  ><div class='container av-section-cont-open' ><div class='template-page content  av-content-small alpha units'><div class='post-entry post-entry-type-page post-entry-17327'><div class='entry-content-wrapper clearfix'><\/p>\n","protected":false},"excerpt":{"rendered":"","protected":false},"author":2,"featured_media":0,"parent":0,"menu_order":0,"comment_status":"closed","ping_status":"closed","template":"","meta":{"footnotes":""},"class_list":["post-17327","page","type-page","status-publish","hentry"],"aioseo_notices":[],"_links":{"self":[{"href":"https:\/\/www.bau-styl.hu\/furdoszobaszalon\/wp-json\/wp\/v2\/pages\/17327","targetHints":{"allow":["GET"]}}],"collection":[{"href":"https:\/\/www.bau-styl.hu\/furdoszobaszalon\/wp-json\/wp\/v2\/pages"}],"about":[{"href":"https:\/\/www.bau-styl.hu\/furdoszobaszalon\/wp-json\/wp\/v2\/types\/page"}],"author":[{"embeddable":true,"href":"https:\/\/www.bau-styl.hu\/furdoszobaszalon\/wp-json\/wp\/v2\/users\/2"}],"replies":[{"embeddable":true,"href":"https:\/\/www.bau-styl.hu\/furdoszobaszalon\/wp-json\/wp\/v2\/comments?post=17327"}],"version-history":[{"count":0,"href":"https:\/\/www.bau-styl.hu\/furdoszobaszalon\/wp-json\/wp\/v2\/pages\/17327\/revisions"}],"wp:attachment":[{"href":"https:\/\/www.bau-styl.hu\/furdoszobaszalon\/wp-json\/wp\/v2\/media?parent=17327"}],"curies":[{"name":"wp","href":"https:\/\/api.w.org\/{rel}","templated":true}]}}