{"id":1750,"date":"2015-05-21T08:13:41","date_gmt":"2015-05-21T07:13:41","guid":{"rendered":"http:\/\/www.bau-styl.hu\/?page_id=1750"},"modified":"2025-08-01T09:39:37","modified_gmt":"2025-08-01T08:39:37","slug":"saime-eternity","status":"publish","type":"page","link":"https:\/\/www.bau-styl.hu\/furdoszobaszalon\/saime-eternity\/","title":{"rendered":"Saime Eternity"},"content":{"rendered":"\n<style type=\"text\/css\" data-created_by=\"avia_inline_auto\" id=\"style-css-av-13wgkl2-3f741e34a1b3e246d7f6ae54550a21ff\">\n.avia-section.av-13wgkl2-3f741e34a1b3e246d7f6ae54550a21ff{\nbackground-repeat:no-repeat;\nbackground-image:url(https:\/\/www.bau-styl.hu\/furdoszobaszalon\/wp-content\/uploads\/2021\/02\/Saime-Eternity.jpg);\nbackground-position:50% 50%;\nbackground-attachment:scroll;\n}\n.avia-section.av-13wgkl2-3f741e34a1b3e246d7f6ae54550a21ff .av-section-color-overlay{\nopacity:0.5;\nbackground-color:#000000;\n}\n<\/style>\n<div id='av_section_1'  class='avia-section av-13wgkl2-3f741e34a1b3e246d7f6ae54550a21ff main_color avia-section-default avia-no-shadow  avia-builder-el-0  el_before_av_section  avia-builder-el-first  avia-full-stretch avia-bg-style-scroll av-section-color-overlay-active container_wrap sidebar_right'  data-section-bg-repeat='stretch'><div class=\"av-section-color-overlay-wrap\"><div class=\"av-section-color-overlay\"><\/div><div class='container av-section-cont-open' ><main  role=\"main\" itemprop=\"mainContentOfPage\"  class='template-page content  av-content-small alpha units'><div class='post-entry post-entry-type-page post-entry-1750'><div class='entry-content-wrapper clearfix'>\n\n<style type=\"text\/css\" data-created_by=\"avia_inline_auto\" id=\"style-css-av-3w9rh2-3e9c33bcfe74a410deacb571a7fe2a88\">\n#top .hr.hr-invisible.av-3w9rh2-3e9c33bcfe74a410deacb571a7fe2a88{\nheight:50px;\n}\n<\/style>\n<div  class='hr av-3w9rh2-3e9c33bcfe74a410deacb571a7fe2a88 hr-invisible  avia-builder-el-1  el_before_av_heading  avia-builder-el-first '><span class='hr-inner '><span class=\"hr-inner-style\"><\/span><\/span><\/div>\n\n<style type=\"text\/css\" data-created_by=\"avia_inline_auto\" id=\"style-css-av-l7efmg79-4ab2edfcbe4f2ad46d482aa3b7e76390\">\n#top .av-special-heading.av-l7efmg79-4ab2edfcbe4f2ad46d482aa3b7e76390{\npadding-bottom:10px;\ncolor:#ffffff;\n}\nbody .av-special-heading.av-l7efmg79-4ab2edfcbe4f2ad46d482aa3b7e76390 .av-special-heading-tag .heading-char{\nfont-size:25px;\n}\n.av-special-heading.av-l7efmg79-4ab2edfcbe4f2ad46d482aa3b7e76390 .special-heading-inner-border{\nborder-color:#ffffff;\n}\n.av-special-heading.av-l7efmg79-4ab2edfcbe4f2ad46d482aa3b7e76390 .av-subheading{\nfont-size:15px;\n}\n<\/style>\n<div  class='av-special-heading av-l7efmg79-4ab2edfcbe4f2ad46d482aa3b7e76390 av-special-heading-h1 custom-color-heading blockquote modern-quote modern-centered  avia-builder-el-2  el_after_av_hr  el_before_av_hr '><h1 class='av-special-heading-tag '  itemprop=\"headline\"  >ETERNITY<\/h1><div class='av_custom_color av-subheading av-subheading_below'><p>SAIME<\/p>\n<\/div><div class=\"special-heading-border\"><div class=\"special-heading-inner-border\"><\/div><\/div><\/div>\n\n<style type=\"text\/css\" data-created_by=\"avia_inline_auto\" id=\"style-css-av-10bx32u-93e2c8f98ba6dcffbc67416a397a7d56\">\n#top .hr.hr-invisible.av-10bx32u-93e2c8f98ba6dcffbc67416a397a7d56{\nheight:50px;\n}\n<\/style>\n<div  class='hr av-10bx32u-93e2c8f98ba6dcffbc67416a397a7d56 hr-invisible  avia-builder-el-3  el_after_av_heading  avia-builder-el-last '><span class='hr-inner '><span class=\"hr-inner-style\"><\/span><\/span><\/div>\n\n<\/div><\/div><\/main><!-- close content main element --><\/div><\/div><\/div><div id='av_section_2'  class='avia-section av-xh2gbq-d9b85e65375c6fe4cb48c42d71cfdbc0 main_color avia-section-default avia-no-shadow  avia-builder-el-4  el_after_av_section  el_before_av_section  avia-bg-style-scroll container_wrap sidebar_right'  ><div class='container av-section-cont-open' ><div class='template-page content  av-content-small alpha units'><div class='post-entry post-entry-type-page post-entry-1750'><div class='entry-content-wrapper clearfix'>\n<section  class='av_textblock_section av-w2zgx2-8091031e18dfe908c55b3f9860a0f61f '   itemscope=\"itemscope\" itemtype=\"https:\/\/schema.org\/CreativeWork\" ><div class='avia_textblock'  itemprop=\"text\" ><p style=\"text-align: justify;\">Az Eternity csal\u00e1d <a href=\"https:\/\/www.bau-styl.hu\/furdoszobaszalon\/kohatasu-burkolatok\/\">k\u0151hat\u00e1s\u00fa<\/a> greslapjait hatf\u00e9le sz\u00ednben v\u00e1laszthatjuk natur\u00e1lis vagy strukt\u00far\u00e1lt fel\u00fclettel. Ez ut\u00f3bbi cs\u00fasz\u00e1sg\u00e1tl\u00f3, \u00edgy alkalmass\u00e1 t\u00e9ve a lapok felhaszn\u00e1l\u00e1s\u00e1t k\u00fclt\u00e9ren is. \u00d6tf\u00e9le m\u00e9retb\u0151l v\u00e1laszthatunk 10&#215;10 cm-t\u0151l 30&#215;60 cm-ig. A kollekci\u00f3hoz mozaikot illetve murettot is v\u00e1laszthatunk t\u00f6bbf\u00e9le sz\u00ednben.<\/p>\n<\/div><\/section>\n<section  class='av_textblock_section av-pd983y-b1fa89478f6804fa4b17eb2c905af87b '   itemscope=\"itemscope\" itemtype=\"https:\/\/schema.org\/CreativeWork\" ><div class='avia_textblock'  itemprop=\"text\" ><p style=\"text-align: right;\"><mark><strong><a href=\"#ajanlat\">Aj\u00e1nlatot k\u00e9rek!<\/a><\/strong><\/mark><\/p>\n<\/div><\/section>\n<div  class='av_promobox av-p8yy1i-5d456812f8d158a41898da9d1fcd52d5 avia-button-yes  avia-builder-el-7  el_after_av_textblock  el_before_av_hr '><div class='avia-promocontent'><p>R\u00e9szletesebb inform\u00e1ci\u00f3t \u00e9s technikai adatokat a katal\u00f3gusban tal\u00e1l.<\/p>\n<\/div><div  class='avia-button-wrap av-p8yy1i-f4d2382012fcca67233e163f2eb435c2-wrap avia-button-right '><a href='https:\/\/www.bau-styl.hu\/furdoszobaszalon\/wp-content\/uploads\/2017\/08\/eternity-cpy-2.pdf'  class='avia-button av-p8yy1i-f4d2382012fcca67233e163f2eb435c2 av-link-btn avia-icon_select-no avia-size-large avia-position-right avia-color-theme-color'  target=\"_blank\"  rel=\"noopener noreferrer\"  aria-label=\"Katal\u00f3gus megtekint\u00e9se\"><span class='avia_iconbox_title' >Katal\u00f3gus megtekint\u00e9se<\/span><\/a><\/div><\/div>\n\n<style type=\"text\/css\" data-created_by=\"avia_inline_auto\" id=\"style-css-av-r2wx06-23991152013b03f3a99d0d68790c7955\">\n#top .hr.hr-invisible.av-r2wx06-23991152013b03f3a99d0d68790c7955{\nheight:50px;\n}\n<\/style>\n<div  class='hr av-r2wx06-23991152013b03f3a99d0d68790c7955 hr-invisible  avia-builder-el-8  el_after_av_promobox  el_before_av_masonry_gallery  avia-builder-el-last '><span class='hr-inner '><span class=\"hr-inner-style\"><\/span><\/span><\/div>\n<div id='av-masonry-1' class='av-masonry av-l7efm9je-7fdd23ba52c3a45101ffd8a185daa33e noHover av-fixed-size av-large-gap av-hover-overlay- av-masonry-animation-active av-masonry-col-5 av-caption-always av-caption-style- av-masonry-gallery av-medium-columns-overwrite av-medium-columns-4 av-small-columns-overwrite av-small-columns-4 av-mini-columns-overwrite av-mini-columns-4 ' data-post_id=\"1750\"><div class=\"av-masonry-container isotope av-js-disabled\"><div class='av-masonry-entry isotope-item av-masonry-item-no-image '><\/div><a href=\"https:\/\/www.bau-styl.hu\/furdoszobaszalon\/wp-content\/uploads\/2021\/02\/Saime-Eternity.jpg\" data-srcset=\"https:\/\/www.bau-styl.hu\/furdoszobaszalon\/wp-content\/uploads\/2021\/02\/Saime-Eternity.jpg 1000w, https:\/\/www.bau-styl.hu\/furdoszobaszalon\/wp-content\/uploads\/2021\/02\/Saime-Eternity-300x252.jpg 300w, https:\/\/www.bau-styl.hu\/furdoszobaszalon\/wp-content\/uploads\/2021\/02\/Saime-Eternity-768x645.jpg 768w, https:\/\/www.bau-styl.hu\/furdoszobaszalon\/wp-content\/uploads\/2021\/02\/Saime-Eternity-705x592.jpg 705w\" data-sizes=\"(max-width: 1000px) 100vw, 1000px\"  aria-label=\"image Saime Eternity\"  id='av-masonry-1-item-31164' data-av-masonry-item='31164' class='av-masonry-entry isotope-item post-31164 attachment type-attachment status-inherit hentry  av-masonry-item-with-image' title=\"Saime Eternity\" alt=\"\"    itemprop=\"thumbnailUrl\" ><div class='av-inner-masonry-sizer'><\/div><figure class='av-inner-masonry main_color'><div class=\"av-masonry-outerimage-container\"><div class='av-masonry-image-container' style=\"background-image: url(https:\/\/www.bau-styl.hu\/furdoszobaszalon\/wp-content\/uploads\/2021\/02\/Saime-Eternity-495x400.jpg);\"  title=\"Saime Eternity\" ><\/div><\/div><\/figure><\/a><!--end av-masonry entry--><a href=\"https:\/\/www.bau-styl.hu\/furdoszobaszalon\/wp-content\/uploads\/2018\/10\/Saime-Eternity-Forest-45x45-6411361.jpg\" data-srcset=\"https:\/\/www.bau-styl.hu\/furdoszobaszalon\/wp-content\/uploads\/2018\/10\/Saime-Eternity-Forest-45x45-6411361.jpg 800w, https:\/\/www.bau-styl.hu\/furdoszobaszalon\/wp-content\/uploads\/2018\/10\/Saime-Eternity-Forest-45x45-6411361-300x200.jpg 300w, https:\/\/www.bau-styl.hu\/furdoszobaszalon\/wp-content\/uploads\/2018\/10\/Saime-Eternity-Forest-45x45-6411361-768x512.jpg 768w, https:\/\/www.bau-styl.hu\/furdoszobaszalon\/wp-content\/uploads\/2018\/10\/Saime-Eternity-Forest-45x45-6411361-705x470.jpg 705w, https:\/\/www.bau-styl.hu\/furdoszobaszalon\/wp-content\/uploads\/2018\/10\/Saime-Eternity-Forest-45x45-6411361-450x300.jpg 450w\" data-sizes=\"(max-width: 800px) 100vw, 800px\"  aria-label=\"image Saime Eternity\"  id='av-masonry-1-item-14270' data-av-masonry-item='14270' class='av-masonry-entry isotope-item post-14270 attachment type-attachment status-inherit hentry  av-masonry-item-with-image' title=\"Saime Eternity\" alt=\"Saime Eternity\"    itemprop=\"thumbnailUrl\" ><div class='av-inner-masonry-sizer'><\/div><figure class='av-inner-masonry main_color'><div class=\"av-masonry-outerimage-container\"><div class='av-masonry-image-container' style=\"background-image: url(https:\/\/www.bau-styl.hu\/furdoszobaszalon\/wp-content\/uploads\/2018\/10\/Saime-Eternity-Forest-45x45-6411361-495x400.jpg);\"  title=\"Saime Eternity\" ><\/div><\/div><\/figure><\/a><!--end av-masonry entry--><a href=\"https:\/\/www.bau-styl.hu\/furdoszobaszalon\/wp-content\/uploads\/2015\/05\/saime_eternity_-5.jpg\" data-srcset=\"https:\/\/www.bau-styl.hu\/furdoszobaszalon\/wp-content\/uploads\/2015\/05\/saime_eternity_-5.jpg 800w, https:\/\/www.bau-styl.hu\/furdoszobaszalon\/wp-content\/uploads\/2015\/05\/saime_eternity_-5-300x249.jpg 300w, https:\/\/www.bau-styl.hu\/furdoszobaszalon\/wp-content\/uploads\/2015\/05\/saime_eternity_-5-705x586.jpg 705w, https:\/\/www.bau-styl.hu\/furdoszobaszalon\/wp-content\/uploads\/2015\/05\/saime_eternity_-5-450x374.jpg 450w\" data-sizes=\"(max-width: 800px) 100vw, 800px\"  aria-label=\"image Saime Eternity\"  id='av-masonry-1-item-951' data-av-masonry-item='951' class='av-masonry-entry isotope-item post-951 attachment type-attachment status-inherit hentry  av-masonry-item-with-image' title=\"Saime Eternity\" alt=\"Saime Eternity\"    itemprop=\"thumbnailUrl\" ><div class='av-inner-masonry-sizer'><\/div><figure class='av-inner-masonry main_color'><div class=\"av-masonry-outerimage-container\"><div class='av-masonry-image-container' style=\"background-image: url(https:\/\/www.bau-styl.hu\/furdoszobaszalon\/wp-content\/uploads\/2015\/05\/saime_eternity_-5-495x400.jpg);\"  title=\"Saime Eternity\" ><\/div><\/div><\/figure><\/a><!--end av-masonry entry--><a href=\"https:\/\/www.bau-styl.hu\/furdoszobaszalon\/wp-content\/uploads\/2015\/05\/saime_eternity_-3.jpg\" data-srcset=\"https:\/\/www.bau-styl.hu\/furdoszobaszalon\/wp-content\/uploads\/2015\/05\/saime_eternity_-3.jpg 679w, https:\/\/www.bau-styl.hu\/furdoszobaszalon\/wp-content\/uploads\/2015\/05\/saime_eternity_-3-255x300.jpg 255w, https:\/\/www.bau-styl.hu\/furdoszobaszalon\/wp-content\/uploads\/2015\/05\/saime_eternity_-3-598x705.jpg 598w, https:\/\/www.bau-styl.hu\/furdoszobaszalon\/wp-content\/uploads\/2015\/05\/saime_eternity_-3-450x530.jpg 450w\" data-sizes=\"(max-width: 679px) 100vw, 679px\"  aria-label=\"image Saime Eternity\"  id='av-masonry-1-item-949' data-av-masonry-item='949' class='av-masonry-entry isotope-item post-949 attachment type-attachment status-inherit hentry  av-masonry-item-with-image' title=\"Saime Eternity\" alt=\"Saime Eternity\"    itemprop=\"thumbnailUrl\" ><div class='av-inner-masonry-sizer'><\/div><figure class='av-inner-masonry main_color'><div class=\"av-masonry-outerimage-container\"><div class='av-masonry-image-container' style=\"background-image: url(https:\/\/www.bau-styl.hu\/furdoszobaszalon\/wp-content\/uploads\/2015\/05\/saime_eternity_-3-495x400.jpg);\"  title=\"Saime Eternity\" ><\/div><\/div><\/figure><\/a><!--end av-masonry entry--><a href=\"https:\/\/www.bau-styl.hu\/furdoszobaszalon\/wp-content\/uploads\/2015\/05\/saime_eternity_-1.jpg\" data-srcset=\"https:\/\/www.bau-styl.hu\/furdoszobaszalon\/wp-content\/uploads\/2015\/05\/saime_eternity_-1.jpg 640w, https:\/\/www.bau-styl.hu\/furdoszobaszalon\/wp-content\/uploads\/2015\/05\/saime_eternity_-1-300x189.jpg 300w, https:\/\/www.bau-styl.hu\/furdoszobaszalon\/wp-content\/uploads\/2015\/05\/saime_eternity_-1-450x284.jpg 450w\" data-sizes=\"(max-width: 640px) 100vw, 640px\"  aria-label=\"image Saime Eternity\"  id='av-masonry-1-item-947' data-av-masonry-item='947' class='av-masonry-entry isotope-item post-947 attachment type-attachment status-inherit hentry  av-masonry-item-with-image' title=\"Saime Eternity\" alt=\"Saime Eternity\"    itemprop=\"thumbnailUrl\" ><div class='av-inner-masonry-sizer'><\/div><figure class='av-inner-masonry main_color'><div class=\"av-masonry-outerimage-container\"><div class='av-masonry-image-container' style=\"background-image: url(https:\/\/www.bau-styl.hu\/furdoszobaszalon\/wp-content\/uploads\/2015\/05\/saime_eternity_-1-495x400.jpg);\"  title=\"Saime Eternity\" ><\/div><\/div><\/figure><\/a><!--end av-masonry entry--><\/div><\/div>\n\n<style type=\"text\/css\" data-created_by=\"avia_inline_auto\" id=\"style-css-av-npomt2-3b4ed8b6d960d3c40229ec97050c3085\">\n#top .hr.hr-invisible.av-npomt2-3b4ed8b6d960d3c40229ec97050c3085{\nheight:50px;\n}\n<\/style>\n<div  class='hr av-npomt2-3b4ed8b6d960d3c40229ec97050c3085 hr-invisible  avia-builder-el-10  el_after_av_masonry_gallery  el_before_av_one_fourth  avia-builder-el-first '><span class='hr-inner '><span class=\"hr-inner-style\"><\/span><\/span><\/div>\n\n<style type=\"text\/css\" data-created_by=\"avia_inline_auto\" id=\"style-css-av-nayh8g-de690a8b1e813a7b988e946e5d1f104e\">\n.flex_column.av-nayh8g-de690a8b1e813a7b988e946e5d1f104e{\nborder-radius:0px 0px 0px 0px;\npadding:0px 0px 0px 0px;\n}\n<\/style>\n<div  class='flex_column av-nayh8g-de690a8b1e813a7b988e946e5d1f104e av_one_fourth  avia-builder-el-11  el_after_av_hr  el_before_av_one_fourth  first flex_column_div av-zero-column-padding  '     ><section  class='av_textblock_section av-1bwixqn-6a87b3c3f1b6547656c3781ecbd11bbb '   itemscope=\"itemscope\" itemtype=\"https:\/\/schema.org\/CreativeWork\" ><div class='avia_textblock'  itemprop=\"text\" ><table style=\"width: 50%; border-collapse: collapse; border-color: #f7f7f7; background-color: #f7f7f7; height: auto;\">\n<tbody>\n<tr>\n<td style=\"width: 50%; border-color: #f7f7f7; background-color: #f7f7f7;\"><strong>M\u00e9retek:<\/strong><\/td>\n<td style=\"width: 50%; border-color: #f7f7f7; background-color: #f7f7f7;\">\n<style type=\"text\/css\" data-created_by=\"avia_inline_auto\" id=\"style-css-av-1bmc3z4-7b27654a177ee3242b20cf9e70e6da27\">\n.av_font_icon.av-1bmc3z4-7b27654a177ee3242b20cf9e70e6da27{\ncolor:#20878c;\nborder-color:#20878c;\n}\n.avia-svg-icon.av-1bmc3z4-7b27654a177ee3242b20cf9e70e6da27 svg:first-child{\nstroke:#20878c;\nfill:#20878c;\n}\n.av_font_icon.av-1bmc3z4-7b27654a177ee3242b20cf9e70e6da27 .av-icon-char{\nfont-size:30px;\nline-height:30px;\n}\n<\/style>\n<span  class='av_font_icon av-1bmc3z4-7b27654a177ee3242b20cf9e70e6da27 avia_animate_when_visible av-icon-style- avia-icon-pos-center avia-iconfont avia-font-flaticon avia-icon-animate'><span class='av-icon-char' data-av_icon='\uf10d' data-av_iconfont='flaticon' aria-hidden=\"true\" data-avia-icon-tooltip=\"&lt;br \/&gt;\nPadl\u00f3 lapok m\u00e9rete:&lt;br \/&gt;\n30&amp;#215;60&lt;br \/&gt;\n29,7&amp;#215;59,5&lt;br \/&gt;\n45&amp;#215;45&lt;br \/&gt;\n44,5&amp;#215;44,5&lt;br \/&gt;\n30&amp;#215;30&lt;br \/&gt;\n29,7&amp;#215;29,7&lt;br \/&gt;\n15&amp;#215;15&lt;br \/&gt;\n14,8&amp;#215;14,8&lt;br \/&gt;\n10&amp;#215;10&lt;br \/&gt;\n\"><\/span><\/span><\/td>\n<\/tr>\n<\/tbody>\n<\/table>\n<\/div><\/section><\/div>\n<style type=\"text\/css\" data-created_by=\"avia_inline_auto\" id=\"style-css-av-nayh8g-4-0ab5350ea2f3f16e2d87d71882268a55\">\n.flex_column.av-nayh8g-4-0ab5350ea2f3f16e2d87d71882268a55{\nborder-radius:0px 0px 0px 0px;\npadding:0px 0px 0px 0px;\n}\n<\/style>\n<div  class='flex_column av-nayh8g-4-0ab5350ea2f3f16e2d87d71882268a55 av_one_fourth  avia-builder-el-14  el_after_av_one_fourth  el_before_av_one_half  flex_column_div av-zero-column-padding  '     ><\/div>\n<style type=\"text\/css\" data-created_by=\"avia_inline_auto\" id=\"style-css-av-nayh8g-3-d03dc9ee59e2f4c9dcb192b907121a34\">\n.flex_column.av-nayh8g-3-d03dc9ee59e2f4c9dcb192b907121a34{\nborder-radius:0px 0px 0px 0px;\npadding:0px 0px 0px 0px;\n}\n<\/style>\n<div  class='flex_column av-nayh8g-3-d03dc9ee59e2f4c9dcb192b907121a34 av_one_half  avia-builder-el-15  el_after_av_one_fourth  avia-builder-el-last  flex_column_div av-zero-column-padding  '     ><section  class='av_textblock_section av-k6tfxpen-742ec54894f8b28555c7357493501403 '   itemscope=\"itemscope\" itemtype=\"https:\/\/schema.org\/CreativeWork\" ><div class='avia_textblock'  itemprop=\"text\" ><p style=\"text-align: right;\"><a href=\"https:\/\/www.bau-styl.hu\/furdoszobaszalon\/index.php\/saime\/\">Vissza minden Saime kollekci\u00f3hoz<\/a><\/p>\n<\/div><\/section><\/div>\n\n<\/div><\/div><\/div><!-- close content main div --><\/div><\/div>\n<style type=\"text\/css\" data-created_by=\"avia_inline_auto\" id=\"style-css-av-mrwxdi-58b2e8dceaa87d1847089e966b7b3343\">\n.avia-section.av-mrwxdi-58b2e8dceaa87d1847089e966b7b3343{\nbackground-repeat:no-repeat;\nbackground-image:url(https:\/\/www.bau-styl.hu\/furdoszobaszalon\/wp-content\/uploads\/2021\/02\/Saime-Eternity.jpg);\nbackground-position:50% 50%;\nbackground-attachment:scroll;\n}\n.avia-section.av-mrwxdi-58b2e8dceaa87d1847089e966b7b3343 .av-section-color-overlay{\nopacity:0.5;\nbackground-color:#000000;\n}\n<\/style>\n<div id='ajanlat'  class='avia-section av-mrwxdi-58b2e8dceaa87d1847089e966b7b3343 main_color avia-section-default avia-no-shadow  avia-builder-el-17  el_after_av_section  avia-builder-el-last  avia-full-stretch avia-bg-style-scroll av-section-color-overlay-active container_wrap sidebar_right'  data-section-bg-repeat='stretch'><div class=\"av-section-color-overlay-wrap\"><div class=\"av-section-color-overlay\"><\/div><div class='container av-section-cont-open' ><div class='template-page content  av-content-small alpha units'><div class='post-entry post-entry-type-page post-entry-1750'><div class='entry-content-wrapper clearfix'>\n\n<style type=\"text\/css\" data-created_by=\"avia_inline_auto\" id=\"style-css-av-kavzae-098445b201295aef767fc3b52e06993f\">\n#top .hr.hr-invisible.av-kavzae-098445b201295aef767fc3b52e06993f{\nheight:50px;\n}\n<\/style>\n<div  class='hr av-kavzae-098445b201295aef767fc3b52e06993f hr-invisible  avia-builder-el-18  el_before_av_one_fifth  avia-builder-el-first '><span class='hr-inner '><span class=\"hr-inner-style\"><\/span><\/span><\/div>\n\n<style type=\"text\/css\" data-created_by=\"avia_inline_auto\" id=\"style-css-av-izry6u-c0f1c0757fc5212f5c2a727a7f840093\">\n.flex_column.av-izry6u-c0f1c0757fc5212f5c2a727a7f840093{\nborder-radius:0px 0px 0px 0px;\npadding:0px 0px 0px 0px;\n}\n<\/style>\n<div  class='flex_column av-izry6u-c0f1c0757fc5212f5c2a727a7f840093 av_one_fifth  avia-builder-el-19  el_after_av_hr  el_before_av_three_fifth  first flex_column_div av-zero-column-padding  '     ><\/div>\n<style type=\"text\/css\" data-created_by=\"avia_inline_auto\" id=\"style-css-av-gpw0m-ea0474c5477235ab6b4b8261abb9f857\">\n.flex_column.av-gpw0m-ea0474c5477235ab6b4b8261abb9f857{\nborder-radius:0px 0px 0px 0px;\npadding:30px 30px 30px 30px;\nbackground-color:rgba(35,35,35,0.57);\n}\n<\/style>\n<div  class='flex_column av-gpw0m-ea0474c5477235ab6b4b8261abb9f857 av_three_fifth  avia-builder-el-20  el_after_av_one_fifth  el_before_av_one_fifth  flex_column_div  '     ><style type=\"text\/css\" data-created_by=\"avia_inline_auto\" id=\"style-css-av-7u3o6-1b1a87b2cc271db5e79455bd26c75b1c\">\n#top .av_textblock_section.av-7u3o6-1b1a87b2cc271db5e79455bd26c75b1c .avia_textblock{\nfont-size:16px;\ncolor:#ffffff;\n}\n<\/style>\n<section  class='av_textblock_section av-7u3o6-1b1a87b2cc271db5e79455bd26c75b1c '   itemscope=\"itemscope\" itemtype=\"https:\/\/schema.org\/CreativeWork\" ><div class='avia_textblock av_inherit_color'  itemprop=\"text\" ><p style=\"text-align: center;\"><strong>Ha elnyerte tetsz\u00e9s\u00e9t ez a kollekci\u00f3, forduljon hozz\u00e1nk bizalommal!<\/strong><\/p>\n<p style=\"text-align: center;\"><strong>Adja meg el\u00e9rhet\u0151s\u00e9g\u00e9t \u00e9s munkat\u00e1rsaink hamarosan felveszik \u00d6nnel a kapcsolatot!\u00a0<\/strong><\/p>\n<\/div><\/section><br \/>\n<form action=\"https:\/\/www.bau-styl.hu\/furdoszobaszalon\/saime-eternity\/\" method=\"post\" data-fields-with-error=\"Found errors in the following field(s):\" class=\"avia_ajax_form av-form-labels-hidden   avia-builder-el-22  el_after_av_textblock  avia-builder-el-last  av-custom-form-color av-light-form \" data-avia-form-id=\"1\" data-avia-redirect='https:\/\/www.bau-styl.hu\/furdoszobaszalon\/koszonjuk-erdeklodeset\/' ><fieldset><p class='  first_form  form_element form_element_third' id='element_avia_1_1'><label for=\"avia_1_1\">N\u00e9v <abbr class=\"required\" title=\"required\">*<\/abbr><\/label> <input name=\"avia_1_1\" class=\"text_input is_empty\" type=\"text\" id=\"avia_1_1\" value=\"\"  placeholder='N\u00e9v*'\/><\/p><p class='  form_element form_element_third' id='element_avia_2_1'><label for=\"avia_2_1\">E-Mail c\u00edm <abbr class=\"required\" title=\"required\">*<\/abbr><\/label> <input name=\"avia_2_1\" class=\"text_input is_email\" type=\"text\" id=\"avia_2_1\" value=\"\"  placeholder='E-Mail c\u00edm*'\/><\/p><p class='  form_element form_element_third' id='element_avia_3_1'><label for=\"avia_3_1\">Telefonsz\u00e1m <abbr class=\"required\" title=\"required\">*<\/abbr><\/label> <input name=\"avia_3_1\" class=\"text_input is_phone\" type=\"text\" id=\"avia_3_1\" value=\"\"  placeholder='Telefonsz\u00e1m*'\/><\/p><p class='  first_form  form_element form_fullwidth' id='element_avia_4_1'><label for=\"avia_4_1\">C\u00edm <abbr class=\"required\" title=\"required\">*<\/abbr><\/label> <input name=\"avia_4_1\" class=\"text_input is_empty\" type=\"text\" id=\"avia_4_1\" value=\"\"  placeholder='C\u00edm*'\/><\/p><p class='  first_form  form_element form_fullwidth' id='element_avia_5_1'><label for=\"avia_5_1\" class=\"textare_label hidden textare_label_avia_5_1\">Megjegyz\u00e9s<\/label><textarea  placeholder='Megjegyz\u00e9s' name=\"avia_5_1\" class=\"text_area \" cols=\"40\" rows=\"7\" id=\"avia_5_1\" ><\/textarea><\/p><p class=\"hidden\"><input type=\"text\" name=\"avia_6_1\" class=\"hidden \" id=\"avia_6_1\" value=\"\" \/><\/p><p class=' av_form_privacy_check av_contact_privacy_check first_form  form_element form_fullwidth' id='element_avia_7_1'><input  name=\"avia_7_1\" class=\"input_checkbox is_empty\" type=\"checkbox\" id=\"avia_7_1\" value=\"true\"\/><label class=\"input_checkbox_label\" for=\"avia_7_1\">Elfogadom az adatkezel\u00e9si nyilatkozatot <abbr class=\"required\" title=\"required\">*<\/abbr><\/label><\/p><p class=\"form_element \"><input type=\"hidden\" value=\"1\" name=\"avia_generated_form1\" \/><input type=\"submit\" value=\"K\u00fcld\u00e9s\" class=\"button\"  data-sending-label=\"K\u00fcld\u00e9s\"\/><\/p><\/fieldset><\/form><div id=\"ajaxresponse_1\" class=\"ajaxresponse ajaxresponse_1 hidden\"><\/div><\/p><\/div>\n<style type=\"text\/css\" data-created_by=\"avia_inline_auto\" id=\"style-css-av-h1gom-a65e3905d6aa303c3158e5e5a1710d6a\">\n.flex_column.av-h1gom-a65e3905d6aa303c3158e5e5a1710d6a{\nborder-radius:0px 0px 0px 0px;\npadding:0px 0px 0px 0px;\n}\n<\/style>\n<div  class='flex_column av-h1gom-a65e3905d6aa303c3158e5e5a1710d6a av_one_fifth  avia-builder-el-23  el_after_av_three_fifth  el_before_av_hr  flex_column_div av-zero-column-padding  '     ><\/div>\n<style type=\"text\/css\" data-created_by=\"avia_inline_auto\" id=\"style-css-av-2zu2fq-2bfd93e8eec6a3acf7d25c8a6976741c\">\n#top .hr.hr-invisible.av-2zu2fq-2bfd93e8eec6a3acf7d25c8a6976741c{\nheight:50px;\n}\n<\/style>\n<div  class='hr av-2zu2fq-2bfd93e8eec6a3acf7d25c8a6976741c hr-invisible  avia-builder-el-24  el_after_av_one_fifth  avia-builder-el-last '><span class='hr-inner '><span class=\"hr-inner-style\"><\/span><\/span><\/div>\n<\/div><\/div><\/div><!-- close content main div --><\/div><\/div><\/div><div id='after_section_3'  class='main_color av_default_container_wrap container_wrap sidebar_right'  ><div class='container av-section-cont-open' ><div class='template-page content  av-content-small alpha units'><div class='post-entry post-entry-type-page post-entry-1750'><div class='entry-content-wrapper clearfix'>\n","protected":false},"excerpt":{"rendered":"","protected":false},"author":2,"featured_media":0,"parent":0,"menu_order":0,"comment_status":"closed","ping_status":"closed","template":"","meta":{"footnotes":""},"class_list":["post-1750","page","type-page","status-publish","hentry"],"aioseo_notices":[],"_links":{"self":[{"href":"https:\/\/www.bau-styl.hu\/furdoszobaszalon\/wp-json\/wp\/v2\/pages\/1750","targetHints":{"allow":["GET"]}}],"collection":[{"href":"https:\/\/www.bau-styl.hu\/furdoszobaszalon\/wp-json\/wp\/v2\/pages"}],"about":[{"href":"https:\/\/www.bau-styl.hu\/furdoszobaszalon\/wp-json\/wp\/v2\/types\/page"}],"author":[{"embeddable":true,"href":"https:\/\/www.bau-styl.hu\/furdoszobaszalon\/wp-json\/wp\/v2\/users\/2"}],"replies":[{"embeddable":true,"href":"https:\/\/www.bau-styl.hu\/furdoszobaszalon\/wp-json\/wp\/v2\/comments?post=1750"}],"version-history":[{"count":0,"href":"https:\/\/www.bau-styl.hu\/furdoszobaszalon\/wp-json\/wp\/v2\/pages\/1750\/revisions"}],"wp:attachment":[{"href":"https:\/\/www.bau-styl.hu\/furdoszobaszalon\/wp-json\/wp\/v2\/media?parent=1750"}],"curies":[{"name":"wp","href":"https:\/\/api.w.org\/{rel}","templated":true}]}}