{"id":19030,"date":"2020-03-16T10:04:48","date_gmt":"2020-03-16T09:04:48","guid":{"rendered":"https:\/\/www.bau-styl.hu\/furdoszobaszalon\/?page_id=19030"},"modified":"2024-09-17T08:43:40","modified_gmt":"2024-09-17T07:43:40","slug":"geberit-clean-line","status":"publish","type":"page","link":"https:\/\/www.bau-styl.hu\/furdoszobaszalon\/geberit-clean-line\/","title":{"rendered":"Geberit Clean Line"},"content":{"rendered":"\n<style type=\"text\/css\" data-created_by=\"avia_inline_auto\" id=\"style-css-av-k7u8r5ht-a8e20c6798c9520c5359361ef9ac203e\">\n.avia-section.av-k7u8r5ht-a8e20c6798c9520c5359361ef9ac203e{\nbackground-repeat:no-repeat;\nbackground-image:url(https:\/\/www.bau-styl.hu\/furdoszobaszalon\/wp-content\/uploads\/2020\/03\/Geberit_Clean_line-4.jpg);\nbackground-position:50% 100%;\nbackground-attachment:scroll;\n}\n.avia-section.av-k7u8r5ht-a8e20c6798c9520c5359361ef9ac203e .av-section-color-overlay{\nopacity:0.5;\nbackground-color:#000000;\n}\n<\/style>\n<div id='av_section_1'  class='avia-section av-k7u8r5ht-a8e20c6798c9520c5359361ef9ac203e main_color avia-section-default avia-no-shadow  avia-builder-el-0  el_before_av_section  avia-builder-el-first  avia-full-stretch avia-bg-style-scroll av-section-color-overlay-active container_wrap sidebar_right'  data-section-bg-repeat='stretch'><div class=\"av-section-color-overlay-wrap\"><div class=\"av-section-color-overlay\"><\/div><div class='container av-section-cont-open' ><main  role=\"main\" itemprop=\"mainContentOfPage\"  class='template-page content  av-content-small alpha units'><div class='post-entry post-entry-type-page post-entry-19030'><div class='entry-content-wrapper clearfix'>\n\n<style type=\"text\/css\" data-created_by=\"avia_inline_auto\" id=\"style-css-av-74aiweu-6d2327cef2d3ec0f60792e702d031fc8\">\n#top .hr.hr-invisible.av-74aiweu-6d2327cef2d3ec0f60792e702d031fc8{\nheight:50px;\n}\n<\/style>\n<div  class='hr av-74aiweu-6d2327cef2d3ec0f60792e702d031fc8 hr-invisible  avia-builder-el-1  el_before_av_heading  avia-builder-el-first '><span class='hr-inner '><span class=\"hr-inner-style\"><\/span><\/span><\/div>\n\n<style type=\"text\/css\" data-created_by=\"avia_inline_auto\" id=\"style-css-av-m164lqfc-700014f9989699aaa2e13d13e1706f49\">\n#top .av-special-heading.av-m164lqfc-700014f9989699aaa2e13d13e1706f49{\npadding-bottom:10px;\ncolor:#ffffff;\n}\nbody .av-special-heading.av-m164lqfc-700014f9989699aaa2e13d13e1706f49 .av-special-heading-tag .heading-char{\nfont-size:25px;\n}\n.av-special-heading.av-m164lqfc-700014f9989699aaa2e13d13e1706f49 .special-heading-inner-border{\nborder-color:#ffffff;\n}\n.av-special-heading.av-m164lqfc-700014f9989699aaa2e13d13e1706f49 .av-subheading{\nfont-size:15px;\n}\n<\/style>\n<div  class='av-special-heading av-m164lqfc-700014f9989699aaa2e13d13e1706f49 av-special-heading-h1 custom-color-heading blockquote modern-quote modern-centered  avia-builder-el-2  el_after_av_hr  el_before_av_hr '><h1 class='av-special-heading-tag '  itemprop=\"headline\"  >CLEAN LINE<\/h1><div class='av_custom_color av-subheading av-subheading_below'><p>GEBERIT<\/p>\n<\/div><div class=\"special-heading-border\"><div class=\"special-heading-inner-border\"><\/div><\/div><\/div>\n\n<style type=\"text\/css\" data-created_by=\"avia_inline_auto\" id=\"style-css-av-6rx2dli-6d2616f9cdb465896d9f91ac951e66ba\">\n#top .hr.hr-invisible.av-6rx2dli-6d2616f9cdb465896d9f91ac951e66ba{\nheight:50px;\n}\n<\/style>\n<div  class='hr av-6rx2dli-6d2616f9cdb465896d9f91ac951e66ba hr-invisible  avia-builder-el-3  el_after_av_heading  avia-builder-el-last '><span class='hr-inner '><span class=\"hr-inner-style\"><\/span><\/span><\/div>\n<\/div><\/div><\/main><!-- close content main element --><\/div><\/div><\/div><div id='av_section_2'  class='avia-section av-61fmtg6-8dfd0ae3c3822408b2863e153d4e8034 main_color avia-section-default avia-no-shadow  avia-builder-el-4  el_after_av_section  el_before_av_section  avia-bg-style-scroll container_wrap sidebar_right'  ><div class='container av-section-cont-open' ><div class='template-page content  av-content-small alpha units'><div class='post-entry post-entry-type-page post-entry-19030'><div class='entry-content-wrapper clearfix'>\n<section  class='av_textblock_section av-k7u8nw93-d9d08cf612e39c137231479c634d5fcc '   itemscope=\"itemscope\" itemtype=\"https:\/\/schema.org\/CreativeWork\" ><div class='avia_textblock'  itemprop=\"text\" ><p style=\"text-align: JUSTIFY;\"><span style=\"font-weight: 400;\">Eleg\u00e1ns \u00e9s rozsdamentes ac\u00e9l profilokkal rendelkez\u0151 megb\u00edzhat\u00f3 zuhanyfoly\u00f3ka. Egyszer\u0171en \u00e9p\u00edthet\u0151 be, mint egy hagyom\u00e1nyos zuhany\u00f6sszefoly\u00f3, de nincsenek rejtett ter\u00fcletek, nem halmoz\u00f3dik fel benne szennyez\u0151d\u00e9s \u00e9s bakt\u00e9rium, ez\u00e1ltal k\u00f6nnyen k\u00f6nnyen tiszt\u00edthat\u00f3.\u00a0 A lehet\u0151 legrugalmasabb lefoly\u00f3, a profil k\u00e9t v\u00e9g\u00e9n egyszer\u0171en lev\u00e1ghat\u00f3,\u00edgy otthon\u00e1ban egyedi ig\u00e9nyekhez igazodva m\u00e9retre szabhat\u00f3. T\u00f6bb f\u00e9le kivitelben alkalmazkodik f\u00fcrd\u0151szob\u00e1ja vil\u00e1gos vagy s\u00f6t\u00e9t sz\u00edn\u0171 fug\u00e1j\u00e1hoz. A Clean Line fal mell\u00e9, de a zuhanyz\u00f3 k\u00f6zep\u00e9re is helyezhet\u0151.<\/span><\/p>\n<\/div><\/section>\n<section  class='av_textblock_section av-pd983y-b1fa89478f6804fa4b17eb2c905af87b '   itemscope=\"itemscope\" itemtype=\"https:\/\/schema.org\/CreativeWork\" ><div class='avia_textblock'  itemprop=\"text\" ><p style=\"text-align: right;\"><mark><strong><a href=\"#ajanlat\">Aj\u00e1nlatot k\u00e9rek!<\/a><\/strong><\/mark><\/p>\n<\/div><\/section>\n\n<style type=\"text\/css\" data-created_by=\"avia_inline_auto\" id=\"style-css-av-5p0mkgm-32fbd43e55b08024b06364ff046d852c\">\n#top .hr.hr-invisible.av-5p0mkgm-32fbd43e55b08024b06364ff046d852c{\nheight:50px;\n}\n<\/style>\n<div  class='hr av-5p0mkgm-32fbd43e55b08024b06364ff046d852c hr-invisible  avia-builder-el-7  el_after_av_textblock  el_before_av_masonry_gallery  avia-builder-el-last '><span class='hr-inner '><span class=\"hr-inner-style\"><\/span><\/span><\/div>\n<div id='av-masonry-1' class='av-masonry av-m164ntua-19bba82e1e2f18f7d869c9f702200c1e noHover av-fixed-size av-large-gap av-hover-overlay- av-masonry-animation-active av-masonry-col-5 av-caption-always av-caption-style- av-masonry-gallery av-medium-columns-overwrite av-medium-columns-4 av-small-columns-overwrite av-small-columns-4 av-mini-columns-overwrite av-mini-columns-4 ' data-post_id=\"19030\"><div class=\"av-masonry-container isotope av-js-disabled\"><div class='av-masonry-entry isotope-item av-masonry-item-no-image '><\/div><a href=\"https:\/\/www.bau-styl.hu\/furdoszobaszalon\/wp-content\/uploads\/2020\/03\/Geberit_Clean_line-4.jpg\" data-srcset=\"https:\/\/www.bau-styl.hu\/furdoszobaszalon\/wp-content\/uploads\/2020\/03\/Geberit_Clean_line-4.jpg 960w, https:\/\/www.bau-styl.hu\/furdoszobaszalon\/wp-content\/uploads\/2020\/03\/Geberit_Clean_line-4-300x169.jpg 300w, https:\/\/www.bau-styl.hu\/furdoszobaszalon\/wp-content\/uploads\/2020\/03\/Geberit_Clean_line-4-768x434.jpg 768w, https:\/\/www.bau-styl.hu\/furdoszobaszalon\/wp-content\/uploads\/2020\/03\/Geberit_Clean_line-4-705x398.jpg 705w\" data-sizes=\"(max-width: 960px) 100vw, 960px\"  aria-label=\"image Geberit Clean Line\"  id='av-masonry-1-item-18960' data-av-masonry-item='18960' class='av-masonry-entry isotope-item post-18960 attachment type-attachment status-inherit hentry  av-masonry-item-with-image' title=\"Geberit Clean Line\" alt=\"Geberit Clean Line\"    itemprop=\"thumbnailUrl\" ><div class='av-inner-masonry-sizer'><\/div><figure class='av-inner-masonry main_color'><div class=\"av-masonry-outerimage-container\"><div class='av-masonry-image-container' style=\"background-image: url(https:\/\/www.bau-styl.hu\/furdoszobaszalon\/wp-content\/uploads\/2020\/03\/Geberit_Clean_line-4-495x400.jpg);\"  title=\"Geberit Clean Line\" ><\/div><\/div><\/figure><\/a><!--end av-masonry entry--><a href=\"https:\/\/www.bau-styl.hu\/furdoszobaszalon\/wp-content\/uploads\/2020\/03\/Geberit_Clean_line-3.jpg\" data-srcset=\"https:\/\/www.bau-styl.hu\/furdoszobaszalon\/wp-content\/uploads\/2020\/03\/Geberit_Clean_line-3.jpg 1170w, https:\/\/www.bau-styl.hu\/furdoszobaszalon\/wp-content\/uploads\/2020\/03\/Geberit_Clean_line-3-200x300.jpg 200w, https:\/\/www.bau-styl.hu\/furdoszobaszalon\/wp-content\/uploads\/2020\/03\/Geberit_Clean_line-3-688x1030.jpg 688w, https:\/\/www.bau-styl.hu\/furdoszobaszalon\/wp-content\/uploads\/2020\/03\/Geberit_Clean_line-3-768x1150.jpg 768w, https:\/\/www.bau-styl.hu\/furdoszobaszalon\/wp-content\/uploads\/2020\/03\/Geberit_Clean_line-3-1026x1536.jpg 1026w, https:\/\/www.bau-styl.hu\/furdoszobaszalon\/wp-content\/uploads\/2020\/03\/Geberit_Clean_line-3-1002x1500.jpg 1002w, https:\/\/www.bau-styl.hu\/furdoszobaszalon\/wp-content\/uploads\/2020\/03\/Geberit_Clean_line-3-471x705.jpg 471w\" data-sizes=\"(max-width: 1170px) 100vw, 1170px\"  aria-label=\"image Geberit Clean Line\"  id='av-masonry-1-item-18959' data-av-masonry-item='18959' class='av-masonry-entry isotope-item post-18959 attachment type-attachment status-inherit hentry  av-masonry-item-with-image' title=\"Geberit Clean Line\" alt=\"Geberit Clean Line\"    itemprop=\"thumbnailUrl\" ><div class='av-inner-masonry-sizer'><\/div><figure class='av-inner-masonry main_color'><div class=\"av-masonry-outerimage-container\"><div class='av-masonry-image-container' style=\"background-image: url(https:\/\/www.bau-styl.hu\/furdoszobaszalon\/wp-content\/uploads\/2020\/03\/Geberit_Clean_line-3-495x400.jpg);\"  title=\"Geberit Clean Line\" ><\/div><\/div><\/figure><\/a><!--end av-masonry entry--><a href=\"https:\/\/www.bau-styl.hu\/furdoszobaszalon\/wp-content\/uploads\/2020\/03\/Geberit_Clean_line-2.jpg\" data-srcset=\"https:\/\/www.bau-styl.hu\/furdoszobaszalon\/wp-content\/uploads\/2020\/03\/Geberit_Clean_line-2.jpg 960w, https:\/\/www.bau-styl.hu\/furdoszobaszalon\/wp-content\/uploads\/2020\/03\/Geberit_Clean_line-2-300x300.jpg 300w, https:\/\/www.bau-styl.hu\/furdoszobaszalon\/wp-content\/uploads\/2020\/03\/Geberit_Clean_line-2-80x80.jpg 80w, https:\/\/www.bau-styl.hu\/furdoszobaszalon\/wp-content\/uploads\/2020\/03\/Geberit_Clean_line-2-768x768.jpg 768w, https:\/\/www.bau-styl.hu\/furdoszobaszalon\/wp-content\/uploads\/2020\/03\/Geberit_Clean_line-2-36x36.jpg 36w, https:\/\/www.bau-styl.hu\/furdoszobaszalon\/wp-content\/uploads\/2020\/03\/Geberit_Clean_line-2-180x180.jpg 180w, https:\/\/www.bau-styl.hu\/furdoszobaszalon\/wp-content\/uploads\/2020\/03\/Geberit_Clean_line-2-705x705.jpg 705w\" data-sizes=\"(max-width: 960px) 100vw, 960px\"  aria-label=\"image Geberit Clean Line\"  id='av-masonry-1-item-18958' data-av-masonry-item='18958' class='av-masonry-entry isotope-item post-18958 attachment type-attachment status-inherit hentry  av-masonry-item-with-image' title=\"Geberit Clean Line\" alt=\"Geberit Clean Line\"    itemprop=\"thumbnailUrl\" ><div class='av-inner-masonry-sizer'><\/div><figure class='av-inner-masonry main_color'><div class=\"av-masonry-outerimage-container\"><div class='av-masonry-image-container' style=\"background-image: url(https:\/\/www.bau-styl.hu\/furdoszobaszalon\/wp-content\/uploads\/2020\/03\/Geberit_Clean_line-2-495x400.jpg);\"  title=\"Geberit Clean Line\" ><\/div><\/div><\/figure><\/a><!--end av-masonry entry--><a href=\"https:\/\/www.bau-styl.hu\/furdoszobaszalon\/wp-content\/uploads\/2020\/03\/Geberit_Clean_line-1.jpg\" data-srcset=\"https:\/\/www.bau-styl.hu\/furdoszobaszalon\/wp-content\/uploads\/2020\/03\/Geberit_Clean_line-1.jpg 1170w, https:\/\/www.bau-styl.hu\/furdoszobaszalon\/wp-content\/uploads\/2020\/03\/Geberit_Clean_line-1-300x200.jpg 300w, https:\/\/www.bau-styl.hu\/furdoszobaszalon\/wp-content\/uploads\/2020\/03\/Geberit_Clean_line-1-1030x688.jpg 1030w, https:\/\/www.bau-styl.hu\/furdoszobaszalon\/wp-content\/uploads\/2020\/03\/Geberit_Clean_line-1-768x513.jpg 768w, https:\/\/www.bau-styl.hu\/furdoszobaszalon\/wp-content\/uploads\/2020\/03\/Geberit_Clean_line-1-705x471.jpg 705w\" data-sizes=\"(max-width: 1170px) 100vw, 1170px\"  aria-label=\"image Geberit Clean Line\"  id='av-masonry-1-item-18957' data-av-masonry-item='18957' class='av-masonry-entry isotope-item post-18957 attachment type-attachment status-inherit hentry  av-masonry-item-with-image' title=\"Geberit Clean Line\" alt=\"Geberit Clean Line\"    itemprop=\"thumbnailUrl\" ><div class='av-inner-masonry-sizer'><\/div><figure class='av-inner-masonry main_color'><div class=\"av-masonry-outerimage-container\"><div class='av-masonry-image-container' style=\"background-image: url(https:\/\/www.bau-styl.hu\/furdoszobaszalon\/wp-content\/uploads\/2020\/03\/Geberit_Clean_line-1-495x400.jpg);\"  title=\"Geberit Clean Line\" ><\/div><\/div><\/figure><\/a><!--end av-masonry entry--><\/div><\/div>\n\n<style type=\"text\/css\" data-created_by=\"avia_inline_auto\" id=\"style-css-av-5baixiu-0222b5e6cff424cd4f15822cdf4f2768\">\n#top .hr.hr-invisible.av-5baixiu-0222b5e6cff424cd4f15822cdf4f2768{\nheight:50px;\n}\n<\/style>\n<div  class='hr av-5baixiu-0222b5e6cff424cd4f15822cdf4f2768 hr-invisible  avia-builder-el-9  el_after_av_masonry_gallery  el_before_av_one_full  avia-builder-el-first '><span class='hr-inner '><span class=\"hr-inner-style\"><\/span><\/span><\/div>\n\n<style type=\"text\/css\" data-created_by=\"avia_inline_auto\" id=\"style-css-av-tfyezp-1f9db836b7cb58b08be1c8dfa8b6a098\">\n.flex_column.av-tfyezp-1f9db836b7cb58b08be1c8dfa8b6a098{\nborder-radius:0px 0px 0px 0px;\npadding:0px 0px 0px 0px;\n}\n<\/style>\n<div  class='flex_column av-tfyezp-1f9db836b7cb58b08be1c8dfa8b6a098 av_one_full  avia-builder-el-10  el_after_av_hr  avia-builder-el-last  first flex_column_div av-zero-column-padding  '     ><section  class='av_textblock_section av-kapbe2ry-871e575bfed02d5bcf55b0664400bea1 '   itemscope=\"itemscope\" itemtype=\"https:\/\/schema.org\/CreativeWork\" ><div class='avia_textblock'  itemprop=\"text\" ><p style=\"text-align: right;\"><a href=\"https:\/\/www.bau-styl.hu\/furdoszobaszalon\/index.php\/geberit\/\">Vissza minden Geberit kollekci\u00f3hoz<\/a><\/p>\n<\/div><\/section><\/div><\/div><\/div><\/div><!-- close content main div --><\/div><\/div>\n<style type=\"text\/css\" data-created_by=\"avia_inline_auto\" id=\"style-css-av-k7u8rtgx-d3ed131952a3621ae999616b189d0dee\">\n.avia-section.av-k7u8rtgx-d3ed131952a3621ae999616b189d0dee{\nbackground-repeat:no-repeat;\nbackground-image:url(https:\/\/www.bau-styl.hu\/furdoszobaszalon\/wp-content\/uploads\/2020\/03\/Geberit_Clean_line-2.jpg);\nbackground-position:50% 50%;\nbackground-attachment:scroll;\n}\n.avia-section.av-k7u8rtgx-d3ed131952a3621ae999616b189d0dee .av-section-color-overlay{\nopacity:0.5;\nbackground-color:#000000;\n}\n<\/style>\n<div id='av_section_3'  class='avia-section av-k7u8rtgx-d3ed131952a3621ae999616b189d0dee main_color avia-section-default avia-no-shadow  avia-builder-el-12  el_after_av_section  avia-builder-el-last  avia-full-stretch avia-bg-style-scroll av-section-color-overlay-active container_wrap sidebar_right'  data-section-bg-repeat='stretch'><div class=\"av-section-color-overlay-wrap\"><div class=\"av-section-color-overlay\"><\/div><div class='container av-section-cont-open' ><div class='template-page content  av-content-small alpha units'><div class='post-entry post-entry-type-page post-entry-19030'><div class='entry-content-wrapper clearfix'>\n\n<style type=\"text\/css\" data-created_by=\"avia_inline_auto\" id=\"style-css-av-4yxf9o6-c354639d023802c365498515c290d389\">\n#top .hr.hr-invisible.av-4yxf9o6-c354639d023802c365498515c290d389{\nheight:50px;\n}\n<\/style>\n<div  class='hr av-4yxf9o6-c354639d023802c365498515c290d389 hr-invisible  avia-builder-el-13  el_before_av_one_fifth  avia-builder-el-first '><span class='hr-inner '><span class=\"hr-inner-style\"><\/span><\/span><\/div>\n\n<style type=\"text\/css\" data-created_by=\"avia_inline_auto\" id=\"style-css-av-46m0vp2-5032e8e79b48d11228eb288c2bb607a1\">\n.flex_column.av-46m0vp2-5032e8e79b48d11228eb288c2bb607a1{\nborder-radius:0px 0px 0px 0px;\npadding:0px 0px 0px 0px;\n}\n<\/style>\n<div  class='flex_column av-46m0vp2-5032e8e79b48d11228eb288c2bb607a1 av_one_fifth  avia-builder-el-14  el_after_av_hr  el_before_av_three_fifth  first flex_column_div av-zero-column-padding  '     ><\/div>\n<style type=\"text\/css\" data-created_by=\"avia_inline_auto\" id=\"style-css-av-av_three_fifth-d16bed752390fb46bb9f8cdd4860f43d\">\n.flex_column.av-av_three_fifth-d16bed752390fb46bb9f8cdd4860f43d{\nborder-radius:0px 0px 0px 0px;\npadding:30px 30px 30px 30px;\nbackground-color:rgba(35,35,35,0.57);\n}\n<\/style>\n<div  class='flex_column av-av_three_fifth-d16bed752390fb46bb9f8cdd4860f43d av_three_fifth  avia-builder-el-15  el_after_av_one_fifth  el_before_av_one_fifth  flex_column_div  '     ><style type=\"text\/css\" data-created_by=\"avia_inline_auto\" id=\"style-css-av-av_textblock-27c4f643a6e4cf7c6096ff03deb9fd6d\">\n#top .av_textblock_section.av-av_textblock-27c4f643a6e4cf7c6096ff03deb9fd6d .avia_textblock{\nfont-size:16px;\ncolor:#ffffff;\n}\n<\/style>\n<section  class='av_textblock_section av-av_textblock-27c4f643a6e4cf7c6096ff03deb9fd6d '   itemscope=\"itemscope\" itemtype=\"https:\/\/schema.org\/CreativeWork\" ><div class='avia_textblock av_inherit_color'  itemprop=\"text\" ><p style=\"text-align: center;\"><strong>Ha elnyerte tetsz\u00e9s\u00e9t ez a kollekci\u00f3, forduljon hozz\u00e1nk bizalommal!<\/strong><\/p>\n<p style=\"text-align: center;\"><strong>Adja meg el\u00e9rhet\u0151s\u00e9g\u00e9t \u00e9s munkat\u00e1rsaink hamarosan felveszik \u00d6nnel a kapcsolatot!\u00a0<\/strong><\/p>\n<\/div><\/section><br \/>\n<form action=\"https:\/\/www.bau-styl.hu\/furdoszobaszalon\/geberit-clean-line\/\" method=\"post\" data-fields-with-error=\"Found errors in the following field(s):\" class=\"avia_ajax_form av-form-labels-hidden   avia-builder-el-17  el_after_av_textblock  avia-builder-el-last  av-custom-form-color av-light-form \" data-avia-form-id=\"1\" data-avia-redirect='https:\/\/www.bau-styl.hu\/furdoszobaszalon\/koszonjuk-erdeklodeset\/' ><fieldset><p class='  first_form  form_element form_element_third' id='element_avia_1_1'><label for=\"avia_1_1\">N\u00e9v <abbr class=\"required\" title=\"required\">*<\/abbr><\/label> <input name=\"avia_1_1\" class=\"text_input is_empty\" type=\"text\" id=\"avia_1_1\" value=\"\"  placeholder='N\u00e9v*'\/><\/p><p class='  form_element form_element_third' id='element_avia_2_1'><label for=\"avia_2_1\">E-Mail c\u00edm <abbr class=\"required\" title=\"required\">*<\/abbr><\/label> <input name=\"avia_2_1\" class=\"text_input is_email\" type=\"text\" id=\"avia_2_1\" value=\"\"  placeholder='E-Mail c\u00edm*'\/><\/p><p class='  form_element form_element_third' id='element_avia_3_1'><label for=\"avia_3_1\">Telefonsz\u00e1m <abbr class=\"required\" title=\"required\">*<\/abbr><\/label> <input name=\"avia_3_1\" class=\"text_input is_phone\" type=\"text\" id=\"avia_3_1\" value=\"\"  placeholder='Telefonsz\u00e1m*'\/><\/p><p class='  first_form  form_element form_fullwidth' id='element_avia_4_1'><label for=\"avia_4_1\">C\u00edm <abbr class=\"required\" title=\"required\">*<\/abbr><\/label> <input name=\"avia_4_1\" class=\"text_input is_empty\" type=\"text\" id=\"avia_4_1\" value=\"\"  placeholder='C\u00edm*'\/><\/p><p class='  first_form  form_element form_fullwidth' id='element_avia_5_1'><label for=\"avia_5_1\" class=\"textare_label hidden textare_label_avia_5_1\">Megjegyz\u00e9s<\/label><textarea  placeholder='Megjegyz\u00e9s' name=\"avia_5_1\" class=\"text_area \" cols=\"40\" rows=\"7\" id=\"avia_5_1\" ><\/textarea><\/p><p class=\"hidden\"><input type=\"text\" name=\"avia_6_1\" class=\"hidden \" id=\"avia_6_1\" value=\"\" \/><\/p><p class=' av_form_privacy_check av_contact_privacy_check first_form  form_element form_fullwidth' id='element_avia_7_1'><input  name=\"avia_7_1\" class=\"input_checkbox is_empty\" type=\"checkbox\" id=\"avia_7_1\" value=\"true\"\/><label class=\"input_checkbox_label\" for=\"avia_7_1\">Elfogadom az adatkezel\u00e9si nyilatkozatot <abbr class=\"required\" title=\"required\">*<\/abbr><\/label><\/p><p class=\"form_element \"><input type=\"hidden\" value=\"1\" name=\"avia_generated_form1\" \/><input type=\"submit\" value=\"K\u00fcld\u00e9s\" class=\"button\"  data-sending-label=\"K\u00fcld\u00e9s\"\/><\/p><\/fieldset><\/form><div id=\"ajaxresponse_1\" class=\"ajaxresponse ajaxresponse_1 hidden\"><\/div><\/p><\/div>\n<style type=\"text\/css\" data-created_by=\"avia_inline_auto\" id=\"style-css-av-14d2xp2-cded6734362da6f4905368f989d35e30\">\n.flex_column.av-14d2xp2-cded6734362da6f4905368f989d35e30{\nborder-radius:0px 0px 0px 0px;\npadding:0px 0px 0px 0px;\n}\n<\/style>\n<div  class='flex_column av-14d2xp2-cded6734362da6f4905368f989d35e30 av_one_fifth  avia-builder-el-18  el_after_av_three_fifth  el_before_av_hr  flex_column_div av-zero-column-padding  '     ><\/div>\n<style type=\"text\/css\" data-created_by=\"avia_inline_auto\" id=\"style-css-av-mvtwfq-15d17fb4782b42eb46cdf7e07a37b8e7\">\n#top .hr.hr-invisible.av-mvtwfq-15d17fb4782b42eb46cdf7e07a37b8e7{\nheight:50px;\n}\n<\/style>\n<div  class='hr av-mvtwfq-15d17fb4782b42eb46cdf7e07a37b8e7 hr-invisible  avia-builder-el-19  el_after_av_one_fifth  avia-builder-el-last '><span class='hr-inner '><span class=\"hr-inner-style\"><\/span><\/span><\/div>\n<\/div><\/div><\/div><!-- close content main div --><\/div><\/div><\/div><div id='after_section_3'  class='main_color av_default_container_wrap container_wrap sidebar_right'  ><div class='container av-section-cont-open' ><div class='template-page content  av-content-small alpha units'><div class='post-entry post-entry-type-page post-entry-19030'><div class='entry-content-wrapper clearfix'><\/p>\n","protected":false},"excerpt":{"rendered":"","protected":false},"author":2,"featured_media":0,"parent":0,"menu_order":0,"comment_status":"closed","ping_status":"closed","template":"","meta":{"footnotes":""},"class_list":["post-19030","page","type-page","status-publish","hentry"],"aioseo_notices":[],"_links":{"self":[{"href":"https:\/\/www.bau-styl.hu\/furdoszobaszalon\/wp-json\/wp\/v2\/pages\/19030","targetHints":{"allow":["GET"]}}],"collection":[{"href":"https:\/\/www.bau-styl.hu\/furdoszobaszalon\/wp-json\/wp\/v2\/pages"}],"about":[{"href":"https:\/\/www.bau-styl.hu\/furdoszobaszalon\/wp-json\/wp\/v2\/types\/page"}],"author":[{"embeddable":true,"href":"https:\/\/www.bau-styl.hu\/furdoszobaszalon\/wp-json\/wp\/v2\/users\/2"}],"replies":[{"embeddable":true,"href":"https:\/\/www.bau-styl.hu\/furdoszobaszalon\/wp-json\/wp\/v2\/comments?post=19030"}],"version-history":[{"count":0,"href":"https:\/\/www.bau-styl.hu\/furdoszobaszalon\/wp-json\/wp\/v2\/pages\/19030\/revisions"}],"wp:attachment":[{"href":"https:\/\/www.bau-styl.hu\/furdoszobaszalon\/wp-json\/wp\/v2\/media?parent=19030"}],"curies":[{"name":"wp","href":"https:\/\/api.w.org\/{rel}","templated":true}]}}