{"id":19042,"date":"2020-03-16T10:17:18","date_gmt":"2020-03-16T09:17:18","guid":{"rendered":"https:\/\/www.bau-styl.hu\/furdoszobaszalon\/?page_id=19042"},"modified":"2024-09-17T08:39:49","modified_gmt":"2024-09-17T07:39:49","slug":"geberit-citterio","status":"publish","type":"page","link":"https:\/\/www.bau-styl.hu\/furdoszobaszalon\/geberit-citterio\/","title":{"rendered":"Geberit Citterio"},"content":{"rendered":"\n<style type=\"text\/css\" data-created_by=\"avia_inline_auto\" id=\"style-css-av-k7u96mda-2d92dbe456e44a364696aea9582de798\">\n.avia-section.av-k7u96mda-2d92dbe456e44a364696aea9582de798{\nbackground-repeat:no-repeat;\nbackground-image:url(https:\/\/www.bau-styl.hu\/furdoszobaszalon\/wp-content\/uploads\/2020\/03\/Geberit_Citterio-3.jpg);\nbackground-position:50% 100%;\nbackground-attachment:scroll;\n}\n.avia-section.av-k7u96mda-2d92dbe456e44a364696aea9582de798 .av-section-color-overlay{\nopacity:0.5;\nbackground-color:#000000;\n}\n<\/style>\n<div id='av_section_1'  class='avia-section av-k7u96mda-2d92dbe456e44a364696aea9582de798 main_color avia-section-default avia-no-shadow  avia-builder-el-0  el_before_av_section  avia-builder-el-first  avia-full-stretch avia-bg-style-scroll av-section-color-overlay-active container_wrap sidebar_right'  data-section-bg-repeat='stretch'><div class=\"av-section-color-overlay-wrap\"><div class=\"av-section-color-overlay\"><\/div><div class='container av-section-cont-open' ><main  role=\"main\" itemprop=\"mainContentOfPage\"  class='template-page content  av-content-small alpha units'><div class='post-entry post-entry-type-page post-entry-19042'><div class='entry-content-wrapper clearfix'>\n\n<style type=\"text\/css\" data-created_by=\"avia_inline_auto\" id=\"style-css-av-6zvuvpe-9ca1b397689d7aa1053be9b48d1d70af\">\n#top .hr.hr-invisible.av-6zvuvpe-9ca1b397689d7aa1053be9b48d1d70af{\nheight:50px;\n}\n<\/style>\n<div  class='hr av-6zvuvpe-9ca1b397689d7aa1053be9b48d1d70af hr-invisible  avia-builder-el-1  el_before_av_heading  avia-builder-el-first '><span class='hr-inner '><span class=\"hr-inner-style\"><\/span><\/span><\/div>\n\n<style type=\"text\/css\" data-created_by=\"avia_inline_auto\" id=\"style-css-av-m164h52a-ef2b170b97c24099be15562bda0442dc\">\n#top .av-special-heading.av-m164h52a-ef2b170b97c24099be15562bda0442dc{\npadding-bottom:10px;\ncolor:#ffffff;\n}\nbody .av-special-heading.av-m164h52a-ef2b170b97c24099be15562bda0442dc .av-special-heading-tag .heading-char{\nfont-size:25px;\n}\n.av-special-heading.av-m164h52a-ef2b170b97c24099be15562bda0442dc .special-heading-inner-border{\nborder-color:#ffffff;\n}\n.av-special-heading.av-m164h52a-ef2b170b97c24099be15562bda0442dc .av-subheading{\nfont-size:15px;\n}\n<\/style>\n<div  class='av-special-heading av-m164h52a-ef2b170b97c24099be15562bda0442dc av-special-heading-h1 custom-color-heading blockquote modern-quote modern-centered  avia-builder-el-2  el_after_av_hr  el_before_av_hr '><h1 class='av-special-heading-tag '  itemprop=\"headline\"  >CITTERIO<\/h1><div class='av_custom_color av-subheading av-subheading_below'><p>GEBERIT<\/p>\n<\/div><div class=\"special-heading-border\"><div class=\"special-heading-inner-border\"><\/div><\/div><\/div>\n\n<style type=\"text\/css\" data-created_by=\"avia_inline_auto\" id=\"style-css-av-6hvyz7m-d494cbbfeb3ed9f37928ac42caf2b073\">\n#top .hr.hr-invisible.av-6hvyz7m-d494cbbfeb3ed9f37928ac42caf2b073{\nheight:50px;\n}\n<\/style>\n<div  class='hr av-6hvyz7m-d494cbbfeb3ed9f37928ac42caf2b073 hr-invisible  avia-builder-el-3  el_after_av_heading  avia-builder-el-last '><span class='hr-inner '><span class=\"hr-inner-style\"><\/span><\/span><\/div>\n\n<\/div><\/div><\/main><!-- close content main element --><\/div><\/div><\/div><div id='av_section_2'  class='avia-section av-285cpu-5a0b51b66ddeda435fbce3992ff12737 main_color avia-section-default avia-no-shadow  avia-builder-el-4  el_after_av_section  el_before_av_section  avia-bg-style-scroll container_wrap sidebar_right'  ><div class='container av-section-cont-open' ><div class='template-page content  av-content-small alpha units'><div class='post-entry post-entry-type-page post-entry-19042'><div class='entry-content-wrapper clearfix'>\n<section  class='av_textblock_section av-k7u93p6w-c3bcc8646dc0ecf1a12636daa5a4cca6 '   itemscope=\"itemscope\" itemtype=\"https:\/\/schema.org\/CreativeWork\" ><div class='avia_textblock'  itemprop=\"text\" ><p style=\"text-align: justify;\"><span style=\"font-weight: 400;\">Ez a figyelemre m\u00e9lt\u00f3 term\u00e9kcsal\u00e1d harmonikusan \u00f6tv\u00f6zi a klasszikus olasz design-t \u00e9s az id\u0151tlen eleganci\u00e1t. A kollekci\u00f3t a h\u00edres olasz \u00e9p\u00edt\u00e9sz \u00e9s tervez\u0151 Antonio Citterio st\u00edlusa ihlette. <\/span><span style=\"font-weight: 400;\">A Citterio be\u00e9p\u00edthet\u0151 \u00e9s pultra szerelhet\u0151 mosd\u00f3kat, WC-t, bid\u00e9t, t\u00fckr\u00f6ket \u00e9s f\u00fcrd\u0151szobai szekr\u00e9nyeket k\u00edn\u00e1l. Ez ut\u00f3bbit t\u00f6bb sz\u00ednben v\u00e1laszthatjuk.\u00a0 <\/span><span style=\"font-weight: 400;\">A mosd\u00f3 k\u00fcl\u00f6nleges kontrasztja a k\u00fcls\u0151 karakteres \u00e9s a bels\u0151 gyeng\u00e9den \u00edvelt form\u00e1j\u00e1b\u00f3l ad\u00f3dik. Semmi sem t\u00f6ri meg az eszt\u00e9tikumot, hiszen a szabadalmaztatott Geberit mosd\u00f3csatlakoz\u00f3 nem ig\u00e9nyel t\u00falfoly\u00f3 ny\u00edl\u00e1st. <\/span><span style=\"font-weight: 400;\">A WC-k \u00e9s bid\u00e9k peremmentes, g\u00f6mb\u00f6ly\u0171 alakja t\u00f6k\u00e9letesen illeszkednek a sorozat kialak\u00edt\u00e1s\u00e1hoz. A csal\u00e1d \u00f6sszes ker\u00e1mi\u00e1ja Geberit Kera Tect bevonattal rendelkezik, amely t\u00f6k\u00e9letes tiszt\u00e1ntarthat\u00f3s\u00e1got, ez\u00e1ltal higin\u00e9kus haszn\u00e1latot biztos\u00edt.<\/span><\/p>\n<\/div><\/section>\n<section  class='av_textblock_section av-pd983y-b1fa89478f6804fa4b17eb2c905af87b '   itemscope=\"itemscope\" itemtype=\"https:\/\/schema.org\/CreativeWork\" ><div class='avia_textblock'  itemprop=\"text\" ><p style=\"text-align: right;\"><mark><strong><a href=\"#ajanlat\">Aj\u00e1nlatot k\u00e9rek!<\/a><\/strong><\/mark><\/p>\n<\/div><\/section>\n\n<style type=\"text\/css\" data-created_by=\"avia_inline_auto\" id=\"style-css-av-5xcilvm-7510d632673434b7e3e9e6b2c27ce4c7\">\n#top .hr.hr-invisible.av-5xcilvm-7510d632673434b7e3e9e6b2c27ce4c7{\nheight:50px;\n}\n<\/style>\n<div  class='hr av-5xcilvm-7510d632673434b7e3e9e6b2c27ce4c7 hr-invisible  avia-builder-el-7  el_after_av_textblock  el_before_av_masonry_gallery  avia-builder-el-last '><span class='hr-inner '><span class=\"hr-inner-style\"><\/span><\/span><\/div>\n<div id='av-masonry-1' class='av-masonry av-m164i4e1-d41ab619b38604777b0e7c0d6dc3ebbb noHover av-fixed-size av-large-gap av-hover-overlay- av-masonry-animation-active av-masonry-col-5 av-caption-always av-caption-style- av-masonry-gallery av-medium-columns-overwrite av-medium-columns-4 av-small-columns-overwrite av-small-columns-4 av-mini-columns-overwrite av-mini-columns-4 ' data-post_id=\"19042\"><div class=\"av-masonry-container isotope av-js-disabled\"><div class='av-masonry-entry isotope-item av-masonry-item-no-image '><\/div><a href=\"https:\/\/www.bau-styl.hu\/furdoszobaszalon\/wp-content\/uploads\/2020\/03\/Geberit_Citterio-6.jpg\" data-srcset=\"https:\/\/www.bau-styl.hu\/furdoszobaszalon\/wp-content\/uploads\/2020\/03\/Geberit_Citterio-6.jpg 1170w, https:\/\/www.bau-styl.hu\/furdoszobaszalon\/wp-content\/uploads\/2020\/03\/Geberit_Citterio-6-300x212.jpg 300w, https:\/\/www.bau-styl.hu\/furdoszobaszalon\/wp-content\/uploads\/2020\/03\/Geberit_Citterio-6-1030x729.jpg 1030w, https:\/\/www.bau-styl.hu\/furdoszobaszalon\/wp-content\/uploads\/2020\/03\/Geberit_Citterio-6-768x544.jpg 768w, https:\/\/www.bau-styl.hu\/furdoszobaszalon\/wp-content\/uploads\/2020\/03\/Geberit_Citterio-6-260x185.jpg 260w, https:\/\/www.bau-styl.hu\/furdoszobaszalon\/wp-content\/uploads\/2020\/03\/Geberit_Citterio-6-705x499.jpg 705w\" data-sizes=\"(max-width: 1170px) 100vw, 1170px\"  aria-label=\"image Geberit Citterio\"  id='av-masonry-1-item-18956' data-av-masonry-item='18956' class='av-masonry-entry isotope-item post-18956 attachment type-attachment status-inherit hentry  av-masonry-item-with-image' title=\"Geberit Citterio\" alt=\"Geberit Citterio\"    itemprop=\"thumbnailUrl\" ><div class='av-inner-masonry-sizer'><\/div><figure class='av-inner-masonry main_color'><div class=\"av-masonry-outerimage-container\"><div class='av-masonry-image-container' style=\"background-image: url(https:\/\/www.bau-styl.hu\/furdoszobaszalon\/wp-content\/uploads\/2020\/03\/Geberit_Citterio-6-495x400.jpg);\"  title=\"Geberit Citterio\" ><\/div><\/div><\/figure><\/a><!--end av-masonry entry--><a href=\"https:\/\/www.bau-styl.hu\/furdoszobaszalon\/wp-content\/uploads\/2020\/03\/Geberit_Citterio-5.jpg\" data-srcset=\"https:\/\/www.bau-styl.hu\/furdoszobaszalon\/wp-content\/uploads\/2020\/03\/Geberit_Citterio-5.jpg 960w, https:\/\/www.bau-styl.hu\/furdoszobaszalon\/wp-content\/uploads\/2020\/03\/Geberit_Citterio-5-300x169.jpg 300w, https:\/\/www.bau-styl.hu\/furdoszobaszalon\/wp-content\/uploads\/2020\/03\/Geberit_Citterio-5-768x434.jpg 768w, https:\/\/www.bau-styl.hu\/furdoszobaszalon\/wp-content\/uploads\/2020\/03\/Geberit_Citterio-5-705x398.jpg 705w\" data-sizes=\"(max-width: 960px) 100vw, 960px\"  aria-label=\"image Geberit Citterio\"  id='av-masonry-1-item-18955' data-av-masonry-item='18955' class='av-masonry-entry isotope-item post-18955 attachment type-attachment status-inherit hentry  av-masonry-item-with-image' title=\"Geberit Citterio\" alt=\"Geberit Citterio\"    itemprop=\"thumbnailUrl\" ><div class='av-inner-masonry-sizer'><\/div><figure class='av-inner-masonry main_color'><div class=\"av-masonry-outerimage-container\"><div class='av-masonry-image-container' style=\"background-image: url(https:\/\/www.bau-styl.hu\/furdoszobaszalon\/wp-content\/uploads\/2020\/03\/Geberit_Citterio-5-495x400.jpg);\"  title=\"Geberit Citterio\" ><\/div><\/div><\/figure><\/a><!--end av-masonry entry--><a href=\"https:\/\/www.bau-styl.hu\/furdoszobaszalon\/wp-content\/uploads\/2020\/03\/Geberit_Citterio-4.jpg\" data-srcset=\"https:\/\/www.bau-styl.hu\/furdoszobaszalon\/wp-content\/uploads\/2020\/03\/Geberit_Citterio-4.jpg 960w, https:\/\/www.bau-styl.hu\/furdoszobaszalon\/wp-content\/uploads\/2020\/03\/Geberit_Citterio-4-300x169.jpg 300w, https:\/\/www.bau-styl.hu\/furdoszobaszalon\/wp-content\/uploads\/2020\/03\/Geberit_Citterio-4-768x434.jpg 768w, https:\/\/www.bau-styl.hu\/furdoszobaszalon\/wp-content\/uploads\/2020\/03\/Geberit_Citterio-4-705x398.jpg 705w\" data-sizes=\"(max-width: 960px) 100vw, 960px\"  aria-label=\"image Geberit Citterio\"  id='av-masonry-1-item-18954' data-av-masonry-item='18954' class='av-masonry-entry isotope-item post-18954 attachment type-attachment status-inherit hentry  av-masonry-item-with-image' title=\"Geberit Citterio\" alt=\"Geberit Citterio\"    itemprop=\"thumbnailUrl\" ><div class='av-inner-masonry-sizer'><\/div><figure class='av-inner-masonry main_color'><div class=\"av-masonry-outerimage-container\"><div class='av-masonry-image-container' style=\"background-image: url(https:\/\/www.bau-styl.hu\/furdoszobaszalon\/wp-content\/uploads\/2020\/03\/Geberit_Citterio-4-495x400.jpg);\"  title=\"Geberit Citterio\" ><\/div><\/div><\/figure><\/a><!--end av-masonry entry--><a href=\"https:\/\/www.bau-styl.hu\/furdoszobaszalon\/wp-content\/uploads\/2020\/03\/Geberit_Citterio-3.jpg\" data-srcset=\"https:\/\/www.bau-styl.hu\/furdoszobaszalon\/wp-content\/uploads\/2020\/03\/Geberit_Citterio-3.jpg 720w, https:\/\/www.bau-styl.hu\/furdoszobaszalon\/wp-content\/uploads\/2020\/03\/Geberit_Citterio-3-300x169.jpg 300w, https:\/\/www.bau-styl.hu\/furdoszobaszalon\/wp-content\/uploads\/2020\/03\/Geberit_Citterio-3-705x398.jpg 705w\" data-sizes=\"(max-width: 720px) 100vw, 720px\"  aria-label=\"image Geberit Citterio\"  id='av-masonry-1-item-18953' data-av-masonry-item='18953' class='av-masonry-entry isotope-item post-18953 attachment type-attachment status-inherit hentry  av-masonry-item-with-image' title=\"Geberit Citterio\" alt=\"Geberit Citterio\"    itemprop=\"thumbnailUrl\" ><div class='av-inner-masonry-sizer'><\/div><figure class='av-inner-masonry main_color'><div class=\"av-masonry-outerimage-container\"><div class='av-masonry-image-container' style=\"background-image: url(https:\/\/www.bau-styl.hu\/furdoszobaszalon\/wp-content\/uploads\/2020\/03\/Geberit_Citterio-3-495x400.jpg);\"  title=\"Geberit Citterio\" ><\/div><\/div><\/figure><\/a><!--end av-masonry entry--><a href=\"https:\/\/www.bau-styl.hu\/furdoszobaszalon\/wp-content\/uploads\/2020\/03\/Geberit_Citterio-2.jpg\" data-srcset=\"https:\/\/www.bau-styl.hu\/furdoszobaszalon\/wp-content\/uploads\/2020\/03\/Geberit_Citterio-2.jpg 720w, https:\/\/www.bau-styl.hu\/furdoszobaszalon\/wp-content\/uploads\/2020\/03\/Geberit_Citterio-2-300x169.jpg 300w, https:\/\/www.bau-styl.hu\/furdoszobaszalon\/wp-content\/uploads\/2020\/03\/Geberit_Citterio-2-705x398.jpg 705w\" data-sizes=\"(max-width: 720px) 100vw, 720px\"  aria-label=\"image Geberit Citterio\"  id='av-masonry-1-item-18952' data-av-masonry-item='18952' class='av-masonry-entry isotope-item post-18952 attachment type-attachment status-inherit hentry  av-masonry-item-with-image' title=\"Geberit Citterio\" alt=\"Geberit Citterio\"    itemprop=\"thumbnailUrl\" ><div class='av-inner-masonry-sizer'><\/div><figure class='av-inner-masonry main_color'><div class=\"av-masonry-outerimage-container\"><div class='av-masonry-image-container' style=\"background-image: url(https:\/\/www.bau-styl.hu\/furdoszobaszalon\/wp-content\/uploads\/2020\/03\/Geberit_Citterio-2-495x400.jpg);\"  title=\"Geberit Citterio\" ><\/div><\/div><\/figure><\/a><!--end av-masonry entry--><a href=\"https:\/\/www.bau-styl.hu\/furdoszobaszalon\/wp-content\/uploads\/2020\/03\/Geberit_Citterio-1.jpg\" data-srcset=\"https:\/\/www.bau-styl.hu\/furdoszobaszalon\/wp-content\/uploads\/2020\/03\/Geberit_Citterio-1.jpg 960w, https:\/\/www.bau-styl.hu\/furdoszobaszalon\/wp-content\/uploads\/2020\/03\/Geberit_Citterio-1-300x169.jpg 300w, https:\/\/www.bau-styl.hu\/furdoszobaszalon\/wp-content\/uploads\/2020\/03\/Geberit_Citterio-1-768x434.jpg 768w, https:\/\/www.bau-styl.hu\/furdoszobaszalon\/wp-content\/uploads\/2020\/03\/Geberit_Citterio-1-705x398.jpg 705w\" data-sizes=\"(max-width: 960px) 100vw, 960px\"  aria-label=\"image Geberit Citterio\"  id='av-masonry-1-item-18951' data-av-masonry-item='18951' class='av-masonry-entry isotope-item post-18951 attachment type-attachment status-inherit hentry  av-masonry-item-with-image' title=\"Geberit Citterio\" alt=\"Geberit Citterio\"    itemprop=\"thumbnailUrl\" ><div class='av-inner-masonry-sizer'><\/div><figure class='av-inner-masonry main_color'><div class=\"av-masonry-outerimage-container\"><div class='av-masonry-image-container' style=\"background-image: url(https:\/\/www.bau-styl.hu\/furdoszobaszalon\/wp-content\/uploads\/2020\/03\/Geberit_Citterio-1-495x400.jpg);\"  title=\"Geberit Citterio\" ><\/div><\/div><\/figure><\/a><!--end av-masonry entry--><\/div><\/div>\n\n<style type=\"text\/css\" data-created_by=\"avia_inline_auto\" id=\"style-css-av-56jct42-86a225ebbf33d3be5a18fed1cb4e21d4\">\n#top .hr.hr-invisible.av-56jct42-86a225ebbf33d3be5a18fed1cb4e21d4{\nheight:50px;\n}\n<\/style>\n<div  class='hr av-56jct42-86a225ebbf33d3be5a18fed1cb4e21d4 hr-invisible  avia-builder-el-9  el_after_av_masonry_gallery  el_before_av_one_full  avia-builder-el-first '><span class='hr-inner '><span class=\"hr-inner-style\"><\/span><\/span><\/div>\n\n<style type=\"text\/css\" data-created_by=\"avia_inline_auto\" id=\"style-css-av-tfyezp-1f9db836b7cb58b08be1c8dfa8b6a098\">\n.flex_column.av-tfyezp-1f9db836b7cb58b08be1c8dfa8b6a098{\nborder-radius:0px 0px 0px 0px;\npadding:0px 0px 0px 0px;\n}\n<\/style>\n<div  class='flex_column av-tfyezp-1f9db836b7cb58b08be1c8dfa8b6a098 av_one_full  avia-builder-el-10  el_after_av_hr  avia-builder-el-last  first flex_column_div av-zero-column-padding  '     ><section  class='av_textblock_section av-kapbe2ry-871e575bfed02d5bcf55b0664400bea1 '   itemscope=\"itemscope\" itemtype=\"https:\/\/schema.org\/CreativeWork\" ><div class='avia_textblock'  itemprop=\"text\" ><p style=\"text-align: right;\"><a href=\"https:\/\/www.bau-styl.hu\/furdoszobaszalon\/index.php\/geberit\/\">Vissza minden Geberit kollekci\u00f3hoz<\/a><\/p>\n<\/div><\/section><\/div><\/div><\/div><\/div><!-- close content main div --><\/div><\/div>\n<style type=\"text\/css\" data-created_by=\"avia_inline_auto\" id=\"style-css-av-k7u97cf6-07bbf494b704362c7d3d8081d3baff54\">\n.avia-section.av-k7u97cf6-07bbf494b704362c7d3d8081d3baff54{\nbackground-repeat:no-repeat;\nbackground-image:url(https:\/\/www.bau-styl.hu\/furdoszobaszalon\/wp-content\/uploads\/2015\/10\/hansgrohe_axorcittirio_-3.jpg);\nbackground-position:50% 50%;\nbackground-attachment:scroll;\n}\n.avia-section.av-k7u97cf6-07bbf494b704362c7d3d8081d3baff54 .av-section-color-overlay{\nopacity:0.5;\nbackground-color:#000000;\n}\n<\/style>\n<div id='av_section_3'  class='avia-section av-k7u97cf6-07bbf494b704362c7d3d8081d3baff54 main_color avia-section-default avia-no-shadow  avia-builder-el-12  el_after_av_section  avia-builder-el-last  avia-full-stretch avia-bg-style-scroll av-section-color-overlay-active container_wrap sidebar_right'  data-section-bg-repeat='stretch'><div class=\"av-section-color-overlay-wrap\"><div class=\"av-section-color-overlay\"><\/div><div class='container av-section-cont-open' ><div class='template-page content  av-content-small alpha units'><div class='post-entry post-entry-type-page post-entry-19042'><div class='entry-content-wrapper clearfix'>\n\n<style type=\"text\/css\" data-created_by=\"avia_inline_auto\" id=\"style-css-av-4y1ov4y-f9819ee02cf062991e0627c91556c30f\">\n#top .hr.hr-invisible.av-4y1ov4y-f9819ee02cf062991e0627c91556c30f{\nheight:50px;\n}\n<\/style>\n<div  class='hr av-4y1ov4y-f9819ee02cf062991e0627c91556c30f hr-invisible  avia-builder-el-13  el_before_av_one_fifth  avia-builder-el-first '><span class='hr-inner '><span class=\"hr-inner-style\"><\/span><\/span><\/div>\n\n<style type=\"text\/css\" data-created_by=\"avia_inline_auto\" id=\"style-css-av-4706zwi-ebf7cec43afb90d414ec8def719f0e2c\">\n.flex_column.av-4706zwi-ebf7cec43afb90d414ec8def719f0e2c{\nborder-radius:0px 0px 0px 0px;\npadding:0px 0px 0px 0px;\n}\n<\/style>\n<div  class='flex_column av-4706zwi-ebf7cec43afb90d414ec8def719f0e2c av_one_fifth  avia-builder-el-14  el_after_av_hr  el_before_av_three_fifth  first flex_column_div av-zero-column-padding  '     ><\/div>\n<style type=\"text\/css\" data-created_by=\"avia_inline_auto\" id=\"style-css-av-3f3bl36-4fbc83749ba934810160fd7a18e20dd6\">\n.flex_column.av-3f3bl36-4fbc83749ba934810160fd7a18e20dd6{\nborder-radius:0px 0px 0px 0px;\npadding:30px 30px 30px 30px;\nbackground-color:rgba(35,35,35,0.57);\n}\n<\/style>\n<div  class='flex_column av-3f3bl36-4fbc83749ba934810160fd7a18e20dd6 av_three_fifth  avia-builder-el-15  el_after_av_one_fifth  el_before_av_one_fifth  flex_column_div  '     ><style type=\"text\/css\" data-created_by=\"avia_inline_auto\" id=\"style-css-av-3290huq-0d675f22c8a8af49a7536f24ab9d3053\">\n#top .av_textblock_section.av-3290huq-0d675f22c8a8af49a7536f24ab9d3053 .avia_textblock{\nfont-size:16px;\ncolor:#ffffff;\n}\n<\/style>\n<section  class='av_textblock_section av-3290huq-0d675f22c8a8af49a7536f24ab9d3053 '   itemscope=\"itemscope\" itemtype=\"https:\/\/schema.org\/CreativeWork\" ><div class='avia_textblock av_inherit_color'  itemprop=\"text\" ><p style=\"text-align: center;\"><strong>Ha elnyerte tetsz\u00e9s\u00e9t ez a kollekci\u00f3, forduljon hozz\u00e1nk bizalommal!<\/strong><\/p>\n<p style=\"text-align: center;\"><strong>Adja meg el\u00e9rhet\u0151s\u00e9g\u00e9t \u00e9s munkat\u00e1rsaink hamarosan felveszik \u00d6nnel a kapcsolatot!\u00a0<\/strong><\/p>\n<\/div><\/section><br \/>\n<form action=\"https:\/\/www.bau-styl.hu\/furdoszobaszalon\/geberit-citterio\/\" method=\"post\" data-fields-with-error=\"Found errors in the following field(s):\" class=\"avia_ajax_form av-form-labels-hidden   avia-builder-el-17  el_after_av_textblock  avia-builder-el-last  av-custom-form-color av-light-form \" data-avia-form-id=\"1\" data-avia-redirect='https:\/\/www.bau-styl.hu\/furdoszobaszalon\/koszonjuk-erdeklodeset\/' ><fieldset><p class='  first_form  form_element form_element_third' id='element_avia_1_1'><label for=\"avia_1_1\">N\u00e9v <abbr class=\"required\" title=\"required\">*<\/abbr><\/label> <input name=\"avia_1_1\" class=\"text_input is_empty\" type=\"text\" id=\"avia_1_1\" value=\"\"  placeholder='N\u00e9v*'\/><\/p><p class='  form_element form_element_third' id='element_avia_2_1'><label for=\"avia_2_1\">E-Mail c\u00edm <abbr class=\"required\" title=\"required\">*<\/abbr><\/label> <input name=\"avia_2_1\" class=\"text_input is_email\" type=\"text\" id=\"avia_2_1\" value=\"\"  placeholder='E-Mail c\u00edm*'\/><\/p><p class='  form_element form_element_third' id='element_avia_3_1'><label for=\"avia_3_1\">Telefonsz\u00e1m <abbr class=\"required\" title=\"required\">*<\/abbr><\/label> <input name=\"avia_3_1\" class=\"text_input is_phone\" type=\"text\" id=\"avia_3_1\" value=\"\"  placeholder='Telefonsz\u00e1m*'\/><\/p><p class='  first_form  form_element form_fullwidth' id='element_avia_4_1'><label for=\"avia_4_1\">C\u00edm <abbr class=\"required\" title=\"required\">*<\/abbr><\/label> <input name=\"avia_4_1\" class=\"text_input is_empty\" type=\"text\" id=\"avia_4_1\" value=\"\"  placeholder='C\u00edm*'\/><\/p><p class='  first_form  form_element form_fullwidth' id='element_avia_5_1'><label for=\"avia_5_1\" class=\"textare_label hidden textare_label_avia_5_1\">Megjegyz\u00e9s<\/label><textarea  placeholder='Megjegyz\u00e9s' name=\"avia_5_1\" class=\"text_area \" cols=\"40\" rows=\"7\" id=\"avia_5_1\" ><\/textarea><\/p><p class=\"hidden\"><input type=\"text\" name=\"avia_6_1\" class=\"hidden \" id=\"avia_6_1\" value=\"\" \/><\/p><p class=' av_form_privacy_check av_contact_privacy_check first_form  form_element form_fullwidth' id='element_avia_7_1'><input  name=\"avia_7_1\" class=\"input_checkbox is_empty\" type=\"checkbox\" id=\"avia_7_1\" value=\"true\"\/><label class=\"input_checkbox_label\" for=\"avia_7_1\">Elfogadom az adatkezel\u00e9si nyilatkozatot <abbr class=\"required\" title=\"required\">*<\/abbr><\/label><\/p><p class=\"form_element \"><input type=\"hidden\" value=\"1\" name=\"avia_generated_form1\" \/><input type=\"submit\" value=\"K\u00fcld\u00e9s\" class=\"button\"  data-sending-label=\"K\u00fcld\u00e9s\"\/><\/p><\/fieldset><\/form><div id=\"ajaxresponse_1\" class=\"ajaxresponse ajaxresponse_1 hidden\"><\/div><\/p><\/div>\n<style type=\"text\/css\" data-created_by=\"avia_inline_auto\" id=\"style-css-av-16r8cxu-a28e6696895ac735873bb561fa02195b\">\n.flex_column.av-16r8cxu-a28e6696895ac735873bb561fa02195b{\nborder-radius:0px 0px 0px 0px;\npadding:0px 0px 0px 0px;\n}\n<\/style>\n<div  class='flex_column av-16r8cxu-a28e6696895ac735873bb561fa02195b av_one_fifth  avia-builder-el-18  el_after_av_three_fifth  el_before_av_hr  flex_column_div av-zero-column-padding  '     ><\/div>\n<style type=\"text\/css\" data-created_by=\"avia_inline_auto\" id=\"style-css-av-sfa43m-5d77eb3bbb9efe305ee0b5b752b808c1\">\n#top .hr.hr-invisible.av-sfa43m-5d77eb3bbb9efe305ee0b5b752b808c1{\nheight:50px;\n}\n<\/style>\n<div  class='hr av-sfa43m-5d77eb3bbb9efe305ee0b5b752b808c1 hr-invisible  avia-builder-el-19  el_after_av_one_fifth  avia-builder-el-last '><span class='hr-inner '><span class=\"hr-inner-style\"><\/span><\/span><\/div>\n<\/div><\/div><\/div><!-- close content main div --><\/div><\/div><\/div><div id='after_section_3'  class='main_color av_default_container_wrap container_wrap sidebar_right'  ><div class='container av-section-cont-open' ><div class='template-page content  av-content-small alpha units'><div class='post-entry post-entry-type-page post-entry-19042'><div class='entry-content-wrapper clearfix'><\/p>\n","protected":false},"excerpt":{"rendered":"","protected":false},"author":2,"featured_media":0,"parent":0,"menu_order":0,"comment_status":"closed","ping_status":"closed","template":"","meta":{"footnotes":""},"class_list":["post-19042","page","type-page","status-publish","hentry"],"aioseo_notices":[],"_links":{"self":[{"href":"https:\/\/www.bau-styl.hu\/furdoszobaszalon\/wp-json\/wp\/v2\/pages\/19042","targetHints":{"allow":["GET"]}}],"collection":[{"href":"https:\/\/www.bau-styl.hu\/furdoszobaszalon\/wp-json\/wp\/v2\/pages"}],"about":[{"href":"https:\/\/www.bau-styl.hu\/furdoszobaszalon\/wp-json\/wp\/v2\/types\/page"}],"author":[{"embeddable":true,"href":"https:\/\/www.bau-styl.hu\/furdoszobaszalon\/wp-json\/wp\/v2\/users\/2"}],"replies":[{"embeddable":true,"href":"https:\/\/www.bau-styl.hu\/furdoszobaszalon\/wp-json\/wp\/v2\/comments?post=19042"}],"version-history":[{"count":0,"href":"https:\/\/www.bau-styl.hu\/furdoszobaszalon\/wp-json\/wp\/v2\/pages\/19042\/revisions"}],"wp:attachment":[{"href":"https:\/\/www.bau-styl.hu\/furdoszobaszalon\/wp-json\/wp\/v2\/media?parent=19042"}],"curies":[{"name":"wp","href":"https:\/\/api.w.org\/{rel}","templated":true}]}}