{"id":19567,"date":"2020-11-02T13:34:20","date_gmt":"2020-11-02T12:34:20","guid":{"rendered":"https:\/\/www.bau-styl.hu\/furdoszobaszalon\/?page_id=19567"},"modified":"2026-03-31T09:11:28","modified_gmt":"2026-03-31T08:11:28","slug":"fap-lumina-305x915","status":"publish","type":"page","link":"https:\/\/www.bau-styl.hu\/furdoszobaszalon\/fap-lumina-305x915\/","title":{"rendered":"Fap &#8211; Lumina 30,5&#215;91,5"},"content":{"rendered":"\n<style type=\"text\/css\" data-created_by=\"avia_inline_auto\" id=\"style-css-av-k9kfmh9w-3bfd1d6c096aea8df23ba5f0bb4afad0\">\n.avia-section.av-k9kfmh9w-3bfd1d6c096aea8df23ba5f0bb4afad0{\nbackground-repeat:no-repeat;\nbackground-image:url(https:\/\/www.bau-styl.hu\/furdoszobaszalon\/wp-content\/uploads\/2020\/04\/FAP-Lumina-305x915-1.jpg);\nbackground-position:50% 100%;\nbackground-attachment:scroll;\n}\n.avia-section.av-k9kfmh9w-3bfd1d6c096aea8df23ba5f0bb4afad0 .av-section-color-overlay{\nopacity:0.5;\nbackground-color:#000000;\n}\n<\/style>\n<div id='av_section_1'  class='avia-section av-k9kfmh9w-3bfd1d6c096aea8df23ba5f0bb4afad0 main_color avia-section-default avia-no-shadow  avia-builder-el-0  el_before_av_section  avia-builder-el-first  avia-full-stretch avia-bg-style-scroll av-section-color-overlay-active container_wrap sidebar_right'  data-section-bg-repeat='stretch'><div class=\"av-section-color-overlay-wrap\"><div class=\"av-section-color-overlay\"><\/div><div class='container av-section-cont-open' ><main  role=\"main\" itemprop=\"mainContentOfPage\"  class='template-page content  av-content-small alpha units'><div class='post-entry post-entry-type-page post-entry-19567'><div class='entry-content-wrapper clearfix'>\n\n<style type=\"text\/css\" data-created_by=\"avia_inline_auto\" id=\"style-css-av-8jonf67-0303dab80b13df7741561baadc013686\">\n#top .hr.hr-invisible.av-8jonf67-0303dab80b13df7741561baadc013686{\nheight:50px;\n}\n<\/style>\n<div  class='hr av-8jonf67-0303dab80b13df7741561baadc013686 hr-invisible  avia-builder-el-1  el_before_av_heading  avia-builder-el-first '><span class='hr-inner '><span class=\"hr-inner-style\"><\/span><\/span><\/div>\n\n<style type=\"text\/css\" data-created_by=\"avia_inline_auto\" id=\"style-css-av-l71jga2h-36b28a7044382192ce6464f3ca150bf9\">\n#top .av-special-heading.av-l71jga2h-36b28a7044382192ce6464f3ca150bf9{\npadding-bottom:10px;\ncolor:#ffffff;\n}\nbody .av-special-heading.av-l71jga2h-36b28a7044382192ce6464f3ca150bf9 .av-special-heading-tag .heading-char{\nfont-size:25px;\n}\n.av-special-heading.av-l71jga2h-36b28a7044382192ce6464f3ca150bf9 .special-heading-inner-border{\nborder-color:#ffffff;\n}\n.av-special-heading.av-l71jga2h-36b28a7044382192ce6464f3ca150bf9 .av-subheading{\nfont-size:15px;\n}\n<\/style>\n<div  class='av-special-heading av-l71jga2h-36b28a7044382192ce6464f3ca150bf9 av-special-heading-h1 custom-color-heading blockquote modern-quote modern-centered  avia-builder-el-2  el_after_av_hr  el_before_av_hr '><h1 class='av-special-heading-tag '  itemprop=\"headline\"  >LUMINA 30,5X91,5<\/h1><div class='av_custom_color av-subheading av-subheading_below'><p>FAP<\/p>\n<\/div><div class=\"special-heading-border\"><div class=\"special-heading-inner-border\"><\/div><\/div><\/div>\n\n<style type=\"text\/css\" data-created_by=\"avia_inline_auto\" id=\"style-css-av-89cwd1r-665008a414c1ec3ff5fd7c8ec76fee03\">\n#top .hr.hr-invisible.av-89cwd1r-665008a414c1ec3ff5fd7c8ec76fee03{\nheight:50px;\n}\n<\/style>\n<div  class='hr av-89cwd1r-665008a414c1ec3ff5fd7c8ec76fee03 hr-invisible  avia-builder-el-3  el_after_av_heading  avia-builder-el-last '><span class='hr-inner '><span class=\"hr-inner-style\"><\/span><\/span><\/div>\n\n<\/div><\/div><\/main><!-- close content main element --><\/div><\/div><\/div><div id='av_section_2'  class='avia-section av-av_section-32006a5e6e31a7fea6705a004cbdf036 footer_color avia-section-default avia-no-border-styling  avia-builder-el-4  el_after_av_section  el_before_av_section  avia-bg-style-scroll container_wrap sidebar_right'  ><div class='container av-section-cont-open' ><div class='template-page content  av-content-small alpha units'><div class='post-entry post-entry-type-page post-entry-19567'><div class='entry-content-wrapper clearfix'>\n<section  class='av_textblock_section av-mnec8ldv-e2694fb83b266653835cf66b1f223244 '   itemscope=\"itemscope\" itemtype=\"https:\/\/schema.org\/CreativeWork\" ><div class='avia_textblock'  itemprop=\"text\" ><p><strong>Ez a kollekci\u00f3 \u00e1prilisban 15% kedvezm\u00e9nnyel rendelhet\u0151.<\/strong><br \/>\n<strong>Szalonunkban szem\u00e9lyesen is megtekinthet\u0151. Sok szeretettel v\u00e1rjuk!<\/strong><\/p>\n<\/div><\/section>\n<\/div><\/div><\/div><!-- close content main div --><\/div><\/div><div id='av_section_3'  class='avia-section av-7g2dedr-ff991658cfaba4d6a2b42fc8fddfa5df main_color avia-section-default avia-no-shadow  avia-builder-el-6  el_after_av_section  el_before_av_section  avia-bg-style-scroll container_wrap sidebar_right'  ><div class='container av-section-cont-open' ><div class='template-page content  av-content-small alpha units'><div class='post-entry post-entry-type-page post-entry-19567'><div class='entry-content-wrapper clearfix'>\n<section  class='av_textblock_section av-p1gu4v-3fbc34800f0ef1fb2e911e64e8f37f6b '   itemscope=\"itemscope\" itemtype=\"https:\/\/schema.org\/CreativeWork\" ><div class='avia_textblock'  itemprop=\"text\" ><p style=\"text-align: justify;\">Tiszta, \u00e9rz\u00e9ki, st\u00edlusos falicsempe kollekci\u00f3, amely 30,5 x 91,5 cm-es m\u00e9retben a Lumina 25 X 75 csal\u00e1d kieg\u00e9sz\u00edt\u0151 kollekci\u00f3ja. Karakteres mont\u00edvumok, h\u00e1romdimenzi\u00f3s mint\u00e1k \u00e9s mag\u00e1val ragad\u00f3 text\u00far\u00e1k teszik izgalmass\u00e1. A hagyom\u00e1nyos feh\u00e9r lapok mellett v\u00e1laszthatunk geometrikus \u00e9s vir\u00e1gmint\u00e1t is. Sz\u00e1mos m\u00e1r lappal kiv\u00e1l\u00f3an kombin\u00e1lhat\u00f3, a v\u00e9geredm\u00e9ny k\u00e1pr\u00e1zatos.<\/p>\n<\/div><\/section>\n<section  class='av_textblock_section av-l7iq3nz8-df63d3a31a097ddaf358a0150168babf '   itemscope=\"itemscope\" itemtype=\"https:\/\/schema.org\/CreativeWork\" ><div class='avia_textblock'  itemprop=\"text\" ><p style=\"text-align: right;\"><a href=\"#ajanlat\"><strong>Aj\u00e1nlatot k\u00e9rek!<\/strong><\/a><\/p>\n<\/div><\/section>\n<div  class='av_promobox av-5oo06un-fb23e7f5aca36b3aed5f46032c9a9f0b avia-button-yes  avia-builder-el-9  el_after_av_textblock  el_before_av_hr '><div class='avia-promocontent'><p>R\u00e9szletesebb inform\u00e1ci\u00f3t \u00e9s technikai adatokat a katal\u00f3gusban tal\u00e1l.<\/p>\n<\/div><div  class='avia-button-wrap av-5oo06un-9ab25655707b16264626a7e66e7a5ee3-wrap avia-button-right '><a href='https:\/\/www.bau-styl.hu\/furdoszobaszalon\/wp-content\/uploads\/2020\/05\/Lumina_305x915.pdf'  class='avia-button av-5oo06un-9ab25655707b16264626a7e66e7a5ee3 av-link-btn avia-icon_select-no avia-size-large avia-position-right avia-color-theme-color'  target=\"_blank\"  rel=\"noopener noreferrer\"  aria-label=\"Katal\u00f3gus megtekint\u00e9se\"><span class='avia_iconbox_title' >Katal\u00f3gus megtekint\u00e9se<\/span><\/a><\/div><\/div>\n\n<style type=\"text\/css\" data-created_by=\"avia_inline_auto\" id=\"style-css-av-6aobupb-d51b179814fba0ea7c5d3b733f2aa23a\">\n#top .hr.hr-invisible.av-6aobupb-d51b179814fba0ea7c5d3b733f2aa23a{\nheight:50px;\n}\n<\/style>\n<div  class='hr av-6aobupb-d51b179814fba0ea7c5d3b733f2aa23a hr-invisible  avia-builder-el-10  el_after_av_promobox  el_before_av_masonry_gallery  avia-builder-el-last '><span class='hr-inner '><span class=\"hr-inner-style\"><\/span><\/span><\/div>\n<div id='av-masonry-1' class='av-masonry av-l71jgyts-c5fce7f17ec1f007ca76625fae466f37 noHover av-fixed-size av-large-gap av-hover-overlay- av-masonry-animation-active av-masonry-col-5 av-caption-always av-caption-style- av-masonry-gallery av-medium-columns-overwrite av-medium-columns-4 av-small-columns-overwrite av-small-columns-4 av-mini-columns-overwrite av-mini-columns-4 ' data-post_id=\"19567\"><div class=\"av-masonry-container isotope av-js-disabled\"><div class='av-masonry-entry isotope-item av-masonry-item-no-image '><\/div><a href=\"https:\/\/www.bau-styl.hu\/furdoszobaszalon\/wp-content\/uploads\/2020\/04\/FAP-Lumina-305x915-4.jpg\" data-srcset=\"https:\/\/www.bau-styl.hu\/furdoszobaszalon\/wp-content\/uploads\/2020\/04\/FAP-Lumina-305x915-4.jpg 1390w, https:\/\/www.bau-styl.hu\/furdoszobaszalon\/wp-content\/uploads\/2020\/04\/FAP-Lumina-305x915-4-300x186.jpg 300w, https:\/\/www.bau-styl.hu\/furdoszobaszalon\/wp-content\/uploads\/2020\/04\/FAP-Lumina-305x915-4-1030x637.jpg 1030w, https:\/\/www.bau-styl.hu\/furdoszobaszalon\/wp-content\/uploads\/2020\/04\/FAP-Lumina-305x915-4-768x475.jpg 768w, https:\/\/www.bau-styl.hu\/furdoszobaszalon\/wp-content\/uploads\/2020\/04\/FAP-Lumina-305x915-4-705x436.jpg 705w\" data-sizes=\"(max-width: 1390px) 100vw, 1390px\"  aria-label=\"image FAP Lumina 30,5&#215;91,5\"  id='av-masonry-1-item-19572' data-av-masonry-item='19572' class='av-masonry-entry isotope-item post-19572 attachment type-attachment status-inherit hentry  av-masonry-item-with-image' title=\"FAP Lumina 30,5&#215;91,5\" alt=\"FAP Lumina 30,5x91,5\"    itemprop=\"thumbnailUrl\" ><div class='av-inner-masonry-sizer'><\/div><figure class='av-inner-masonry main_color'><div class=\"av-masonry-outerimage-container\"><div class='av-masonry-image-container' style=\"background-image: url(https:\/\/www.bau-styl.hu\/furdoszobaszalon\/wp-content\/uploads\/2020\/04\/FAP-Lumina-305x915-4-495x400.jpg);\"  title=\"FAP Lumina 30,5&#215;91,5\" ><\/div><\/div><\/figure><\/a><!--end av-masonry entry--><a href=\"https:\/\/www.bau-styl.hu\/furdoszobaszalon\/wp-content\/uploads\/2020\/04\/FAP-Lumina-305x915-3.jpg\" data-srcset=\"https:\/\/www.bau-styl.hu\/furdoszobaszalon\/wp-content\/uploads\/2020\/04\/FAP-Lumina-305x915-3.jpg 1390w, https:\/\/www.bau-styl.hu\/furdoszobaszalon\/wp-content\/uploads\/2020\/04\/FAP-Lumina-305x915-3-300x186.jpg 300w, https:\/\/www.bau-styl.hu\/furdoszobaszalon\/wp-content\/uploads\/2020\/04\/FAP-Lumina-305x915-3-1030x637.jpg 1030w, https:\/\/www.bau-styl.hu\/furdoszobaszalon\/wp-content\/uploads\/2020\/04\/FAP-Lumina-305x915-3-768x475.jpg 768w, https:\/\/www.bau-styl.hu\/furdoszobaszalon\/wp-content\/uploads\/2020\/04\/FAP-Lumina-305x915-3-705x436.jpg 705w\" data-sizes=\"(max-width: 1390px) 100vw, 1390px\"  aria-label=\"image FAP Lumina 30,5&#215;91,5\"  id='av-masonry-1-item-19571' data-av-masonry-item='19571' class='av-masonry-entry isotope-item post-19571 attachment type-attachment status-inherit hentry  av-masonry-item-with-image' title=\"FAP Lumina 30,5&#215;91,5\" alt=\"FAP Lumina 30,5x91,5\"    itemprop=\"thumbnailUrl\" ><div class='av-inner-masonry-sizer'><\/div><figure class='av-inner-masonry main_color'><div class=\"av-masonry-outerimage-container\"><div class='av-masonry-image-container' style=\"background-image: url(https:\/\/www.bau-styl.hu\/furdoszobaszalon\/wp-content\/uploads\/2020\/04\/FAP-Lumina-305x915-3-495x400.jpg);\"  title=\"FAP Lumina 30,5&#215;91,5\" ><\/div><\/div><\/figure><\/a><!--end av-masonry entry--><a href=\"https:\/\/www.bau-styl.hu\/furdoszobaszalon\/wp-content\/uploads\/2020\/04\/FAP-Lumina-305x915-2.jpg\" data-srcset=\"https:\/\/www.bau-styl.hu\/furdoszobaszalon\/wp-content\/uploads\/2020\/04\/FAP-Lumina-305x915-2.jpg 1390w, https:\/\/www.bau-styl.hu\/furdoszobaszalon\/wp-content\/uploads\/2020\/04\/FAP-Lumina-305x915-2-300x186.jpg 300w, https:\/\/www.bau-styl.hu\/furdoszobaszalon\/wp-content\/uploads\/2020\/04\/FAP-Lumina-305x915-2-1030x637.jpg 1030w, https:\/\/www.bau-styl.hu\/furdoszobaszalon\/wp-content\/uploads\/2020\/04\/FAP-Lumina-305x915-2-768x475.jpg 768w, https:\/\/www.bau-styl.hu\/furdoszobaszalon\/wp-content\/uploads\/2020\/04\/FAP-Lumina-305x915-2-705x436.jpg 705w\" data-sizes=\"(max-width: 1390px) 100vw, 1390px\"  aria-label=\"image FAP Lumina 30,5&#215;91,5\"  id='av-masonry-1-item-19570' data-av-masonry-item='19570' class='av-masonry-entry isotope-item post-19570 attachment type-attachment status-inherit hentry  av-masonry-item-with-image' title=\"FAP Lumina 30,5&#215;91,5\" alt=\"FAP Lumina 30,5x91,5\"    itemprop=\"thumbnailUrl\" ><div class='av-inner-masonry-sizer'><\/div><figure class='av-inner-masonry main_color'><div class=\"av-masonry-outerimage-container\"><div class='av-masonry-image-container' style=\"background-image: url(https:\/\/www.bau-styl.hu\/furdoszobaszalon\/wp-content\/uploads\/2020\/04\/FAP-Lumina-305x915-2-495x400.jpg);\"  title=\"FAP Lumina 30,5&#215;91,5\" ><\/div><\/div><\/figure><\/a><!--end av-masonry entry--><a href=\"https:\/\/www.bau-styl.hu\/furdoszobaszalon\/wp-content\/uploads\/2020\/04\/FAP-Lumina-305x915-1.jpg\" data-srcset=\"https:\/\/www.bau-styl.hu\/furdoszobaszalon\/wp-content\/uploads\/2020\/04\/FAP-Lumina-305x915-1.jpg 1390w, https:\/\/www.bau-styl.hu\/furdoszobaszalon\/wp-content\/uploads\/2020\/04\/FAP-Lumina-305x915-1-300x186.jpg 300w, https:\/\/www.bau-styl.hu\/furdoszobaszalon\/wp-content\/uploads\/2020\/04\/FAP-Lumina-305x915-1-1030x637.jpg 1030w, https:\/\/www.bau-styl.hu\/furdoszobaszalon\/wp-content\/uploads\/2020\/04\/FAP-Lumina-305x915-1-768x475.jpg 768w, https:\/\/www.bau-styl.hu\/furdoszobaszalon\/wp-content\/uploads\/2020\/04\/FAP-Lumina-305x915-1-705x436.jpg 705w\" data-sizes=\"(max-width: 1390px) 100vw, 1390px\"  aria-label=\"image FAP Lumina 30,5&#215;91,5\"  id='av-masonry-1-item-19569' data-av-masonry-item='19569' class='av-masonry-entry isotope-item post-19569 attachment type-attachment status-inherit hentry  av-masonry-item-with-image' title=\"FAP Lumina 30,5&#215;91,5\" alt=\"FAP Lumina 30,5x91,5\"    itemprop=\"thumbnailUrl\" ><div class='av-inner-masonry-sizer'><\/div><figure class='av-inner-masonry main_color'><div class=\"av-masonry-outerimage-container\"><div class='av-masonry-image-container' style=\"background-image: url(https:\/\/www.bau-styl.hu\/furdoszobaszalon\/wp-content\/uploads\/2020\/04\/FAP-Lumina-305x915-1-495x400.jpg);\"  title=\"FAP Lumina 30,5&#215;91,5\" ><\/div><\/div><\/figure><\/a><!--end av-masonry entry--><a href=\"https:\/\/www.bau-styl.hu\/furdoszobaszalon\/wp-content\/uploads\/2020\/04\/FAP-Lumina-305x915-5.jpg\" data-srcset=\"https:\/\/www.bau-styl.hu\/furdoszobaszalon\/wp-content\/uploads\/2020\/04\/FAP-Lumina-305x915-5.jpg 1390w, https:\/\/www.bau-styl.hu\/furdoszobaszalon\/wp-content\/uploads\/2020\/04\/FAP-Lumina-305x915-5-300x186.jpg 300w, https:\/\/www.bau-styl.hu\/furdoszobaszalon\/wp-content\/uploads\/2020\/04\/FAP-Lumina-305x915-5-1030x637.jpg 1030w, https:\/\/www.bau-styl.hu\/furdoszobaszalon\/wp-content\/uploads\/2020\/04\/FAP-Lumina-305x915-5-768x475.jpg 768w, https:\/\/www.bau-styl.hu\/furdoszobaszalon\/wp-content\/uploads\/2020\/04\/FAP-Lumina-305x915-5-705x436.jpg 705w\" data-sizes=\"(max-width: 1390px) 100vw, 1390px\"  aria-label=\"image FAP Lumina 30,5&#215;91,5\"  id='av-masonry-1-item-19568' data-av-masonry-item='19568' class='av-masonry-entry isotope-item post-19568 attachment type-attachment status-inherit hentry  av-masonry-item-with-image' title=\"FAP Lumina 30,5&#215;91,5\" alt=\"FAP Lumina 30,5x91,5\"    itemprop=\"thumbnailUrl\" ><div class='av-inner-masonry-sizer'><\/div><figure class='av-inner-masonry main_color'><div class=\"av-masonry-outerimage-container\"><div class='av-masonry-image-container' style=\"background-image: url(https:\/\/www.bau-styl.hu\/furdoszobaszalon\/wp-content\/uploads\/2020\/04\/FAP-Lumina-305x915-5-495x400.jpg);\"  title=\"FAP Lumina 30,5&#215;91,5\" ><\/div><\/div><\/figure><\/a><!--end av-masonry entry--><\/div><\/div>\n\n<style type=\"text\/css\" data-created_by=\"avia_inline_auto\" id=\"style-css-av-55xmhxr-c8d13e1e38426cc06862c4e8c1aa8613\">\n#top .hr.hr-invisible.av-55xmhxr-c8d13e1e38426cc06862c4e8c1aa8613{\nheight:50px;\n}\n<\/style>\n<div  class='hr av-55xmhxr-c8d13e1e38426cc06862c4e8c1aa8613 hr-invisible  avia-builder-el-12  el_after_av_masonry_gallery  el_before_av_one_full  avia-builder-el-first '><span class='hr-inner '><span class=\"hr-inner-style\"><\/span><\/span><\/div>\n\n<style type=\"text\/css\" data-created_by=\"avia_inline_auto\" id=\"style-css-av-lhzxin-cb4111001409669cbb346050b19a9f3c\">\n.flex_column.av-lhzxin-cb4111001409669cbb346050b19a9f3c{\nborder-radius:0px 0px 0px 0px;\npadding:0px 0px 0px 0px;\n}\n<\/style>\n<div  class='flex_column av-lhzxin-cb4111001409669cbb346050b19a9f3c av_one_full  avia-builder-el-13  el_after_av_hr  avia-builder-el-last  first flex_column_div av-zero-column-padding  '     ><section  class='av_textblock_section av-kap90xsw-f2ccee84139ef75e29ff4372bb55a72a '   itemscope=\"itemscope\" itemtype=\"https:\/\/schema.org\/CreativeWork\" ><div class='avia_textblock'  itemprop=\"text\" ><p style=\"text-align: right;\"><a href=\"https:\/\/www.bau-styl.hu\/furdoszobaszalon\/index.php\/fap\/\">Vissza minden Fap kollekci\u00f3hoz<\/a><\/p>\n<\/div><\/section><\/div>\n<\/p>\n<\/div><\/div><\/div><!-- close content main div --><\/div><\/div>\n<style type=\"text\/css\" data-created_by=\"avia_inline_auto\" id=\"style-css-av-k9kfm3uj-95cde9183d8836e4253aba72ef1ce2e6\">\n.avia-section.av-k9kfm3uj-95cde9183d8836e4253aba72ef1ce2e6{\nbackground-repeat:no-repeat;\nbackground-image:url(https:\/\/www.bau-styl.hu\/furdoszobaszalon\/wp-content\/uploads\/2020\/04\/FAP-Lumina-305x915-4.jpg);\nbackground-position:50% 50%;\nbackground-attachment:scroll;\n}\n.avia-section.av-k9kfm3uj-95cde9183d8836e4253aba72ef1ce2e6 .av-section-color-overlay{\nopacity:0.5;\nbackground-color:#000000;\n}\n<\/style>\n<div id='ajanlat'  class='avia-section av-k9kfm3uj-95cde9183d8836e4253aba72ef1ce2e6 main_color avia-section-default avia-no-shadow  avia-builder-el-15  el_after_av_section  avia-builder-el-last  avia-full-stretch avia-bg-style-scroll av-section-color-overlay-active container_wrap sidebar_right'  data-section-bg-repeat='stretch'><div class=\"av-section-color-overlay-wrap\"><div class=\"av-section-color-overlay\"><\/div><div class='container av-section-cont-open' ><div class='template-page content  av-content-small alpha units'><div class='post-entry post-entry-type-page post-entry-19567'><div class='entry-content-wrapper clearfix'>\n\n<style type=\"text\/css\" data-created_by=\"avia_inline_auto\" id=\"style-css-av-ulowvj-6cf6cd37d3622e5e6931e000cbc27e20\">\n#top .hr.hr-invisible.av-ulowvj-6cf6cd37d3622e5e6931e000cbc27e20{\nheight:50px;\n}\n<\/style>\n<div  class='hr av-ulowvj-6cf6cd37d3622e5e6931e000cbc27e20 hr-invisible  avia-builder-el-16  el_before_av_one_fifth  avia-builder-el-first '><span class='hr-inner '><span class=\"hr-inner-style\"><\/span><\/span><\/div>\n\n<style type=\"text\/css\" data-created_by=\"avia_inline_auto\" id=\"style-css-av-4jvge3z-0afc45ab66a79f6b123efede14709acc\">\n.flex_column.av-4jvge3z-0afc45ab66a79f6b123efede14709acc{\nborder-radius:0px 0px 0px 0px;\npadding:0px 0px 0px 0px;\n}\n<\/style>\n<div  class='flex_column av-4jvge3z-0afc45ab66a79f6b123efede14709acc av_one_fifth  avia-builder-el-17  el_after_av_hr  el_before_av_three_fifth  first flex_column_div av-zero-column-padding  '     ><\/div>\n<style type=\"text\/css\" data-created_by=\"avia_inline_auto\" id=\"style-css-av-4406z67-46e4a8c83416a69edb2062e434aa9b10\">\n.flex_column.av-4406z67-46e4a8c83416a69edb2062e434aa9b10{\nborder-radius:0px 0px 0px 0px;\npadding:30px 30px 30px 30px;\nbackground-color:rgba(35,35,35,0.57);\n}\n<\/style>\n<div  class='flex_column av-4406z67-46e4a8c83416a69edb2062e434aa9b10 av_three_fifth  avia-builder-el-18  el_after_av_one_fifth  el_before_av_one_fifth  flex_column_div  '     ><style type=\"text\/css\" data-created_by=\"avia_inline_auto\" id=\"style-css-av-3hbeecv-c5daccfb99372ab7b4407ad7102473e8\">\n#top .av_textblock_section.av-3hbeecv-c5daccfb99372ab7b4407ad7102473e8 .avia_textblock{\nfont-size:16px;\ncolor:#ffffff;\n}\n<\/style>\n<section  class='av_textblock_section av-3hbeecv-c5daccfb99372ab7b4407ad7102473e8 '   itemscope=\"itemscope\" itemtype=\"https:\/\/schema.org\/CreativeWork\" ><div class='avia_textblock av_inherit_color'  itemprop=\"text\" ><p style=\"text-align: center;\"><strong>Ha elnyerte tetsz\u00e9s\u00e9t ez a kollekci\u00f3, forduljon hozz\u00e1nk bizalommal!<\/strong><\/p>\n<p style=\"text-align: center;\"><strong>Adja meg el\u00e9rhet\u0151s\u00e9g\u00e9t \u00e9s munkat\u00e1rsaink hamarosan felveszik \u00d6nnel a kapcsolatot!\u00a0<\/strong><\/p>\n<\/div><\/section><br \/>\n<form action=\"https:\/\/www.bau-styl.hu\/furdoszobaszalon\/fap-lumina-305x915\/\" method=\"post\" data-fields-with-error=\"Found errors in the following field(s):\" class=\"avia_ajax_form av-form-labels-hidden   avia-builder-el-20  el_after_av_textblock  avia-builder-el-last  av-custom-form-color av-light-form \" data-avia-form-id=\"1\" data-avia-redirect='' ><fieldset><p class='  first_form  form_element form_element_third' id='element_avia_1_1'><label for=\"avia_1_1\">N\u00e9v <abbr class=\"required\" title=\"required\">*<\/abbr><\/label> <input name=\"avia_1_1\" class=\"text_input is_empty\" type=\"text\" id=\"avia_1_1\" value=\"\"  placeholder='N\u00e9v*'\/><\/p><p class='  form_element form_element_third' id='element_avia_2_1'><label for=\"avia_2_1\">E-Mail c\u00edm <abbr class=\"required\" title=\"required\">*<\/abbr><\/label> <input name=\"avia_2_1\" class=\"text_input is_email\" type=\"text\" id=\"avia_2_1\" value=\"\"  placeholder='E-Mail c\u00edm*'\/><\/p><p class='  form_element form_element_third' id='element_avia_3_1'><label for=\"avia_3_1\">Telefonsz\u00e1m <abbr class=\"required\" title=\"required\">*<\/abbr><\/label> <input name=\"avia_3_1\" class=\"text_input is_phone\" type=\"text\" id=\"avia_3_1\" value=\"\"  placeholder='Telefonsz\u00e1m*'\/><\/p><p class='  first_form  form_element form_fullwidth' id='element_avia_4_1'><label for=\"avia_4_1\">C\u00edm <abbr class=\"required\" title=\"required\">*<\/abbr><\/label> <input name=\"avia_4_1\" class=\"text_input is_empty\" type=\"text\" id=\"avia_4_1\" value=\"\"  placeholder='C\u00edm*'\/><\/p><p class='  first_form  form_element form_fullwidth' id='element_avia_5_1'><label for=\"avia_5_1\" class=\"textare_label hidden textare_label_avia_5_1\">Megjegyz\u00e9s<\/label><textarea  placeholder='Megjegyz\u00e9s' name=\"avia_5_1\" class=\"text_area \" cols=\"40\" rows=\"7\" id=\"avia_5_1\" ><\/textarea><\/p><p class=\"hidden\"><input type=\"text\" name=\"avia_6_1\" class=\"hidden \" id=\"avia_6_1\" value=\"\" \/><\/p><p class=' av_form_privacy_check av_contact_privacy_check first_form  form_element form_fullwidth' id='element_avia_7_1'><input  name=\"avia_7_1\" class=\"input_checkbox is_empty\" type=\"checkbox\" id=\"avia_7_1\" value=\"true\"\/><label class=\"input_checkbox_label\" for=\"avia_7_1\">Elfogadom az adatkezel\u00e9si nyilatkozatot <abbr class=\"required\" title=\"required\">*<\/abbr><\/label><\/p><p class=\"form_element \"><input type=\"hidden\" value=\"1\" name=\"avia_generated_form1\" \/><input type=\"submit\" value=\"K\u00fcld\u00e9s\" class=\"button\"  data-sending-label=\"K\u00fcld\u00e9s\"\/><\/p><\/fieldset><\/form><div id=\"ajaxresponse_1\" class=\"ajaxresponse ajaxresponse_1 hidden\"><\/div><\/p><\/div>\n<style type=\"text\/css\" data-created_by=\"avia_inline_auto\" id=\"style-css-av-11u1rpr-c3e97ebf11bbab701928180ac4ad041c\">\n.flex_column.av-11u1rpr-c3e97ebf11bbab701928180ac4ad041c{\nborder-radius:0px 0px 0px 0px;\npadding:0px 0px 0px 0px;\n}\n<\/style>\n<div  class='flex_column av-11u1rpr-c3e97ebf11bbab701928180ac4ad041c av_one_fifth  avia-builder-el-21  el_after_av_three_fifth  el_before_av_hr  flex_column_div av-zero-column-padding  '     ><\/div>\n<style type=\"text\/css\" data-created_by=\"avia_inline_auto\" id=\"style-css-av-q4xvjj-cda75030060ef2e88334dd2f19a08a9b\">\n#top .hr.hr-invisible.av-q4xvjj-cda75030060ef2e88334dd2f19a08a9b{\nheight:50px;\n}\n<\/style>\n<div  class='hr av-q4xvjj-cda75030060ef2e88334dd2f19a08a9b hr-invisible  avia-builder-el-22  el_after_av_one_fifth  avia-builder-el-last '><span class='hr-inner '><span class=\"hr-inner-style\"><\/span><\/span><\/div>\n<\/div><\/div><\/div><!-- close content main div --><\/div><\/div><\/div><div id='after_section_4'  class='main_color av_default_container_wrap container_wrap sidebar_right'  ><div class='container av-section-cont-open' ><div class='template-page content  av-content-small alpha units'><div class='post-entry post-entry-type-page post-entry-19567'><div class='entry-content-wrapper clearfix'>\n","protected":false},"excerpt":{"rendered":"","protected":false},"author":2,"featured_media":0,"parent":0,"menu_order":0,"comment_status":"closed","ping_status":"closed","template":"","meta":{"footnotes":""},"class_list":["post-19567","page","type-page","status-publish","hentry"],"aioseo_notices":[],"_links":{"self":[{"href":"https:\/\/www.bau-styl.hu\/furdoszobaszalon\/wp-json\/wp\/v2\/pages\/19567","targetHints":{"allow":["GET"]}}],"collection":[{"href":"https:\/\/www.bau-styl.hu\/furdoszobaszalon\/wp-json\/wp\/v2\/pages"}],"about":[{"href":"https:\/\/www.bau-styl.hu\/furdoszobaszalon\/wp-json\/wp\/v2\/types\/page"}],"author":[{"embeddable":true,"href":"https:\/\/www.bau-styl.hu\/furdoszobaszalon\/wp-json\/wp\/v2\/users\/2"}],"replies":[{"embeddable":true,"href":"https:\/\/www.bau-styl.hu\/furdoszobaszalon\/wp-json\/wp\/v2\/comments?post=19567"}],"version-history":[{"count":0,"href":"https:\/\/www.bau-styl.hu\/furdoszobaszalon\/wp-json\/wp\/v2\/pages\/19567\/revisions"}],"wp:attachment":[{"href":"https:\/\/www.bau-styl.hu\/furdoszobaszalon\/wp-json\/wp\/v2\/media?parent=19567"}],"curies":[{"name":"wp","href":"https:\/\/api.w.org\/{rel}","templated":true}]}}