{"id":21,"date":"2015-05-08T10:39:59","date_gmt":"2015-05-08T09:39:59","guid":{"rendered":"http:\/\/www.bau-styl.hu\/?page_id=21"},"modified":"2026-04-09T07:03:34","modified_gmt":"2026-04-09T06:03:34","slug":"kapcsolat","status":"publish","type":"page","link":"https:\/\/www.bau-styl.hu\/furdoszobaszalon\/kapcsolat\/","title":{"rendered":"Kapcsolat"},"content":{"rendered":"\n<style type=\"text\/css\" data-created_by=\"avia_inline_auto\" id=\"style-css-av-kbxib2h5-44a29c3220bf37d4801cc770efdeec66\">\n.avia-section.av-kbxib2h5-44a29c3220bf37d4801cc770efdeec66{\nbackground-repeat:no-repeat;\nbackground-image:url(https:\/\/www.bau-styl.hu\/furdoszobaszalon\/wp-content\/uploads\/2024\/02\/NovaBell-Wonderspace-2.jpg);\nbackground-position:50% 50%;\nbackground-attachment:scroll;\n}\n.avia-section.av-kbxib2h5-44a29c3220bf37d4801cc770efdeec66 .av-section-color-overlay{\nopacity:0.5;\nbackground-color:#000000;\n}\n<\/style>\n<div id='av_section_1'  class='avia-section av-kbxib2h5-44a29c3220bf37d4801cc770efdeec66 main_color avia-section-default avia-no-shadow  avia-builder-el-0  el_before_av_section  avia-builder-el-first  avia-full-stretch avia-bg-style-scroll av-section-color-overlay-active container_wrap sidebar_right'  data-section-bg-repeat='stretch'><div class=\"av-section-color-overlay-wrap\"><div class=\"av-section-color-overlay\"><\/div><div class='container av-section-cont-open' ><main  role=\"main\" itemprop=\"mainContentOfPage\"  class='template-page content  av-content-small alpha units'><div class='post-entry post-entry-type-page post-entry-21'><div class='entry-content-wrapper clearfix'>\n\n<style type=\"text\/css\" data-created_by=\"avia_inline_auto\" id=\"style-css-av-ks5y3yq2-ecc9aa3672941b76b4b4220050932447\">\n#top .av-special-heading.av-ks5y3yq2-ecc9aa3672941b76b4b4220050932447{\npadding-bottom:10px;\ncolor:#ffffff;\n}\nbody .av-special-heading.av-ks5y3yq2-ecc9aa3672941b76b4b4220050932447 .av-special-heading-tag .heading-char{\nfont-size:25px;\n}\n.av-special-heading.av-ks5y3yq2-ecc9aa3672941b76b4b4220050932447 .special-heading-inner-border{\nborder-color:#ffffff;\n}\n.av-special-heading.av-ks5y3yq2-ecc9aa3672941b76b4b4220050932447 .av-subheading{\nfont-size:15px;\n}\n<\/style>\n<div  class='av-special-heading av-ks5y3yq2-ecc9aa3672941b76b4b4220050932447 av-special-heading-h1 custom-color-heading blockquote modern-quote modern-centered  avia-builder-el-1  el_before_av_hr  avia-builder-el-first '><h1 class='av-special-heading-tag '  itemprop=\"headline\"  >KAPCSOLAT<\/h1><div class=\"special-heading-border\"><div class=\"special-heading-inner-border\"><\/div><\/div><\/div>\n\n<style type=\"text\/css\" data-created_by=\"avia_inline_auto\" id=\"style-css-av-138a1-6b0f0afd0d775d14741529dc320ff9c9\">\n#top .hr.hr-invisible.av-138a1-6b0f0afd0d775d14741529dc320ff9c9{\nheight:50px;\n}\n<\/style>\n<div  class='hr av-138a1-6b0f0afd0d775d14741529dc320ff9c9 hr-invisible  avia-builder-el-2  el_after_av_heading  avia-builder-el-last '><span class='hr-inner '><span class=\"hr-inner-style\"><\/span><\/span><\/div>\n\n<\/div><\/div><\/main><!-- close content main element --><\/div><\/div><\/div><div id='av_section_2'  class='avia-section av-74r2l-2b9415d001adc7247c87d3b3957671de main_color avia-section-default avia-no-shadow  avia-builder-el-3  el_after_av_section  el_before_av_section  avia-bg-style-scroll container_wrap sidebar_right'  ><div class='container av-section-cont-open' ><div class='template-page content  av-content-small alpha units'><div class='post-entry post-entry-type-page post-entry-21'><div class='entry-content-wrapper clearfix'>\n<div  class='flex_column av-1vx1-508e90ba50002b0e4b47dd2bc7f2dbbc av_one_fourth  avia-builder-el-4  el_before_av_one_fourth  avia-builder-el-first  first flex_column_div  '     ><p>\n<style type=\"text\/css\" data-created_by=\"avia_inline_auto\" id=\"style-css-av-4bryp-3ce43161c7bfe8b1ea5d538e69421c39\">\n.iconbox.av-4bryp-3ce43161c7bfe8b1ea5d538e69421c39 .iconbox_icon{\ncolor:#59778f;\n}\n.iconbox.av-4bryp-3ce43161c7bfe8b1ea5d538e69421c39 .iconbox_icon.avia-svg-icon svg:first-child{\nfill:#59778f;\nstroke:#59778f;\n}\n<\/style>\n<article  class='iconbox iconbox_left av-4bryp-3ce43161c7bfe8b1ea5d538e69421c39  avia-builder-el-5  el_before_av_icon_box  avia-builder-el-first '  itemscope=\"itemscope\" itemtype=\"https:\/\/schema.org\/CreativeWork\" ><div class=\"iconbox_content\"><header class=\"entry-content-header\" aria-label=\"Icon:  Nyitvatart\u00e1si id\u0151\"><div class='iconbox_icon heading-color avia-iconfont avia-font-entypo-fontello' data-av_icon='\ue862' data-av_iconfont='entypo-fontello'  ><\/div><h3 class='iconbox_content_title '  itemprop=\"headline\" > Nyitvatart\u00e1si id\u0151<\/h3><\/header><div class='iconbox_content_container '  itemprop=\"text\" ><p>Ny\u00e1ri nyitvatart\u00e1s m\u00e1rcius 16-t\u00f3l:<br \/>\nH\u00e9tf\u0151 \u2013 P\u00e9ntek: 08:00-17:00<br \/>\nSzombat: 08:00-12:00<\/p>\n<p>T\u00e9li nyitvatart\u00e1s<br \/>\nH-P: 08.00-16.30<br \/>\nSzo: 08.00-12.00<\/p>\n<div class=\"\" data-block=\"true\" data-editor=\"etusd\" data-offset-key=\"401qe-0-0\"><\/div>\n<div class=\"x11i5rnm xat24cr x1mh8g0r x1vvkbs xtlvy1s x126k92a\"><\/div>\n<\/div><\/div><footer class=\"entry-footer\"><\/footer><\/article><br \/>\n\n<style type=\"text\/css\" data-created_by=\"avia_inline_auto\" id=\"style-css-av-3qjrl-c1b23b6afb930efda63bb2d3b4ce97f1\">\n.iconbox.av-3qjrl-c1b23b6afb930efda63bb2d3b4ce97f1 .iconbox_icon{\ncolor:#59778f;\n}\n.iconbox.av-3qjrl-c1b23b6afb930efda63bb2d3b4ce97f1 .iconbox_icon.avia-svg-icon svg:first-child{\nfill:#59778f;\nstroke:#59778f;\n}\n<\/style>\n<article  class='iconbox iconbox_left av-3qjrl-c1b23b6afb930efda63bb2d3b4ce97f1  avia-builder-el-6  el_after_av_icon_box  avia-builder-el-last '  itemscope=\"itemscope\" itemtype=\"https:\/\/schema.org\/CreativeWork\" ><div class=\"iconbox_content\"><header class=\"entry-content-header\" aria-label=\"Icon: E-mail\"><div class='iconbox_icon heading-color avia-iconfont avia-font-entypo-fontello' data-av_icon='\ue805' data-av_iconfont='entypo-fontello'  ><\/div><h3 class='iconbox_content_title '  itemprop=\"headline\" >E-mail<\/h3><\/header><div class='iconbox_content_container '  itemprop=\"text\" ><p>k\u00f6zponti: <a href=\"mailto:csempeszaniter@bau-styl.hu\">csempeszaniter@bau-styl.hu<\/a><\/p>\n<p><a href=\"#munkatarsak\">Munkat\u00e1rsaink email c\u00edme<\/a><\/p>\n<\/div><\/div><footer class=\"entry-footer\"><\/footer><\/article><\/p><\/div>\n<style type=\"text\/css\" data-created_by=\"avia_inline_auto\" id=\"style-css-av-3dlep-a3f6b372344cd33e6a61b3cb5b778f90\">\n.flex_column.av-3dlep-a3f6b372344cd33e6a61b3cb5b778f90{\nborder-radius:0px 0px 0px 0px;\npadding:0px 0px 0px 0px;\n}\n<\/style>\n<div  class='flex_column av-3dlep-a3f6b372344cd33e6a61b3cb5b778f90 av_one_fourth  avia-builder-el-7  el_after_av_one_fourth  el_before_av_one_half  flex_column_div av-zero-column-padding  '     ><p>\n<style type=\"text\/css\" data-created_by=\"avia_inline_auto\" id=\"style-css-av-9yt9-5816dafab7771f42de310595329e7878\">\n.iconbox.av-9yt9-5816dafab7771f42de310595329e7878 .iconbox_icon{\ncolor:#59778f;\n}\n.iconbox.av-9yt9-5816dafab7771f42de310595329e7878 .iconbox_icon.avia-svg-icon svg:first-child{\nfill:#59778f;\nstroke:#59778f;\n}\n<\/style>\n<article  class='iconbox iconbox_left av-9yt9-5816dafab7771f42de310595329e7878  avia-builder-el-8  el_before_av_icon_box  avia-builder-el-first '  itemscope=\"itemscope\" itemtype=\"https:\/\/schema.org\/CreativeWork\" ><div class=\"iconbox_content\"><header class=\"entry-content-header\" aria-label=\"Icon: Telefon\"><div class='iconbox_icon heading-color avia-iconfont avia-font-entypo-fontello' data-av_icon='\ue854' data-av_iconfont='entypo-fontello'  ><\/div><h3 class='iconbox_content_title '  itemprop=\"headline\" >Telefon<\/h3><\/header><div class='iconbox_content_container '  itemprop=\"text\" ><p>k\u00f6zponti:<br \/>\n<a href=\"tel:003629352709\">06 29 352-709<\/a><\/p>\n<p><a href=\"#munkatarsak\">Munkat\u00e1rsaink telefonsz\u00e1ma<\/a><\/p>\n<\/div><\/div><footer class=\"entry-footer\"><\/footer><\/article><br \/>\n\n<style type=\"text\/css\" data-created_by=\"avia_inline_auto\" id=\"style-css-av-22bh9-0bf0ca2103bc87036016e795efda3e19\">\n.iconbox.av-22bh9-0bf0ca2103bc87036016e795efda3e19 .iconbox_icon{\ncolor:#59778f;\n}\n.iconbox.av-22bh9-0bf0ca2103bc87036016e795efda3e19 .iconbox_icon.avia-svg-icon svg:first-child{\nfill:#59778f;\nstroke:#59778f;\n}\n<\/style>\n<article  class='iconbox iconbox_left av-22bh9-0bf0ca2103bc87036016e795efda3e19  avia-builder-el-9  el_after_av_icon_box  avia-builder-el-last '  itemscope=\"itemscope\" itemtype=\"https:\/\/schema.org\/CreativeWork\" ><div class=\"iconbox_content\"><header class=\"entry-content-header\" aria-label=\"Icon: C\u00edm\"><div class='iconbox_icon heading-color avia-iconfont avia-font-entypo-fontello' data-av_icon='\ue842' data-av_iconfont='entypo-fontello'  ><\/div><h3 class='iconbox_content_title '  itemprop=\"headline\" >C\u00edm<\/h3><\/header><div class='iconbox_content_container '  itemprop=\"text\" ><p>2220 Vecs\u00e9s\u00a0F\u0151 \u00fat 2\/C<\/p>\n<\/div><\/div><footer class=\"entry-footer\"><\/footer><\/article><\/p><\/div>\n<style type=\"text\/css\" data-created_by=\"avia_inline_auto\" id=\"style-css-av-5frt-b3e71e9150126985fd0f3545fd9c7368\">\n.flex_column.av-5frt-b3e71e9150126985fd0f3545fd9c7368{\nborder-radius:0px 0px 0px 0px;\npadding:0px 0px 0px 0px;\n}\n<\/style>\n<div  class='flex_column av-5frt-b3e71e9150126985fd0f3545fd9c7368 av_one_half  avia-builder-el-10  el_after_av_one_fourth  avia-builder-el-last  flex_column_div av-zero-column-padding  '     ><\/div><\/div><\/div><\/div><!-- close content main div --><\/div><\/div><div id='munkatarsak'  class='avia-section av-mkxqlzmk-3d0ad167341f4de7b04f8d9568769a09 alternate_color avia-section-default avia-no-shadow  avia-builder-el-12  el_after_av_section  avia-builder-el-last  avia-bg-style-scroll container_wrap sidebar_right'  ><div class='container av-section-cont-open' ><div class='template-page content  av-content-small alpha units'><div class='post-entry post-entry-type-page post-entry-21'><div class='entry-content-wrapper clearfix'>\n<div  class='flex_column av-7pyhx-f1579ab4a124062ad62d93e59873f2e7 av_one_full  avia-builder-el-13  el_before_av_one_fourth  avia-builder-el-first  first flex_column_div  '     ><style type=\"text\/css\" data-created_by=\"avia_inline_auto\" id=\"style-css-av-6oy61-4f0ac7529548e0a4283475c762cfb7ce\">\n#top .av-special-heading.av-6oy61-4f0ac7529548e0a4283475c762cfb7ce{\npadding-bottom:10px;\n}\nbody .av-special-heading.av-6oy61-4f0ac7529548e0a4283475c762cfb7ce .av-special-heading-tag .heading-char{\nfont-size:25px;\n}\n.av-special-heading.av-6oy61-4f0ac7529548e0a4283475c762cfb7ce .av-subheading{\nfont-size:15px;\n}\n<\/style>\n<div  class='av-special-heading av-6oy61-4f0ac7529548e0a4283475c762cfb7ce av-special-heading-h3 blockquote modern-quote  avia-builder-el-14  avia-builder-el-no-sibling '><h3 class='av-special-heading-tag '  itemprop=\"headline\"  >El\u00e9rhet\u0151s\u00e9gek<\/h3><div class=\"special-heading-border\"><div class=\"special-heading-inner-border\"><\/div><\/div><\/div><\/div><div class='flex_column_table av-6hdel-edcca4eae5caec6e4c793e7a48c6849b sc-av_one_fourth av-equal-height-column-flextable'>\n<style type=\"text\/css\" data-created_by=\"avia_inline_auto\" id=\"style-css-av-6hdel-edcca4eae5caec6e4c793e7a48c6849b\">\n.flex_column.av-6hdel-edcca4eae5caec6e4c793e7a48c6849b{\npadding:20px 20px 20px 20px;\nbackground-color:#ffffff;\n}\n<\/style>\n<div  class='flex_column av-6hdel-edcca4eae5caec6e4c793e7a48c6849b av_one_fourth  avia-builder-el-15  el_after_av_one_full  el_before_av_one_fourth  first flex_column_table_cell av-equal-height-column av-align-top  column-top-margin'     ><section  class='av_textblock_section av-5qa69-b595e10ccce9a3070465724fffd2a567 '   itemscope=\"itemscope\" itemtype=\"https:\/\/schema.org\/CreativeWork\" ><div class='avia_textblock'  itemprop=\"text\" ><h3>Barb\u00f3cz \u00c1d\u00e1m<\/h3>\n<p>Csempe-szaniter \u00e9rt\u00e9kes\u00edt\u00e9si csoportvezet\u0151<\/p>\n<p><a href=\"tel:+36707096806\">+36707096806<\/a><br \/>\n<a href=\"mailto:barbocz.adam@bau-styl.hu\"><span data-sheets-root=\"1\">barbocz.adam@bau-styl.hu<\/span><\/a><\/p>\n<\/div><\/section><\/div><div class='av-flex-placeholder'><\/div>\n<style type=\"text\/css\" data-created_by=\"avia_inline_auto\" id=\"style-css-av-4yik5-13e7e42ad9f56496186da3644bd78c27\">\n.flex_column.av-4yik5-13e7e42ad9f56496186da3644bd78c27{\npadding:20px 20px 20px 20px;\nbackground-color:#ffffff;\n}\n<\/style>\n<div  class='flex_column av-4yik5-13e7e42ad9f56496186da3644bd78c27 av_one_fourth  avia-builder-el-17  el_after_av_one_fourth  el_before_av_one_fourth  flex_column_table_cell av-equal-height-column av-align-top  column-top-margin'     ><section  class='av_textblock_section av-4qc9p-f0f7ada42c0ed40f0593c7289f68bc75 '   itemscope=\"itemscope\" itemtype=\"https:\/\/schema.org\/CreativeWork\" ><div class='avia_textblock'  itemprop=\"text\" ><h3>\u00c1rgyel\u00e1n \u00c1gota<\/h3>\n<p>Csempe-szaniter szaktan\u00e1csad\u00f3\/L\u00e1tv\u00e1nytervez\u0151<\/p>\n<p><a href=\"tel:+36703755874\">+36703755874<\/a><br \/>\n<a href=\"mailto:argyelan.agota@bau-styl.hu\"><span data-sheets-root=\"1\">argyelan.agota@bau-styl.hu<\/span><\/a><\/p>\n<\/div><\/section><\/div><div class='av-flex-placeholder'><\/div>\n<style type=\"text\/css\" data-created_by=\"avia_inline_auto\" id=\"style-css-av-dnzp-b72030191cd360463a220f76c464b326\">\n.flex_column.av-dnzp-b72030191cd360463a220f76c464b326{\npadding:20px 20px 20px 20px;\nbackground-color:#ffffff;\n}\n<\/style>\n<div  class='flex_column av-dnzp-b72030191cd360463a220f76c464b326 av_one_fourth  avia-builder-el-19  el_after_av_one_fourth  el_before_av_one_fourth  flex_column_table_cell av-equal-height-column av-align-top  column-top-margin'     ><section  class='av_textblock_section av-351gl-e4cba4b413994c58b64549fecf0692f5 '   itemscope=\"itemscope\" itemtype=\"https:\/\/schema.org\/CreativeWork\" ><div class='avia_textblock'  itemprop=\"text\" ><h3><span data-sheets-root=\"1\">Kiss S\u00e1ndor<\/span><\/h3>\n<p><span data-sheets-root=\"1\">Csempe-szaniter szaktan\u00e1csad\u00f3<\/span><\/p>\n<p><a href=\"tel:+36202501516\">+36202501516<\/a><br \/>\n<a href=\"mailto:kiss.sandor@bau-styl.hu\"><span data-sheets-root=\"1\">kiss.sandor@bau-styl.hu<\/span><\/a><\/p>\n<\/div><\/section><\/div><div class='av-flex-placeholder'><\/div>\n<style type=\"text\/css\" data-created_by=\"avia_inline_auto\" id=\"style-css-av-2i1ol-77275e423f2207046758dcf2a13daad0\">\n.flex_column.av-2i1ol-77275e423f2207046758dcf2a13daad0{\npadding:20px 20px 20px 20px;\nbackground-color:#ffffff;\n}\n<\/style>\n<div  class='flex_column av-2i1ol-77275e423f2207046758dcf2a13daad0 av_one_fourth  avia-builder-el-21  el_after_av_one_fourth  el_before_av_one_full  flex_column_table_cell av-equal-height-column av-align-top  column-top-margin'     ><section  class='av_textblock_section av-24i11-58f21098454fe95d64c784e3dec86f4f '   itemscope=\"itemscope\" itemtype=\"https:\/\/schema.org\/CreativeWork\" ><div class='avia_textblock'  itemprop=\"text\" ><h3><span data-sheets-root=\"1\">Karai Anna Rebeka<\/span><\/h3>\n<p><span data-sheets-root=\"1\">Csempe-szaniter szaktan\u00e1csad\u00f3<\/span><\/p>\n<p><a href=\"tel:+36707096803\">+36707096803<\/a><br \/>\n<a href=\"mailto:karai.anna@bau-styl.hu\"><span data-sheets-root=\"1\">karai.anna@bau-styl.hu<\/span><\/a><\/p>\n<\/div><\/section><\/div><\/div><!--close column table wrapper. Autoclose: 1 --><div  class='flex_column av-1r0gh-87887fb2bbd7596fb9b3301614737336 av_one_full  avia-builder-el-23  el_after_av_one_fourth  avia-builder-el-last  first flex_column_div  column-top-margin'     ><div  class='av_promobox av-121b1-01260211eaeffd8419e01e95c4a4b258 avia-button-yes  avia-builder-el-24  avia-builder-el-no-sibling '><div class='avia-promocontent'><p>\n<strong>Ha elnyerte tetsz\u00e9s\u00e9t valamelyik kollekci\u00f3nk, sok szeretettel v\u00e1rjuk szem\u00e9lyesen is szalonunkban!<\/strong><br \/>\nFoglaljon id\u0151pontot \u00e9rt\u00e9kes\u00edt\u0151nkh\u00f6z, \u00edgy mindenben teljes k\u00f6r\u0171en tudunk seg\u00edteni!<\/p>\n<\/div><div  class='avia-button-wrap av-121b1-ceb66225a0d4ac36f1eccc0398f059d3-wrap avia-button-right '><a href='https:\/\/www.bau-styl.hu\/furdoszobaszalon\/rolunk\/#foglalas'  class='avia-button av-121b1-ceb66225a0d4ac36f1eccc0398f059d3 av-link-btn avia-icon_select-no avia-size-large avia-position-right avia-color-theme-color'   aria-label=\"ID\u0150PONTOT FOGLALOK!\"><span class='avia_iconbox_title' >ID\u0150PONTOT FOGLALOK!<\/span><\/a><\/div><\/div><\/div>\n<\/div><\/div><\/div><!-- close content main div --><\/div><\/div><div id='after_section_3'  class='main_color av_default_container_wrap container_wrap sidebar_right'  ><div class='container av-section-cont-open' ><div class='template-page content  av-content-small alpha units'><div class='post-entry post-entry-type-page post-entry-21'><div class='entry-content-wrapper clearfix'><\/p>\n","protected":false},"excerpt":{"rendered":"","protected":false},"author":2,"featured_media":0,"parent":0,"menu_order":0,"comment_status":"open","ping_status":"open","template":"","meta":{"footnotes":""},"class_list":["post-21","page","type-page","status-publish","hentry"],"aioseo_notices":[],"_links":{"self":[{"href":"https:\/\/www.bau-styl.hu\/furdoszobaszalon\/wp-json\/wp\/v2\/pages\/21","targetHints":{"allow":["GET"]}}],"collection":[{"href":"https:\/\/www.bau-styl.hu\/furdoszobaszalon\/wp-json\/wp\/v2\/pages"}],"about":[{"href":"https:\/\/www.bau-styl.hu\/furdoszobaszalon\/wp-json\/wp\/v2\/types\/page"}],"author":[{"embeddable":true,"href":"https:\/\/www.bau-styl.hu\/furdoszobaszalon\/wp-json\/wp\/v2\/users\/2"}],"replies":[{"embeddable":true,"href":"https:\/\/www.bau-styl.hu\/furdoszobaszalon\/wp-json\/wp\/v2\/comments?post=21"}],"version-history":[{"count":3,"href":"https:\/\/www.bau-styl.hu\/furdoszobaszalon\/wp-json\/wp\/v2\/pages\/21\/revisions"}],"predecessor-version":[{"id":48655,"href":"https:\/\/www.bau-styl.hu\/furdoszobaszalon\/wp-json\/wp\/v2\/pages\/21\/revisions\/48655"}],"wp:attachment":[{"href":"https:\/\/www.bau-styl.hu\/furdoszobaszalon\/wp-json\/wp\/v2\/media?parent=21"}],"curies":[{"name":"wp","href":"https:\/\/api.w.org\/{rel}","templated":true}]}}