{"id":2413,"date":"2015-05-22T10:11:20","date_gmt":"2015-05-22T09:11:20","guid":{"rendered":"http:\/\/www.bau-styl.hu\/?page_id=2413"},"modified":"2024-11-20T09:31:35","modified_gmt":"2024-11-20T08:31:35","slug":"villeroyboch","status":"publish","type":"page","link":"https:\/\/www.bau-styl.hu\/furdoszobaszalon\/villeroyboch\/","title":{"rendered":"Villeroy&#038;Boch"},"content":{"rendered":"<div  class='flex_column av-229tc7h-f8414b6dab195bd27b261251109e549e av_one_fifth  avia-builder-el-0  el_before_av_four_fifth  avia-builder-el-first  first flex_column_div  '     ><style type=\"text\/css\" data-created_by=\"avia_inline_auto\" id=\"style-css-av-1zktebx-1e4c3cd59a17d53a055359547ff2706d\">\n.avia-image-container.av-1zktebx-1e4c3cd59a17d53a055359547ff2706d img.avia_image{\nbox-shadow:none;\n}\n.avia-image-container.av-1zktebx-1e4c3cd59a17d53a055359547ff2706d .av-image-caption-overlay-center{\ncolor:#ffffff;\n}\n<\/style>\n<div  class='avia-image-container av-1zktebx-1e4c3cd59a17d53a055359547ff2706d av-styling- avia-align-center  avia-builder-el-1  avia-builder-el-no-sibling '   itemprop=\"image\" itemscope=\"itemscope\" itemtype=\"https:\/\/schema.org\/ImageObject\" ><div class=\"avia-image-container-inner\"><div class=\"avia-image-overlay-wrap\"><img decoding=\"async\" fetchpriority=\"high\" class='wp-image-6106 avia-img-lazy-loading-not-6106 avia_image ' src=\"https:\/\/www.bau-styl.hu\/furdoszobaszalon\/wp-content\/uploads\/2015\/05\/villeroyboch_logo.png\" alt='' title='villeroy&amp;boch_logo'  height=\"300\" width=\"300\"  itemprop=\"thumbnailUrl\" srcset=\"https:\/\/www.bau-styl.hu\/furdoszobaszalon\/wp-content\/uploads\/2015\/05\/villeroyboch_logo.png 300w, https:\/\/www.bau-styl.hu\/furdoszobaszalon\/wp-content\/uploads\/2015\/05\/villeroyboch_logo-80x80.png 80w, https:\/\/www.bau-styl.hu\/furdoszobaszalon\/wp-content\/uploads\/2015\/05\/villeroyboch_logo-36x36.png 36w, https:\/\/www.bau-styl.hu\/furdoszobaszalon\/wp-content\/uploads\/2015\/05\/villeroyboch_logo-180x180.png 180w, https:\/\/www.bau-styl.hu\/furdoszobaszalon\/wp-content\/uploads\/2015\/05\/villeroyboch_logo-120x120.png 120w\" sizes=\"(max-width: 300px) 100vw, 300px\" \/><\/div><\/div><\/div><\/div>\n\n<style type=\"text\/css\" data-created_by=\"avia_inline_auto\" id=\"style-css-av-1yzn0cd-f57cd27de827ea4212f66adf4a875254\">\n.flex_column.av-1yzn0cd-f57cd27de827ea4212f66adf4a875254{\nborder-radius:0px 0px 0px 0px;\npadding:0px 0px 0px 0px;\n}\n<\/style>\n<div  class='flex_column av-1yzn0cd-f57cd27de827ea4212f66adf4a875254 av_four_fifth  avia-builder-el-2  el_after_av_one_fifth  el_before_av_hr  flex_column_div av-zero-column-padding  '     ><section  class='av_textblock_section av-1wfmw8d-503bd91876b9b4a2e090f5b667d6d579 '   itemscope=\"itemscope\" itemtype=\"https:\/\/schema.org\/CreativeWork\" ><div class='avia_textblock'  itemprop=\"text\" ><p><strong>VILLEROY&amp;BOCH<\/strong><\/p>\n<hr \/>\n<p style=\"text-align: justify;\">A ker\u00e1mia \u00e9s a cser\u00e9pgy\u00e1rt\u00e1s sz\u00e1mtalan m\u00f3dj\u00e1t kipr\u00f3b\u00e1lt\u00e1k az \u00e9vsz\u00e1zadok alatt, v\u00e9g\u00fcl az 1900-as \u00e9vek elej\u00e9n a modern higi\u00e9niai szok\u00e1sok kialakul\u00e1s\u00e1val kib\u0151v\u00edtett\u00e9k palett\u00e1jukat a szanitergy\u00e1rt\u00e1ssal is, melyet 1975-ben forradalmas\u00edtanak, majd 1982-ben teljesen sz\u00e9tv\u00e1lasztj\u00e1k az \u00e1gazatokat, \u00edgy h\u00e1rom f\u0151profiljuk az \u00e9tk\u00e9szlet-, a csempe- \u00e9s a szanitergy\u00e1rt\u00e1s, melyben az\u00f3ta is piacvezet\u0151k. Nem csak innovat\u00edv technol\u00f3gi\u00e1k bevezet\u00e9se tekintet\u00e9ben j\u00e1rnak \u00e9len, hanem brand\u00e9p\u00edt\u00e9sben is. A v\u00e1llalat egyik legfontosabb ir\u00e1nyelve a hagyom\u00e1ny, min\u0151s\u00e9g \u00e9s a hiteless\u00e9g h\u00e1rmasa. M\u00e1sok, mint versenyt\u00e1rsaik, hiszen hatalmas m\u00faltjukkal m\u00e9gis k\u00e9pesek meg\u0151rizni identit\u00e1sukat \u00e9s l\u00e9p\u00e9st tartanak a modern ig\u00e9nyekkel.<\/p>\n<\/div><\/section><\/div>\n\n<style type=\"text\/css\" data-created_by=\"avia_inline_auto\" id=\"style-css-av-1v43fkt-c298f79483e8e7a15a4740f8ffbda8df\">\n#top .hr.hr-invisible.av-1v43fkt-c298f79483e8e7a15a4740f8ffbda8df{\nheight:50px;\n}\n<\/style>\n<div  class='hr av-1v43fkt-c298f79483e8e7a15a4740f8ffbda8df hr-invisible  avia-builder-el-4  el_after_av_four_fifth  el_before_av_one_third '><span class='hr-inner '><span class=\"hr-inner-style\"><\/span><\/span><\/div>\n<div  class='flex_column av-1t499q5-86112907aa4a0324d45d49da0c14e401 av_one_third  avia-builder-el-5  el_after_av_hr  el_before_av_one_third  first flex_column_div  '     ><p><section  class='av_textblock_section av-1rku8ql-16c3a5615218c3f5f26c7814d3536a64 '   itemscope=\"itemscope\" itemtype=\"https:\/\/schema.org\/CreativeWork\" ><div class='avia_textblock'  itemprop=\"text\" ><p><b>ARCHITECTURA<\/b><\/p>\n<\/div><\/section><br \/>\n\n<style type=\"text\/css\" data-created_by=\"avia_inline_auto\" id=\"style-css-av-1qs3nd9-d6ec335bbe567121ae2b156acc8e453e\">\n.avia-image-container.av-1qs3nd9-d6ec335bbe567121ae2b156acc8e453e img.avia_image{\nbox-shadow:none;\n}\n.avia-image-container.av-1qs3nd9-d6ec335bbe567121ae2b156acc8e453e .av-image-caption-overlay-center{\ncolor:#ffffff;\n}\n<\/style>\n<div  class='avia-image-container av-1qs3nd9-d6ec335bbe567121ae2b156acc8e453e av-styling- av-hover-grow av-hide-overflow av-img-linked avia-align-center  avia-builder-el-7  el_after_av_textblock  avia-builder-el-last '   itemprop=\"image\" itemscope=\"itemscope\" itemtype=\"https:\/\/schema.org\/ImageObject\" ><div class=\"avia-image-container-inner\"><div class=\"avia-image-overlay-wrap\"><a href=\"https:\/\/www.bau-styl.hu\/furdoszobaszalon\/villeroyboch-architectura\/\" class='avia_image '  aria-label='Villeroy&amp;Boch Architectura'><img decoding=\"async\" fetchpriority=\"high\" class='wp-image-6345 avia-img-lazy-loading-not-6345 avia_image ' src=\"https:\/\/www.bau-styl.hu\/furdoszobaszalon\/wp-content\/uploads\/2016\/04\/architectura-sanitary-01-495x400.jpg\" alt='Villeroy&amp;Boch Architectura' title='Villeroy&amp;Boch Architectura'  height=\"400\" width=\"495\"  itemprop=\"thumbnailUrl\" srcset=\"https:\/\/www.bau-styl.hu\/furdoszobaszalon\/wp-content\/uploads\/2016\/04\/architectura-sanitary-01-495x400.jpg 495w, https:\/\/www.bau-styl.hu\/furdoszobaszalon\/wp-content\/uploads\/2016\/04\/architectura-sanitary-01-845x684.jpg 845w\" sizes=\"(max-width: 495px) 100vw, 495px\" \/><\/a><\/div><\/div><\/div><\/p><\/div>\n\n<style type=\"text\/css\" data-created_by=\"avia_inline_auto\" id=\"style-css-av-1nxdqd9-e18e1bf07dd5bcbc66835b84ad3c86f8\">\n.flex_column.av-1nxdqd9-e18e1bf07dd5bcbc66835b84ad3c86f8{\nborder-radius:0px 0px 0px 0px;\npadding:0px 0px 0px 0px;\n}\n<\/style>\n<div  class='flex_column av-1nxdqd9-e18e1bf07dd5bcbc66835b84ad3c86f8 av_one_third  avia-builder-el-8  el_after_av_one_third  el_before_av_one_third  flex_column_div av-zero-column-padding  '     ><p><section  class='av_textblock_section av-1n7wt3x-6f5840c26c76b80765270c8059cc2b58 '   itemscope=\"itemscope\" itemtype=\"https:\/\/schema.org\/CreativeWork\" ><div class='avia_textblock'  itemprop=\"text\" ><p><b>ARTIS<\/b><\/p>\n<\/div><\/section><br \/>\n\n<style type=\"text\/css\" data-created_by=\"avia_inline_auto\" id=\"style-css-av-1l5k731-898845fed41af5c8ad694695b58ddd48\">\n.avia-image-container.av-1l5k731-898845fed41af5c8ad694695b58ddd48 img.avia_image{\nbox-shadow:none;\n}\n.avia-image-container.av-1l5k731-898845fed41af5c8ad694695b58ddd48 .av-image-caption-overlay-center{\ncolor:#ffffff;\n}\n<\/style>\n<div  class='avia-image-container av-1l5k731-898845fed41af5c8ad694695b58ddd48 av-styling- av-hover-grow av-hide-overflow av-img-linked avia-align-center  avia-builder-el-10  el_after_av_textblock  avia-builder-el-last '   itemprop=\"image\" itemscope=\"itemscope\" itemtype=\"https:\/\/schema.org\/ImageObject\" ><div class=\"avia-image-container-inner\"><div class=\"avia-image-overlay-wrap\"><a href=\"https:\/\/www.bau-styl.hu\/furdoszobaszalon\/villeroyboch-artis\/\" class='avia_image '  aria-label='Villeroy&amp;Boch Artis'><img decoding=\"async\" fetchpriority=\"high\" class='wp-image-6333 avia-img-lazy-loading-not-6333 avia_image ' src=\"https:\/\/www.bau-styl.hu\/furdoszobaszalon\/wp-content\/uploads\/2016\/04\/villeroyboch-artis_-9-495x400.jpg\" alt='Villeroy&amp;Boch Artis' title='Villeroy&amp;Boch Artis'  height=\"400\" width=\"495\"  itemprop=\"thumbnailUrl\"  \/><\/a><\/div><\/div><\/div><\/p><\/div>\n<div  class='flex_column av-1egahwd-4645895c01eb73f1ecc5f0f0960d6d29 av_one_third  avia-builder-el-11  el_after_av_one_third  el_before_av_one_third  flex_column_div  '     ><p><section  class='av_textblock_section av-1d6mjst-3078297f1ab2fc5d706fa32be2069f36 '   itemscope=\"itemscope\" itemtype=\"https:\/\/schema.org\/CreativeWork\" ><div class='avia_textblock'  itemprop=\"text\" ><p><b>COMBIPOOL MASSZ\u00c1ZSRENDSZER<\/b><\/p>\n<\/div><\/section><br \/>\n\n<style type=\"text\/css\" data-created_by=\"avia_inline_auto\" id=\"style-css-av-1bmx8fx-ce462bf9d4076316394e7c9af44f231c\">\n.avia-image-container.av-1bmx8fx-ce462bf9d4076316394e7c9af44f231c img.avia_image{\nbox-shadow:none;\n}\n.avia-image-container.av-1bmx8fx-ce462bf9d4076316394e7c9af44f231c .av-image-caption-overlay-center{\ncolor:#ffffff;\n}\n<\/style>\n<div  class='avia-image-container av-1bmx8fx-ce462bf9d4076316394e7c9af44f231c av-styling- av-hover-grow av-hide-overflow av-img-linked avia-align-center  avia-builder-el-13  el_after_av_textblock  avia-builder-el-last '   itemprop=\"image\" itemscope=\"itemscope\" itemtype=\"https:\/\/schema.org\/ImageObject\" ><div class=\"avia-image-container-inner\"><div class=\"avia-image-overlay-wrap\"><a href=\"https:\/\/www.bau-styl.hu\/furdoszobaszalon\/villeroyboch-combipool-masszazsrendszer\/\" class='avia_image '  aria-label='Villeroy&amp;Boch Combiool'><img decoding=\"async\" fetchpriority=\"high\" class='wp-image-8145 avia-img-lazy-loading-not-8145 avia_image ' src=\"https:\/\/www.bau-styl.hu\/furdoszobaszalon\/wp-content\/uploads\/2016\/11\/combipool2-495x400.jpg\" alt='Villeroy&amp;Boch Combiool' title='Villeroy&amp;Boch Combiool'  height=\"400\" width=\"495\"  itemprop=\"thumbnailUrl\" srcset=\"https:\/\/www.bau-styl.hu\/furdoszobaszalon\/wp-content\/uploads\/2016\/11\/combipool2-495x400.jpg 495w, https:\/\/www.bau-styl.hu\/furdoszobaszalon\/wp-content\/uploads\/2016\/11\/combipool2-845x684.jpg 845w\" sizes=\"(max-width: 495px) 100vw, 495px\" \/><\/a><\/div><\/div><\/div><\/p><\/div>\n\n<style type=\"text\/css\" data-created_by=\"avia_inline_auto\" id=\"style-css-av-19eu7v1-b4afb28a5f8654500ca73d100ab6b04e\">\n.flex_column.av-19eu7v1-b4afb28a5f8654500ca73d100ab6b04e{\nborder-radius:0px 0px 0px 0px;\npadding:0px 0px 0px 0px;\n}\n<\/style>\n<div  class='flex_column av-19eu7v1-b4afb28a5f8654500ca73d100ab6b04e av_one_third  avia-builder-el-14  el_after_av_one_third  el_before_av_one_third  first flex_column_div av-zero-column-padding  column-top-margin'     ><p><section  class='av_textblock_section av-186k7lp-f4d533446e0e8a5b6fbdde1650d15f38 '   itemscope=\"itemscope\" itemtype=\"https:\/\/schema.org\/CreativeWork\" ><div class='avia_textblock'  itemprop=\"text\" ><p><b>FINION<\/b><\/p>\n<\/div><\/section><br \/>\n\n<style type=\"text\/css\" data-created_by=\"avia_inline_auto\" id=\"style-css-av-16k1xzh-74d8a8dcffab385f5189244084419541\">\n.avia-image-container.av-16k1xzh-74d8a8dcffab385f5189244084419541 img.avia_image{\nbox-shadow:none;\n}\n.avia-image-container.av-16k1xzh-74d8a8dcffab385f5189244084419541 .av-image-caption-overlay-center{\ncolor:#ffffff;\n}\n<\/style>\n<div  class='avia-image-container av-16k1xzh-74d8a8dcffab385f5189244084419541 av-styling- av-hover-grow av-hide-overflow av-img-linked avia-align-center  avia-builder-el-16  el_after_av_textblock  avia-builder-el-last '   itemprop=\"image\" itemscope=\"itemscope\" itemtype=\"https:\/\/schema.org\/ImageObject\" ><div class=\"avia-image-container-inner\"><div class=\"avia-image-overlay-wrap\"><a href=\"https:\/\/www.bau-styl.hu\/furdoszobaszalon\/villeroy-boch-finion\/\" class='avia_image '  aria-label='Villeroy&amp;Boch Finion'><img decoding=\"async\" fetchpriority=\"high\" class='wp-image-12155 avia-img-lazy-loading-not-12155 avia_image ' src=\"https:\/\/www.bau-styl.hu\/furdoszobaszalon\/wp-content\/uploads\/2018\/03\/VilleroyBoch-Finion-1-495x400.jpg\" alt='Villeroy&amp;Boch Finion' title='Villeroy&amp;Boch Finion'  height=\"400\" width=\"495\"  itemprop=\"thumbnailUrl\"  \/><\/a><\/div><\/div><\/div><\/p><\/div>\n\n<style type=\"text\/css\" data-created_by=\"avia_inline_auto\" id=\"style-css-av-uynd71-d8dda33c31074f9dd61c8215be948cab\">\n.flex_column.av-uynd71-d8dda33c31074f9dd61c8215be948cab{\nborder-radius:0px 0px 0px 0px;\npadding:0px 0px 0px 0px;\n}\n<\/style>\n<div  class='flex_column av-uynd71-d8dda33c31074f9dd61c8215be948cab av_one_third  avia-builder-el-17  el_after_av_one_third  el_before_av_one_third  flex_column_div av-zero-column-padding  column-top-margin'     ><p><section  class='av_textblock_section av-2udbm5-512583cdc388dde8c86a55c5bbf17cf5 '   itemscope=\"itemscope\" itemtype=\"https:\/\/schema.org\/CreativeWork\" ><div class='avia_textblock'  itemprop=\"text\" ><p><strong>MEMENTO<\/strong><\/p>\n<\/div><\/section><br \/>\n\n<style type=\"text\/css\" data-created_by=\"avia_inline_auto\" id=\"style-css-av-2orf3h-922cfd1b9cf714aba0b5a54c5703afeb\">\n.avia-image-container.av-2orf3h-922cfd1b9cf714aba0b5a54c5703afeb img.avia_image{\nbox-shadow:none;\n}\n.avia-image-container.av-2orf3h-922cfd1b9cf714aba0b5a54c5703afeb .av-image-caption-overlay-center{\ncolor:#ffffff;\n}\n<\/style>\n<div  class='avia-image-container av-2orf3h-922cfd1b9cf714aba0b5a54c5703afeb av-styling- av-hover-grow av-hide-overflow av-img-linked avia-align-center  avia-builder-el-19  el_after_av_textblock  avia-builder-el-last '   itemprop=\"image\" itemscope=\"itemscope\" itemtype=\"https:\/\/schema.org\/ImageObject\" ><div class=\"avia-image-container-inner\"><div class=\"avia-image-overlay-wrap\"><a href=\"https:\/\/www.bau-styl.hu\/furdoszobaszalon\/villeroy-boch-memento\/\" class='avia_image '  aria-label='Villeroy&amp;Boch Memento'><img decoding=\"async\" fetchpriority=\"high\" class='wp-image-12183 avia-img-lazy-loading-not-12183 avia_image ' src=\"https:\/\/www.bau-styl.hu\/furdoszobaszalon\/wp-content\/uploads\/2018\/03\/VilleroyBoch-Memento-1-495x400.jpg\" alt='Villeroy&amp;Boch Memento' title='Villeroy&amp;Boch Memento'  height=\"400\" width=\"495\"  itemprop=\"thumbnailUrl\"  \/><\/a><\/div><\/div><\/div><\/p><\/div>\n\n<style type=\"text\/css\" data-created_by=\"avia_inline_auto\" id=\"style-css-av-pe9pu5-1749410aa07da2f5484c5ee0f93dfdec\">\n.flex_column.av-pe9pu5-1749410aa07da2f5484c5ee0f93dfdec{\nborder-radius:0px 0px 0px 0px;\npadding:0px 0px 0px 0px;\n}\n<\/style>\n<div  class='flex_column av-pe9pu5-1749410aa07da2f5484c5ee0f93dfdec av_one_third  avia-builder-el-20  el_after_av_one_third  el_before_av_one_third  flex_column_div av-zero-column-padding  column-top-margin'     ><p><section  class='av_textblock_section av-nm5bzh-9e5488c374dc49305c99e40463c040e8 '   itemscope=\"itemscope\" itemtype=\"https:\/\/schema.org\/CreativeWork\" ><div class='avia_textblock'  itemprop=\"text\" ><p><strong>MY NATURE<\/strong><\/p>\n<\/div><\/section><br \/>\n\n<style type=\"text\/css\" data-created_by=\"avia_inline_auto\" id=\"style-css-av-mp6ci5-ba4ec59a43d92c166ab93c277004ac39\">\n.avia-image-container.av-mp6ci5-ba4ec59a43d92c166ab93c277004ac39 img.avia_image{\nbox-shadow:none;\n}\n.avia-image-container.av-mp6ci5-ba4ec59a43d92c166ab93c277004ac39 .av-image-caption-overlay-center{\ncolor:#ffffff;\n}\n<\/style>\n<div  class='avia-image-container av-mp6ci5-ba4ec59a43d92c166ab93c277004ac39 av-styling- av-hover-grow av-hide-overflow av-img-linked avia-align-center  avia-builder-el-22  el_after_av_textblock  avia-builder-el-last '   itemprop=\"image\" itemscope=\"itemscope\" itemtype=\"https:\/\/schema.org\/ImageObject\" ><div class=\"avia-image-container-inner\"><div class=\"avia-image-overlay-wrap\"><a href=\"https:\/\/www.bau-styl.hu\/furdoszobaszalon\/villeroyboch-my-nature\/\" class='avia_image '  aria-label='Villeroy&amp;Boch My Nature'><img decoding=\"async\" fetchpriority=\"high\" class='wp-image-7970 avia-img-lazy-loading-not-7970 avia_image ' src=\"https:\/\/www.bau-styl.hu\/furdoszobaszalon\/wp-content\/uploads\/2016\/11\/VilleroyBoch-My-Nature-2-495x400.jpg\" alt='Villeroy&amp;Boch My Nature' title='Villeroy&amp;Boch My Nature'  height=\"400\" width=\"495\"  itemprop=\"thumbnailUrl\"  \/><\/a><\/div><\/div><\/div><\/p><\/div>\n\n<style type=\"text\/css\" data-created_by=\"avia_inline_auto\" id=\"style-css-av-20gi6l-b0725908c3f9a484ef10554ef79ffd3b\">\n.flex_column.av-20gi6l-b0725908c3f9a484ef10554ef79ffd3b{\nborder-radius:0px 0px 0px 0px;\npadding:0px 0px 0px 0px;\n}\n<\/style>\n<div  class='flex_column av-20gi6l-b0725908c3f9a484ef10554ef79ffd3b av_one_third  avia-builder-el-23  el_after_av_one_third  el_before_av_one_third  first flex_column_div av-zero-column-padding  column-top-margin'     ><p><section  class='av_textblock_section av-j4n2pp-cc62de7cbeda9d50950377559fcc159c '   itemscope=\"itemscope\" itemtype=\"https:\/\/schema.org\/CreativeWork\" ><div class='avia_textblock'  itemprop=\"text\" ><p><strong>SUBWAY<\/strong><\/p>\n<\/div><\/section><br \/>\n\n<style type=\"text\/css\" data-created_by=\"avia_inline_auto\" id=\"style-css-av-gxuzy5-14cc6d468376f8668e3514ba9c6cd7ef\">\n.avia-image-container.av-gxuzy5-14cc6d468376f8668e3514ba9c6cd7ef img.avia_image{\nbox-shadow:none;\n}\n.avia-image-container.av-gxuzy5-14cc6d468376f8668e3514ba9c6cd7ef .av-image-caption-overlay-center{\ncolor:#ffffff;\n}\n<\/style>\n<div  class='avia-image-container av-gxuzy5-14cc6d468376f8668e3514ba9c6cd7ef av-styling- av-hover-grow av-hide-overflow av-img-linked avia-align-center  avia-builder-el-25  el_after_av_textblock  avia-builder-el-last '   itemprop=\"image\" itemscope=\"itemscope\" itemtype=\"https:\/\/schema.org\/ImageObject\" ><div class=\"avia-image-container-inner\"><div class=\"avia-image-overlay-wrap\"><a href=\"https:\/\/www.bau-styl.hu\/furdoszobaszalon\/villeroyboch-subway\/\" class='avia_image '  aria-label='Villeroy&amp;Boch Subway'><img decoding=\"async\" fetchpriority=\"high\" class='wp-image-6110 avia-img-lazy-loading-not-6110 avia_image ' src=\"https:\/\/www.bau-styl.hu\/furdoszobaszalon\/wp-content\/uploads\/2015\/05\/villeroyboch_subway_-2-495x400.jpg\" alt='Villeroy&amp;Boch Subway' title='Villeroy&amp;Boch Subway'  height=\"400\" width=\"495\"  itemprop=\"thumbnailUrl\" srcset=\"https:\/\/www.bau-styl.hu\/furdoszobaszalon\/wp-content\/uploads\/2015\/05\/villeroyboch_subway_-2-495x400.jpg 495w, https:\/\/www.bau-styl.hu\/furdoszobaszalon\/wp-content\/uploads\/2015\/05\/villeroyboch_subway_-2-845x684.jpg 845w\" sizes=\"(max-width: 495px) 100vw, 495px\" \/><\/a><\/div><\/div><\/div><\/p><\/div>\n\n<style type=\"text\/css\" data-created_by=\"avia_inline_auto\" id=\"style-css-av-g2xqsd-9cdb6fe46a2cb25e734df4dead905174\">\n.flex_column.av-g2xqsd-9cdb6fe46a2cb25e734df4dead905174{\nborder-radius:0px 0px 0px 0px;\npadding:0px 0px 0px 0px;\n}\n<\/style>\n<div  class='flex_column av-g2xqsd-9cdb6fe46a2cb25e734df4dead905174 av_one_third  avia-builder-el-26  el_after_av_one_third  el_before_av_one_third  flex_column_div av-zero-column-padding  column-top-margin'     ><p><section  class='av_textblock_section av-edjb65-02cb6b6097fa984d2a7a45384a204add '   itemscope=\"itemscope\" itemtype=\"https:\/\/schema.org\/CreativeWork\" ><div class='avia_textblock'  itemprop=\"text\" ><p><strong>VENTICELLO<\/strong><\/p>\n<\/div><\/section><br \/>\n\n<style type=\"text\/css\" data-created_by=\"avia_inline_auto\" id=\"style-css-av-buza25-e1e57715e646fa7542b8430ffa30e22f\">\n.avia-image-container.av-buza25-e1e57715e646fa7542b8430ffa30e22f img.avia_image{\nbox-shadow:none;\n}\n.avia-image-container.av-buza25-e1e57715e646fa7542b8430ffa30e22f .av-image-caption-overlay-center{\ncolor:#ffffff;\n}\n<\/style>\n<div  class='avia-image-container av-buza25-e1e57715e646fa7542b8430ffa30e22f av-styling- av-hover-grow av-hide-overflow av-img-linked avia-align-center  avia-builder-el-28  el_after_av_textblock  avia-builder-el-last '   itemprop=\"image\" itemscope=\"itemscope\" itemtype=\"https:\/\/schema.org\/ImageObject\" ><div class=\"avia-image-container-inner\"><div class=\"avia-image-overlay-wrap\"><a href=\"https:\/\/www.bau-styl.hu\/furdoszobaszalon\/villeroyboch-venticello\/\" class='avia_image '  aria-label='Villeroy&amp;Boch Venticello'><img decoding=\"async\" fetchpriority=\"high\" class='wp-image-7519 avia-img-lazy-loading-not-7519 avia_image ' src=\"https:\/\/www.bau-styl.hu\/furdoszobaszalon\/wp-content\/uploads\/2016\/10\/VilleroyBoch-Venticello-9-495x400.jpg\" alt='Villeroy&amp;Boch Venticello' title='Villeroy&amp;Boch Venticello'  height=\"400\" width=\"495\"  itemprop=\"thumbnailUrl\" srcset=\"https:\/\/www.bau-styl.hu\/furdoszobaszalon\/wp-content\/uploads\/2016\/10\/VilleroyBoch-Venticello-9-495x400.jpg 495w, https:\/\/www.bau-styl.hu\/furdoszobaszalon\/wp-content\/uploads\/2016\/10\/VilleroyBoch-Venticello-9-845x684.jpg 845w\" sizes=\"(max-width: 495px) 100vw, 495px\" \/><\/a><\/div><\/div><\/div><\/p><\/div>\n\n<style type=\"text\/css\" data-created_by=\"avia_inline_auto\" id=\"style-css-av-64wq5p-372c0734bb47904d83d81d4fdc0d415e\">\n.flex_column.av-64wq5p-372c0734bb47904d83d81d4fdc0d415e{\nborder-radius:0px 0px 0px 0px;\npadding:0px 0px 0px 0px;\n}\n<\/style>\n<div  class='flex_column av-64wq5p-372c0734bb47904d83d81d4fdc0d415e av_one_third  avia-builder-el-29  el_after_av_one_third  avia-builder-el-last  flex_column_div av-zero-column-padding  column-top-margin'     ><p><section  class='av_textblock_section av-4k29bh-4c1b8293e62a4d0b15c78b326663b415 '   itemscope=\"itemscope\" itemtype=\"https:\/\/schema.org\/CreativeWork\" ><div class='avia_textblock'  itemprop=\"text\" ><p><strong>VICLEAN<\/strong><\/p>\n<\/div><\/section><br \/>\n\n<style type=\"text\/css\" data-created_by=\"avia_inline_auto\" id=\"style-css-av-2vjre5-814145fee1d81b68d2fd884c5e3df57e\">\n.avia-image-container.av-2vjre5-814145fee1d81b68d2fd884c5e3df57e img.avia_image{\nbox-shadow:none;\n}\n.avia-image-container.av-2vjre5-814145fee1d81b68d2fd884c5e3df57e .av-image-caption-overlay-center{\ncolor:#ffffff;\n}\n<\/style>\n<div  class='avia-image-container av-2vjre5-814145fee1d81b68d2fd884c5e3df57e av-styling- av-hover-grow av-hide-overflow av-img-linked avia-align-center  avia-builder-el-31  el_after_av_textblock  avia-builder-el-last '   itemprop=\"image\" itemscope=\"itemscope\" itemtype=\"https:\/\/schema.org\/ImageObject\" ><div class=\"avia-image-container-inner\"><div class=\"avia-image-overlay-wrap\"><a href=\"https:\/\/www.bau-styl.hu\/furdoszobaszalon\/villeroy-boch-viclean\/\" class='avia_image '  aria-label='Villeroy &amp; Boch ViClean'><img decoding=\"async\" fetchpriority=\"high\" class='wp-image-12177 avia-img-lazy-loading-not-12177 avia_image ' src=\"https:\/\/www.bau-styl.hu\/furdoszobaszalon\/wp-content\/uploads\/2018\/03\/Villeroy-Boch-ViClean-2-495x400.jpg\" alt='Villeroy &amp; Boch ViClean' title='Villeroy &amp; Boch ViClean'  height=\"400\" width=\"495\"  itemprop=\"thumbnailUrl\"  \/><\/a><\/div><\/div><\/div><\/p><\/div>\n","protected":false},"excerpt":{"rendered":"","protected":false},"author":2,"featured_media":0,"parent":0,"menu_order":0,"comment_status":"closed","ping_status":"closed","template":"","meta":{"footnotes":""},"class_list":["post-2413","page","type-page","status-publish","hentry"],"aioseo_notices":[],"_links":{"self":[{"href":"https:\/\/www.bau-styl.hu\/furdoszobaszalon\/wp-json\/wp\/v2\/pages\/2413","targetHints":{"allow":["GET"]}}],"collection":[{"href":"https:\/\/www.bau-styl.hu\/furdoszobaszalon\/wp-json\/wp\/v2\/pages"}],"about":[{"href":"https:\/\/www.bau-styl.hu\/furdoszobaszalon\/wp-json\/wp\/v2\/types\/page"}],"author":[{"embeddable":true,"href":"https:\/\/www.bau-styl.hu\/furdoszobaszalon\/wp-json\/wp\/v2\/users\/2"}],"replies":[{"embeddable":true,"href":"https:\/\/www.bau-styl.hu\/furdoszobaszalon\/wp-json\/wp\/v2\/comments?post=2413"}],"version-history":[{"count":0,"href":"https:\/\/www.bau-styl.hu\/furdoszobaszalon\/wp-json\/wp\/v2\/pages\/2413\/revisions"}],"wp:attachment":[{"href":"https:\/\/www.bau-styl.hu\/furdoszobaszalon\/wp-json\/wp\/v2\/media?parent=2413"}],"curies":[{"name":"wp","href":"https:\/\/api.w.org\/{rel}","templated":true}]}}