{"id":2418,"date":"2015-05-22T10:14:08","date_gmt":"2015-05-22T09:14:08","guid":{"rendered":"http:\/\/www.bau-styl.hu\/?page_id=2418"},"modified":"2024-11-20T09:28:00","modified_gmt":"2024-11-20T08:28:00","slug":"huppe","status":"publish","type":"page","link":"https:\/\/www.bau-styl.hu\/furdoszobaszalon\/huppe\/","title":{"rendered":"H\u00fcppe"},"content":{"rendered":"<div  class='flex_column av-17ylfj6-ae6600dff3c33840d00d858b0383b4e5 av_one_fifth  avia-builder-el-0  el_before_av_four_fifth  avia-builder-el-first  first flex_column_div  '     ><style type=\"text\/css\" data-created_by=\"avia_inline_auto\" id=\"style-css-av-16axdaa-eb2ce40500c10f7a9d164148af7d6e03\">\n.avia-image-container.av-16axdaa-eb2ce40500c10f7a9d164148af7d6e03 img.avia_image{\nbox-shadow:none;\n}\n.avia-image-container.av-16axdaa-eb2ce40500c10f7a9d164148af7d6e03 .av-image-caption-overlay-center{\ncolor:#ffffff;\n}\n<\/style>\n<div  class='avia-image-container av-16axdaa-eb2ce40500c10f7a9d164148af7d6e03 av-styling- avia-align-center  avia-builder-el-1  avia-builder-el-no-sibling '   itemprop=\"image\" itemscope=\"itemscope\" itemtype=\"https:\/\/schema.org\/ImageObject\" ><div class=\"avia-image-container-inner\"><div class=\"avia-image-overlay-wrap\"><img decoding=\"async\" fetchpriority=\"high\" class='wp-image-2419 avia-img-lazy-loading-not-2419 avia_image ' src=\"https:\/\/www.bau-styl.hu\/furdoszobaszalon\/wp-content\/uploads\/2015\/05\/logo_huppe-180x180.png\" alt='' title='logo_huppe'  height=\"180\" width=\"180\"  itemprop=\"thumbnailUrl\" srcset=\"https:\/\/www.bau-styl.hu\/furdoszobaszalon\/wp-content\/uploads\/2015\/05\/logo_huppe-180x180.png 180w, https:\/\/www.bau-styl.hu\/furdoszobaszalon\/wp-content\/uploads\/2015\/05\/logo_huppe-80x80.png 80w, https:\/\/www.bau-styl.hu\/furdoszobaszalon\/wp-content\/uploads\/2015\/05\/logo_huppe-36x36.png 36w, https:\/\/www.bau-styl.hu\/furdoszobaszalon\/wp-content\/uploads\/2015\/05\/logo_huppe-120x120.png 120w, https:\/\/www.bau-styl.hu\/furdoszobaszalon\/wp-content\/uploads\/2015\/05\/logo_huppe.png 300w\" sizes=\"(max-width: 180px) 100vw, 180px\" \/><\/div><\/div><\/div><\/div>\n<div  class='flex_column av-145k382-578228d8229b75615e1ee3291da9a1c8 av_four_fifth  avia-builder-el-2  el_after_av_one_fifth  el_before_av_hr  flex_column_div  '     ><section  class='av_textblock_section av-13ey0he-6c6568be0f7088c445c9fe393edeb4d6 '   itemscope=\"itemscope\" itemtype=\"https:\/\/schema.org\/CreativeWork\" ><div class='avia_textblock'  itemprop=\"text\" ><p><strong>H\u00dcPPE<\/strong><\/p>\n<hr \/>\n<p style=\"text-align: justify;\">A H\u00fcppe kezdetekt\u0151l fogva kiemelkedett a hagyom\u00e1nyos n\u00e9met c\u00e9gek k\u00f6z\u00fcl. A min\u0151s\u00e9gre szentelt hatalmas figyelme miatt \u00e9rt el ekkora nemzetk\u00f6zi sikert. 1966-ban, amikor kifejlesztett\u00e9k els\u0151 igazi zuhanykabint, megny\u00edlt sz\u00e1mukra egy teljesen \u00faj szektor. Az\u00f3ta olyan rettenthetetlen\u00fcl t\u00f6rnek az \u00e9lvonalba kiv\u00e1l\u00f3 alkatr\u00e9szeikkel \u00e9s egyed\u00fcl\u00e1ll\u00f3 tervez\u0151ikkel, hogy senki nem \u00e1ll\u00edthatja meg \u0151ket. Innovat\u00edv technol\u00f3gi\u00e1juknak k\u00f6sz\u00f6nhet\u0151en \u00e9s a c\u00e9g m\u00f6g\u00f6tt h\u00faz\u00f3d\u00f3 t\u00f6bb mint 120 \u00e9ves tapasztalatukkal folyamatosan \u00fajabb \u00e9s \u00fajabb m\u00e9rf\u00f6ldk\u00f6veket helyeznek el felfel\u00e9 \u00edvel\u0151 p\u00e1ly\u00e1jukon.<\/p>\n<\/div><\/section><\/div>\n\n<style type=\"text\/css\" data-created_by=\"avia_inline_auto\" id=\"style-css-av-11iinxe-889a7091366bb5fa17123c293b70ee98\">\n#top .hr.hr-invisible.av-11iinxe-889a7091366bb5fa17123c293b70ee98{\nheight:50px;\n}\n<\/style>\n<div  class='hr av-11iinxe-889a7091366bb5fa17123c293b70ee98 hr-invisible  avia-builder-el-4  el_after_av_four_fifth  el_before_av_one_third '><span class='hr-inner '><span class=\"hr-inner-style\"><\/span><\/span><\/div>\n<div  class='flex_column av-10bqvtu-d862bbb0c0823ba753b8d59f5f398078 av_one_third  avia-builder-el-5  el_after_av_hr  el_before_av_one_third  first flex_column_div  '     ><p><section  class='av_textblock_section av-y4t0qa-958386571bbc7cfafd7c44abc0f08a77 '   itemscope=\"itemscope\" itemtype=\"https:\/\/schema.org\/CreativeWork\" ><div class='avia_textblock'  itemprop=\"text\" ><p><strong>CLASSICS 2<\/strong><\/p>\n<\/div><\/section><br \/>\n\n<style type=\"text\/css\" data-created_by=\"avia_inline_auto\" id=\"style-css-av-wn0pxu-1f9888d1f7226bcd7d5e27848941064c\">\n.avia-image-container.av-wn0pxu-1f9888d1f7226bcd7d5e27848941064c img.avia_image{\nbox-shadow:none;\n}\n.avia-image-container.av-wn0pxu-1f9888d1f7226bcd7d5e27848941064c .av-image-caption-overlay-center{\ncolor:#ffffff;\n}\n<\/style>\n<div  class='avia-image-container av-wn0pxu-1f9888d1f7226bcd7d5e27848941064c av-styling- av-hover-grow av-hide-overflow av-img-linked avia-align-center  avia-builder-el-7  el_after_av_textblock  avia-builder-el-last '   itemprop=\"image\" itemscope=\"itemscope\" itemtype=\"https:\/\/schema.org\/ImageObject\" ><div class=\"avia-image-container-inner\"><div class=\"avia-image-overlay-wrap\"><a href=\"https:\/\/www.bau-styl.hu\/furdoszobaszalon\/huppe-classics2\/\" class='avia_image '  aria-label='H\u00fcppe Classics 2'><img decoding=\"async\" fetchpriority=\"high\" class='wp-image-4459 avia-img-lazy-loading-not-4459 avia_image ' src=\"https:\/\/www.bau-styl.hu\/furdoszobaszalon\/wp-content\/uploads\/2015\/07\/unnamed-6-495x400.jpg\" alt='H\u00fcppe Classics 2' title='H\u00fcppe Classics 2'  height=\"400\" width=\"495\"  itemprop=\"thumbnailUrl\"  \/><\/a><\/div><\/div><\/div><\/p><\/div>\n<div  class='flex_column av-ucw6r6-b705535c243a39a3f956ed5c3dc45b7c av_one_third  avia-builder-el-8  el_after_av_one_third  el_before_av_one_third  flex_column_div  '     ><p><section  class='av_textblock_section av-sf2on6-69f3d0edc453e37b7e2e8f38117eea2c '   itemscope=\"itemscope\" itemtype=\"https:\/\/schema.org\/CreativeWork\" ><div class='avia_textblock'  itemprop=\"text\" ><p><strong>DESIGN<\/strong><\/p>\n<\/div><\/section><br \/>\n\n<style type=\"text\/css\" data-created_by=\"avia_inline_auto\" id=\"style-css-av-r9y26a-401468530971237e364987f1d502d180\">\n.avia-image-container.av-r9y26a-401468530971237e364987f1d502d180 img.avia_image{\nbox-shadow:none;\n}\n.avia-image-container.av-r9y26a-401468530971237e364987f1d502d180 .av-image-caption-overlay-center{\ncolor:#ffffff;\n}\n<\/style>\n<div  class='avia-image-container av-r9y26a-401468530971237e364987f1d502d180 av-styling- av-hover-grow av-hide-overflow av-img-linked avia-align-center  avia-builder-el-10  el_after_av_textblock  avia-builder-el-last '   itemprop=\"image\" itemscope=\"itemscope\" itemtype=\"https:\/\/schema.org\/ImageObject\" ><div class=\"avia-image-container-inner\"><div class=\"avia-image-overlay-wrap\"><a href=\"https:\/\/www.bau-styl.hu\/furdoszobaszalon\/huppe-design\/\" class='avia_image '  aria-label='H\u00fcppe Design'><img decoding=\"async\" fetchpriority=\"high\" class='wp-image-1853 avia-img-lazy-loading-not-1853 avia_image ' src=\"https:\/\/www.bau-styl.hu\/furdoszobaszalon\/wp-content\/uploads\/2015\/05\/huppe_elegance_-2-495x400.jpg\" alt='H\u00fcppe Design' title='H\u00fcppe Design'  height=\"400\" width=\"495\"  itemprop=\"thumbnailUrl\"  \/><\/a><\/div><\/div><\/div><\/p><\/div>\n<div  class='flex_column av-pxfviq-3f83952aa6ee600b2cde0b9c0e7ac560 av_one_third  avia-builder-el-11  el_after_av_one_third  el_before_av_one_third  flex_column_div  '     ><p><section  class='av_textblock_section av-omc9uq-08f0fcac6174b63301d15ea27aeca921 '   itemscope=\"itemscope\" itemtype=\"https:\/\/schema.org\/CreativeWork\" ><div class='avia_textblock'  itemprop=\"text\" ><p><strong>ENJOY<\/strong><\/p>\n<\/div><\/section><br \/>\n\n<style type=\"text\/css\" data-created_by=\"avia_inline_auto\" id=\"style-css-av-mfxp76-8785749eaef4a6bdeb6fe2cf49d16470\">\n.avia-image-container.av-mfxp76-8785749eaef4a6bdeb6fe2cf49d16470 img.avia_image{\nbox-shadow:none;\n}\n.avia-image-container.av-mfxp76-8785749eaef4a6bdeb6fe2cf49d16470 .av-image-caption-overlay-center{\ncolor:#ffffff;\n}\n<\/style>\n<div  class='avia-image-container av-mfxp76-8785749eaef4a6bdeb6fe2cf49d16470 av-styling- av-hover-grow av-hide-overflow av-img-linked avia-align-center  avia-builder-el-13  el_after_av_textblock  avia-builder-el-last '   itemprop=\"image\" itemscope=\"itemscope\" itemtype=\"https:\/\/schema.org\/ImageObject\" ><div class=\"avia-image-container-inner\"><div class=\"avia-image-overlay-wrap\"><a href=\"https:\/\/www.bau-styl.hu\/furdoszobaszalon\/huppe-enjoy\/\" class='avia_image '  aria-label='H\u00fcppe Enjoy'><img decoding=\"async\" fetchpriority=\"high\" class='wp-image-1866 avia-img-lazy-loading-not-1866 avia_image ' src=\"https:\/\/www.bau-styl.hu\/furdoszobaszalon\/wp-content\/uploads\/2015\/05\/huppe_enjoy-2-495x400.jpg\" alt='H\u00fcppe Enjoy' title='H\u00fcppe Enjoy'  height=\"400\" width=\"495\"  itemprop=\"thumbnailUrl\"  \/><\/a><\/div><\/div><\/div><\/p><\/div>\n<div  class='flex_column av-5oqt36-55d0103c317e0093d058cef6a06c5a23 av_one_third  avia-builder-el-14  el_after_av_one_third  avia-builder-el-last  first flex_column_div  column-top-margin'     ><p><section  class='av_textblock_section av-4e0a3m-e4167cf95d050a2fc4666f4a62bf660b '   itemscope=\"itemscope\" itemtype=\"https:\/\/schema.org\/CreativeWork\" ><div class='avia_textblock'  itemprop=\"text\" ><p><strong>XTENSA<\/strong><\/p>\n<\/div><\/section><br \/>\n\n<style type=\"text\/css\" data-created_by=\"avia_inline_auto\" id=\"style-css-av-2d0r1u-7bd9fbf07fe1467916181aaba4e3892d\">\n.avia-image-container.av-2d0r1u-7bd9fbf07fe1467916181aaba4e3892d img.avia_image{\nbox-shadow:none;\n}\n.avia-image-container.av-2d0r1u-7bd9fbf07fe1467916181aaba4e3892d .av-image-caption-overlay-center{\ncolor:#ffffff;\n}\n<\/style>\n<div  class='avia-image-container av-2d0r1u-7bd9fbf07fe1467916181aaba4e3892d av-styling- av-hover-grow av-hide-overflow av-img-linked avia-align-center  avia-builder-el-16  el_after_av_textblock  avia-builder-el-last '   itemprop=\"image\" itemscope=\"itemscope\" itemtype=\"https:\/\/schema.org\/ImageObject\" ><div class=\"avia-image-container-inner\"><div class=\"avia-image-overlay-wrap\"><a href=\"https:\/\/www.bau-styl.hu\/furdoszobaszalon\/huppe-xtensa\/\" class='avia_image '  aria-label='H\u00fcppe Xtensa'><img decoding=\"async\" fetchpriority=\"high\" class='wp-image-4452 avia-img-lazy-loading-not-4452 avia_image ' src=\"https:\/\/www.bau-styl.hu\/furdoszobaszalon\/wp-content\/uploads\/2015\/07\/huppe_xtensa_-2-495x400.jpg\" alt='H\u00fcppe Xtensa' title='H\u00fcppe Xtensa'  height=\"400\" width=\"495\"  itemprop=\"thumbnailUrl\"  \/><\/a><\/div><\/div><\/div><\/p><\/div>\n","protected":false},"excerpt":{"rendered":"","protected":false},"author":2,"featured_media":0,"parent":0,"menu_order":0,"comment_status":"closed","ping_status":"closed","template":"","meta":{"footnotes":""},"class_list":["post-2418","page","type-page","status-publish","hentry"],"aioseo_notices":[],"_links":{"self":[{"href":"https:\/\/www.bau-styl.hu\/furdoszobaszalon\/wp-json\/wp\/v2\/pages\/2418","targetHints":{"allow":["GET"]}}],"collection":[{"href":"https:\/\/www.bau-styl.hu\/furdoszobaszalon\/wp-json\/wp\/v2\/pages"}],"about":[{"href":"https:\/\/www.bau-styl.hu\/furdoszobaszalon\/wp-json\/wp\/v2\/types\/page"}],"author":[{"embeddable":true,"href":"https:\/\/www.bau-styl.hu\/furdoszobaszalon\/wp-json\/wp\/v2\/users\/2"}],"replies":[{"embeddable":true,"href":"https:\/\/www.bau-styl.hu\/furdoszobaszalon\/wp-json\/wp\/v2\/comments?post=2418"}],"version-history":[{"count":0,"href":"https:\/\/www.bau-styl.hu\/furdoszobaszalon\/wp-json\/wp\/v2\/pages\/2418\/revisions"}],"wp:attachment":[{"href":"https:\/\/www.bau-styl.hu\/furdoszobaszalon\/wp-json\/wp\/v2\/media?parent=2418"}],"curies":[{"name":"wp","href":"https:\/\/api.w.org\/{rel}","templated":true}]}}